{"id":8161,"date":"2021-07-01T10:35:39","date_gmt":"2021-11-30T09:35:39","guid":{"rendered":"https:\/\/www.brighigroup.com\/machine\/mac-300d\/"},"modified":"2024-07-31T10:06:17","modified_gmt":"2024-07-31T08:06:17","slug":"mac-300d","status":"publish","type":"product","link":"https:\/\/www.brighigroup.com\/fr\/machine\/mac-300d\/","title":{"rendered":"MAC-300D"},"content":{"rendered":"<h2>SYST\u00c8ME DE PR\u00c9-PESAGE ET REMPLISSAGE POUR CANAP\u00c9S (3 UNIT\u00c9S DE PESAGE ET 1 DE REMPLISSAGE)<\/h2>\n<p style=\"text-align: justify;\">Cette machine est sp\u00e9cifiquement con\u00e7ue pour le<strong> pr\u00e9-pesage et remplissage souffl\u00e9 d&rsquo;articles rembourr\u00e9s tels que les canap\u00e9s et autres articles de grand volume<\/strong>. Ce syst\u00e8me de soufflage dispose de <strong>3 unit\u00e9s de pesage (paniers) et d&rsquo;une station de remplissage<\/strong> dont la table est beaucoup plus grande que celles utilis\u00e9es dans les autres machines MAC pour permettre une phase de remplissage facile m\u00eame avec des produits plus volumineux.<\/p>\n<p>Le mat\u00e9riau de remplissage est stock\u00e9 dans le silo et maintenu en mouvement pour \u00e9viter la formation d&rsquo;agglom\u00e9rats. Les paniers p\u00e8sent le mat\u00e9riau avec pr\u00e9cision gr\u00e2ce aux cellules de charge plac\u00e9es sous eux. En outre, ils corrigent automatiquement le poids exc\u00e9dentaire gr\u00e2ce au <strong>syst\u00e8me de correction et de r\u00e9cup\u00e9ration du poids<\/strong>.<\/p>\n<p style=\"text-align: justify;\">Comme pour toutes les autres machines MAC, il est possible de r\u00e9gler le remplissage de poids diff\u00e9rents dans diff\u00e9rentes poches pour les <strong>articles multichambres<\/strong> et de composants de rembourrage (si\u00e8ges, dossiers, etc.) avec des poids individuels diff\u00e9rents en s\u00e9quence.<\/p>\n<p style=\"text-align: justify;\">Pour d\u00e9couvrir les autres configurations possibles, consultez nos autres machines MAC :\u00a0<a href=\"https:\/\/www.brighigroup.com\/fr\/machine\/mac-200\/\">MAC-200<\/a>, <a href=\"https:\/\/www.brighigroup.com\/fr\/machine\/mac-300\/\">MAC-300<\/a>, <a href=\"https:\/\/www.brighigroup.com\/fr\/machine\/mac-400\/\">MAC-400<\/a>,\u00a0<a href=\"https:\/\/www.brighigroup.com\/fr\/machine\/mac-600\/\">MAC-600<\/a>.<\/p>\n<p><iframe title=\"Pre-weighing and Blowing System mod. MAC-300\" width=\"800\" height=\"450\" src=\"https:\/\/www.youtube-nocookie.com\/embed\/2fBcswPhSK4?feature=oembed\" frameborder=\"0\" allow=\"accelerometer; autoplay; clipboard-write; encrypted-media; gyroscope; picture-in-picture\" allowfullscreen><\/iframe><\/p>\n<p><strong>QUE POUVEZ-VOUS REMPLIR<\/strong><\/p>\n<p>Coussins, oreillers, coussins multichambre, sacs, oreillers de corps<\/p>\n<p><strong>MAT\u00c9RIAUX DE REMPLISSAGE QUE VOUS POUVEZ UTILISER<\/strong><\/p>\n<p>Fibre et Microfibre de Polyester (vierge et recycl\u00e9e), plume &amp; duvet, copeaux de polyur\u00e9thane, laine et autres mat\u00e9riaux naturels, m\u00e9langes avec tous les mat\u00e9riaux pr\u00e9c\u00e9dents.<\/p>\n<p><strong>CARACTERISTIQUES\u00a0<\/strong><\/p>\n<ul>\n<li><strong>Syst\u00e8me unique<\/strong>\u00a0sur le march\u00e9 qui permet de pr\u00e9-peser \u2013 avec le m\u00eame syst\u00e8me \u2013 avec une grande pr\u00e9cision et soin une grande vari\u00e9t\u00e9 de mat\u00e9riaux en vrac naturels et synth\u00e9tiques.<\/li>\n<li><strong>Gestion simplifi\u00e9e<\/strong>\u00a0: panneau de contr\u00f4le tactile pour la gestion de tous les param\u00e8tres et les ajustements m\u00e9caniques de fa\u00e7on automatique, avec introduction et gestion des recettes avec les caract\u00e9ristiques du produit\/mat\u00e9riau.<\/li>\n<li><strong>Souplesse<\/strong>\u00a0: vaste gamme de mat\u00e9riaux et housses trait\u00e9s sans devoir effectuer d\u2019ajustements m\u00e9caniques.<\/li>\n<li><strong>Tous les mat\u00e9riaux de remplissage<\/strong>\u00a0: aucune restriction sur le type de rembourrage des coussins.<\/li>\n<li><strong>Barres d\u00e9ionisantes<\/strong>\u00a0dans la tour d\u2019entr\u00e9e pour \u00e9liminer les probl\u00e8mes de processus et pesage relatifs aux charges \u00e9lectrostatiques.<\/li>\n<li><strong>Pr\u00e9-pesage pr\u00e9cis<\/strong>\u00a0et correction automatique du poids et recyclage du mat\u00e9riau en cas de surpoids.<\/li>\n<li><strong>Poids diff\u00e9rents dans les coussins multichambre<\/strong>\u00a0: le syst\u00e8me est capable de remplir les diff\u00e9rentes chambres des composants des rembourrages avec des poids individuels diff\u00e9rents et dans un ordre diff\u00e9rent. Le tuyau en fourchette utilis\u00e9 pour remplir plusieurs chambres \u00e0 la fois augmente consid\u00e9rablement les performances de l\u2019op\u00e9rateur.<\/li>\n<li><strong>Syst\u00e8me de collecte poussi\u00e8res int\u00e9gr\u00e9<\/strong>\u00a0avec chausses en tissu filtrant et porte-sac avec sacs de collecte jetables.<\/li>\n<li><strong>\u00c9taux bloque-coussin\u00a0<\/strong>sur la remplisseuse afin de permettre un processus virtuellement sans mains et la gestion de deux remplisseuses par le m\u00eame op\u00e9rateur.<\/li>\n<li><strong>Table d\u2019aspiration<\/strong>\u00a0avec syst\u00e8me de recyclage direct du mat\u00e9riau dispers\u00e9 dans le syst\u00e8me pour une \u00e9conomie r\u00e9elle sur le mat\u00e9riau sans \u00e7a perdu et un milieu de travail plus propre.<\/li>\n<\/ul>\n","protected":false},"excerpt":{"rendered":"<h6>Syst\u00e8me de pr\u00e9-pesage et de remplissage automatique pour canap\u00e9s<\/h6>\n","protected":false},"featured_media":4384,"template":"","meta":{"_acf_changed":false},"product_cat":[94,100],"product_tag":[312,304],"class_list":{"0":"post-8161","1":"product","2":"type-product","3":"status-publish","4":"has-post-thumbnail","6":"product_cat-ligne-production-canapes-et-rembourrages-des-canapes-fauteuils-chaises","7":"product_cat-remplissage-souffle","8":"product_tag-coussins-de-canape","9":"product_tag-oreillers-et-coussins-souffles","11":"first","12":"instock","13":"shipping-taxable","14":"product-type-simple"},"acf":[],"yoast_head":"<!-- This site is optimized with the Yoast SEO plugin v24.2 - https:\/\/yoast.com\/wordpress\/plugins\/seo\/ -->\n<title>Syst\u00e8me de pr\u00e9-pesage et remplissage pour canap\u00e9s - Brighi Group<\/title>\n<meta name=\"description\" content=\"Syst\u00e8me de pr\u00e9-pesage et remplissage pour canap\u00e9s et autres articles de grand volume. La machine a 3 unit\u00e9s de pesage et 1 station de remplissage\" \/>\n<meta name=\"robots\" content=\"index, follow, max-snippet:-1, max-image-preview:large, max-video-preview:-1\" \/>\n<link rel=\"canonical\" href=\"https:\/\/www.brighigroup.com\/fr\/machine\/mac-300d\/\" \/>\n<meta property=\"og:locale\" content=\"fr_FR\" \/>\n<meta property=\"og:type\" content=\"article\" \/>\n<meta property=\"og:title\" content=\"Syst\u00e8me de pr\u00e9-pesage et remplissage pour canap\u00e9s - Brighi Group\" \/>\n<meta property=\"og:description\" content=\"Syst\u00e8me de pr\u00e9-pesage et remplissage pour canap\u00e9s et autres articles de grand volume. La machine a 3 unit\u00e9s de pesage et 1 station de remplissage\" \/>\n<meta property=\"og:url\" content=\"https:\/\/www.brighigroup.com\/fr\/machine\/mac-300d\/\" \/>\n<meta property=\"og:site_name\" content=\"Brighi Group\" \/>\n<meta property=\"article:modified_time\" content=\"2024-07-31T08:06:17+00:00\" \/>\n<meta property=\"og:image\" content=\"https:\/\/www.brighigroup.com\/wp-content\/uploads\/2021\/11\/mac-300D.jpg\" \/>\n\t<meta property=\"og:image:width\" content=\"1920\" \/>\n\t<meta property=\"og:image:height\" content=\"1280\" \/>\n\t<meta property=\"og:image:type\" content=\"image\/jpeg\" \/>\n<meta name=\"twitter:card\" content=\"summary_large_image\" \/>\n<meta name=\"twitter:label1\" content=\"Dur\u00e9e de lecture estim\u00e9e\" \/>\n\t<meta name=\"twitter:data1\" content=\"3 minutes\" \/>\n<script type=\"application\/ld+json\" class=\"yoast-schema-graph\">{\"@context\":\"https:\/\/schema.org\",\"@graph\":[{\"@type\":\"WebPage\",\"@id\":\"https:\/\/www.brighigroup.com\/fr\/machine\/mac-300d\/\",\"url\":\"https:\/\/www.brighigroup.com\/fr\/machine\/mac-300d\/\",\"name\":\"Syst\u00e8me de pr\u00e9-pesage et remplissage pour canap\u00e9s - Brighi Group\",\"isPartOf\":{\"@id\":\"https:\/\/www.brighigroup.com\/fr\/#website\"},\"primaryImageOfPage\":{\"@id\":\"https:\/\/www.brighigroup.com\/fr\/machine\/mac-300d\/#primaryimage\"},\"image\":{\"@id\":\"https:\/\/www.brighigroup.com\/fr\/machine\/mac-300d\/#primaryimage\"},\"thumbnailUrl\":\"https:\/\/www.brighigroup.com\/wp-content\/uploads\/2021\/11\/mac-300D.jpg\",\"datePublished\":\"2021-11-30T09:35:39+00:00\",\"dateModified\":\"2024-07-31T08:06:17+00:00\",\"description\":\"Syst\u00e8me de pr\u00e9-pesage et remplissage pour canap\u00e9s et autres articles de grand volume. La machine a 3 unit\u00e9s de pesage et 1 station de remplissage\",\"breadcrumb\":{\"@id\":\"https:\/\/www.brighigroup.com\/fr\/machine\/mac-300d\/#breadcrumb\"},\"inLanguage\":\"fr-FR\",\"potentialAction\":[{\"@type\":\"ReadAction\",\"target\":[\"https:\/\/www.brighigroup.com\/fr\/machine\/mac-300d\/\"]}]},{\"@type\":\"ImageObject\",\"inLanguage\":\"fr-FR\",\"@id\":\"https:\/\/www.brighigroup.com\/fr\/machine\/mac-300d\/#primaryimage\",\"url\":\"https:\/\/www.brighigroup.com\/wp-content\/uploads\/2021\/11\/mac-300D.jpg\",\"contentUrl\":\"https:\/\/www.brighigroup.com\/wp-content\/uploads\/2021\/11\/mac-300D.jpg\",\"width\":1920,\"height\":1280},{\"@type\":\"BreadcrumbList\",\"@id\":\"https:\/\/www.brighigroup.com\/fr\/machine\/mac-300d\/#breadcrumb\",\"itemListElement\":[{\"@type\":\"ListItem\",\"position\":1,\"name\":\"Machines\",\"item\":\"https:\/\/www.brighigroup.com\/fr\/machines\/\"},{\"@type\":\"ListItem\",\"position\":2,\"name\":\"MAC-300D\"}]},{\"@type\":\"WebSite\",\"@id\":\"https:\/\/www.brighigroup.com\/fr\/#website\",\"url\":\"https:\/\/www.brighigroup.com\/fr\/\",\"name\":\"Brighi Group\",\"description\":\"Home textile e di prodotti imbottiti per il design d&#039;arredo tramandando l&#039;innovazione come cultura d&#039;impresa.\",\"potentialAction\":[{\"@type\":\"SearchAction\",\"target\":{\"@type\":\"EntryPoint\",\"urlTemplate\":\"https:\/\/www.brighigroup.com\/fr\/?s={search_term_string}\"},\"query-input\":{\"@type\":\"PropertyValueSpecification\",\"valueRequired\":true,\"valueName\":\"search_term_string\"}}],\"inLanguage\":\"fr-FR\"}]}<\/script>\n<!-- \/ Yoast SEO plugin. -->","yoast_head_json":{"title":"Syst\u00e8me de pr\u00e9-pesage et remplissage pour canap\u00e9s - Brighi Group","description":"Syst\u00e8me de pr\u00e9-pesage et remplissage pour canap\u00e9s et autres articles de grand volume. La machine a 3 unit\u00e9s de pesage et 1 station de remplissage","robots":{"index":"index","follow":"follow","max-snippet":"max-snippet:-1","max-image-preview":"max-image-preview:large","max-video-preview":"max-video-preview:-1"},"canonical":"https:\/\/www.brighigroup.com\/fr\/machine\/mac-300d\/","og_locale":"fr_FR","og_type":"article","og_title":"Syst\u00e8me de pr\u00e9-pesage et remplissage pour canap\u00e9s - Brighi Group","og_description":"Syst\u00e8me de pr\u00e9-pesage et remplissage pour canap\u00e9s et autres articles de grand volume. La machine a 3 unit\u00e9s de pesage et 1 station de remplissage","og_url":"https:\/\/www.brighigroup.com\/fr\/machine\/mac-300d\/","og_site_name":"Brighi Group","article_modified_time":"2024-07-31T08:06:17+00:00","og_image":[{"width":1920,"height":1280,"url":"https:\/\/www.brighigroup.com\/wp-content\/uploads\/2021\/11\/mac-300D.jpg","type":"image\/jpeg"}],"twitter_card":"summary_large_image","twitter_misc":{"Dur\u00e9e de lecture estim\u00e9e":"3 minutes"},"schema":{"@context":"https:\/\/schema.org","@graph":[{"@type":"WebPage","@id":"https:\/\/www.brighigroup.com\/fr\/machine\/mac-300d\/","url":"https:\/\/www.brighigroup.com\/fr\/machine\/mac-300d\/","name":"Syst\u00e8me de pr\u00e9-pesage et remplissage pour canap\u00e9s - Brighi Group","isPartOf":{"@id":"https:\/\/www.brighigroup.com\/fr\/#website"},"primaryImageOfPage":{"@id":"https:\/\/www.brighigroup.com\/fr\/machine\/mac-300d\/#primaryimage"},"image":{"@id":"https:\/\/www.brighigroup.com\/fr\/machine\/mac-300d\/#primaryimage"},"thumbnailUrl":"https:\/\/www.brighigroup.com\/wp-content\/uploads\/2021\/11\/mac-300D.jpg","datePublished":"2021-11-30T09:35:39+00:00","dateModified":"2024-07-31T08:06:17+00:00","description":"Syst\u00e8me de pr\u00e9-pesage et remplissage pour canap\u00e9s et autres articles de grand volume. La machine a 3 unit\u00e9s de pesage et 1 station de remplissage","breadcrumb":{"@id":"https:\/\/www.brighigroup.com\/fr\/machine\/mac-300d\/#breadcrumb"},"inLanguage":"fr-FR","potentialAction":[{"@type":"ReadAction","target":["https:\/\/www.brighigroup.com\/fr\/machine\/mac-300d\/"]}]},{"@type":"ImageObject","inLanguage":"fr-FR","@id":"https:\/\/www.brighigroup.com\/fr\/machine\/mac-300d\/#primaryimage","url":"https:\/\/www.brighigroup.com\/wp-content\/uploads\/2021\/11\/mac-300D.jpg","contentUrl":"https:\/\/www.brighigroup.com\/wp-content\/uploads\/2021\/11\/mac-300D.jpg","width":1920,"height":1280},{"@type":"BreadcrumbList","@id":"https:\/\/www.brighigroup.com\/fr\/machine\/mac-300d\/#breadcrumb","itemListElement":[{"@type":"ListItem","position":1,"name":"Machines","item":"https:\/\/www.brighigroup.com\/fr\/machines\/"},{"@type":"ListItem","position":2,"name":"MAC-300D"}]},{"@type":"WebSite","@id":"https:\/\/www.brighigroup.com\/fr\/#website","url":"https:\/\/www.brighigroup.com\/fr\/","name":"Brighi Group","description":"Home textile e di prodotti imbottiti per il design d&#039;arredo tramandando l&#039;innovazione come cultura d&#039;impresa.","potentialAction":[{"@type":"SearchAction","target":{"@type":"EntryPoint","urlTemplate":"https:\/\/www.brighigroup.com\/fr\/?s={search_term_string}"},"query-input":{"@type":"PropertyValueSpecification","valueRequired":true,"valueName":"search_term_string"}}],"inLanguage":"fr-FR"}]}},"_links":{"self":[{"href":"https:\/\/www.brighigroup.com\/fr\/wp-json\/wp\/v2\/product\/8161","targetHints":{"allow":["GET"]}}],"collection":[{"href":"https:\/\/www.brighigroup.com\/fr\/wp-json\/wp\/v2\/product"}],"about":[{"href":"https:\/\/www.brighigroup.com\/fr\/wp-json\/wp\/v2\/types\/product"}],"wp:featuredmedia":[{"embeddable":true,"href":"https:\/\/www.brighigroup.com\/fr\/wp-json\/wp\/v2\/media\/4384"}],"wp:attachment":[{"href":"https:\/\/www.brighigroup.com\/fr\/wp-json\/wp\/v2\/media?parent=8161"}],"wp:term":[{"taxonomy":"product_cat","embeddable":true,"href":"https:\/\/www.brighigroup.com\/fr\/wp-json\/wp\/v2\/product_cat?post=8161"},{"taxonomy":"product_tag","embeddable":true,"href":"https:\/\/www.brighigroup.com\/fr\/wp-json\/wp\/v2\/product_tag?post=8161"}],"curies":[{"name":"wp","href":"https:\/\/api.w.org\/{rel}","templated":true}]}}