{"id":7402,"date":"2022-07-04T14:13:51","date_gmt":"2022-07-04T12:26:50","guid":{"rendered":"https:\/\/www.brighigroup.com\/?post_type=product&#038;p=7402"},"modified":"2025-09-17T12:41:48","modified_gmt":"2025-09-17T10:41:48","slug":"fa-400","status":"publish","type":"product","link":"https:\/\/www.brighigroup.com\/fr\/machine\/fa-400\/","title":{"rendered":"FA-400"},"content":{"rendered":"<h2>SYST\u00c8ME DE PRODUCTION DE MOUSSE AGGLOM\u00c9R\u00c9E<\/h2>\n<p style=\"text-align: justify\">FA-400 est un <strong>syst\u00e8me de production de mousse agglom\u00e9r\u00e9e. <\/strong>La machine sert<strong> pour le traitement des d\u00e9chets de polyur\u00e9thane, <\/strong>et elle est compos\u00e9e d&rsquo;une structure de support en forme d&rsquo;\u00e9tage et d&rsquo;un r\u00e9servoir ferm\u00e9, dans lequel <strong>deux composants chimiques<\/strong> (pr\u00e9polym\u00e8re et catalyseur)<strong>\u00a0sont ajout\u00e9s<\/strong> aux mat\u00e9riaux broy\u00e9s. La cuve est \u00e9quip\u00e9e d&rsquo;un syst\u00e8me d&rsquo;agitation pour maintenir le mat\u00e9riau en mouvement constant et l&#8217;emp\u00eacher de cristalliser. \u00c0 la fin du temps de m\u00e9lange, le produit obtenu est d\u00e9charg\u00e9 dans le moule situ\u00e9 en dessous, apr\u00e8s l&rsquo;ouverture des portes.<\/p>\n<p style=\"text-align: justify\">Le moule est ensuite transf\u00e9r\u00e9 par l&rsquo;op\u00e9rateur sous l&rsquo;unit\u00e9 de pressage o\u00f9 a lieu la phase de pressage du produit m\u00e9lang\u00e9 selon les param\u00e8tres et les temps n\u00e9cessaires en fonction du produit final \u00e0 obtenir. Le produit final est constitu\u00e9 de <strong>blocs de mousse de polyur\u00e9thane souple de densit\u00e9 diff\u00e9rente<\/strong>, en fonction du temps de pressage.<\/p>\n<p>D\u00e9couvrez toutes <a href=\"https:\/\/www.brighigroup.com\/fr\/machine-pour-la-production-et-le-recyclage-de-polyurethane\/\">nos solutions pour la production et le recyclage du polyur\u00e9thane ! <\/a><\/p>\n<p><iframe title=\"Complete Line for Rebonded Foam Production\" width=\"800\" height=\"450\" src=\"https:\/\/www.youtube-nocookie.com\/embed\/UpO5qsJiJx4?feature=oembed\" frameborder=\"0\" allow=\"accelerometer; autoplay; clipboard-write; encrypted-media; gyroscope; picture-in-picture; web-share\" referrerpolicy=\"strict-origin-when-cross-origin\" allowfullscreen><\/iframe><\/p>\n<p style=\"text-align: justify\"><strong>CARACTERISTIQUES\u00a0<\/strong><\/p>\n<ul>\n<li style=\"text-align: justify\"><strong>Gestion \u00e9lectronique<\/strong>: \u00e9cran tactile pour g\u00e9rer automatiquement tous les param\u00e8tres et r\u00e9glages m\u00e9caniques + saisir et g\u00e9rer les recettes avec les caract\u00e9ristiques du produit\/mat\u00e9riel.<\/li>\n<li style=\"text-align: justify\"><strong>Flexibilit\u00e9<\/strong>: vaste gamme de types de blocs de produits. Il est possible de personnaliser la recette pour obtenir des blocs de diff\u00e9rentes densit\u00e9s.<\/li>\n<li style=\"text-align: justify\"><strong>Recyclage des d\u00e9chets<\/strong>: ppour rendre le processus de production plus efficace.<\/li>\n<li style=\"text-align: justify\"><strong>R\u00e9duction du co\u00fbt du produit final<\/strong>: en rempla\u00e7ant les mat\u00e9riaux vierges par des mat\u00e9riaux enti\u00e8rement recycl\u00e9s.<\/li>\n<li style=\"text-align: justify\"><strong>Un mat\u00e9riau recycl\u00e9 de la plus haute qualit\u00e9<\/strong>: gr\u00e2ce aux personnalisations offertes par le logiciel, il est possible d&rsquo;obtenir un produit de qualit\u00e9 qui ne s&rsquo;effrite pas.<\/li>\n<li style=\"text-align: justify\"><strong>Le m\u00e9lange homog\u00e8ne <\/strong>et le contr\u00f4le total de la temp\u00e9rature des composants chimiques garantissent un m\u00e9lange homog\u00e8ne et uniforme et, par cons\u00e9quent, une distribution exceptionnelle de la densit\u00e9 et du facteur de soutien dans le bloc.<\/li>\n<li style=\"text-align: justify\"><strong>R\u00e9duction significative <\/strong>de l&rsquo;espace de production et de stockage.<\/li>\n<li style=\"text-align: justify\"><strong>Co\u00fbts de transport <\/strong> et d&rsquo;\u00e9limination des d\u00e9chets nuls.<\/li>\n<\/ul>\n","protected":false},"excerpt":{"rendered":"<h6>Ligne de production de polyurethane, agglom\u00e9r\u00e9e et recuperation de d\u00e9chets pour matelas.<\/h6>\n","protected":false},"featured_media":13266,"template":"","meta":{"_acf_changed":false},"product_cat":[167,97,98],"product_tag":[312,328,316,308],"class_list":{"0":"post-7402","1":"product","2":"type-product","3":"status-publish","4":"has-post-thumbnail","6":"product_cat-ligne-de-recyclage","7":"product_cat-ligne-production-polyurethane-pour-matelas-oreillers-et-canapes","8":"product_cat-recyclage-des-dechets","9":"product_tag-coussins-de-canape","10":"product_tag-dechets-de-production","11":"product_tag-mousse","12":"product_tag-oreillers-en-mousse-et-en-latex","14":"first","15":"instock","16":"shipping-taxable","17":"product-type-simple"},"acf":[],"yoast_head":"<!-- This site is optimized with the Yoast SEO plugin v24.2 - https:\/\/yoast.com\/wordpress\/plugins\/seo\/ -->\n<title>Syst\u00e8me de production de mousse agglom\u00e9r\u00e9e - Brighi Group<\/title>\n<meta name=\"description\" content=\"Le FA-400 est un syst\u00e8me de production de mousse agglom\u00e9r\u00e9e de diff\u00e9rentes densit\u00e9s qui permet de recycler les d\u00e9chets de mousse.\" \/>\n<meta name=\"robots\" content=\"index, follow, max-snippet:-1, max-image-preview:large, max-video-preview:-1\" \/>\n<link rel=\"canonical\" href=\"https:\/\/www.brighigroup.com\/fr\/machine\/fa-400\/\" \/>\n<meta property=\"og:locale\" content=\"fr_FR\" \/>\n<meta property=\"og:type\" content=\"article\" \/>\n<meta property=\"og:title\" content=\"Syst\u00e8me de production de mousse agglom\u00e9r\u00e9e - Brighi Group\" \/>\n<meta property=\"og:description\" content=\"Le FA-400 est un syst\u00e8me de production de mousse agglom\u00e9r\u00e9e de diff\u00e9rentes densit\u00e9s qui permet de recycler les d\u00e9chets de mousse.\" \/>\n<meta property=\"og:url\" content=\"https:\/\/www.brighigroup.com\/fr\/machine\/fa-400\/\" \/>\n<meta property=\"og:site_name\" content=\"Brighi Group\" \/>\n<meta property=\"article:modified_time\" content=\"2025-09-17T10:41:48+00:00\" \/>\n<meta property=\"og:image\" content=\"https:\/\/www.brighigroup.com\/wp-content\/uploads\/2022\/07\/FA-400_2024_vista1.1621.1-min-e1744707674950.jpg\" \/>\n\t<meta property=\"og:image:width\" content=\"10000\" \/>\n\t<meta property=\"og:image:height\" content=\"7087\" \/>\n\t<meta property=\"og:image:type\" content=\"image\/jpeg\" \/>\n<meta name=\"twitter:card\" content=\"summary_large_image\" \/>\n<meta name=\"twitter:label1\" content=\"Dur\u00e9e de lecture estim\u00e9e\" \/>\n\t<meta name=\"twitter:data1\" content=\"2 minutes\" \/>\n<script type=\"application\/ld+json\" class=\"yoast-schema-graph\">{\"@context\":\"https:\/\/schema.org\",\"@graph\":[{\"@type\":\"WebPage\",\"@id\":\"https:\/\/www.brighigroup.com\/fr\/machine\/fa-400\/\",\"url\":\"https:\/\/www.brighigroup.com\/fr\/machine\/fa-400\/\",\"name\":\"Syst\u00e8me de production de mousse agglom\u00e9r\u00e9e - Brighi Group\",\"isPartOf\":{\"@id\":\"https:\/\/www.brighigroup.com\/fr\/#website\"},\"primaryImageOfPage\":{\"@id\":\"https:\/\/www.brighigroup.com\/fr\/machine\/fa-400\/#primaryimage\"},\"image\":{\"@id\":\"https:\/\/www.brighigroup.com\/fr\/machine\/fa-400\/#primaryimage\"},\"thumbnailUrl\":\"https:\/\/www.brighigroup.com\/wp-content\/uploads\/2022\/07\/FA-400_2024_vista1.1621.1-min-e1744707674950.jpg\",\"datePublished\":\"2022-07-04T12:26:50+00:00\",\"dateModified\":\"2025-09-17T10:41:48+00:00\",\"description\":\"Le FA-400 est un syst\u00e8me de production de mousse agglom\u00e9r\u00e9e de diff\u00e9rentes densit\u00e9s qui permet de recycler les d\u00e9chets de mousse.\",\"breadcrumb\":{\"@id\":\"https:\/\/www.brighigroup.com\/fr\/machine\/fa-400\/#breadcrumb\"},\"inLanguage\":\"fr-FR\",\"potentialAction\":[{\"@type\":\"ReadAction\",\"target\":[\"https:\/\/www.brighigroup.com\/fr\/machine\/fa-400\/\"]}]},{\"@type\":\"ImageObject\",\"inLanguage\":\"fr-FR\",\"@id\":\"https:\/\/www.brighigroup.com\/fr\/machine\/fa-400\/#primaryimage\",\"url\":\"https:\/\/www.brighigroup.com\/wp-content\/uploads\/2022\/07\/FA-400_2024_vista1.1621.1-min-e1744707674950.jpg\",\"contentUrl\":\"https:\/\/www.brighigroup.com\/wp-content\/uploads\/2022\/07\/FA-400_2024_vista1.1621.1-min-e1744707674950.jpg\",\"width\":10000,\"height\":7087},{\"@type\":\"BreadcrumbList\",\"@id\":\"https:\/\/www.brighigroup.com\/fr\/machine\/fa-400\/#breadcrumb\",\"itemListElement\":[{\"@type\":\"ListItem\",\"position\":1,\"name\":\"Machines\",\"item\":\"https:\/\/www.brighigroup.com\/fr\/machines\/\"},{\"@type\":\"ListItem\",\"position\":2,\"name\":\"FA-400\"}]},{\"@type\":\"WebSite\",\"@id\":\"https:\/\/www.brighigroup.com\/fr\/#website\",\"url\":\"https:\/\/www.brighigroup.com\/fr\/\",\"name\":\"Brighi Group\",\"description\":\"Home textile e di prodotti imbottiti per il design d&#039;arredo tramandando l&#039;innovazione come cultura d&#039;impresa.\",\"potentialAction\":[{\"@type\":\"SearchAction\",\"target\":{\"@type\":\"EntryPoint\",\"urlTemplate\":\"https:\/\/www.brighigroup.com\/fr\/?s={search_term_string}\"},\"query-input\":{\"@type\":\"PropertyValueSpecification\",\"valueRequired\":true,\"valueName\":\"search_term_string\"}}],\"inLanguage\":\"fr-FR\"}]}<\/script>\n<!-- \/ Yoast SEO plugin. -->","yoast_head_json":{"title":"Syst\u00e8me de production de mousse agglom\u00e9r\u00e9e - Brighi Group","description":"Le FA-400 est un syst\u00e8me de production de mousse agglom\u00e9r\u00e9e de diff\u00e9rentes densit\u00e9s qui permet de recycler les d\u00e9chets de mousse.","robots":{"index":"index","follow":"follow","max-snippet":"max-snippet:-1","max-image-preview":"max-image-preview:large","max-video-preview":"max-video-preview:-1"},"canonical":"https:\/\/www.brighigroup.com\/fr\/machine\/fa-400\/","og_locale":"fr_FR","og_type":"article","og_title":"Syst\u00e8me de production de mousse agglom\u00e9r\u00e9e - Brighi Group","og_description":"Le FA-400 est un syst\u00e8me de production de mousse agglom\u00e9r\u00e9e de diff\u00e9rentes densit\u00e9s qui permet de recycler les d\u00e9chets de mousse.","og_url":"https:\/\/www.brighigroup.com\/fr\/machine\/fa-400\/","og_site_name":"Brighi Group","article_modified_time":"2025-09-17T10:41:48+00:00","og_image":[{"width":10000,"height":7087,"url":"https:\/\/www.brighigroup.com\/wp-content\/uploads\/2022\/07\/FA-400_2024_vista1.1621.1-min-e1744707674950.jpg","type":"image\/jpeg"}],"twitter_card":"summary_large_image","twitter_misc":{"Dur\u00e9e de lecture estim\u00e9e":"2 minutes"},"schema":{"@context":"https:\/\/schema.org","@graph":[{"@type":"WebPage","@id":"https:\/\/www.brighigroup.com\/fr\/machine\/fa-400\/","url":"https:\/\/www.brighigroup.com\/fr\/machine\/fa-400\/","name":"Syst\u00e8me de production de mousse agglom\u00e9r\u00e9e - Brighi Group","isPartOf":{"@id":"https:\/\/www.brighigroup.com\/fr\/#website"},"primaryImageOfPage":{"@id":"https:\/\/www.brighigroup.com\/fr\/machine\/fa-400\/#primaryimage"},"image":{"@id":"https:\/\/www.brighigroup.com\/fr\/machine\/fa-400\/#primaryimage"},"thumbnailUrl":"https:\/\/www.brighigroup.com\/wp-content\/uploads\/2022\/07\/FA-400_2024_vista1.1621.1-min-e1744707674950.jpg","datePublished":"2022-07-04T12:26:50+00:00","dateModified":"2025-09-17T10:41:48+00:00","description":"Le FA-400 est un syst\u00e8me de production de mousse agglom\u00e9r\u00e9e de diff\u00e9rentes densit\u00e9s qui permet de recycler les d\u00e9chets de mousse.","breadcrumb":{"@id":"https:\/\/www.brighigroup.com\/fr\/machine\/fa-400\/#breadcrumb"},"inLanguage":"fr-FR","potentialAction":[{"@type":"ReadAction","target":["https:\/\/www.brighigroup.com\/fr\/machine\/fa-400\/"]}]},{"@type":"ImageObject","inLanguage":"fr-FR","@id":"https:\/\/www.brighigroup.com\/fr\/machine\/fa-400\/#primaryimage","url":"https:\/\/www.brighigroup.com\/wp-content\/uploads\/2022\/07\/FA-400_2024_vista1.1621.1-min-e1744707674950.jpg","contentUrl":"https:\/\/www.brighigroup.com\/wp-content\/uploads\/2022\/07\/FA-400_2024_vista1.1621.1-min-e1744707674950.jpg","width":10000,"height":7087},{"@type":"BreadcrumbList","@id":"https:\/\/www.brighigroup.com\/fr\/machine\/fa-400\/#breadcrumb","itemListElement":[{"@type":"ListItem","position":1,"name":"Machines","item":"https:\/\/www.brighigroup.com\/fr\/machines\/"},{"@type":"ListItem","position":2,"name":"FA-400"}]},{"@type":"WebSite","@id":"https:\/\/www.brighigroup.com\/fr\/#website","url":"https:\/\/www.brighigroup.com\/fr\/","name":"Brighi Group","description":"Home textile e di prodotti imbottiti per il design d&#039;arredo tramandando l&#039;innovazione come cultura d&#039;impresa.","potentialAction":[{"@type":"SearchAction","target":{"@type":"EntryPoint","urlTemplate":"https:\/\/www.brighigroup.com\/fr\/?s={search_term_string}"},"query-input":{"@type":"PropertyValueSpecification","valueRequired":true,"valueName":"search_term_string"}}],"inLanguage":"fr-FR"}]}},"_links":{"self":[{"href":"https:\/\/www.brighigroup.com\/fr\/wp-json\/wp\/v2\/product\/7402","targetHints":{"allow":["GET"]}}],"collection":[{"href":"https:\/\/www.brighigroup.com\/fr\/wp-json\/wp\/v2\/product"}],"about":[{"href":"https:\/\/www.brighigroup.com\/fr\/wp-json\/wp\/v2\/types\/product"}],"wp:featuredmedia":[{"embeddable":true,"href":"https:\/\/www.brighigroup.com\/fr\/wp-json\/wp\/v2\/media\/13266"}],"wp:attachment":[{"href":"https:\/\/www.brighigroup.com\/fr\/wp-json\/wp\/v2\/media?parent=7402"}],"wp:term":[{"taxonomy":"product_cat","embeddable":true,"href":"https:\/\/www.brighigroup.com\/fr\/wp-json\/wp\/v2\/product_cat?post=7402"},{"taxonomy":"product_tag","embeddable":true,"href":"https:\/\/www.brighigroup.com\/fr\/wp-json\/wp\/v2\/product_tag?post=7402"}],"curies":[{"name":"wp","href":"https:\/\/api.w.org\/{rel}","templated":true}]}}