{"id":5208,"date":"2020-01-01T11:05:36","date_gmt":"2020-11-30T10:05:36","guid":{"rendered":"https:\/\/www.brighigroup.com\/macchina\/tt-100\/"},"modified":"2022-09-27T10:27:23","modified_gmt":"2022-09-27T08:27:23","slug":"tt-100","status":"publish","type":"product","link":"https:\/\/www.brighigroup.com\/fr\/machine\/tt-100\/","title":{"rendered":"TT-100"},"content":{"rendered":"<h2>Convoyeur<\/h2>\n<p>Syst\u00e8me de manutention par convoyeur \u00e0 bande disponible en diff\u00e9rentes tailles de 1 -2 &#8211; 3 &#8211; 4 m\u00e8tres de longueur.<\/p>\n<p><strong>QUE PEUT-ON D\u00c9PLACER<\/strong><\/p>\n<p>Oreillers, coussins, couettes, sacs de couchage<\/p>\n","protected":false},"excerpt":{"rendered":"<h6>CONVEYOR BELT<\/h6>\n","protected":false},"featured_media":4168,"template":"","meta":{"_acf_changed":false},"product_cat":[106,99,90,93,92,96,104],"product_tag":[324,308,300,304,320],"class_list":{"0":"post-5208","1":"product","2":"type-product","3":"status-publish","4":"has-post-thumbnail","6":"product_cat-ligne-couettes-edredon","7":"product_cat-lligne-coussin-moules-ou-en-chutes-de-mousse","8":"product_cat-ligne-coussins-cardes","9":"product_cat-ligne-coussins-decoratifs-dexterieur-coussins-de-chaise","10":"product_cat-ligne-coussins-souffles","11":"product_cat-lligne-remplissage-peluches-jouets-lits-animaux-rembourrages-divers","12":"product_cat-sisteme-de-convoyage","13":"product_tag-edredon","14":"product_tag-oreillers-en-mousse-et-en-latex","15":"product_tag-oreillers-et-coussins-en-fibre-cardee-roulee","16":"product_tag-oreillers-et-coussins-souffles","17":"product_tag-tapis","19":"first","20":"instock","21":"shipping-taxable","22":"product-type-simple"},"acf":[],"yoast_head":"<!-- This site is optimized with the Yoast SEO plugin v24.2 - https:\/\/yoast.com\/wordpress\/plugins\/seo\/ -->\n<title>Convoyeur TT-100 - Brighi Group<\/title>\n<meta name=\"description\" content=\"Syst\u00e8me de manutention par convoyeur \u00e0 bande disponible en diff\u00e9rentes tailles\" \/>\n<meta name=\"robots\" content=\"index, follow, max-snippet:-1, max-image-preview:large, max-video-preview:-1\" \/>\n<link rel=\"canonical\" href=\"https:\/\/www.brighigroup.com\/fr\/machine\/tt-100\/\" \/>\n<meta property=\"og:locale\" content=\"fr_FR\" \/>\n<meta property=\"og:type\" content=\"article\" \/>\n<meta property=\"og:title\" content=\"Convoyeur TT-100 - Brighi Group\" \/>\n<meta property=\"og:description\" content=\"Syst\u00e8me de manutention par convoyeur \u00e0 bande disponible en diff\u00e9rentes tailles\" \/>\n<meta property=\"og:url\" content=\"https:\/\/www.brighigroup.com\/fr\/machine\/tt-100\/\" \/>\n<meta property=\"og:site_name\" content=\"Brighi Group\" \/>\n<meta property=\"article:modified_time\" content=\"2022-09-27T08:27:23+00:00\" \/>\n<meta property=\"og:image\" content=\"https:\/\/www.brighigroup.com\/wp-content\/uploads\/2021\/11\/BC-100.jpg\" \/>\n\t<meta property=\"og:image:width\" content=\"1920\" \/>\n\t<meta property=\"og:image:height\" content=\"1280\" \/>\n\t<meta property=\"og:image:type\" content=\"image\/jpeg\" \/>\n<meta name=\"twitter:card\" content=\"summary_large_image\" \/>\n<script type=\"application\/ld+json\" class=\"yoast-schema-graph\">{\"@context\":\"https:\/\/schema.org\",\"@graph\":[{\"@type\":\"WebPage\",\"@id\":\"https:\/\/www.brighigroup.com\/fr\/machine\/tt-100\/\",\"url\":\"https:\/\/www.brighigroup.com\/fr\/machine\/tt-100\/\",\"name\":\"Convoyeur TT-100 - Brighi Group\",\"isPartOf\":{\"@id\":\"https:\/\/www.brighigroup.com\/fr\/#website\"},\"primaryImageOfPage\":{\"@id\":\"https:\/\/www.brighigroup.com\/fr\/machine\/tt-100\/#primaryimage\"},\"image\":{\"@id\":\"https:\/\/www.brighigroup.com\/fr\/machine\/tt-100\/#primaryimage\"},\"thumbnailUrl\":\"https:\/\/www.brighigroup.com\/wp-content\/uploads\/2021\/11\/BC-100.jpg\",\"datePublished\":\"2020-11-30T10:05:36+00:00\",\"dateModified\":\"2022-09-27T08:27:23+00:00\",\"description\":\"Syst\u00e8me de manutention par convoyeur \u00e0 bande disponible en diff\u00e9rentes tailles\",\"breadcrumb\":{\"@id\":\"https:\/\/www.brighigroup.com\/fr\/machine\/tt-100\/#breadcrumb\"},\"inLanguage\":\"fr-FR\",\"potentialAction\":[{\"@type\":\"ReadAction\",\"target\":[\"https:\/\/www.brighigroup.com\/fr\/machine\/tt-100\/\"]}]},{\"@type\":\"ImageObject\",\"inLanguage\":\"fr-FR\",\"@id\":\"https:\/\/www.brighigroup.com\/fr\/machine\/tt-100\/#primaryimage\",\"url\":\"https:\/\/www.brighigroup.com\/wp-content\/uploads\/2021\/11\/BC-100.jpg\",\"contentUrl\":\"https:\/\/www.brighigroup.com\/wp-content\/uploads\/2021\/11\/BC-100.jpg\",\"width\":1920,\"height\":1280},{\"@type\":\"BreadcrumbList\",\"@id\":\"https:\/\/www.brighigroup.com\/fr\/machine\/tt-100\/#breadcrumb\",\"itemListElement\":[{\"@type\":\"ListItem\",\"position\":1,\"name\":\"Machines\",\"item\":\"https:\/\/www.brighigroup.com\/fr\/machines\/\"},{\"@type\":\"ListItem\",\"position\":2,\"name\":\"TT-100\"}]},{\"@type\":\"WebSite\",\"@id\":\"https:\/\/www.brighigroup.com\/fr\/#website\",\"url\":\"https:\/\/www.brighigroup.com\/fr\/\",\"name\":\"Brighi Group\",\"description\":\"Home textile e di prodotti imbottiti per il design d&#039;arredo tramandando l&#039;innovazione come cultura d&#039;impresa.\",\"potentialAction\":[{\"@type\":\"SearchAction\",\"target\":{\"@type\":\"EntryPoint\",\"urlTemplate\":\"https:\/\/www.brighigroup.com\/fr\/?s={search_term_string}\"},\"query-input\":{\"@type\":\"PropertyValueSpecification\",\"valueRequired\":true,\"valueName\":\"search_term_string\"}}],\"inLanguage\":\"fr-FR\"}]}<\/script>\n<!-- \/ Yoast SEO plugin. -->","yoast_head_json":{"title":"Convoyeur TT-100 - Brighi Group","description":"Syst\u00e8me de manutention par convoyeur \u00e0 bande disponible en diff\u00e9rentes tailles","robots":{"index":"index","follow":"follow","max-snippet":"max-snippet:-1","max-image-preview":"max-image-preview:large","max-video-preview":"max-video-preview:-1"},"canonical":"https:\/\/www.brighigroup.com\/fr\/machine\/tt-100\/","og_locale":"fr_FR","og_type":"article","og_title":"Convoyeur TT-100 - Brighi Group","og_description":"Syst\u00e8me de manutention par convoyeur \u00e0 bande disponible en diff\u00e9rentes tailles","og_url":"https:\/\/www.brighigroup.com\/fr\/machine\/tt-100\/","og_site_name":"Brighi Group","article_modified_time":"2022-09-27T08:27:23+00:00","og_image":[{"width":1920,"height":1280,"url":"https:\/\/www.brighigroup.com\/wp-content\/uploads\/2021\/11\/BC-100.jpg","type":"image\/jpeg"}],"twitter_card":"summary_large_image","schema":{"@context":"https:\/\/schema.org","@graph":[{"@type":"WebPage","@id":"https:\/\/www.brighigroup.com\/fr\/machine\/tt-100\/","url":"https:\/\/www.brighigroup.com\/fr\/machine\/tt-100\/","name":"Convoyeur TT-100 - Brighi Group","isPartOf":{"@id":"https:\/\/www.brighigroup.com\/fr\/#website"},"primaryImageOfPage":{"@id":"https:\/\/www.brighigroup.com\/fr\/machine\/tt-100\/#primaryimage"},"image":{"@id":"https:\/\/www.brighigroup.com\/fr\/machine\/tt-100\/#primaryimage"},"thumbnailUrl":"https:\/\/www.brighigroup.com\/wp-content\/uploads\/2021\/11\/BC-100.jpg","datePublished":"2020-11-30T10:05:36+00:00","dateModified":"2022-09-27T08:27:23+00:00","description":"Syst\u00e8me de manutention par convoyeur \u00e0 bande disponible en diff\u00e9rentes tailles","breadcrumb":{"@id":"https:\/\/www.brighigroup.com\/fr\/machine\/tt-100\/#breadcrumb"},"inLanguage":"fr-FR","potentialAction":[{"@type":"ReadAction","target":["https:\/\/www.brighigroup.com\/fr\/machine\/tt-100\/"]}]},{"@type":"ImageObject","inLanguage":"fr-FR","@id":"https:\/\/www.brighigroup.com\/fr\/machine\/tt-100\/#primaryimage","url":"https:\/\/www.brighigroup.com\/wp-content\/uploads\/2021\/11\/BC-100.jpg","contentUrl":"https:\/\/www.brighigroup.com\/wp-content\/uploads\/2021\/11\/BC-100.jpg","width":1920,"height":1280},{"@type":"BreadcrumbList","@id":"https:\/\/www.brighigroup.com\/fr\/machine\/tt-100\/#breadcrumb","itemListElement":[{"@type":"ListItem","position":1,"name":"Machines","item":"https:\/\/www.brighigroup.com\/fr\/machines\/"},{"@type":"ListItem","position":2,"name":"TT-100"}]},{"@type":"WebSite","@id":"https:\/\/www.brighigroup.com\/fr\/#website","url":"https:\/\/www.brighigroup.com\/fr\/","name":"Brighi Group","description":"Home textile e di prodotti imbottiti per il design d&#039;arredo tramandando l&#039;innovazione come cultura d&#039;impresa.","potentialAction":[{"@type":"SearchAction","target":{"@type":"EntryPoint","urlTemplate":"https:\/\/www.brighigroup.com\/fr\/?s={search_term_string}"},"query-input":{"@type":"PropertyValueSpecification","valueRequired":true,"valueName":"search_term_string"}}],"inLanguage":"fr-FR"}]}},"_links":{"self":[{"href":"https:\/\/www.brighigroup.com\/fr\/wp-json\/wp\/v2\/product\/5208","targetHints":{"allow":["GET"]}}],"collection":[{"href":"https:\/\/www.brighigroup.com\/fr\/wp-json\/wp\/v2\/product"}],"about":[{"href":"https:\/\/www.brighigroup.com\/fr\/wp-json\/wp\/v2\/types\/product"}],"wp:featuredmedia":[{"embeddable":true,"href":"https:\/\/www.brighigroup.com\/fr\/wp-json\/wp\/v2\/media\/4168"}],"wp:attachment":[{"href":"https:\/\/www.brighigroup.com\/fr\/wp-json\/wp\/v2\/media?parent=5208"}],"wp:term":[{"taxonomy":"product_cat","embeddable":true,"href":"https:\/\/www.brighigroup.com\/fr\/wp-json\/wp\/v2\/product_cat?post=5208"},{"taxonomy":"product_tag","embeddable":true,"href":"https:\/\/www.brighigroup.com\/fr\/wp-json\/wp\/v2\/product_tag?post=5208"}],"curies":[{"name":"wp","href":"https:\/\/api.w.org\/{rel}","templated":true}]}}