{"id":5110,"date":"2017-12-25T09:10:09","date_gmt":"2021-01-25T11:57:09","guid":{"rendered":"https:\/\/www.brighigroup.com\/macchina\/domino\/"},"modified":"2024-09-05T11:32:59","modified_gmt":"2024-09-05T09:32:59","slug":"domino","status":"publish","type":"product","link":"https:\/\/www.brighigroup.com\/fr\/machine\/domino\/","title":{"rendered":"DOMINO"},"content":{"rendered":"<p style=\"text-align: justify;\">LOGICIEL DE CONNEXION ET DE CONTR\u00d4LE DES MACHINES POUR UNE INSTALLATION RAPIDE DE LA LIGNE<\/p>\n<p style=\"text-align: justify;\"><strong>Qu\u2019est-ce que Domino ?<\/strong><\/p>\n<p style=\"text-align: justify;\">Domino est le logiciel de connexion et de contr\u00f4le qui relie toutes les machines et tous les appareils pr\u00e9sents dans le processus de production, et qui g\u00e8re automatiquement les diff\u00e9rentes entr\u00e9es pour cr\u00e9er des m\u00e9langes personnalis\u00e9s et pr\u00e9cis.<\/p>\n<p style=\"text-align: justify;\"><strong>Comment \u00e7a marche ?<\/strong><\/p>\n<p style=\"text-align: justify;\">Domino cr\u00e9e un environnement de travail unique gr\u00e2ce auquel il est possible de <strong>g\u00e9rer et de r\u00e9gler \u00e9lectroniquement les flux de lignes et les param\u00e8tres des diff\u00e9rentes machines<\/strong> sans avoir \u00e0 y acc\u00e9der physiquement. Il recueille les donn\u00e9es de chaque \u00e9quipement et les traite pour les mettre \u00e0 la disposition des utilisateurs finaux. Domino transforme les machines individuelles en une v\u00e9ritable <strong>ligne de production interconnect\u00e9e et efficace.<\/strong><\/p>\n<p style=\"text-align: justify;\">Domino <strong>g\u00e8re automatiquement les diff\u00e9rents intrants<\/strong> tels que la plume, la fibre et les copeaux de mousse d\u00e9chiquet\u00e9e, afin de cr\u00e9er des m\u00e9langes personnalis\u00e9s et pr\u00e9cis. Ainsi, vous pourrez m\u00e9langer scientifiquement n&rsquo;importe quel mat\u00e9riau avec une extr\u00eame pr\u00e9cision, afin d&rsquo;\u00e9viter tout gaspillage.<\/p>\n<p style=\"text-align: justify;\">Vous pouvez acc\u00e9der \u00e0 cette ligne virtuelle par le biais d&rsquo;un \u00e9cran tactile qui vous permet de visualiser et d&rsquo;ajuster les donn\u00e9es en fonction des besoins de production. Domino est \u00e9galement accessible o\u00f9 que vous soyez, depuis votre smartphone, votre tablette ou votre PC.<\/p>\n<p><iframe title=\"DOMINO \u2013 Connects the dots.\" width=\"800\" height=\"450\" src=\"https:\/\/www.youtube-nocookie.com\/embed\/fBQfnrhi77E?feature=oembed\" frameborder=\"0\" allow=\"accelerometer; autoplay; clipboard-write; encrypted-media; gyroscope; picture-in-picture\" allowfullscreen><\/iframe><\/p>\n<p style=\"text-align: justify;\"><strong>Caract\u00e9ristiques principales :<\/strong><\/p>\n<ul style=\"text-align: justify;\">\n<li>R\u00e9duire le temps de changement<\/li>\n<li>G\u00e9rer les m\u00e9langes de mani\u00e8re scientifique<\/li>\n<li>D\u00e9finir le flux de production en un seul clic<\/li>\n<li>Obtenir une vue d&rsquo;ensemble de votre ligne<\/li>\n<li>D\u00e9finir des recettes pour l&rsquo;ensemble de la ligne<\/li>\n<\/ul>\n<p style=\"text-align: justify;\"><strong>Domino est-il juste pour vous ?<\/strong><\/p>\n<p style=\"text-align: justify;\">Voici un test rapide pour comprendre si Domino est le bon choix pour vous<\/p>\n<p style=\"text-align: justify;\">Les changements de production tuent votre productivit\u00e9 ?<\/p>\n<p style=\"text-align: justify;\">Voulez-vous gagner du temps dans la modification des param\u00e8tres?<\/p>\n<p style=\"text-align: justify;\">Vous souhaitez am\u00e9liorer l\u2019efficacit\u00e9 de votre ligne ?<\/p>\n<p style=\"text-align: justify;\"><a href=\"https:\/\/www.brighigroup.com\/fr\/brighi-digital-fr\/\"><strong>Visitez notre page num\u00e9rique et d\u00e9couvrez tous les logiciels et solutions innovants disponibles pour votre machine !<\/strong><\/a><\/p>\n<div id=\"gtx-trans\" style=\"position: absolute; left: -36px; top: 502px;\">\n<div class=\"gtx-trans-icon\"><\/div>\n<\/div>\n","protected":false},"excerpt":{"rendered":"<h6>Logiciel de connexion et de contr\u00f4le des machines pour une installation rapide de la ligne<\/h6>\n<p>&nbsp;<\/p>\n","protected":false},"featured_media":12042,"template":"","meta":{"_acf_changed":false},"product_cat":[106,99,90,93,92,167,94,97,96,95,103],"product_tag":[312,328,324,316,308,300,304,320],"class_list":{"0":"post-5110","1":"product","2":"type-product","3":"status-publish","4":"has-post-thumbnail","6":"product_cat-ligne-couettes-edredon","7":"product_cat-lligne-coussin-moules-ou-en-chutes-de-mousse","8":"product_cat-ligne-coussins-cardes","9":"product_cat-ligne-coussins-decoratifs-dexterieur-coussins-de-chaise","10":"product_cat-ligne-coussins-souffles","11":"product_cat-ligne-de-recyclage","12":"product_cat-ligne-production-canapes-et-rembourrages-des-canapes-fauteuils-chaises","13":"product_cat-ligne-production-polyurethane-pour-matelas-oreillers-et-canapes","14":"product_cat-lligne-remplissage-peluches-jouets-lits-animaux-rembourrages-divers","15":"product_cat-ligne-traitement-matieres-premieres-et-recyclage-rebuts","16":"product_cat-logiciel-de-gestion","17":"product_tag-coussins-de-canape","18":"product_tag-dechets-de-production","19":"product_tag-edredon","20":"product_tag-mousse","21":"product_tag-oreillers-en-mousse-et-en-latex","22":"product_tag-oreillers-et-coussins-en-fibre-cardee-roulee","23":"product_tag-oreillers-et-coussins-souffles","24":"product_tag-tapis","26":"first","27":"instock","28":"shipping-taxable","29":"product-type-simple"},"acf":[],"yoast_head":"<!-- This site is optimized with the Yoast SEO plugin v24.2 - https:\/\/yoast.com\/wordpress\/plugins\/seo\/ -->\n<title>DOMINO - Brighi Group<\/title>\n<meta name=\"description\" content=\"Domino est un logiciel de connexion et de contr\u00f4le des machines et des appareils dans le processus de production, qui cr\u00e8e un environnement de travail unique.\" \/>\n<meta name=\"robots\" content=\"index, follow, max-snippet:-1, max-image-preview:large, max-video-preview:-1\" \/>\n<link rel=\"canonical\" href=\"https:\/\/www.brighigroup.com\/fr\/machine\/domino\/\" \/>\n<meta property=\"og:locale\" content=\"fr_FR\" \/>\n<meta property=\"og:type\" content=\"article\" \/>\n<meta property=\"og:title\" content=\"DOMINO - Brighi Group\" \/>\n<meta property=\"og:description\" content=\"Domino est un logiciel de connexion et de contr\u00f4le des machines et des appareils dans le processus de production, qui cr\u00e8e un environnement de travail unique.\" \/>\n<meta property=\"og:url\" content=\"https:\/\/www.brighigroup.com\/fr\/machine\/domino\/\" \/>\n<meta property=\"og:site_name\" content=\"Brighi Group\" \/>\n<meta property=\"article:modified_time\" content=\"2024-09-05T09:32:59+00:00\" \/>\n<meta property=\"og:image\" content=\"https:\/\/www.brighigroup.com\/wp-content\/uploads\/2021\/01\/Domino.jpg\" \/>\n\t<meta property=\"og:image:width\" content=\"1920\" \/>\n\t<meta property=\"og:image:height\" content=\"1280\" \/>\n\t<meta property=\"og:image:type\" content=\"image\/jpeg\" \/>\n<meta name=\"twitter:card\" content=\"summary_large_image\" \/>\n<meta name=\"twitter:label1\" content=\"Dur\u00e9e de lecture estim\u00e9e\" \/>\n\t<meta name=\"twitter:data1\" content=\"2 minutes\" \/>\n<script type=\"application\/ld+json\" class=\"yoast-schema-graph\">{\"@context\":\"https:\/\/schema.org\",\"@graph\":[{\"@type\":\"WebPage\",\"@id\":\"https:\/\/www.brighigroup.com\/fr\/machine\/domino\/\",\"url\":\"https:\/\/www.brighigroup.com\/fr\/machine\/domino\/\",\"name\":\"DOMINO - Brighi Group\",\"isPartOf\":{\"@id\":\"https:\/\/www.brighigroup.com\/fr\/#website\"},\"primaryImageOfPage\":{\"@id\":\"https:\/\/www.brighigroup.com\/fr\/machine\/domino\/#primaryimage\"},\"image\":{\"@id\":\"https:\/\/www.brighigroup.com\/fr\/machine\/domino\/#primaryimage\"},\"thumbnailUrl\":\"https:\/\/www.brighigroup.com\/wp-content\/uploads\/2021\/01\/Domino.jpg\",\"datePublished\":\"2021-01-25T11:57:09+00:00\",\"dateModified\":\"2024-09-05T09:32:59+00:00\",\"description\":\"Domino est un logiciel de connexion et de contr\u00f4le des machines et des appareils dans le processus de production, qui cr\u00e8e un environnement de travail unique.\",\"breadcrumb\":{\"@id\":\"https:\/\/www.brighigroup.com\/fr\/machine\/domino\/#breadcrumb\"},\"inLanguage\":\"fr-FR\",\"potentialAction\":[{\"@type\":\"ReadAction\",\"target\":[\"https:\/\/www.brighigroup.com\/fr\/machine\/domino\/\"]}]},{\"@type\":\"ImageObject\",\"inLanguage\":\"fr-FR\",\"@id\":\"https:\/\/www.brighigroup.com\/fr\/machine\/domino\/#primaryimage\",\"url\":\"https:\/\/www.brighigroup.com\/wp-content\/uploads\/2021\/01\/Domino.jpg\",\"contentUrl\":\"https:\/\/www.brighigroup.com\/wp-content\/uploads\/2021\/01\/Domino.jpg\",\"width\":1920,\"height\":1280},{\"@type\":\"BreadcrumbList\",\"@id\":\"https:\/\/www.brighigroup.com\/fr\/machine\/domino\/#breadcrumb\",\"itemListElement\":[{\"@type\":\"ListItem\",\"position\":1,\"name\":\"Machines\",\"item\":\"https:\/\/www.brighigroup.com\/fr\/machines\/\"},{\"@type\":\"ListItem\",\"position\":2,\"name\":\"DOMINO\"}]},{\"@type\":\"WebSite\",\"@id\":\"https:\/\/www.brighigroup.com\/fr\/#website\",\"url\":\"https:\/\/www.brighigroup.com\/fr\/\",\"name\":\"Brighi Group\",\"description\":\"Home textile e di prodotti imbottiti per il design d&#039;arredo tramandando l&#039;innovazione come cultura d&#039;impresa.\",\"potentialAction\":[{\"@type\":\"SearchAction\",\"target\":{\"@type\":\"EntryPoint\",\"urlTemplate\":\"https:\/\/www.brighigroup.com\/fr\/?s={search_term_string}\"},\"query-input\":{\"@type\":\"PropertyValueSpecification\",\"valueRequired\":true,\"valueName\":\"search_term_string\"}}],\"inLanguage\":\"fr-FR\"}]}<\/script>\n<!-- \/ Yoast SEO plugin. -->","yoast_head_json":{"title":"DOMINO - Brighi Group","description":"Domino est un logiciel de connexion et de contr\u00f4le des machines et des appareils dans le processus de production, qui cr\u00e8e un environnement de travail unique.","robots":{"index":"index","follow":"follow","max-snippet":"max-snippet:-1","max-image-preview":"max-image-preview:large","max-video-preview":"max-video-preview:-1"},"canonical":"https:\/\/www.brighigroup.com\/fr\/machine\/domino\/","og_locale":"fr_FR","og_type":"article","og_title":"DOMINO - Brighi Group","og_description":"Domino est un logiciel de connexion et de contr\u00f4le des machines et des appareils dans le processus de production, qui cr\u00e8e un environnement de travail unique.","og_url":"https:\/\/www.brighigroup.com\/fr\/machine\/domino\/","og_site_name":"Brighi Group","article_modified_time":"2024-09-05T09:32:59+00:00","og_image":[{"width":1920,"height":1280,"url":"https:\/\/www.brighigroup.com\/wp-content\/uploads\/2021\/01\/Domino.jpg","type":"image\/jpeg"}],"twitter_card":"summary_large_image","twitter_misc":{"Dur\u00e9e de lecture estim\u00e9e":"2 minutes"},"schema":{"@context":"https:\/\/schema.org","@graph":[{"@type":"WebPage","@id":"https:\/\/www.brighigroup.com\/fr\/machine\/domino\/","url":"https:\/\/www.brighigroup.com\/fr\/machine\/domino\/","name":"DOMINO - Brighi Group","isPartOf":{"@id":"https:\/\/www.brighigroup.com\/fr\/#website"},"primaryImageOfPage":{"@id":"https:\/\/www.brighigroup.com\/fr\/machine\/domino\/#primaryimage"},"image":{"@id":"https:\/\/www.brighigroup.com\/fr\/machine\/domino\/#primaryimage"},"thumbnailUrl":"https:\/\/www.brighigroup.com\/wp-content\/uploads\/2021\/01\/Domino.jpg","datePublished":"2021-01-25T11:57:09+00:00","dateModified":"2024-09-05T09:32:59+00:00","description":"Domino est un logiciel de connexion et de contr\u00f4le des machines et des appareils dans le processus de production, qui cr\u00e8e un environnement de travail unique.","breadcrumb":{"@id":"https:\/\/www.brighigroup.com\/fr\/machine\/domino\/#breadcrumb"},"inLanguage":"fr-FR","potentialAction":[{"@type":"ReadAction","target":["https:\/\/www.brighigroup.com\/fr\/machine\/domino\/"]}]},{"@type":"ImageObject","inLanguage":"fr-FR","@id":"https:\/\/www.brighigroup.com\/fr\/machine\/domino\/#primaryimage","url":"https:\/\/www.brighigroup.com\/wp-content\/uploads\/2021\/01\/Domino.jpg","contentUrl":"https:\/\/www.brighigroup.com\/wp-content\/uploads\/2021\/01\/Domino.jpg","width":1920,"height":1280},{"@type":"BreadcrumbList","@id":"https:\/\/www.brighigroup.com\/fr\/machine\/domino\/#breadcrumb","itemListElement":[{"@type":"ListItem","position":1,"name":"Machines","item":"https:\/\/www.brighigroup.com\/fr\/machines\/"},{"@type":"ListItem","position":2,"name":"DOMINO"}]},{"@type":"WebSite","@id":"https:\/\/www.brighigroup.com\/fr\/#website","url":"https:\/\/www.brighigroup.com\/fr\/","name":"Brighi Group","description":"Home textile e di prodotti imbottiti per il design d&#039;arredo tramandando l&#039;innovazione come cultura d&#039;impresa.","potentialAction":[{"@type":"SearchAction","target":{"@type":"EntryPoint","urlTemplate":"https:\/\/www.brighigroup.com\/fr\/?s={search_term_string}"},"query-input":{"@type":"PropertyValueSpecification","valueRequired":true,"valueName":"search_term_string"}}],"inLanguage":"fr-FR"}]}},"_links":{"self":[{"href":"https:\/\/www.brighigroup.com\/fr\/wp-json\/wp\/v2\/product\/5110","targetHints":{"allow":["GET"]}}],"collection":[{"href":"https:\/\/www.brighigroup.com\/fr\/wp-json\/wp\/v2\/product"}],"about":[{"href":"https:\/\/www.brighigroup.com\/fr\/wp-json\/wp\/v2\/types\/product"}],"wp:featuredmedia":[{"embeddable":true,"href":"https:\/\/www.brighigroup.com\/fr\/wp-json\/wp\/v2\/media\/12042"}],"wp:attachment":[{"href":"https:\/\/www.brighigroup.com\/fr\/wp-json\/wp\/v2\/media?parent=5110"}],"wp:term":[{"taxonomy":"product_cat","embeddable":true,"href":"https:\/\/www.brighigroup.com\/fr\/wp-json\/wp\/v2\/product_cat?post=5110"},{"taxonomy":"product_tag","embeddable":true,"href":"https:\/\/www.brighigroup.com\/fr\/wp-json\/wp\/v2\/product_tag?post=5110"}],"curies":[{"name":"wp","href":"https:\/\/api.w.org\/{rel}","templated":true}]}}