{"id":5106,"date":"2017-12-25T09:01:18","date_gmt":"2021-01-25T11:59:18","guid":{"rendered":"https:\/\/www.brighigroup.com\/macchina\/callisto\/"},"modified":"2025-09-17T12:31:46","modified_gmt":"2025-09-17T10:31:46","slug":"callisto","status":"publish","type":"product","link":"https:\/\/www.brighigroup.com\/fr\/machine\/callisto\/","title":{"rendered":"CALLISTO"},"content":{"rendered":"<p style=\"text-align: justify\">LOGICIEL DE MAINTENANCE PR\u00c9VENTIVE POUR AM\u00c9LIORER LE TEMPS DE FONCTIONNEMENT ET L&rsquo;EFFICACIT\u00c9<\/p>\n<p style=\"text-align: justify\"><strong>Qu&rsquo;est-ce que Callisto ?<\/strong><\/p>\n<p style=\"text-align: justify\">Callisto est notre logiciel de <strong>maintenance pr\u00e9ventive<\/strong> qui permet de <strong>surveiller l&rsquo;\u00e9tat des composants<\/strong> et de <strong>planifier leur remplacement uniquement lorsque cela est n\u00e9cessaire.<\/strong><\/p>\n<p style=\"text-align: justify\"><strong>Comment \u00e7a marche ?<\/strong><\/p>\n<p style=\"text-align: justify\">Callisto r\u00e9volutionne les op\u00e9rations de maintenance en simplifiant et en rationalisant l&rsquo;ensemble du processus.<\/p>\n<p style=\"text-align: justify\">Gr\u00e2ce \u00e0 des <strong>fonctions de planification bas\u00e9es sur l&rsquo;intelligence artificielle<\/strong>, il permet aux utilisateurs de <strong>programmer <\/strong>et d&rsquo;<strong>ex\u00e9cuter efficacement les t\u00e2ches de maintenance,<\/strong> garantissant ainsi des performances optimales de l&rsquo;\u00e9quipement. En surveillant en permanence les consommables des machines et les composants critiques, le logiciel alerte les utilisateurs lorsque les composants atteignent 75 % de leur dur\u00e9e de vie, lorsqu&rsquo;il est recommand\u00e9 de les remplacer, puis \u00e0 nouveau \u00e0 100 %. Cette <strong>surveillance continue optimise l&rsquo;utilisation des ressources,<\/strong> en fournissant un contr\u00f4le pr\u00e9cis du moment o\u00f9 les pi\u00e8ces doivent \u00eatre remplac\u00e9es et en permettant une pr\u00e9paration proactive pour \u00e9conomiser du temps et des co\u00fbts. Pour rendre l&rsquo;exp\u00e9rience aussi efficace que possible, l&rsquo;utilisateur peut fournir des informations \u00e0 Callisto en saisissant des donn\u00e9es sur les caract\u00e9ristiques sp\u00e9cifiques de la machine. Gr\u00e2ce aux capacit\u00e9s d&rsquo;<strong>apprentissage automatique,<\/strong> l&rsquo;algorithme apprend un ensemble sp\u00e9cifique de donn\u00e9es et les r\u00e9sultats \u00e0 g\u00e9n\u00e9rer. Ainsi, il peut, par exemple, demander le remplacement d&rsquo;un composant m\u00eame apr\u00e8s une utilisation \u00e0 100 %.<\/p>\n<p style=\"text-align: justify\">Des statistiques et des pr\u00e9visions d\u00e9taill\u00e9es, pr\u00e9sent\u00e9es dans des tableaux de bord intuitifs, fournissent aux utilisateurs des informations utiles pour d\u00e9finir \u00e0 l&rsquo;avance des strat\u00e9gies de maintenance. Int\u00e9gr\u00e9 \u00e0 des cam\u00e9ras, le logiciel fournit un support visuel pour les activit\u00e9s de maintenance, acc\u00e9l\u00e9rant le d\u00e9pannage et minimisant les temps d&rsquo;arr\u00eat.<\/p>\n<p><iframe title=\"Brighi Digital presenting Callisto\" width=\"800\" height=\"450\" src=\"https:\/\/www.youtube-nocookie.com\/embed\/S70EhCcIFN0?feature=oembed\" frameborder=\"0\" allow=\"accelerometer; autoplay; clipboard-write; encrypted-media; gyroscope; picture-in-picture; web-share\" referrerpolicy=\"strict-origin-when-cross-origin\" allowfullscreen><\/iframe><\/p>\n<p><strong>Fonctions principales :<\/strong><\/p>\n<ul>\n<li>Simplifier et planifier la maintenance<\/li>\n<li>Obtenir des statistiques et des pr\u00e9visions organis\u00e9es en tableaux de bord<\/li>\n<li>Connecter les cam\u00e9ras pour faciliter la maintenance<\/li>\n<li>Acc\u00e9l\u00e9rer le d\u00e9pannage<\/li>\n<li>D\u00e9tecter les probl\u00e8mes des machines avant qu&rsquo;ils ne surviennent<\/li>\n<\/ul>\n<p>&nbsp;<\/p>\n<p><strong>Callisto est-il juste pour vous ?<\/strong><\/p>\n<p>Connaissez-vous des retards de production fr\u00e9quents dus \u00e0 la maintenance ?<\/p>\n<p>Voulez-vous simplifier les processus de maintenance dans votre entreprise ?<\/p>\n<p>Vous manquez de donn\u00e9es pour prendre des d\u00e9cisions sur le remplacement des pi\u00e8ces ?<\/p>\n<p><a href=\"https:\/\/www.brighigroup.com\/fr\/brighi-digital-fr\/\"><strong>Visitez notre page num\u00e9rique et d\u00e9couvrez tous les logiciels et solutions innovants disponibles pour votre machine !<\/strong><\/a><\/p>\n","protected":false},"excerpt":{"rendered":"<h6>Logiciel de maintenance pr\u00e9ventive qui surveille l&rsquo;\u00e9tat des composants pour un fonctionnement optimis\u00e9<\/h6>\n","protected":false},"featured_media":12052,"template":"","meta":{"_acf_changed":false},"product_cat":[106,99,90,93,92,167,94,97,96,95,103],"product_tag":[312,328,324,316,308,300,304,320],"class_list":{"0":"post-5106","1":"product","2":"type-product","3":"status-publish","4":"has-post-thumbnail","6":"product_cat-ligne-couettes-edredon","7":"product_cat-lligne-coussin-moules-ou-en-chutes-de-mousse","8":"product_cat-ligne-coussins-cardes","9":"product_cat-ligne-coussins-decoratifs-dexterieur-coussins-de-chaise","10":"product_cat-ligne-coussins-souffles","11":"product_cat-ligne-de-recyclage","12":"product_cat-ligne-production-canapes-et-rembourrages-des-canapes-fauteuils-chaises","13":"product_cat-ligne-production-polyurethane-pour-matelas-oreillers-et-canapes","14":"product_cat-lligne-remplissage-peluches-jouets-lits-animaux-rembourrages-divers","15":"product_cat-ligne-traitement-matieres-premieres-et-recyclage-rebuts","16":"product_cat-logiciel-de-gestion","17":"product_tag-coussins-de-canape","18":"product_tag-dechets-de-production","19":"product_tag-edredon","20":"product_tag-mousse","21":"product_tag-oreillers-en-mousse-et-en-latex","22":"product_tag-oreillers-et-coussins-en-fibre-cardee-roulee","23":"product_tag-oreillers-et-coussins-souffles","24":"product_tag-tapis","26":"first","27":"instock","28":"shipping-taxable","29":"product-type-simple"},"acf":[],"yoast_head":"<!-- This site is optimized with the Yoast SEO plugin v24.2 - https:\/\/yoast.com\/wordpress\/plugins\/seo\/ -->\n<title>CALLISTO - Brighi Group<\/title>\n<meta name=\"description\" content=\"Callisto est notre logiciel de maintenance pr\u00e9ventive qui surveille l&#039;\u00e9tat des composants et planifie leur remplacement si n\u00e9cessaire.\" \/>\n<meta name=\"robots\" content=\"index, follow, max-snippet:-1, max-image-preview:large, max-video-preview:-1\" \/>\n<link rel=\"canonical\" href=\"https:\/\/www.brighigroup.com\/fr\/machine\/callisto\/\" \/>\n<meta property=\"og:locale\" content=\"fr_FR\" \/>\n<meta property=\"og:type\" content=\"article\" \/>\n<meta property=\"og:title\" content=\"CALLISTO - Brighi Group\" \/>\n<meta property=\"og:description\" content=\"Callisto est notre logiciel de maintenance pr\u00e9ventive qui surveille l&#039;\u00e9tat des composants et planifie leur remplacement si n\u00e9cessaire.\" \/>\n<meta property=\"og:url\" content=\"https:\/\/www.brighigroup.com\/fr\/machine\/callisto\/\" \/>\n<meta property=\"og:site_name\" content=\"Brighi Group\" \/>\n<meta property=\"article:modified_time\" content=\"2025-09-17T10:31:46+00:00\" \/>\n<meta property=\"og:image\" content=\"https:\/\/www.brighigroup.com\/wp-content\/uploads\/2021\/01\/Callisto.jpg\" \/>\n\t<meta property=\"og:image:width\" content=\"1920\" \/>\n\t<meta property=\"og:image:height\" content=\"1280\" \/>\n\t<meta property=\"og:image:type\" content=\"image\/jpeg\" \/>\n<meta name=\"twitter:card\" content=\"summary_large_image\" \/>\n<meta name=\"twitter:label1\" content=\"Dur\u00e9e de lecture estim\u00e9e\" \/>\n\t<meta name=\"twitter:data1\" content=\"3 minutes\" \/>\n<script type=\"application\/ld+json\" class=\"yoast-schema-graph\">{\"@context\":\"https:\/\/schema.org\",\"@graph\":[{\"@type\":\"WebPage\",\"@id\":\"https:\/\/www.brighigroup.com\/fr\/machine\/callisto\/\",\"url\":\"https:\/\/www.brighigroup.com\/fr\/machine\/callisto\/\",\"name\":\"CALLISTO - Brighi Group\",\"isPartOf\":{\"@id\":\"https:\/\/www.brighigroup.com\/fr\/#website\"},\"primaryImageOfPage\":{\"@id\":\"https:\/\/www.brighigroup.com\/fr\/machine\/callisto\/#primaryimage\"},\"image\":{\"@id\":\"https:\/\/www.brighigroup.com\/fr\/machine\/callisto\/#primaryimage\"},\"thumbnailUrl\":\"https:\/\/www.brighigroup.com\/wp-content\/uploads\/2021\/01\/Callisto.jpg\",\"datePublished\":\"2021-01-25T11:59:18+00:00\",\"dateModified\":\"2025-09-17T10:31:46+00:00\",\"description\":\"Callisto est notre logiciel de maintenance pr\u00e9ventive qui surveille l'\u00e9tat des composants et planifie leur remplacement si n\u00e9cessaire.\",\"breadcrumb\":{\"@id\":\"https:\/\/www.brighigroup.com\/fr\/machine\/callisto\/#breadcrumb\"},\"inLanguage\":\"fr-FR\",\"potentialAction\":[{\"@type\":\"ReadAction\",\"target\":[\"https:\/\/www.brighigroup.com\/fr\/machine\/callisto\/\"]}]},{\"@type\":\"ImageObject\",\"inLanguage\":\"fr-FR\",\"@id\":\"https:\/\/www.brighigroup.com\/fr\/machine\/callisto\/#primaryimage\",\"url\":\"https:\/\/www.brighigroup.com\/wp-content\/uploads\/2021\/01\/Callisto.jpg\",\"contentUrl\":\"https:\/\/www.brighigroup.com\/wp-content\/uploads\/2021\/01\/Callisto.jpg\",\"width\":1920,\"height\":1280},{\"@type\":\"BreadcrumbList\",\"@id\":\"https:\/\/www.brighigroup.com\/fr\/machine\/callisto\/#breadcrumb\",\"itemListElement\":[{\"@type\":\"ListItem\",\"position\":1,\"name\":\"Machines\",\"item\":\"https:\/\/www.brighigroup.com\/fr\/machines\/\"},{\"@type\":\"ListItem\",\"position\":2,\"name\":\"CALLISTO\"}]},{\"@type\":\"WebSite\",\"@id\":\"https:\/\/www.brighigroup.com\/fr\/#website\",\"url\":\"https:\/\/www.brighigroup.com\/fr\/\",\"name\":\"Brighi Group\",\"description\":\"Home textile e di prodotti imbottiti per il design d&#039;arredo tramandando l&#039;innovazione come cultura d&#039;impresa.\",\"potentialAction\":[{\"@type\":\"SearchAction\",\"target\":{\"@type\":\"EntryPoint\",\"urlTemplate\":\"https:\/\/www.brighigroup.com\/fr\/?s={search_term_string}\"},\"query-input\":{\"@type\":\"PropertyValueSpecification\",\"valueRequired\":true,\"valueName\":\"search_term_string\"}}],\"inLanguage\":\"fr-FR\"}]}<\/script>\n<!-- \/ Yoast SEO plugin. -->","yoast_head_json":{"title":"CALLISTO - Brighi Group","description":"Callisto est notre logiciel de maintenance pr\u00e9ventive qui surveille l'\u00e9tat des composants et planifie leur remplacement si n\u00e9cessaire.","robots":{"index":"index","follow":"follow","max-snippet":"max-snippet:-1","max-image-preview":"max-image-preview:large","max-video-preview":"max-video-preview:-1"},"canonical":"https:\/\/www.brighigroup.com\/fr\/machine\/callisto\/","og_locale":"fr_FR","og_type":"article","og_title":"CALLISTO - Brighi Group","og_description":"Callisto est notre logiciel de maintenance pr\u00e9ventive qui surveille l'\u00e9tat des composants et planifie leur remplacement si n\u00e9cessaire.","og_url":"https:\/\/www.brighigroup.com\/fr\/machine\/callisto\/","og_site_name":"Brighi Group","article_modified_time":"2025-09-17T10:31:46+00:00","og_image":[{"width":1920,"height":1280,"url":"https:\/\/www.brighigroup.com\/wp-content\/uploads\/2021\/01\/Callisto.jpg","type":"image\/jpeg"}],"twitter_card":"summary_large_image","twitter_misc":{"Dur\u00e9e de lecture estim\u00e9e":"3 minutes"},"schema":{"@context":"https:\/\/schema.org","@graph":[{"@type":"WebPage","@id":"https:\/\/www.brighigroup.com\/fr\/machine\/callisto\/","url":"https:\/\/www.brighigroup.com\/fr\/machine\/callisto\/","name":"CALLISTO - Brighi Group","isPartOf":{"@id":"https:\/\/www.brighigroup.com\/fr\/#website"},"primaryImageOfPage":{"@id":"https:\/\/www.brighigroup.com\/fr\/machine\/callisto\/#primaryimage"},"image":{"@id":"https:\/\/www.brighigroup.com\/fr\/machine\/callisto\/#primaryimage"},"thumbnailUrl":"https:\/\/www.brighigroup.com\/wp-content\/uploads\/2021\/01\/Callisto.jpg","datePublished":"2021-01-25T11:59:18+00:00","dateModified":"2025-09-17T10:31:46+00:00","description":"Callisto est notre logiciel de maintenance pr\u00e9ventive qui surveille l'\u00e9tat des composants et planifie leur remplacement si n\u00e9cessaire.","breadcrumb":{"@id":"https:\/\/www.brighigroup.com\/fr\/machine\/callisto\/#breadcrumb"},"inLanguage":"fr-FR","potentialAction":[{"@type":"ReadAction","target":["https:\/\/www.brighigroup.com\/fr\/machine\/callisto\/"]}]},{"@type":"ImageObject","inLanguage":"fr-FR","@id":"https:\/\/www.brighigroup.com\/fr\/machine\/callisto\/#primaryimage","url":"https:\/\/www.brighigroup.com\/wp-content\/uploads\/2021\/01\/Callisto.jpg","contentUrl":"https:\/\/www.brighigroup.com\/wp-content\/uploads\/2021\/01\/Callisto.jpg","width":1920,"height":1280},{"@type":"BreadcrumbList","@id":"https:\/\/www.brighigroup.com\/fr\/machine\/callisto\/#breadcrumb","itemListElement":[{"@type":"ListItem","position":1,"name":"Machines","item":"https:\/\/www.brighigroup.com\/fr\/machines\/"},{"@type":"ListItem","position":2,"name":"CALLISTO"}]},{"@type":"WebSite","@id":"https:\/\/www.brighigroup.com\/fr\/#website","url":"https:\/\/www.brighigroup.com\/fr\/","name":"Brighi Group","description":"Home textile e di prodotti imbottiti per il design d&#039;arredo tramandando l&#039;innovazione come cultura d&#039;impresa.","potentialAction":[{"@type":"SearchAction","target":{"@type":"EntryPoint","urlTemplate":"https:\/\/www.brighigroup.com\/fr\/?s={search_term_string}"},"query-input":{"@type":"PropertyValueSpecification","valueRequired":true,"valueName":"search_term_string"}}],"inLanguage":"fr-FR"}]}},"_links":{"self":[{"href":"https:\/\/www.brighigroup.com\/fr\/wp-json\/wp\/v2\/product\/5106","targetHints":{"allow":["GET"]}}],"collection":[{"href":"https:\/\/www.brighigroup.com\/fr\/wp-json\/wp\/v2\/product"}],"about":[{"href":"https:\/\/www.brighigroup.com\/fr\/wp-json\/wp\/v2\/types\/product"}],"wp:featuredmedia":[{"embeddable":true,"href":"https:\/\/www.brighigroup.com\/fr\/wp-json\/wp\/v2\/media\/12052"}],"wp:attachment":[{"href":"https:\/\/www.brighigroup.com\/fr\/wp-json\/wp\/v2\/media?parent=5106"}],"wp:term":[{"taxonomy":"product_cat","embeddable":true,"href":"https:\/\/www.brighigroup.com\/fr\/wp-json\/wp\/v2\/product_cat?post=5106"},{"taxonomy":"product_tag","embeddable":true,"href":"https:\/\/www.brighigroup.com\/fr\/wp-json\/wp\/v2\/product_tag?post=5106"}],"curies":[{"name":"wp","href":"https:\/\/api.w.org\/{rel}","templated":true}]}}