{"id":4900,"date":"2021-12-01T09:00:29","date_gmt":"2021-11-30T09:13:29","guid":{"rendered":"https:\/\/www.brighigroup.com\/macchina\/hl-400\/"},"modified":"2024-07-31T12:25:28","modified_gmt":"2024-07-31T10:25:28","slug":"hl-400","status":"publish","type":"product","link":"https:\/\/www.brighigroup.com\/fr\/machine\/hl-400\/","title":{"rendered":"HL-400"},"content":{"rendered":"<h2 style=\"text-align: justify;\">CHARGEUR POUR SACS DE PLUMES ET FLOCONS DE MOUSSE<\/h2>\n<p style=\"text-align: justify;\">La machine mod. HL-400 est un<strong> chargeur pour sacs de plumes et flocons de mousse.<\/strong><\/p>\n<p style=\"text-align: justify;\">Le convoyeur de chargement peut accueillir <strong>1 balle ou sac \u00e0 la fois<\/strong> pour permettre une alimentation constante. Le convoyeur horizontal garantit une alimentation constante des plumes et des copeaux de polyur\u00e9thane vers la tr\u00e9mie int\u00e9gr\u00e9e munie d\u2019un <strong>syst\u00e8me de m\u00e9lange \u00e0 pales pour d\u00e9compacter et volumiser le mat\u00e9riau<\/strong>. Les 3 sorties assurent une distribution uniforme et une aspiration efficace du mat\u00e9riau pour les machines en aval.<\/p>\n<p style=\"text-align: justify;\">D\u00e9couvrez tous les chargeurs: <a href=\"https:\/\/www.brighigroup.com\/fr\/machine\/hl-500\/\">HL-500<\/a> et <a href=\"https:\/\/www.brighigroup.com\/fr\/machine\/hl-1500\/\">HL-1500<\/a><\/p>\n<p style=\"text-align: justify;\"><strong>QUE PEUT-ON CHARGER<\/strong><\/p>\n<p style=\"text-align: justify;\">Sacs de Plumes \/ Balles Comprim\u00e9es de Copeaux en Polyur\u00e9thane<\/p>\n<p style=\"text-align: justify;\"><strong>CARACTERISTIQUES\u00a0<\/strong><\/p>\n<ul>\n<li style=\"text-align: justify;\"><strong>Gestion \u00e9lectronique <\/strong>: gr\u00e2ce \u00e0 l\u2019\u00e9cran tactile sur la machine, il est possible de contr\u00f4ler la vitesse des convoyeurs, pales et de r\u00e9gler la vanne qui limite la quantit\u00e9 du mat\u00e9riau qui tombe dans la tr\u00e9mie.<\/li>\n<li style=\"text-align: justify;\"><strong>Souplesse<\/strong> : chargement et traitement de diff\u00e9rents mat\u00e9riaux avec la machine sans devoir effectuer d\u2019ajustements m\u00e9caniques. Possibilit\u00e9 de charger depuis la porte arri\u00e8re et du haut.<\/li>\n<li style=\"text-align: justify;\"><strong>Aucun op\u00e9rateur<\/strong> n\u00e9cessaire apr\u00e8s le chargement de la balle ou du sac &#8211; Fonction d\u2019avancement rapide de la balle\/sac vers le convoyeur inclin\u00e9 pour favoriser un fonctionnement constant.<\/li>\n<li style=\"text-align: justify;\"><strong>Nettoyage facile<\/strong> : en cas de changement de mat\u00e9riau, le convoyeur horizontal peut \u00eatre actionn\u00e9 manuellement en marche arri\u00e8re afin de faciliter le nettoyage et d\u2019acc\u00e9l\u00e9rer l\u2019extraction du mat\u00e9riau r\u00e9siduel.<\/li>\n<\/ul>\n","protected":false},"excerpt":{"rendered":"<h6>Chargeur pour Sacs et Balles de Plumes et Copeaux de Polyur\u00e9thane<\/h6>\n","protected":false},"featured_media":4204,"template":"","meta":{"_acf_changed":false},"product_cat":[93,92,94,96,95,91],"product_tag":[304],"class_list":{"0":"post-4900","1":"product","2":"type-product","3":"status-publish","4":"has-post-thumbnail","6":"product_cat-ligne-coussins-decoratifs-dexterieur-coussins-de-chaise","7":"product_cat-ligne-coussins-souffles","8":"product_cat-ligne-production-canapes-et-rembourrages-des-canapes-fauteuils-chaises","9":"product_cat-lligne-remplissage-peluches-jouets-lits-animaux-rembourrages-divers","10":"product_cat-ligne-traitement-matieres-premieres-et-recyclage-rebuts","11":"product_cat-traitement-des-matieres-premieres","12":"product_tag-oreillers-et-coussins-souffles","14":"first","15":"instock","16":"shipping-taxable","17":"product-type-simple"},"acf":[],"yoast_head":"<!-- This site is optimized with the Yoast SEO plugin v24.2 - https:\/\/yoast.com\/wordpress\/plugins\/seo\/ -->\n<title>Chargeur pour sacs de plumes et flocons de mouss - Brighi Group<\/title>\n<meta name=\"description\" content=\"La machine HL-400 est un chargeur pour sacs de plumes et flocons de mousse qui peut accueillir 1 balle ou sac \u00e0 la fois pour une alimentation constante\" \/>\n<meta name=\"robots\" content=\"index, follow, max-snippet:-1, max-image-preview:large, max-video-preview:-1\" \/>\n<link rel=\"canonical\" href=\"https:\/\/www.brighigroup.com\/fr\/machine\/hl-400\/\" \/>\n<meta property=\"og:locale\" content=\"fr_FR\" \/>\n<meta property=\"og:type\" content=\"article\" \/>\n<meta property=\"og:title\" content=\"Chargeur pour sacs de plumes et flocons de mouss - Brighi Group\" \/>\n<meta property=\"og:description\" content=\"La machine HL-400 est un chargeur pour sacs de plumes et flocons de mousse qui peut accueillir 1 balle ou sac \u00e0 la fois pour une alimentation constante\" \/>\n<meta property=\"og:url\" content=\"https:\/\/www.brighigroup.com\/fr\/machine\/hl-400\/\" \/>\n<meta property=\"og:site_name\" content=\"Brighi Group\" \/>\n<meta property=\"article:modified_time\" content=\"2024-07-31T10:25:28+00:00\" \/>\n<meta property=\"og:image\" content=\"https:\/\/www.brighigroup.com\/wp-content\/uploads\/2021\/11\/HL-400.jpg\" \/>\n\t<meta property=\"og:image:width\" content=\"1920\" \/>\n\t<meta property=\"og:image:height\" content=\"1280\" \/>\n\t<meta property=\"og:image:type\" content=\"image\/jpeg\" \/>\n<meta name=\"twitter:card\" content=\"summary_large_image\" \/>\n<meta name=\"twitter:label1\" content=\"Dur\u00e9e de lecture estim\u00e9e\" \/>\n\t<meta name=\"twitter:data1\" content=\"1 minute\" \/>\n<script type=\"application\/ld+json\" class=\"yoast-schema-graph\">{\"@context\":\"https:\/\/schema.org\",\"@graph\":[{\"@type\":\"WebPage\",\"@id\":\"https:\/\/www.brighigroup.com\/fr\/machine\/hl-400\/\",\"url\":\"https:\/\/www.brighigroup.com\/fr\/machine\/hl-400\/\",\"name\":\"Chargeur pour sacs de plumes et flocons de mouss - Brighi Group\",\"isPartOf\":{\"@id\":\"https:\/\/www.brighigroup.com\/fr\/#website\"},\"primaryImageOfPage\":{\"@id\":\"https:\/\/www.brighigroup.com\/fr\/machine\/hl-400\/#primaryimage\"},\"image\":{\"@id\":\"https:\/\/www.brighigroup.com\/fr\/machine\/hl-400\/#primaryimage\"},\"thumbnailUrl\":\"https:\/\/www.brighigroup.com\/wp-content\/uploads\/2021\/11\/HL-400.jpg\",\"datePublished\":\"2021-11-30T09:13:29+00:00\",\"dateModified\":\"2024-07-31T10:25:28+00:00\",\"description\":\"La machine HL-400 est un chargeur pour sacs de plumes et flocons de mousse qui peut accueillir 1 balle ou sac \u00e0 la fois pour une alimentation constante\",\"breadcrumb\":{\"@id\":\"https:\/\/www.brighigroup.com\/fr\/machine\/hl-400\/#breadcrumb\"},\"inLanguage\":\"fr-FR\",\"potentialAction\":[{\"@type\":\"ReadAction\",\"target\":[\"https:\/\/www.brighigroup.com\/fr\/machine\/hl-400\/\"]}]},{\"@type\":\"ImageObject\",\"inLanguage\":\"fr-FR\",\"@id\":\"https:\/\/www.brighigroup.com\/fr\/machine\/hl-400\/#primaryimage\",\"url\":\"https:\/\/www.brighigroup.com\/wp-content\/uploads\/2021\/11\/HL-400.jpg\",\"contentUrl\":\"https:\/\/www.brighigroup.com\/wp-content\/uploads\/2021\/11\/HL-400.jpg\",\"width\":1920,\"height\":1280},{\"@type\":\"BreadcrumbList\",\"@id\":\"https:\/\/www.brighigroup.com\/fr\/machine\/hl-400\/#breadcrumb\",\"itemListElement\":[{\"@type\":\"ListItem\",\"position\":1,\"name\":\"Machines\",\"item\":\"https:\/\/www.brighigroup.com\/fr\/machines\/\"},{\"@type\":\"ListItem\",\"position\":2,\"name\":\"HL-400\"}]},{\"@type\":\"WebSite\",\"@id\":\"https:\/\/www.brighigroup.com\/fr\/#website\",\"url\":\"https:\/\/www.brighigroup.com\/fr\/\",\"name\":\"Brighi Group\",\"description\":\"Home textile e di prodotti imbottiti per il design d&#039;arredo tramandando l&#039;innovazione come cultura d&#039;impresa.\",\"potentialAction\":[{\"@type\":\"SearchAction\",\"target\":{\"@type\":\"EntryPoint\",\"urlTemplate\":\"https:\/\/www.brighigroup.com\/fr\/?s={search_term_string}\"},\"query-input\":{\"@type\":\"PropertyValueSpecification\",\"valueRequired\":true,\"valueName\":\"search_term_string\"}}],\"inLanguage\":\"fr-FR\"}]}<\/script>\n<!-- \/ Yoast SEO plugin. -->","yoast_head_json":{"title":"Chargeur pour sacs de plumes et flocons de mouss - Brighi Group","description":"La machine HL-400 est un chargeur pour sacs de plumes et flocons de mousse qui peut accueillir 1 balle ou sac \u00e0 la fois pour une alimentation constante","robots":{"index":"index","follow":"follow","max-snippet":"max-snippet:-1","max-image-preview":"max-image-preview:large","max-video-preview":"max-video-preview:-1"},"canonical":"https:\/\/www.brighigroup.com\/fr\/machine\/hl-400\/","og_locale":"fr_FR","og_type":"article","og_title":"Chargeur pour sacs de plumes et flocons de mouss - Brighi Group","og_description":"La machine HL-400 est un chargeur pour sacs de plumes et flocons de mousse qui peut accueillir 1 balle ou sac \u00e0 la fois pour une alimentation constante","og_url":"https:\/\/www.brighigroup.com\/fr\/machine\/hl-400\/","og_site_name":"Brighi Group","article_modified_time":"2024-07-31T10:25:28+00:00","og_image":[{"width":1920,"height":1280,"url":"https:\/\/www.brighigroup.com\/wp-content\/uploads\/2021\/11\/HL-400.jpg","type":"image\/jpeg"}],"twitter_card":"summary_large_image","twitter_misc":{"Dur\u00e9e de lecture estim\u00e9e":"1 minute"},"schema":{"@context":"https:\/\/schema.org","@graph":[{"@type":"WebPage","@id":"https:\/\/www.brighigroup.com\/fr\/machine\/hl-400\/","url":"https:\/\/www.brighigroup.com\/fr\/machine\/hl-400\/","name":"Chargeur pour sacs de plumes et flocons de mouss - Brighi Group","isPartOf":{"@id":"https:\/\/www.brighigroup.com\/fr\/#website"},"primaryImageOfPage":{"@id":"https:\/\/www.brighigroup.com\/fr\/machine\/hl-400\/#primaryimage"},"image":{"@id":"https:\/\/www.brighigroup.com\/fr\/machine\/hl-400\/#primaryimage"},"thumbnailUrl":"https:\/\/www.brighigroup.com\/wp-content\/uploads\/2021\/11\/HL-400.jpg","datePublished":"2021-11-30T09:13:29+00:00","dateModified":"2024-07-31T10:25:28+00:00","description":"La machine HL-400 est un chargeur pour sacs de plumes et flocons de mousse qui peut accueillir 1 balle ou sac \u00e0 la fois pour une alimentation constante","breadcrumb":{"@id":"https:\/\/www.brighigroup.com\/fr\/machine\/hl-400\/#breadcrumb"},"inLanguage":"fr-FR","potentialAction":[{"@type":"ReadAction","target":["https:\/\/www.brighigroup.com\/fr\/machine\/hl-400\/"]}]},{"@type":"ImageObject","inLanguage":"fr-FR","@id":"https:\/\/www.brighigroup.com\/fr\/machine\/hl-400\/#primaryimage","url":"https:\/\/www.brighigroup.com\/wp-content\/uploads\/2021\/11\/HL-400.jpg","contentUrl":"https:\/\/www.brighigroup.com\/wp-content\/uploads\/2021\/11\/HL-400.jpg","width":1920,"height":1280},{"@type":"BreadcrumbList","@id":"https:\/\/www.brighigroup.com\/fr\/machine\/hl-400\/#breadcrumb","itemListElement":[{"@type":"ListItem","position":1,"name":"Machines","item":"https:\/\/www.brighigroup.com\/fr\/machines\/"},{"@type":"ListItem","position":2,"name":"HL-400"}]},{"@type":"WebSite","@id":"https:\/\/www.brighigroup.com\/fr\/#website","url":"https:\/\/www.brighigroup.com\/fr\/","name":"Brighi Group","description":"Home textile e di prodotti imbottiti per il design d&#039;arredo tramandando l&#039;innovazione come cultura d&#039;impresa.","potentialAction":[{"@type":"SearchAction","target":{"@type":"EntryPoint","urlTemplate":"https:\/\/www.brighigroup.com\/fr\/?s={search_term_string}"},"query-input":{"@type":"PropertyValueSpecification","valueRequired":true,"valueName":"search_term_string"}}],"inLanguage":"fr-FR"}]}},"_links":{"self":[{"href":"https:\/\/www.brighigroup.com\/fr\/wp-json\/wp\/v2\/product\/4900","targetHints":{"allow":["GET"]}}],"collection":[{"href":"https:\/\/www.brighigroup.com\/fr\/wp-json\/wp\/v2\/product"}],"about":[{"href":"https:\/\/www.brighigroup.com\/fr\/wp-json\/wp\/v2\/types\/product"}],"wp:featuredmedia":[{"embeddable":true,"href":"https:\/\/www.brighigroup.com\/fr\/wp-json\/wp\/v2\/media\/4204"}],"wp:attachment":[{"href":"https:\/\/www.brighigroup.com\/fr\/wp-json\/wp\/v2\/media?parent=4900"}],"wp:term":[{"taxonomy":"product_cat","embeddable":true,"href":"https:\/\/www.brighigroup.com\/fr\/wp-json\/wp\/v2\/product_cat?post=4900"},{"taxonomy":"product_tag","embeddable":true,"href":"https:\/\/www.brighigroup.com\/fr\/wp-json\/wp\/v2\/product_tag?post=4900"}],"curies":[{"name":"wp","href":"https:\/\/api.w.org\/{rel}","templated":true}]}}