{"id":4897,"date":"2020-02-01T11:00:53","date_gmt":"2021-11-30T10:07:53","guid":{"rendered":"https:\/\/www.brighigroup.com\/macchina\/rt-100\/"},"modified":"2022-09-27T10:27:47","modified_gmt":"2022-09-27T08:27:47","slug":"rt-100","status":"publish","type":"product","link":"https:\/\/www.brighigroup.com\/fr\/machine\/rt-100\/","title":{"rendered":"RT-100"},"content":{"rendered":"<h2>TABLE RONDE AVEC ROUES<\/h2>\n<p><strong>Accessoire qui sert de stockage<\/strong> pour les coussins qui attendent d\u2019\u00eatre trait\u00e9s. Gr\u00e2ce aux roues, il peut \u00eatre utilis\u00e9 durant diff\u00e9rentes phases de traitement manuel afin de permettre au produit de se d\u00e9poser en attendant la phase suivante, ou comme d\u00e9p\u00f4t dans la partie finale des lignes automatiques. Le mouvement rotatoire permet au produit de <strong>se d\u00e9poser de fa\u00e7on uniforme<\/strong> \u00e0 l\u2019int\u00e9rieur du r\u00e9cipient.<\/p>\n<p><strong>QUE PEUT-ON D\u00c9PLACER<\/strong><\/p>\n<p>Coussins, oreillers, couettes\/\u00e9dredon, sacs de couchage<\/p>\n<p>&nbsp;<\/p>\n<div id=\"gtx-trans\" style=\"position: absolute; left: 478px; top: 52.4141px;\">\n<div class=\"gtx-trans-icon\"><\/div>\n<\/div>\n","protected":false},"excerpt":{"rendered":"<h6>TABLE RONDE AVEC ROUES<\/h6>\n","protected":false},"featured_media":4167,"template":"","meta":{"_acf_changed":false},"product_cat":[99,90,93,92,96,104],"product_tag":[308,300,304],"class_list":{"0":"post-4897","1":"product","2":"type-product","3":"status-publish","4":"has-post-thumbnail","6":"product_cat-lligne-coussin-moules-ou-en-chutes-de-mousse","7":"product_cat-ligne-coussins-cardes","8":"product_cat-ligne-coussins-decoratifs-dexterieur-coussins-de-chaise","9":"product_cat-ligne-coussins-souffles","10":"product_cat-lligne-remplissage-peluches-jouets-lits-animaux-rembourrages-divers","11":"product_cat-sisteme-de-convoyage","12":"product_tag-oreillers-en-mousse-et-en-latex","13":"product_tag-oreillers-et-coussins-en-fibre-cardee-roulee","14":"product_tag-oreillers-et-coussins-souffles","16":"first","17":"instock","18":"shipping-taxable","19":"product-type-simple"},"acf":[],"yoast_head":"<!-- This site is optimized with the Yoast SEO plugin v24.2 - https:\/\/yoast.com\/wordpress\/plugins\/seo\/ -->\n<title>TABLE RONDE AVEC ROUES RT-100 - Brighi Group<\/title>\n<meta name=\"description\" content=\"Accessoire qui sert de stockage pour coussins, oreillers, couettes, sacs de couchage, en attente de traitement ou comme d\u00e9p\u00f4t dans la partie finale.\" \/>\n<meta name=\"robots\" content=\"index, follow, max-snippet:-1, max-image-preview:large, max-video-preview:-1\" \/>\n<link rel=\"canonical\" href=\"https:\/\/www.brighigroup.com\/fr\/machine\/rt-100\/\" \/>\n<meta property=\"og:locale\" content=\"fr_FR\" \/>\n<meta property=\"og:type\" content=\"article\" \/>\n<meta property=\"og:title\" content=\"TABLE RONDE AVEC ROUES RT-100 - Brighi Group\" \/>\n<meta property=\"og:description\" content=\"Accessoire qui sert de stockage pour coussins, oreillers, couettes, sacs de couchage, en attente de traitement ou comme d\u00e9p\u00f4t dans la partie finale.\" \/>\n<meta property=\"og:url\" content=\"https:\/\/www.brighigroup.com\/fr\/machine\/rt-100\/\" \/>\n<meta property=\"og:site_name\" content=\"Brighi Group\" \/>\n<meta property=\"article:modified_time\" content=\"2022-09-27T08:27:47+00:00\" \/>\n<meta property=\"og:image\" content=\"https:\/\/www.brighigroup.com\/wp-content\/uploads\/2021\/11\/RT-100.jpg\" \/>\n\t<meta property=\"og:image:width\" content=\"1920\" \/>\n\t<meta property=\"og:image:height\" content=\"1280\" \/>\n\t<meta property=\"og:image:type\" content=\"image\/jpeg\" \/>\n<meta name=\"twitter:card\" content=\"summary_large_image\" \/>\n<script type=\"application\/ld+json\" class=\"yoast-schema-graph\">{\"@context\":\"https:\/\/schema.org\",\"@graph\":[{\"@type\":\"WebPage\",\"@id\":\"https:\/\/www.brighigroup.com\/fr\/machine\/rt-100\/\",\"url\":\"https:\/\/www.brighigroup.com\/fr\/machine\/rt-100\/\",\"name\":\"TABLE RONDE AVEC ROUES RT-100 - Brighi Group\",\"isPartOf\":{\"@id\":\"https:\/\/www.brighigroup.com\/fr\/#website\"},\"primaryImageOfPage\":{\"@id\":\"https:\/\/www.brighigroup.com\/fr\/machine\/rt-100\/#primaryimage\"},\"image\":{\"@id\":\"https:\/\/www.brighigroup.com\/fr\/machine\/rt-100\/#primaryimage\"},\"thumbnailUrl\":\"https:\/\/www.brighigroup.com\/wp-content\/uploads\/2021\/11\/RT-100.jpg\",\"datePublished\":\"2021-11-30T10:07:53+00:00\",\"dateModified\":\"2022-09-27T08:27:47+00:00\",\"description\":\"Accessoire qui sert de stockage pour coussins, oreillers, couettes, sacs de couchage, en attente de traitement ou comme d\u00e9p\u00f4t dans la partie finale.\",\"breadcrumb\":{\"@id\":\"https:\/\/www.brighigroup.com\/fr\/machine\/rt-100\/#breadcrumb\"},\"inLanguage\":\"fr-FR\",\"potentialAction\":[{\"@type\":\"ReadAction\",\"target\":[\"https:\/\/www.brighigroup.com\/fr\/machine\/rt-100\/\"]}]},{\"@type\":\"ImageObject\",\"inLanguage\":\"fr-FR\",\"@id\":\"https:\/\/www.brighigroup.com\/fr\/machine\/rt-100\/#primaryimage\",\"url\":\"https:\/\/www.brighigroup.com\/wp-content\/uploads\/2021\/11\/RT-100.jpg\",\"contentUrl\":\"https:\/\/www.brighigroup.com\/wp-content\/uploads\/2021\/11\/RT-100.jpg\",\"width\":1920,\"height\":1280},{\"@type\":\"BreadcrumbList\",\"@id\":\"https:\/\/www.brighigroup.com\/fr\/machine\/rt-100\/#breadcrumb\",\"itemListElement\":[{\"@type\":\"ListItem\",\"position\":1,\"name\":\"Machines\",\"item\":\"https:\/\/www.brighigroup.com\/fr\/machines\/\"},{\"@type\":\"ListItem\",\"position\":2,\"name\":\"RT-100\"}]},{\"@type\":\"WebSite\",\"@id\":\"https:\/\/www.brighigroup.com\/fr\/#website\",\"url\":\"https:\/\/www.brighigroup.com\/fr\/\",\"name\":\"Brighi Group\",\"description\":\"Home textile e di prodotti imbottiti per il design d&#039;arredo tramandando l&#039;innovazione come cultura d&#039;impresa.\",\"potentialAction\":[{\"@type\":\"SearchAction\",\"target\":{\"@type\":\"EntryPoint\",\"urlTemplate\":\"https:\/\/www.brighigroup.com\/fr\/?s={search_term_string}\"},\"query-input\":{\"@type\":\"PropertyValueSpecification\",\"valueRequired\":true,\"valueName\":\"search_term_string\"}}],\"inLanguage\":\"fr-FR\"}]}<\/script>\n<!-- \/ Yoast SEO plugin. -->","yoast_head_json":{"title":"TABLE RONDE AVEC ROUES RT-100 - Brighi Group","description":"Accessoire qui sert de stockage pour coussins, oreillers, couettes, sacs de couchage, en attente de traitement ou comme d\u00e9p\u00f4t dans la partie finale.","robots":{"index":"index","follow":"follow","max-snippet":"max-snippet:-1","max-image-preview":"max-image-preview:large","max-video-preview":"max-video-preview:-1"},"canonical":"https:\/\/www.brighigroup.com\/fr\/machine\/rt-100\/","og_locale":"fr_FR","og_type":"article","og_title":"TABLE RONDE AVEC ROUES RT-100 - Brighi Group","og_description":"Accessoire qui sert de stockage pour coussins, oreillers, couettes, sacs de couchage, en attente de traitement ou comme d\u00e9p\u00f4t dans la partie finale.","og_url":"https:\/\/www.brighigroup.com\/fr\/machine\/rt-100\/","og_site_name":"Brighi Group","article_modified_time":"2022-09-27T08:27:47+00:00","og_image":[{"width":1920,"height":1280,"url":"https:\/\/www.brighigroup.com\/wp-content\/uploads\/2021\/11\/RT-100.jpg","type":"image\/jpeg"}],"twitter_card":"summary_large_image","schema":{"@context":"https:\/\/schema.org","@graph":[{"@type":"WebPage","@id":"https:\/\/www.brighigroup.com\/fr\/machine\/rt-100\/","url":"https:\/\/www.brighigroup.com\/fr\/machine\/rt-100\/","name":"TABLE RONDE AVEC ROUES RT-100 - Brighi Group","isPartOf":{"@id":"https:\/\/www.brighigroup.com\/fr\/#website"},"primaryImageOfPage":{"@id":"https:\/\/www.brighigroup.com\/fr\/machine\/rt-100\/#primaryimage"},"image":{"@id":"https:\/\/www.brighigroup.com\/fr\/machine\/rt-100\/#primaryimage"},"thumbnailUrl":"https:\/\/www.brighigroup.com\/wp-content\/uploads\/2021\/11\/RT-100.jpg","datePublished":"2021-11-30T10:07:53+00:00","dateModified":"2022-09-27T08:27:47+00:00","description":"Accessoire qui sert de stockage pour coussins, oreillers, couettes, sacs de couchage, en attente de traitement ou comme d\u00e9p\u00f4t dans la partie finale.","breadcrumb":{"@id":"https:\/\/www.brighigroup.com\/fr\/machine\/rt-100\/#breadcrumb"},"inLanguage":"fr-FR","potentialAction":[{"@type":"ReadAction","target":["https:\/\/www.brighigroup.com\/fr\/machine\/rt-100\/"]}]},{"@type":"ImageObject","inLanguage":"fr-FR","@id":"https:\/\/www.brighigroup.com\/fr\/machine\/rt-100\/#primaryimage","url":"https:\/\/www.brighigroup.com\/wp-content\/uploads\/2021\/11\/RT-100.jpg","contentUrl":"https:\/\/www.brighigroup.com\/wp-content\/uploads\/2021\/11\/RT-100.jpg","width":1920,"height":1280},{"@type":"BreadcrumbList","@id":"https:\/\/www.brighigroup.com\/fr\/machine\/rt-100\/#breadcrumb","itemListElement":[{"@type":"ListItem","position":1,"name":"Machines","item":"https:\/\/www.brighigroup.com\/fr\/machines\/"},{"@type":"ListItem","position":2,"name":"RT-100"}]},{"@type":"WebSite","@id":"https:\/\/www.brighigroup.com\/fr\/#website","url":"https:\/\/www.brighigroup.com\/fr\/","name":"Brighi Group","description":"Home textile e di prodotti imbottiti per il design d&#039;arredo tramandando l&#039;innovazione come cultura d&#039;impresa.","potentialAction":[{"@type":"SearchAction","target":{"@type":"EntryPoint","urlTemplate":"https:\/\/www.brighigroup.com\/fr\/?s={search_term_string}"},"query-input":{"@type":"PropertyValueSpecification","valueRequired":true,"valueName":"search_term_string"}}],"inLanguage":"fr-FR"}]}},"_links":{"self":[{"href":"https:\/\/www.brighigroup.com\/fr\/wp-json\/wp\/v2\/product\/4897","targetHints":{"allow":["GET"]}}],"collection":[{"href":"https:\/\/www.brighigroup.com\/fr\/wp-json\/wp\/v2\/product"}],"about":[{"href":"https:\/\/www.brighigroup.com\/fr\/wp-json\/wp\/v2\/types\/product"}],"wp:featuredmedia":[{"embeddable":true,"href":"https:\/\/www.brighigroup.com\/fr\/wp-json\/wp\/v2\/media\/4167"}],"wp:attachment":[{"href":"https:\/\/www.brighigroup.com\/fr\/wp-json\/wp\/v2\/media?parent=4897"}],"wp:term":[{"taxonomy":"product_cat","embeddable":true,"href":"https:\/\/www.brighigroup.com\/fr\/wp-json\/wp\/v2\/product_cat?post=4897"},{"taxonomy":"product_tag","embeddable":true,"href":"https:\/\/www.brighigroup.com\/fr\/wp-json\/wp\/v2\/product_tag?post=4897"}],"curies":[{"name":"wp","href":"https:\/\/api.w.org\/{rel}","templated":true}]}}