{"id":4895,"date":"2019-10-01T17:17:35","date_gmt":"2020-12-09T16:17:35","guid":{"rendered":"https:\/\/www.brighigroup.com\/macchina\/tt-500b\/"},"modified":"2022-09-27T10:09:32","modified_gmt":"2022-09-27T08:09:32","slug":"tt-500b","status":"publish","type":"product","link":"https:\/\/www.brighigroup.com\/fr\/machine\/tt-500b\/","title":{"rendered":"TT-500B"},"content":{"rendered":"<h2>CONVOYEUR<\/h2>\n<p>Convoyeur \u00e0 bande, adapt\u00e9 pour la <strong>manutention de produits textiles<\/strong> (coussins, oreillers, couettes\/\u00e9dredon, v\u00eatements, etc.) disponible dans diff\u00e9rents formats.<\/p>\n<p><strong>QUE PEUT-ON D\u00c9PLACER<\/strong><\/p>\n<p>Coussins, oreillers, couettes\/\u00e9dredon, sacs de couchage<\/p>\n<div id=\"gtx-trans\" style=\"position: absolute; left: 203px; top: -4.08594px;\">\n<div class=\"gtx-trans-icon\"><\/div>\n<\/div>\n","protected":false},"excerpt":{"rendered":"<h6>CONVOYEUR<\/h6>\n","protected":false},"featured_media":4364,"template":"","meta":{"_acf_changed":false},"product_cat":[106,104],"product_tag":[324,308,300,304,320],"class_list":{"0":"post-4895","1":"product","2":"type-product","3":"status-publish","4":"has-post-thumbnail","6":"product_cat-ligne-couettes-edredon","7":"product_cat-sisteme-de-convoyage","8":"product_tag-edredon","9":"product_tag-oreillers-en-mousse-et-en-latex","10":"product_tag-oreillers-et-coussins-en-fibre-cardee-roulee","11":"product_tag-oreillers-et-coussins-souffles","12":"product_tag-tapis","14":"first","15":"instock","16":"shipping-taxable","17":"product-type-simple"},"acf":[],"yoast_head":"<!-- This site is optimized with the Yoast SEO plugin v24.2 - https:\/\/yoast.com\/wordpress\/plugins\/seo\/ -->\n<title>CONVOYEUR TT-500B - Brighi Group<\/title>\n<meta name=\"description\" content=\"Bande transporteuse, pour la manutention de produits textiles (coussins, oreillers, couettes, v\u00eatements) disponibles en diff\u00e9rentes tailles.\" \/>\n<meta name=\"robots\" content=\"index, follow, max-snippet:-1, max-image-preview:large, max-video-preview:-1\" \/>\n<link rel=\"canonical\" href=\"https:\/\/www.brighigroup.com\/fr\/machine\/tt-500b\/\" \/>\n<meta property=\"og:locale\" content=\"fr_FR\" \/>\n<meta property=\"og:type\" content=\"article\" \/>\n<meta property=\"og:title\" content=\"CONVOYEUR TT-500B - Brighi Group\" \/>\n<meta property=\"og:description\" content=\"Bande transporteuse, pour la manutention de produits textiles (coussins, oreillers, couettes, v\u00eatements) disponibles en diff\u00e9rentes tailles.\" \/>\n<meta property=\"og:url\" content=\"https:\/\/www.brighigroup.com\/fr\/machine\/tt-500b\/\" \/>\n<meta property=\"og:site_name\" content=\"Brighi Group\" \/>\n<meta property=\"article:modified_time\" content=\"2022-09-27T08:09:32+00:00\" \/>\n<meta property=\"og:image\" content=\"https:\/\/www.brighigroup.com\/wp-content\/uploads\/2021\/12\/TT-500b.png\" \/>\n\t<meta property=\"og:image:width\" content=\"1920\" \/>\n\t<meta property=\"og:image:height\" content=\"1280\" \/>\n\t<meta property=\"og:image:type\" content=\"image\/png\" \/>\n<meta name=\"twitter:card\" content=\"summary_large_image\" \/>\n<script type=\"application\/ld+json\" class=\"yoast-schema-graph\">{\"@context\":\"https:\/\/schema.org\",\"@graph\":[{\"@type\":\"WebPage\",\"@id\":\"https:\/\/www.brighigroup.com\/fr\/machine\/tt-500b\/\",\"url\":\"https:\/\/www.brighigroup.com\/fr\/machine\/tt-500b\/\",\"name\":\"CONVOYEUR TT-500B - Brighi Group\",\"isPartOf\":{\"@id\":\"https:\/\/www.brighigroup.com\/fr\/#website\"},\"primaryImageOfPage\":{\"@id\":\"https:\/\/www.brighigroup.com\/fr\/machine\/tt-500b\/#primaryimage\"},\"image\":{\"@id\":\"https:\/\/www.brighigroup.com\/fr\/machine\/tt-500b\/#primaryimage\"},\"thumbnailUrl\":\"https:\/\/www.brighigroup.com\/wp-content\/uploads\/2021\/12\/TT-500b.png\",\"datePublished\":\"2020-12-09T16:17:35+00:00\",\"dateModified\":\"2022-09-27T08:09:32+00:00\",\"description\":\"Bande transporteuse, pour la manutention de produits textiles (coussins, oreillers, couettes, v\u00eatements) disponibles en diff\u00e9rentes tailles.\",\"breadcrumb\":{\"@id\":\"https:\/\/www.brighigroup.com\/fr\/machine\/tt-500b\/#breadcrumb\"},\"inLanguage\":\"fr-FR\",\"potentialAction\":[{\"@type\":\"ReadAction\",\"target\":[\"https:\/\/www.brighigroup.com\/fr\/machine\/tt-500b\/\"]}]},{\"@type\":\"ImageObject\",\"inLanguage\":\"fr-FR\",\"@id\":\"https:\/\/www.brighigroup.com\/fr\/machine\/tt-500b\/#primaryimage\",\"url\":\"https:\/\/www.brighigroup.com\/wp-content\/uploads\/2021\/12\/TT-500b.png\",\"contentUrl\":\"https:\/\/www.brighigroup.com\/wp-content\/uploads\/2021\/12\/TT-500b.png\",\"width\":1920,\"height\":1280},{\"@type\":\"BreadcrumbList\",\"@id\":\"https:\/\/www.brighigroup.com\/fr\/machine\/tt-500b\/#breadcrumb\",\"itemListElement\":[{\"@type\":\"ListItem\",\"position\":1,\"name\":\"Machines\",\"item\":\"https:\/\/www.brighigroup.com\/fr\/machines\/\"},{\"@type\":\"ListItem\",\"position\":2,\"name\":\"TT-500B\"}]},{\"@type\":\"WebSite\",\"@id\":\"https:\/\/www.brighigroup.com\/fr\/#website\",\"url\":\"https:\/\/www.brighigroup.com\/fr\/\",\"name\":\"Brighi Group\",\"description\":\"Home textile e di prodotti imbottiti per il design d&#039;arredo tramandando l&#039;innovazione come cultura d&#039;impresa.\",\"potentialAction\":[{\"@type\":\"SearchAction\",\"target\":{\"@type\":\"EntryPoint\",\"urlTemplate\":\"https:\/\/www.brighigroup.com\/fr\/?s={search_term_string}\"},\"query-input\":{\"@type\":\"PropertyValueSpecification\",\"valueRequired\":true,\"valueName\":\"search_term_string\"}}],\"inLanguage\":\"fr-FR\"}]}<\/script>\n<!-- \/ Yoast SEO plugin. -->","yoast_head_json":{"title":"CONVOYEUR TT-500B - Brighi Group","description":"Bande transporteuse, pour la manutention de produits textiles (coussins, oreillers, couettes, v\u00eatements) disponibles en diff\u00e9rentes tailles.","robots":{"index":"index","follow":"follow","max-snippet":"max-snippet:-1","max-image-preview":"max-image-preview:large","max-video-preview":"max-video-preview:-1"},"canonical":"https:\/\/www.brighigroup.com\/fr\/machine\/tt-500b\/","og_locale":"fr_FR","og_type":"article","og_title":"CONVOYEUR TT-500B - Brighi Group","og_description":"Bande transporteuse, pour la manutention de produits textiles (coussins, oreillers, couettes, v\u00eatements) disponibles en diff\u00e9rentes tailles.","og_url":"https:\/\/www.brighigroup.com\/fr\/machine\/tt-500b\/","og_site_name":"Brighi Group","article_modified_time":"2022-09-27T08:09:32+00:00","og_image":[{"width":1920,"height":1280,"url":"https:\/\/www.brighigroup.com\/wp-content\/uploads\/2021\/12\/TT-500b.png","type":"image\/png"}],"twitter_card":"summary_large_image","schema":{"@context":"https:\/\/schema.org","@graph":[{"@type":"WebPage","@id":"https:\/\/www.brighigroup.com\/fr\/machine\/tt-500b\/","url":"https:\/\/www.brighigroup.com\/fr\/machine\/tt-500b\/","name":"CONVOYEUR TT-500B - Brighi Group","isPartOf":{"@id":"https:\/\/www.brighigroup.com\/fr\/#website"},"primaryImageOfPage":{"@id":"https:\/\/www.brighigroup.com\/fr\/machine\/tt-500b\/#primaryimage"},"image":{"@id":"https:\/\/www.brighigroup.com\/fr\/machine\/tt-500b\/#primaryimage"},"thumbnailUrl":"https:\/\/www.brighigroup.com\/wp-content\/uploads\/2021\/12\/TT-500b.png","datePublished":"2020-12-09T16:17:35+00:00","dateModified":"2022-09-27T08:09:32+00:00","description":"Bande transporteuse, pour la manutention de produits textiles (coussins, oreillers, couettes, v\u00eatements) disponibles en diff\u00e9rentes tailles.","breadcrumb":{"@id":"https:\/\/www.brighigroup.com\/fr\/machine\/tt-500b\/#breadcrumb"},"inLanguage":"fr-FR","potentialAction":[{"@type":"ReadAction","target":["https:\/\/www.brighigroup.com\/fr\/machine\/tt-500b\/"]}]},{"@type":"ImageObject","inLanguage":"fr-FR","@id":"https:\/\/www.brighigroup.com\/fr\/machine\/tt-500b\/#primaryimage","url":"https:\/\/www.brighigroup.com\/wp-content\/uploads\/2021\/12\/TT-500b.png","contentUrl":"https:\/\/www.brighigroup.com\/wp-content\/uploads\/2021\/12\/TT-500b.png","width":1920,"height":1280},{"@type":"BreadcrumbList","@id":"https:\/\/www.brighigroup.com\/fr\/machine\/tt-500b\/#breadcrumb","itemListElement":[{"@type":"ListItem","position":1,"name":"Machines","item":"https:\/\/www.brighigroup.com\/fr\/machines\/"},{"@type":"ListItem","position":2,"name":"TT-500B"}]},{"@type":"WebSite","@id":"https:\/\/www.brighigroup.com\/fr\/#website","url":"https:\/\/www.brighigroup.com\/fr\/","name":"Brighi Group","description":"Home textile e di prodotti imbottiti per il design d&#039;arredo tramandando l&#039;innovazione come cultura d&#039;impresa.","potentialAction":[{"@type":"SearchAction","target":{"@type":"EntryPoint","urlTemplate":"https:\/\/www.brighigroup.com\/fr\/?s={search_term_string}"},"query-input":{"@type":"PropertyValueSpecification","valueRequired":true,"valueName":"search_term_string"}}],"inLanguage":"fr-FR"}]}},"_links":{"self":[{"href":"https:\/\/www.brighigroup.com\/fr\/wp-json\/wp\/v2\/product\/4895","targetHints":{"allow":["GET"]}}],"collection":[{"href":"https:\/\/www.brighigroup.com\/fr\/wp-json\/wp\/v2\/product"}],"about":[{"href":"https:\/\/www.brighigroup.com\/fr\/wp-json\/wp\/v2\/types\/product"}],"wp:featuredmedia":[{"embeddable":true,"href":"https:\/\/www.brighigroup.com\/fr\/wp-json\/wp\/v2\/media\/4364"}],"wp:attachment":[{"href":"https:\/\/www.brighigroup.com\/fr\/wp-json\/wp\/v2\/media?parent=4895"}],"wp:term":[{"taxonomy":"product_cat","embeddable":true,"href":"https:\/\/www.brighigroup.com\/fr\/wp-json\/wp\/v2\/product_cat?post=4895"},{"taxonomy":"product_tag","embeddable":true,"href":"https:\/\/www.brighigroup.com\/fr\/wp-json\/wp\/v2\/product_tag?post=4895"}],"curies":[{"name":"wp","href":"https:\/\/api.w.org\/{rel}","templated":true}]}}