{"id":4892,"date":"2020-04-01T11:03:52","date_gmt":"2021-11-30T10:03:52","guid":{"rendered":"https:\/\/www.brighigroup.com\/macchina\/md-100\/"},"modified":"2022-09-27T10:42:36","modified_gmt":"2022-09-27T08:42:36","slug":"md-100","status":"publish","type":"product","link":"https:\/\/www.brighigroup.com\/fr\/machine\/md-100\/","title":{"rendered":"MD-100"},"content":{"rendered":"<h2><strong>D\u00c9TECTEUR DE M\u00c9TAL POUR LA D\u00c9TECTION PR\u00c9SENCE CORPS M\u00c9TALLIQUES<\/strong><\/h2>\n<p>Le d\u00e9tecteur de m\u00e9tal est un accessoire obligatoire chaque fois que le client demande un <strong>contr\u00f4le approfondi et soign\u00e9 du produit fini<\/strong> avant la mise en carton et l\u2019exp\u00e9dition. Le coussin traverse le tunnel du d\u00e9tecteur et voyage sur un convoyeur sans s&rsquo;arr\u00eater.<\/p>\n<p>Si un objet ou une particule m\u00e9tallique est identifi\u00e9 \u00e0 l\u2019int\u00e9rieur du coussin, le convoyeur peut \u00eatre ralenti afin de permettre \u00e0 l\u2019op\u00e9rateur de pr\u00e9lever l\u2019article ou bien, si install\u00e9, le <strong>pousseur en option pour \u00e9carter le coussin d\u00e9fectueux<\/strong>. La machine peut \u00eatre \u00e9talonn\u00e9e \u00e0 <strong>diff\u00e9rents niveaux de sensibilit\u00e9<\/strong> conform\u00e9ment aux demandes du client.<\/p>\n<p><strong>QUE PEUT-ON D\u00c9TECTEUR<\/strong><\/p>\n<p>Objets et particules m\u00e9talliques type pointes m\u00e9talliques, bouts d\u2019aiguille<\/p>\n<p><strong>MAT\u00c9RIAUX QUI PEUVENT \u00caTRE TRAIT\u00c9S<\/strong><\/p>\n<p>Coussins, Oreillers, Couettes\/\u00e9dredon pli\u00e9es, Articles textiles.<\/p>\n<p><strong>CARACTERISTIQUES<\/strong><\/p>\n<ul>\n<li><strong>Extr\u00eame garantie de qualit\u00e9 du produit<\/strong> : parfois demand\u00e9 par la grande distribution.<\/li>\n<li><strong>Gestion simplifi\u00e9e <\/strong>: panneau de contr\u00f4le pour la gestion de tous les param\u00e8tres (vitesse convoyeur, sensibilit\u00e9, etc.) et les ajustements m\u00e9caniques en mode automatique.<\/li>\n<li><strong>Souplesse<\/strong> : vaste gamme de mat\u00e9riaux trait\u00e9s sans devoir effectuer d\u2019ajustements m\u00e9caniques.<\/li>\n<\/ul>\n<div id=\"gtx-trans\" style=\"position: absolute; left: -4px; top: -4.08594px;\">\n<div class=\"gtx-trans-icon\"><\/div>\n<\/div>\n","protected":false},"excerpt":{"rendered":"<h6><strong>D\u00c9TECTEUR DE M\u00c9TAL POUR LA D\u00c9TECTION PR\u00c9SENCE CORPS M\u00c9TALLIQUES<\/strong><\/h6>\n","protected":false},"featured_media":4171,"template":"","meta":{"_acf_changed":false},"product_cat":[90,93,92,96,104],"product_tag":[308,300,304],"class_list":{"0":"post-4892","1":"product","2":"type-product","3":"status-publish","4":"has-post-thumbnail","6":"product_cat-ligne-coussins-cardes","7":"product_cat-ligne-coussins-decoratifs-dexterieur-coussins-de-chaise","8":"product_cat-ligne-coussins-souffles","9":"product_cat-lligne-remplissage-peluches-jouets-lits-animaux-rembourrages-divers","10":"product_cat-sisteme-de-convoyage","11":"product_tag-oreillers-en-mousse-et-en-latex","12":"product_tag-oreillers-et-coussins-en-fibre-cardee-roulee","13":"product_tag-oreillers-et-coussins-souffles","15":"first","16":"instock","17":"shipping-taxable","18":"product-type-simple"},"acf":[],"yoast_head":"<!-- This site is optimized with the Yoast SEO plugin v24.2 - https:\/\/yoast.com\/wordpress\/plugins\/seo\/ -->\n<title>D\u00c9TECTEUR DE M\u00c9TAL POUR LA D\u00c9TECTION PR\u00c9SENCE CORPS M\u00c9TALLIQUES MD-100 - Brighi Group<\/title>\n<meta name=\"description\" content=\"Machine de d\u00e9tection de pr\u00e9sence de corps m\u00e9talliques pour le contr\u00f4le du produit fini avant mise en carton et exp\u00e9dition.\" \/>\n<meta name=\"robots\" content=\"index, follow, max-snippet:-1, max-image-preview:large, max-video-preview:-1\" \/>\n<link rel=\"canonical\" href=\"https:\/\/www.brighigroup.com\/fr\/machine\/md-100\/\" \/>\n<meta property=\"og:locale\" content=\"fr_FR\" \/>\n<meta property=\"og:type\" content=\"article\" \/>\n<meta property=\"og:title\" content=\"D\u00c9TECTEUR DE M\u00c9TAL POUR LA D\u00c9TECTION PR\u00c9SENCE CORPS M\u00c9TALLIQUES MD-100 - Brighi Group\" \/>\n<meta property=\"og:description\" content=\"Machine de d\u00e9tection de pr\u00e9sence de corps m\u00e9talliques pour le contr\u00f4le du produit fini avant mise en carton et exp\u00e9dition.\" \/>\n<meta property=\"og:url\" content=\"https:\/\/www.brighigroup.com\/fr\/machine\/md-100\/\" \/>\n<meta property=\"og:site_name\" content=\"Brighi Group\" \/>\n<meta property=\"article:modified_time\" content=\"2022-09-27T08:42:36+00:00\" \/>\n<meta property=\"og:image\" content=\"https:\/\/www.brighigroup.com\/wp-content\/uploads\/2021\/11\/MD-100.jpg\" \/>\n\t<meta property=\"og:image:width\" content=\"1920\" \/>\n\t<meta property=\"og:image:height\" content=\"1280\" \/>\n\t<meta property=\"og:image:type\" content=\"image\/jpeg\" \/>\n<meta name=\"twitter:card\" content=\"summary_large_image\" \/>\n<meta name=\"twitter:label1\" content=\"Dur\u00e9e de lecture estim\u00e9e\" \/>\n\t<meta name=\"twitter:data1\" content=\"1 minute\" \/>\n<script type=\"application\/ld+json\" class=\"yoast-schema-graph\">{\"@context\":\"https:\/\/schema.org\",\"@graph\":[{\"@type\":\"WebPage\",\"@id\":\"https:\/\/www.brighigroup.com\/fr\/machine\/md-100\/\",\"url\":\"https:\/\/www.brighigroup.com\/fr\/machine\/md-100\/\",\"name\":\"D\u00c9TECTEUR DE M\u00c9TAL POUR LA D\u00c9TECTION PR\u00c9SENCE CORPS M\u00c9TALLIQUES MD-100 - Brighi Group\",\"isPartOf\":{\"@id\":\"https:\/\/www.brighigroup.com\/fr\/#website\"},\"primaryImageOfPage\":{\"@id\":\"https:\/\/www.brighigroup.com\/fr\/machine\/md-100\/#primaryimage\"},\"image\":{\"@id\":\"https:\/\/www.brighigroup.com\/fr\/machine\/md-100\/#primaryimage\"},\"thumbnailUrl\":\"https:\/\/www.brighigroup.com\/wp-content\/uploads\/2021\/11\/MD-100.jpg\",\"datePublished\":\"2021-11-30T10:03:52+00:00\",\"dateModified\":\"2022-09-27T08:42:36+00:00\",\"description\":\"Machine de d\u00e9tection de pr\u00e9sence de corps m\u00e9talliques pour le contr\u00f4le du produit fini avant mise en carton et exp\u00e9dition.\",\"breadcrumb\":{\"@id\":\"https:\/\/www.brighigroup.com\/fr\/machine\/md-100\/#breadcrumb\"},\"inLanguage\":\"fr-FR\",\"potentialAction\":[{\"@type\":\"ReadAction\",\"target\":[\"https:\/\/www.brighigroup.com\/fr\/machine\/md-100\/\"]}]},{\"@type\":\"ImageObject\",\"inLanguage\":\"fr-FR\",\"@id\":\"https:\/\/www.brighigroup.com\/fr\/machine\/md-100\/#primaryimage\",\"url\":\"https:\/\/www.brighigroup.com\/wp-content\/uploads\/2021\/11\/MD-100.jpg\",\"contentUrl\":\"https:\/\/www.brighigroup.com\/wp-content\/uploads\/2021\/11\/MD-100.jpg\",\"width\":1920,\"height\":1280},{\"@type\":\"BreadcrumbList\",\"@id\":\"https:\/\/www.brighigroup.com\/fr\/machine\/md-100\/#breadcrumb\",\"itemListElement\":[{\"@type\":\"ListItem\",\"position\":1,\"name\":\"Machines\",\"item\":\"https:\/\/www.brighigroup.com\/fr\/machines\/\"},{\"@type\":\"ListItem\",\"position\":2,\"name\":\"MD-100\"}]},{\"@type\":\"WebSite\",\"@id\":\"https:\/\/www.brighigroup.com\/fr\/#website\",\"url\":\"https:\/\/www.brighigroup.com\/fr\/\",\"name\":\"Brighi Group\",\"description\":\"Home textile e di prodotti imbottiti per il design d&#039;arredo tramandando l&#039;innovazione come cultura d&#039;impresa.\",\"potentialAction\":[{\"@type\":\"SearchAction\",\"target\":{\"@type\":\"EntryPoint\",\"urlTemplate\":\"https:\/\/www.brighigroup.com\/fr\/?s={search_term_string}\"},\"query-input\":{\"@type\":\"PropertyValueSpecification\",\"valueRequired\":true,\"valueName\":\"search_term_string\"}}],\"inLanguage\":\"fr-FR\"}]}<\/script>\n<!-- \/ Yoast SEO plugin. -->","yoast_head_json":{"title":"D\u00c9TECTEUR DE M\u00c9TAL POUR LA D\u00c9TECTION PR\u00c9SENCE CORPS M\u00c9TALLIQUES MD-100 - Brighi Group","description":"Machine de d\u00e9tection de pr\u00e9sence de corps m\u00e9talliques pour le contr\u00f4le du produit fini avant mise en carton et exp\u00e9dition.","robots":{"index":"index","follow":"follow","max-snippet":"max-snippet:-1","max-image-preview":"max-image-preview:large","max-video-preview":"max-video-preview:-1"},"canonical":"https:\/\/www.brighigroup.com\/fr\/machine\/md-100\/","og_locale":"fr_FR","og_type":"article","og_title":"D\u00c9TECTEUR DE M\u00c9TAL POUR LA D\u00c9TECTION PR\u00c9SENCE CORPS M\u00c9TALLIQUES MD-100 - Brighi Group","og_description":"Machine de d\u00e9tection de pr\u00e9sence de corps m\u00e9talliques pour le contr\u00f4le du produit fini avant mise en carton et exp\u00e9dition.","og_url":"https:\/\/www.brighigroup.com\/fr\/machine\/md-100\/","og_site_name":"Brighi Group","article_modified_time":"2022-09-27T08:42:36+00:00","og_image":[{"width":1920,"height":1280,"url":"https:\/\/www.brighigroup.com\/wp-content\/uploads\/2021\/11\/MD-100.jpg","type":"image\/jpeg"}],"twitter_card":"summary_large_image","twitter_misc":{"Dur\u00e9e de lecture estim\u00e9e":"1 minute"},"schema":{"@context":"https:\/\/schema.org","@graph":[{"@type":"WebPage","@id":"https:\/\/www.brighigroup.com\/fr\/machine\/md-100\/","url":"https:\/\/www.brighigroup.com\/fr\/machine\/md-100\/","name":"D\u00c9TECTEUR DE M\u00c9TAL POUR LA D\u00c9TECTION PR\u00c9SENCE CORPS M\u00c9TALLIQUES MD-100 - Brighi Group","isPartOf":{"@id":"https:\/\/www.brighigroup.com\/fr\/#website"},"primaryImageOfPage":{"@id":"https:\/\/www.brighigroup.com\/fr\/machine\/md-100\/#primaryimage"},"image":{"@id":"https:\/\/www.brighigroup.com\/fr\/machine\/md-100\/#primaryimage"},"thumbnailUrl":"https:\/\/www.brighigroup.com\/wp-content\/uploads\/2021\/11\/MD-100.jpg","datePublished":"2021-11-30T10:03:52+00:00","dateModified":"2022-09-27T08:42:36+00:00","description":"Machine de d\u00e9tection de pr\u00e9sence de corps m\u00e9talliques pour le contr\u00f4le du produit fini avant mise en carton et exp\u00e9dition.","breadcrumb":{"@id":"https:\/\/www.brighigroup.com\/fr\/machine\/md-100\/#breadcrumb"},"inLanguage":"fr-FR","potentialAction":[{"@type":"ReadAction","target":["https:\/\/www.brighigroup.com\/fr\/machine\/md-100\/"]}]},{"@type":"ImageObject","inLanguage":"fr-FR","@id":"https:\/\/www.brighigroup.com\/fr\/machine\/md-100\/#primaryimage","url":"https:\/\/www.brighigroup.com\/wp-content\/uploads\/2021\/11\/MD-100.jpg","contentUrl":"https:\/\/www.brighigroup.com\/wp-content\/uploads\/2021\/11\/MD-100.jpg","width":1920,"height":1280},{"@type":"BreadcrumbList","@id":"https:\/\/www.brighigroup.com\/fr\/machine\/md-100\/#breadcrumb","itemListElement":[{"@type":"ListItem","position":1,"name":"Machines","item":"https:\/\/www.brighigroup.com\/fr\/machines\/"},{"@type":"ListItem","position":2,"name":"MD-100"}]},{"@type":"WebSite","@id":"https:\/\/www.brighigroup.com\/fr\/#website","url":"https:\/\/www.brighigroup.com\/fr\/","name":"Brighi Group","description":"Home textile e di prodotti imbottiti per il design d&#039;arredo tramandando l&#039;innovazione come cultura d&#039;impresa.","potentialAction":[{"@type":"SearchAction","target":{"@type":"EntryPoint","urlTemplate":"https:\/\/www.brighigroup.com\/fr\/?s={search_term_string}"},"query-input":{"@type":"PropertyValueSpecification","valueRequired":true,"valueName":"search_term_string"}}],"inLanguage":"fr-FR"}]}},"_links":{"self":[{"href":"https:\/\/www.brighigroup.com\/fr\/wp-json\/wp\/v2\/product\/4892","targetHints":{"allow":["GET"]}}],"collection":[{"href":"https:\/\/www.brighigroup.com\/fr\/wp-json\/wp\/v2\/product"}],"about":[{"href":"https:\/\/www.brighigroup.com\/fr\/wp-json\/wp\/v2\/types\/product"}],"wp:featuredmedia":[{"embeddable":true,"href":"https:\/\/www.brighigroup.com\/fr\/wp-json\/wp\/v2\/media\/4171"}],"wp:attachment":[{"href":"https:\/\/www.brighigroup.com\/fr\/wp-json\/wp\/v2\/media?parent=4892"}],"wp:term":[{"taxonomy":"product_cat","embeddable":true,"href":"https:\/\/www.brighigroup.com\/fr\/wp-json\/wp\/v2\/product_cat?post=4892"},{"taxonomy":"product_tag","embeddable":true,"href":"https:\/\/www.brighigroup.com\/fr\/wp-json\/wp\/v2\/product_tag?post=4892"}],"curies":[{"name":"wp","href":"https:\/\/api.w.org\/{rel}","templated":true}]}}