{"id":4891,"date":"2021-02-01T11:00:16","date_gmt":"2021-11-30T10:03:16","guid":{"rendered":"https:\/\/www.brighigroup.com\/macchina\/sh-100\/"},"modified":"2025-01-27T09:33:08","modified_gmt":"2025-01-27T08:33:08","slug":"sh-100","status":"publish","type":"product","link":"https:\/\/www.brighigroup.com\/fr\/machine\/sh-100\/","title":{"rendered":"SH-100"},"content":{"rendered":"<h2><strong>MACHINE AUTOMATIQUE FRAPPE-COUSSIN POUR CONTR\u00d4LE HOMOG\u00c9N\u00c9IT\u00c9 PRODUIT<\/strong><\/h2>\n<p>Le frappe-coussin mod. SH-100 est \u00e9tudi\u00e9 pour <strong>battre les coussins et oreillers apr\u00e8s le remplissage<\/strong> avec des mati\u00e8res premi\u00e8res en vrac ou avec fibres card\u00e9es. Le coussin est pinc\u00e9 depuis le fond o\u00f9 le mat\u00e9riau s\u2019accumule g\u00e9n\u00e9ralement apr\u00e8s le processus de remplissage et il est <strong>battu pour distribuer de fa\u00e7on uniforme le rembourrage<\/strong> et remplir efficacement les 4 coins pour un produit \u00e0 l\u2019aspect plus gonfl\u00e9 et uniforme. Le nombre et la force des coups peuvent \u00eatre r\u00e9gl\u00e9s depuis l\u2019\u00e9cran tactile sur la machine et sauvegard\u00e9s comme recette pour de futurs traitements.<\/p>\n<p><strong>QUE PEUT-ON BATTRE<\/strong><\/p>\n<p>Coussins et oreillers avec rembourrage souffl\u00e9 ou card\u00e9.<\/p>\n<p><strong>CARACTERISTIQUES<\/strong><\/p>\n<ul>\n<li><strong>Dispositif protection<\/strong> : gr\u00e2ce aux dispositifs de protection dans les points de prise, les produits trait\u00e9s ne subissent aucun type d\u2019endommagement. Dans notre projet, nous avons reproduit la m\u00eame action faite manuellement par l\u2019op\u00e9rateur.<\/li>\n<li><strong>Force et nombre de coups<\/strong> : les deux param\u00e8tres peuvent \u00eatre r\u00e9gl\u00e9 suivant les caract\u00e9ristiques du mat\u00e9riau de remplissage, le poids et les dimensions du coussin pour un r\u00e9sultat d\u2019excellence.<\/li>\n<li><strong>Mise \u00e0 niveau \u00e0 version XL<\/strong> pour g\u00e9rer une vaste gamme de produits (jusqu\u2019\u00e0 140 cm\/55 en longueur).<\/li>\n<li><strong>Gestion simplifi\u00e9e<\/strong> : panneau de contr\u00f4le tactile pour la gestion de tous les param\u00e8tres et les ajustements m\u00e9caniques de fa\u00e7on automatique, avec introduction et gestion des recettes avec les caract\u00e9ristiques du produit\/mat\u00e9riau.<\/li>\n<li><strong>Souplesse<\/strong> : vaste gamme de mat\u00e9riaux trait\u00e9s sans devoir effectuer d\u2019ajustements m\u00e9caniques.<\/li>\n<li><strong>Tous les mat\u00e9riaux de remplissage<\/strong> : aucune restriction sur le type de rembourrage des coussins.<\/li>\n<\/ul>\n<div id=\"gtx-trans\" style=\"position: absolute; left: 36px; top: -4.08594px;\">\n<div class=\"gtx-trans-icon\"><\/div>\n<\/div>\n","protected":false},"excerpt":{"rendered":"<h6>MACHINE AUTOMATIQUE FRAPPE-COUSSIN POUR CONTR\u00d4LE HOMOG\u00c9N\u00c9IT\u00c9 PRODUIT<\/h6>\n","protected":false},"featured_media":4172,"template":"","meta":{"_acf_changed":false},"product_cat":[90,93,92,104],"product_tag":[300,304],"class_list":{"0":"post-4891","1":"product","2":"type-product","3":"status-publish","4":"has-post-thumbnail","6":"product_cat-ligne-coussins-cardes","7":"product_cat-ligne-coussins-decoratifs-dexterieur-coussins-de-chaise","8":"product_cat-ligne-coussins-souffles","9":"product_cat-sisteme-de-convoyage","10":"product_tag-oreillers-et-coussins-en-fibre-cardee-roulee","11":"product_tag-oreillers-et-coussins-souffles","13":"first","14":"instock","15":"shipping-taxable","16":"product-type-simple"},"acf":[],"yoast_head":"<!-- This site is optimized with the Yoast SEO plugin v24.2 - https:\/\/yoast.com\/wordpress\/plugins\/seo\/ -->\n<title>Machine automatique frappe-coussin SH-100 - Brighi Group<\/title>\n<meta name=\"description\" content=\"Le SH-100 est con\u00e7u pour battre les coussins et les oreillers apr\u00e8s les avoir remplis de mati\u00e8res premi\u00e8res en vrac ou de fibres card\u00e9es pour battu pour distribuer de fa\u00e7on uniforme le rembourrage\" \/>\n<meta name=\"robots\" content=\"index, follow, max-snippet:-1, max-image-preview:large, max-video-preview:-1\" \/>\n<link rel=\"canonical\" href=\"https:\/\/www.brighigroup.com\/fr\/machine\/sh-100\/\" \/>\n<meta property=\"og:locale\" content=\"fr_FR\" \/>\n<meta property=\"og:type\" content=\"article\" \/>\n<meta property=\"og:title\" content=\"Machine automatique frappe-coussin SH-100 - Brighi Group\" \/>\n<meta property=\"og:description\" content=\"Le SH-100 est con\u00e7u pour battre les coussins et les oreillers apr\u00e8s les avoir remplis de mati\u00e8res premi\u00e8res en vrac ou de fibres card\u00e9es pour battu pour distribuer de fa\u00e7on uniforme le rembourrage\" \/>\n<meta property=\"og:url\" content=\"https:\/\/www.brighigroup.com\/fr\/machine\/sh-100\/\" \/>\n<meta property=\"og:site_name\" content=\"Brighi Group\" \/>\n<meta property=\"article:modified_time\" content=\"2025-01-27T08:33:08+00:00\" \/>\n<meta property=\"og:image\" content=\"https:\/\/www.brighigroup.com\/wp-content\/uploads\/2021\/11\/SH-100-1.jpg\" \/>\n\t<meta property=\"og:image:width\" content=\"1920\" \/>\n\t<meta property=\"og:image:height\" content=\"1280\" \/>\n\t<meta property=\"og:image:type\" content=\"image\/jpeg\" \/>\n<meta name=\"twitter:card\" content=\"summary_large_image\" \/>\n<meta name=\"twitter:label1\" content=\"Dur\u00e9e de lecture estim\u00e9e\" \/>\n\t<meta name=\"twitter:data1\" content=\"1 minute\" \/>\n<script type=\"application\/ld+json\" class=\"yoast-schema-graph\">{\"@context\":\"https:\/\/schema.org\",\"@graph\":[{\"@type\":\"WebPage\",\"@id\":\"https:\/\/www.brighigroup.com\/fr\/machine\/sh-100\/\",\"url\":\"https:\/\/www.brighigroup.com\/fr\/machine\/sh-100\/\",\"name\":\"Machine automatique frappe-coussin SH-100 - Brighi Group\",\"isPartOf\":{\"@id\":\"https:\/\/www.brighigroup.com\/fr\/#website\"},\"primaryImageOfPage\":{\"@id\":\"https:\/\/www.brighigroup.com\/fr\/machine\/sh-100\/#primaryimage\"},\"image\":{\"@id\":\"https:\/\/www.brighigroup.com\/fr\/machine\/sh-100\/#primaryimage\"},\"thumbnailUrl\":\"https:\/\/www.brighigroup.com\/wp-content\/uploads\/2021\/11\/SH-100-1.jpg\",\"datePublished\":\"2021-11-30T10:03:16+00:00\",\"dateModified\":\"2025-01-27T08:33:08+00:00\",\"description\":\"Le SH-100 est con\u00e7u pour battre les coussins et les oreillers apr\u00e8s les avoir remplis de mati\u00e8res premi\u00e8res en vrac ou de fibres card\u00e9es pour battu pour distribuer de fa\u00e7on uniforme le rembourrage\",\"breadcrumb\":{\"@id\":\"https:\/\/www.brighigroup.com\/fr\/machine\/sh-100\/#breadcrumb\"},\"inLanguage\":\"fr-FR\",\"potentialAction\":[{\"@type\":\"ReadAction\",\"target\":[\"https:\/\/www.brighigroup.com\/fr\/machine\/sh-100\/\"]}]},{\"@type\":\"ImageObject\",\"inLanguage\":\"fr-FR\",\"@id\":\"https:\/\/www.brighigroup.com\/fr\/machine\/sh-100\/#primaryimage\",\"url\":\"https:\/\/www.brighigroup.com\/wp-content\/uploads\/2021\/11\/SH-100-1.jpg\",\"contentUrl\":\"https:\/\/www.brighigroup.com\/wp-content\/uploads\/2021\/11\/SH-100-1.jpg\",\"width\":1920,\"height\":1280},{\"@type\":\"BreadcrumbList\",\"@id\":\"https:\/\/www.brighigroup.com\/fr\/machine\/sh-100\/#breadcrumb\",\"itemListElement\":[{\"@type\":\"ListItem\",\"position\":1,\"name\":\"Machines\",\"item\":\"https:\/\/www.brighigroup.com\/fr\/machines\/\"},{\"@type\":\"ListItem\",\"position\":2,\"name\":\"SH-100\"}]},{\"@type\":\"WebSite\",\"@id\":\"https:\/\/www.brighigroup.com\/fr\/#website\",\"url\":\"https:\/\/www.brighigroup.com\/fr\/\",\"name\":\"Brighi Group\",\"description\":\"Home textile e di prodotti imbottiti per il design d&#039;arredo tramandando l&#039;innovazione come cultura d&#039;impresa.\",\"potentialAction\":[{\"@type\":\"SearchAction\",\"target\":{\"@type\":\"EntryPoint\",\"urlTemplate\":\"https:\/\/www.brighigroup.com\/fr\/?s={search_term_string}\"},\"query-input\":{\"@type\":\"PropertyValueSpecification\",\"valueRequired\":true,\"valueName\":\"search_term_string\"}}],\"inLanguage\":\"fr-FR\"}]}<\/script>\n<!-- \/ Yoast SEO plugin. -->","yoast_head_json":{"title":"Machine automatique frappe-coussin SH-100 - Brighi Group","description":"Le SH-100 est con\u00e7u pour battre les coussins et les oreillers apr\u00e8s les avoir remplis de mati\u00e8res premi\u00e8res en vrac ou de fibres card\u00e9es pour battu pour distribuer de fa\u00e7on uniforme le rembourrage","robots":{"index":"index","follow":"follow","max-snippet":"max-snippet:-1","max-image-preview":"max-image-preview:large","max-video-preview":"max-video-preview:-1"},"canonical":"https:\/\/www.brighigroup.com\/fr\/machine\/sh-100\/","og_locale":"fr_FR","og_type":"article","og_title":"Machine automatique frappe-coussin SH-100 - Brighi Group","og_description":"Le SH-100 est con\u00e7u pour battre les coussins et les oreillers apr\u00e8s les avoir remplis de mati\u00e8res premi\u00e8res en vrac ou de fibres card\u00e9es pour battu pour distribuer de fa\u00e7on uniforme le rembourrage","og_url":"https:\/\/www.brighigroup.com\/fr\/machine\/sh-100\/","og_site_name":"Brighi Group","article_modified_time":"2025-01-27T08:33:08+00:00","og_image":[{"width":1920,"height":1280,"url":"https:\/\/www.brighigroup.com\/wp-content\/uploads\/2021\/11\/SH-100-1.jpg","type":"image\/jpeg"}],"twitter_card":"summary_large_image","twitter_misc":{"Dur\u00e9e de lecture estim\u00e9e":"1 minute"},"schema":{"@context":"https:\/\/schema.org","@graph":[{"@type":"WebPage","@id":"https:\/\/www.brighigroup.com\/fr\/machine\/sh-100\/","url":"https:\/\/www.brighigroup.com\/fr\/machine\/sh-100\/","name":"Machine automatique frappe-coussin SH-100 - Brighi Group","isPartOf":{"@id":"https:\/\/www.brighigroup.com\/fr\/#website"},"primaryImageOfPage":{"@id":"https:\/\/www.brighigroup.com\/fr\/machine\/sh-100\/#primaryimage"},"image":{"@id":"https:\/\/www.brighigroup.com\/fr\/machine\/sh-100\/#primaryimage"},"thumbnailUrl":"https:\/\/www.brighigroup.com\/wp-content\/uploads\/2021\/11\/SH-100-1.jpg","datePublished":"2021-11-30T10:03:16+00:00","dateModified":"2025-01-27T08:33:08+00:00","description":"Le SH-100 est con\u00e7u pour battre les coussins et les oreillers apr\u00e8s les avoir remplis de mati\u00e8res premi\u00e8res en vrac ou de fibres card\u00e9es pour battu pour distribuer de fa\u00e7on uniforme le rembourrage","breadcrumb":{"@id":"https:\/\/www.brighigroup.com\/fr\/machine\/sh-100\/#breadcrumb"},"inLanguage":"fr-FR","potentialAction":[{"@type":"ReadAction","target":["https:\/\/www.brighigroup.com\/fr\/machine\/sh-100\/"]}]},{"@type":"ImageObject","inLanguage":"fr-FR","@id":"https:\/\/www.brighigroup.com\/fr\/machine\/sh-100\/#primaryimage","url":"https:\/\/www.brighigroup.com\/wp-content\/uploads\/2021\/11\/SH-100-1.jpg","contentUrl":"https:\/\/www.brighigroup.com\/wp-content\/uploads\/2021\/11\/SH-100-1.jpg","width":1920,"height":1280},{"@type":"BreadcrumbList","@id":"https:\/\/www.brighigroup.com\/fr\/machine\/sh-100\/#breadcrumb","itemListElement":[{"@type":"ListItem","position":1,"name":"Machines","item":"https:\/\/www.brighigroup.com\/fr\/machines\/"},{"@type":"ListItem","position":2,"name":"SH-100"}]},{"@type":"WebSite","@id":"https:\/\/www.brighigroup.com\/fr\/#website","url":"https:\/\/www.brighigroup.com\/fr\/","name":"Brighi Group","description":"Home textile e di prodotti imbottiti per il design d&#039;arredo tramandando l&#039;innovazione come cultura d&#039;impresa.","potentialAction":[{"@type":"SearchAction","target":{"@type":"EntryPoint","urlTemplate":"https:\/\/www.brighigroup.com\/fr\/?s={search_term_string}"},"query-input":{"@type":"PropertyValueSpecification","valueRequired":true,"valueName":"search_term_string"}}],"inLanguage":"fr-FR"}]}},"_links":{"self":[{"href":"https:\/\/www.brighigroup.com\/fr\/wp-json\/wp\/v2\/product\/4891","targetHints":{"allow":["GET"]}}],"collection":[{"href":"https:\/\/www.brighigroup.com\/fr\/wp-json\/wp\/v2\/product"}],"about":[{"href":"https:\/\/www.brighigroup.com\/fr\/wp-json\/wp\/v2\/types\/product"}],"wp:featuredmedia":[{"embeddable":true,"href":"https:\/\/www.brighigroup.com\/fr\/wp-json\/wp\/v2\/media\/4172"}],"wp:attachment":[{"href":"https:\/\/www.brighigroup.com\/fr\/wp-json\/wp\/v2\/media?parent=4891"}],"wp:term":[{"taxonomy":"product_cat","embeddable":true,"href":"https:\/\/www.brighigroup.com\/fr\/wp-json\/wp\/v2\/product_cat?post=4891"},{"taxonomy":"product_tag","embeddable":true,"href":"https:\/\/www.brighigroup.com\/fr\/wp-json\/wp\/v2\/product_tag?post=4891"}],"curies":[{"name":"wp","href":"https:\/\/api.w.org\/{rel}","templated":true}]}}