{"id":4888,"date":"2024-08-30T10:30:14","date_gmt":"2021-11-30T09:58:14","guid":{"rendered":"https:\/\/www.brighigroup.com\/macchina\/er-500-easy-roll\/"},"modified":"2025-01-27T09:09:07","modified_gmt":"2025-01-27T08:09:07","slug":"er-500-easy-roll","status":"publish","type":"product","link":"https:\/\/www.brighigroup.com\/fr\/machine\/er-500-easy-roll\/","title":{"rendered":"ER-500 EASY ROLL"},"content":{"rendered":"<h2><strong>MACHINE AUTOMATIQUE POUR L&rsquo;ENROULEMENT DES OREILLERS ET LE CONDITIONNEMENT EN SACHETS<\/strong><\/h2>\n<p style=\"text-align: justify;\"><strong>Machine automatique pour l&rsquo;enroulement des oreillers et coussins<\/strong>. Le coussin entre dans la machine du convoyeur d\u2019alimentation jusqu\u2019\u00e0 atteindre la station d&rsquo;enroulement. Le groupe d&rsquo;enroulement type \u00ab\u00a0revolver\u00a0\u00bb est le c\u0153ur de l\u2019efficacit\u00e9 de la machine : tandis qu\u2019un <strong>groupe enroule le coussin<\/strong>, l\u2019autre est en position d&rsquo;expulsion afin que <strong>le coussin enroul\u00e9 puisse \u00eatre ensach\u00e9<\/strong>.<\/p>\n<p style=\"text-align: justify;\">La machine a un <strong>module int\u00e9gr\u00e9 pour la cr\u00e9ation du sachet<\/strong>, form\u00e9 par une bobine tubulaire, en thermoscellant le fond. Un robot pr\u00e9l\u00e8ve automatiquement le sachet pr\u00eat, il l\u2019ouvre avec les doigts et le place sur le porte-coussin pour le processus de mise en sachet. \u00c0 ce moment-l\u00e0, le coussin ensach\u00e9 est d\u00e9charg\u00e9 sur un convoyeur sp\u00e9cial avec nacelles et il va \u00e0 la station de <strong>compression et thermoscellage final<\/strong>, o\u00f9 l&#8217;emballage est termin\u00e9 et d\u00e9charg\u00e9 pour la mise en carton.<\/p>\n<p>D\u00e9couvrez aussi la version semi-automatique: <a href=\"https:\/\/www.brighigroup.com\/fr\/machine\/er-400-easy-roll\/\">ER-400<\/a><\/p>\n<p><iframe title=\"Automatic Pillow Rollpacking Machine mod. ER-500 EASY ROLL\" width=\"800\" height=\"450\" src=\"https:\/\/www.youtube-nocookie.com\/embed\/SdqtupnmVXQ?feature=oembed\" frameborder=\"0\" allow=\"accelerometer; autoplay; clipboard-write; encrypted-media; gyroscope; picture-in-picture\" allowfullscreen><\/iframe><\/p>\n<p><iframe title=\"Automatic Roll Packaging Machine mod. ER-500 EASY ROLL\" width=\"800\" height=\"450\" src=\"https:\/\/www.youtube-nocookie.com\/embed\/3I0oDK7YPLk?feature=oembed\" frameborder=\"0\" allow=\"accelerometer; autoplay; clipboard-write; encrypted-media; gyroscope; picture-in-picture\" allowfullscreen><\/iframe><\/p>\n<p>&nbsp;<\/p>\n<p><strong>QUE PEUT-ON ENSACHER<\/strong><\/p>\n<p>Coussins, oreillers, couettes\/\u00e9dredon, sacs de couchage<\/p>\n<p><strong>\u00a0TYPES DE SACHETS<\/strong><\/p>\n<p>Sachets cr\u00e9\u00e9s par le d\u00e9videur int\u00e9gr\u00e9<\/p>\n<p><strong>CARACTERISTIQUES<\/strong><\/p>\n<ul>\n<li style=\"text-align: justify;\"><strong>Dispositif d\u2019introduction brochures <\/strong>sp\u00e9cialement \u00e9tudi\u00e9 pour la pose de la brochure sur le coussin avant l\u2019enroulement comme demand\u00e9 par les marques les plus importantes. Le groupe de back-up est disponible pour un vrai processus constant.<\/li>\n<li style=\"text-align: justify;\"><strong>Excellent syst\u00e8me de thermoscellage<\/strong> : plaque de scellage, plaque pour coupe sachet, syst\u00e8me de d\u00e9chirure du plastique en exc\u00e8s, syst\u00e8me d&rsquo;aspiration et recyclage des chutes de plastique.<\/li>\n<li style=\"text-align: justify;\"><strong>D\u00e9roulement du tubulaire et syst\u00e8me de positionnement sachet ind\u00e9pendants<\/strong> pour de meilleures performances surtout avec des sacs de grand format.<\/li>\n<li style=\"text-align: justify;\"><strong>Imprimante en ligne<\/strong> pour impression directement sur le sac durant la cr\u00e9ation dans le d\u00e9videur avec date\/lot\/heure.<\/li>\n<li style=\"text-align: justify;\"><strong>Gestion simplifi\u00e9e<\/strong> : panneau de contr\u00f4le tactile pour la gestion de tous les param\u00e8tres et les ajustements m\u00e9caniques de fa\u00e7on automatique, avec introduction et gestion des recettes avec les caract\u00e9ristiques du produit\/mat\u00e9riau.<\/li>\n<li style=\"text-align: justify;\"><strong>Souplesse<\/strong> : vaste gamme de mat\u00e9riaux et sachets trait\u00e9s sans devoir effectuer d\u2019ajustements m\u00e9caniques.<\/li>\n<li style=\"text-align: justify;\"><strong>Tous les mat\u00e9riaux de remplissage<\/strong> : aucune restriction sur le type de rembourrage des coussins.<\/li>\n<li id=\"gtx-trans\" style=\"position: absolute; left: -7px; top: -4.08594px;\">\n<div class=\"gtx-trans-icon\"><\/div>\n<\/li>\n<\/ul>\n","protected":false},"excerpt":{"rendered":"<h6>Machine automatique pour l&rsquo;enroulement des oreillers et coussins<\/h6>\n","protected":false},"featured_media":4278,"template":"","meta":{"_acf_changed":false},"product_cat":[102,106,99,90,93,92],"product_tag":[308,300,304],"class_list":{"0":"post-4888","1":"product","2":"type-product","3":"status-publish","4":"has-post-thumbnail","6":"product_cat-emballage","7":"product_cat-ligne-couettes-edredon","8":"product_cat-lligne-coussin-moules-ou-en-chutes-de-mousse","9":"product_cat-ligne-coussins-cardes","10":"product_cat-ligne-coussins-decoratifs-dexterieur-coussins-de-chaise","11":"product_cat-ligne-coussins-souffles","12":"product_tag-oreillers-en-mousse-et-en-latex","13":"product_tag-oreillers-et-coussins-en-fibre-cardee-roulee","14":"product_tag-oreillers-et-coussins-souffles","16":"first","17":"instock","18":"shipping-taxable","19":"product-type-simple"},"acf":[],"yoast_head":"<!-- This site is optimized with the Yoast SEO plugin v24.2 - https:\/\/yoast.com\/wordpress\/plugins\/seo\/ -->\n<title>Machine automatique pour l&#039;enroulement des oreillers - Brighi Group<\/title>\n<meta name=\"description\" content=\"Machine automatique pour l&#039;enroulement des oreillers, coussins, \u00e9dredons et autres articles de literie et textiles d&#039;int\u00e9rieur\" \/>\n<meta name=\"robots\" content=\"index, follow, max-snippet:-1, max-image-preview:large, max-video-preview:-1\" \/>\n<link rel=\"canonical\" href=\"https:\/\/www.brighigroup.com\/fr\/machine\/er-500-easy-roll\/\" \/>\n<meta property=\"og:locale\" content=\"fr_FR\" \/>\n<meta property=\"og:type\" content=\"article\" \/>\n<meta property=\"og:title\" content=\"Machine automatique pour l&#039;enroulement des oreillers - Brighi Group\" \/>\n<meta property=\"og:description\" content=\"Machine automatique pour l&#039;enroulement des oreillers, coussins, \u00e9dredons et autres articles de literie et textiles d&#039;int\u00e9rieur\" \/>\n<meta property=\"og:url\" content=\"https:\/\/www.brighigroup.com\/fr\/machine\/er-500-easy-roll\/\" \/>\n<meta property=\"og:site_name\" content=\"Brighi Group\" \/>\n<meta property=\"article:modified_time\" content=\"2025-01-27T08:09:07+00:00\" \/>\n<meta property=\"og:image\" content=\"https:\/\/www.brighigroup.com\/wp-content\/uploads\/2021\/11\/ER-500-EASY-ROLL.jpg\" \/>\n\t<meta property=\"og:image:width\" content=\"1920\" \/>\n\t<meta property=\"og:image:height\" content=\"1280\" \/>\n\t<meta property=\"og:image:type\" content=\"image\/jpeg\" \/>\n<meta name=\"twitter:card\" content=\"summary_large_image\" \/>\n<meta name=\"twitter:label1\" content=\"Dur\u00e9e de lecture estim\u00e9e\" \/>\n\t<meta name=\"twitter:data1\" content=\"2 minutes\" \/>\n<script type=\"application\/ld+json\" class=\"yoast-schema-graph\">{\"@context\":\"https:\/\/schema.org\",\"@graph\":[{\"@type\":\"WebPage\",\"@id\":\"https:\/\/www.brighigroup.com\/fr\/machine\/er-500-easy-roll\/\",\"url\":\"https:\/\/www.brighigroup.com\/fr\/machine\/er-500-easy-roll\/\",\"name\":\"Machine automatique pour l'enroulement des oreillers - Brighi Group\",\"isPartOf\":{\"@id\":\"https:\/\/www.brighigroup.com\/fr\/#website\"},\"primaryImageOfPage\":{\"@id\":\"https:\/\/www.brighigroup.com\/fr\/machine\/er-500-easy-roll\/#primaryimage\"},\"image\":{\"@id\":\"https:\/\/www.brighigroup.com\/fr\/machine\/er-500-easy-roll\/#primaryimage\"},\"thumbnailUrl\":\"https:\/\/www.brighigroup.com\/wp-content\/uploads\/2021\/11\/ER-500-EASY-ROLL.jpg\",\"datePublished\":\"2021-11-30T09:58:14+00:00\",\"dateModified\":\"2025-01-27T08:09:07+00:00\",\"description\":\"Machine automatique pour l'enroulement des oreillers, coussins, \u00e9dredons et autres articles de literie et textiles d'int\u00e9rieur\",\"breadcrumb\":{\"@id\":\"https:\/\/www.brighigroup.com\/fr\/machine\/er-500-easy-roll\/#breadcrumb\"},\"inLanguage\":\"fr-FR\",\"potentialAction\":[{\"@type\":\"ReadAction\",\"target\":[\"https:\/\/www.brighigroup.com\/fr\/machine\/er-500-easy-roll\/\"]}]},{\"@type\":\"ImageObject\",\"inLanguage\":\"fr-FR\",\"@id\":\"https:\/\/www.brighigroup.com\/fr\/machine\/er-500-easy-roll\/#primaryimage\",\"url\":\"https:\/\/www.brighigroup.com\/wp-content\/uploads\/2021\/11\/ER-500-EASY-ROLL.jpg\",\"contentUrl\":\"https:\/\/www.brighigroup.com\/wp-content\/uploads\/2021\/11\/ER-500-EASY-ROLL.jpg\",\"width\":1920,\"height\":1280},{\"@type\":\"BreadcrumbList\",\"@id\":\"https:\/\/www.brighigroup.com\/fr\/machine\/er-500-easy-roll\/#breadcrumb\",\"itemListElement\":[{\"@type\":\"ListItem\",\"position\":1,\"name\":\"Machines\",\"item\":\"https:\/\/www.brighigroup.com\/fr\/machines\/\"},{\"@type\":\"ListItem\",\"position\":2,\"name\":\"ER-500 EASY ROLL\"}]},{\"@type\":\"WebSite\",\"@id\":\"https:\/\/www.brighigroup.com\/fr\/#website\",\"url\":\"https:\/\/www.brighigroup.com\/fr\/\",\"name\":\"Brighi Group\",\"description\":\"Home textile e di prodotti imbottiti per il design d&#039;arredo tramandando l&#039;innovazione come cultura d&#039;impresa.\",\"potentialAction\":[{\"@type\":\"SearchAction\",\"target\":{\"@type\":\"EntryPoint\",\"urlTemplate\":\"https:\/\/www.brighigroup.com\/fr\/?s={search_term_string}\"},\"query-input\":{\"@type\":\"PropertyValueSpecification\",\"valueRequired\":true,\"valueName\":\"search_term_string\"}}],\"inLanguage\":\"fr-FR\"}]}<\/script>\n<!-- \/ Yoast SEO plugin. -->","yoast_head_json":{"title":"Machine automatique pour l'enroulement des oreillers - Brighi Group","description":"Machine automatique pour l'enroulement des oreillers, coussins, \u00e9dredons et autres articles de literie et textiles d'int\u00e9rieur","robots":{"index":"index","follow":"follow","max-snippet":"max-snippet:-1","max-image-preview":"max-image-preview:large","max-video-preview":"max-video-preview:-1"},"canonical":"https:\/\/www.brighigroup.com\/fr\/machine\/er-500-easy-roll\/","og_locale":"fr_FR","og_type":"article","og_title":"Machine automatique pour l'enroulement des oreillers - Brighi Group","og_description":"Machine automatique pour l'enroulement des oreillers, coussins, \u00e9dredons et autres articles de literie et textiles d'int\u00e9rieur","og_url":"https:\/\/www.brighigroup.com\/fr\/machine\/er-500-easy-roll\/","og_site_name":"Brighi Group","article_modified_time":"2025-01-27T08:09:07+00:00","og_image":[{"width":1920,"height":1280,"url":"https:\/\/www.brighigroup.com\/wp-content\/uploads\/2021\/11\/ER-500-EASY-ROLL.jpg","type":"image\/jpeg"}],"twitter_card":"summary_large_image","twitter_misc":{"Dur\u00e9e de lecture estim\u00e9e":"2 minutes"},"schema":{"@context":"https:\/\/schema.org","@graph":[{"@type":"WebPage","@id":"https:\/\/www.brighigroup.com\/fr\/machine\/er-500-easy-roll\/","url":"https:\/\/www.brighigroup.com\/fr\/machine\/er-500-easy-roll\/","name":"Machine automatique pour l'enroulement des oreillers - Brighi Group","isPartOf":{"@id":"https:\/\/www.brighigroup.com\/fr\/#website"},"primaryImageOfPage":{"@id":"https:\/\/www.brighigroup.com\/fr\/machine\/er-500-easy-roll\/#primaryimage"},"image":{"@id":"https:\/\/www.brighigroup.com\/fr\/machine\/er-500-easy-roll\/#primaryimage"},"thumbnailUrl":"https:\/\/www.brighigroup.com\/wp-content\/uploads\/2021\/11\/ER-500-EASY-ROLL.jpg","datePublished":"2021-11-30T09:58:14+00:00","dateModified":"2025-01-27T08:09:07+00:00","description":"Machine automatique pour l'enroulement des oreillers, coussins, \u00e9dredons et autres articles de literie et textiles d'int\u00e9rieur","breadcrumb":{"@id":"https:\/\/www.brighigroup.com\/fr\/machine\/er-500-easy-roll\/#breadcrumb"},"inLanguage":"fr-FR","potentialAction":[{"@type":"ReadAction","target":["https:\/\/www.brighigroup.com\/fr\/machine\/er-500-easy-roll\/"]}]},{"@type":"ImageObject","inLanguage":"fr-FR","@id":"https:\/\/www.brighigroup.com\/fr\/machine\/er-500-easy-roll\/#primaryimage","url":"https:\/\/www.brighigroup.com\/wp-content\/uploads\/2021\/11\/ER-500-EASY-ROLL.jpg","contentUrl":"https:\/\/www.brighigroup.com\/wp-content\/uploads\/2021\/11\/ER-500-EASY-ROLL.jpg","width":1920,"height":1280},{"@type":"BreadcrumbList","@id":"https:\/\/www.brighigroup.com\/fr\/machine\/er-500-easy-roll\/#breadcrumb","itemListElement":[{"@type":"ListItem","position":1,"name":"Machines","item":"https:\/\/www.brighigroup.com\/fr\/machines\/"},{"@type":"ListItem","position":2,"name":"ER-500 EASY ROLL"}]},{"@type":"WebSite","@id":"https:\/\/www.brighigroup.com\/fr\/#website","url":"https:\/\/www.brighigroup.com\/fr\/","name":"Brighi Group","description":"Home textile e di prodotti imbottiti per il design d&#039;arredo tramandando l&#039;innovazione come cultura d&#039;impresa.","potentialAction":[{"@type":"SearchAction","target":{"@type":"EntryPoint","urlTemplate":"https:\/\/www.brighigroup.com\/fr\/?s={search_term_string}"},"query-input":{"@type":"PropertyValueSpecification","valueRequired":true,"valueName":"search_term_string"}}],"inLanguage":"fr-FR"}]}},"_links":{"self":[{"href":"https:\/\/www.brighigroup.com\/fr\/wp-json\/wp\/v2\/product\/4888","targetHints":{"allow":["GET"]}}],"collection":[{"href":"https:\/\/www.brighigroup.com\/fr\/wp-json\/wp\/v2\/product"}],"about":[{"href":"https:\/\/www.brighigroup.com\/fr\/wp-json\/wp\/v2\/types\/product"}],"wp:featuredmedia":[{"embeddable":true,"href":"https:\/\/www.brighigroup.com\/fr\/wp-json\/wp\/v2\/media\/4278"}],"wp:attachment":[{"href":"https:\/\/www.brighigroup.com\/fr\/wp-json\/wp\/v2\/media?parent=4888"}],"wp:term":[{"taxonomy":"product_cat","embeddable":true,"href":"https:\/\/www.brighigroup.com\/fr\/wp-json\/wp\/v2\/product_cat?post=4888"},{"taxonomy":"product_tag","embeddable":true,"href":"https:\/\/www.brighigroup.com\/fr\/wp-json\/wp\/v2\/product_tag?post=4888"}],"curies":[{"name":"wp","href":"https:\/\/api.w.org\/{rel}","templated":true}]}}