{"id":4887,"date":"2022-04-01T10:00:24","date_gmt":"2021-11-30T09:56:24","guid":{"rendered":"https:\/\/www.brighigroup.com\/macchina\/ef-500-easy-fold\/"},"modified":"2025-01-27T09:20:06","modified_gmt":"2025-01-27T08:20:06","slug":"ef-500-easy-fold","status":"publish","type":"product","link":"https:\/\/www.brighigroup.com\/fr\/machine\/ef-500-easy-fold\/","title":{"rendered":"EF-500 EASY FOLD"},"content":{"rendered":"<h2><strong>MACHINE AUTOMATIQUE POUR LA PLIAGE DES COUETTES\/\u00c9DREDON<\/strong><\/h2>\n<p>Machine pour le <strong>pliage automatique des couettes\/\u00e9dredon<\/strong> en fonction de diff\u00e9rents sch\u00e9mas. La couette peut \u00eatre <strong>pli\u00e9e en suivant des sch\u00e9mas diff\u00e9rents<\/strong> qui peuvent \u00eatre choisis et programm\u00e9s depuis l\u2019\u00e9cran tactile en acc\u00e9dant \u00e0 la liste des recettes.<\/p>\n<p>L\u2019op\u00e9rateur \u00e9tend le produit plat sur le convoyeur mod. <a href=\"https:\/\/www.brighigroup.com\/fr\/machine\/tt-300\/\">TT-300<\/a> et il lance le processus automatique. La machine transporte la couette plate et \u00e9tendue vers la zone de pliage, o\u00f9 <strong>un syst\u00e8me de r\u00e2teaux et fourches termine la premi\u00e8re s\u00e9rie de plis<\/strong>. \u00c0 ce moment-l\u00e0, la couette pli\u00e9e dans un sens, gr\u00e2ce au convoyeur de connexion en option, est transport\u00e9e \u00e0 la <strong>station de pliage secondaire ou \u00e0 la machine pour enrouler<\/strong> mod. <a href=\"https:\/\/www.brighigroup.com\/fr\/machine\/er-500-easy-roll\/\">ER-500 EASY ROLL<\/a> ou <a href=\"https:\/\/www.brighigroup.com\/fr\/machine\/er-400-easy-roll\/\">ER-400 EASY ROLL<\/a> afin de terminer le processus de pliage.<\/p>\n<p>&nbsp;<\/p>\n<p><iframe title=\"Automatic Quilt Folding Machine mod. EF-500 Easy Fold\" width=\"800\" height=\"450\" src=\"https:\/\/www.youtube-nocookie.com\/embed\/4g4HAJdsHak?feature=oembed\" frameborder=\"0\" allow=\"accelerometer; autoplay; clipboard-write; encrypted-media; gyroscope; picture-in-picture\" allowfullscreen><\/iframe><\/p>\n<p>&nbsp;<\/p>\n<p><strong>QUE PEUT-ON PLIER<\/strong><\/p>\n<p>Couettes\/\u00e9dredon (jusqu\u2019aux mod\u00e8les King)<\/p>\n<p><strong>CARACTERISTIQUES<\/strong><\/p>\n<ul>\n<li><strong>Un seul op\u00e9rateur <\/strong>intervient durant le processus de pliage.<\/li>\n<li><strong>Syst\u00e8me de r\u00e2teaux et fourches<\/strong> \u00e9tudi\u00e9s pour un traitement optimal du produit.<\/li>\n<li><strong>Pr\u00e9cision dans le pliage<\/strong> pour un produit final de qualit\u00e9.<\/li>\n<li><strong>Options multiples pour l\u2019emballage<\/strong> : la couette pli\u00e9e peut \u00eatre conditionn\u00e9e de diff\u00e9rentes fa\u00e7ons.<\/li>\n<li><strong>Gestion simplifi\u00e9e<\/strong> : panneau de contr\u00f4le tactile pour la gestion de tous les param\u00e8tres et les ajustements m\u00e9caniques de fa\u00e7on automatique, avec introduction et gestion des recettes avec les caract\u00e9ristiques du produit\/mat\u00e9riau.<\/li>\n<li><strong>Souplesse<\/strong> : vaste gamme de produits trait\u00e9s sans devoir effectuer d\u2019ajustements m\u00e9caniques.<\/li>\n<li id=\"gtx-trans\" style=\"position: absolute; left: -19px; top: -4.08594px;\">\n<div class=\"gtx-trans-icon\"><\/div>\n<\/li>\n<\/ul>\n","protected":false},"excerpt":{"rendered":"<h6>MACHINE AUTOMATIQUE POUR LA PLIAGE DES COUETTES\/\u00c9DREDON<\/h6>\n","protected":false},"featured_media":4173,"template":"","meta":{"_acf_changed":false},"product_cat":[102,106],"product_tag":[324],"class_list":{"0":"post-4887","1":"product","2":"type-product","3":"status-publish","4":"has-post-thumbnail","6":"product_cat-emballage","7":"product_cat-ligne-couettes-edredon","8":"product_tag-edredon","10":"first","11":"instock","12":"shipping-taxable","13":"product-type-simple"},"acf":[],"yoast_head":"<!-- This site is optimized with the Yoast SEO plugin v24.2 - https:\/\/yoast.com\/wordpress\/plugins\/seo\/ -->\n<title>MACHINE AUTOMATIQUE POUR LA PLIAGE DES COUETTES\/\u00c9DREDON EF-500 EASY FOLD - Brighi Group<\/title>\n<meta name=\"description\" content=\"Machine automatique pour plier les quilts jusqu&#039;aux mod\u00e8les King, bas\u00e9e sur diff\u00e9rents motifs s\u00e9lectionnables depuis l&#039;\u00e9cran tactile.\" \/>\n<meta name=\"robots\" content=\"index, follow, max-snippet:-1, max-image-preview:large, max-video-preview:-1\" \/>\n<link rel=\"canonical\" href=\"https:\/\/www.brighigroup.com\/fr\/machine\/ef-500-easy-fold\/\" \/>\n<meta property=\"og:locale\" content=\"fr_FR\" \/>\n<meta property=\"og:type\" content=\"article\" \/>\n<meta property=\"og:title\" content=\"MACHINE AUTOMATIQUE POUR LA PLIAGE DES COUETTES\/\u00c9DREDON EF-500 EASY FOLD - Brighi Group\" \/>\n<meta property=\"og:description\" content=\"Machine automatique pour plier les quilts jusqu&#039;aux mod\u00e8les King, bas\u00e9e sur diff\u00e9rents motifs s\u00e9lectionnables depuis l&#039;\u00e9cran tactile.\" \/>\n<meta property=\"og:url\" content=\"https:\/\/www.brighigroup.com\/fr\/machine\/ef-500-easy-fold\/\" \/>\n<meta property=\"og:site_name\" content=\"Brighi Group\" \/>\n<meta property=\"article:modified_time\" content=\"2025-01-27T08:20:06+00:00\" \/>\n<meta property=\"og:image\" content=\"https:\/\/www.brighigroup.com\/wp-content\/uploads\/2021\/11\/EF-500-EASY-FOLD.jpg\" \/>\n\t<meta property=\"og:image:width\" content=\"1920\" \/>\n\t<meta property=\"og:image:height\" content=\"1280\" \/>\n\t<meta property=\"og:image:type\" content=\"image\/jpeg\" \/>\n<meta name=\"twitter:card\" content=\"summary_large_image\" \/>\n<meta name=\"twitter:label1\" content=\"Dur\u00e9e de lecture estim\u00e9e\" \/>\n\t<meta name=\"twitter:data1\" content=\"1 minute\" \/>\n<script type=\"application\/ld+json\" class=\"yoast-schema-graph\">{\"@context\":\"https:\/\/schema.org\",\"@graph\":[{\"@type\":\"WebPage\",\"@id\":\"https:\/\/www.brighigroup.com\/fr\/machine\/ef-500-easy-fold\/\",\"url\":\"https:\/\/www.brighigroup.com\/fr\/machine\/ef-500-easy-fold\/\",\"name\":\"MACHINE AUTOMATIQUE POUR LA PLIAGE DES COUETTES\/\u00c9DREDON EF-500 EASY FOLD - Brighi Group\",\"isPartOf\":{\"@id\":\"https:\/\/www.brighigroup.com\/fr\/#website\"},\"primaryImageOfPage\":{\"@id\":\"https:\/\/www.brighigroup.com\/fr\/machine\/ef-500-easy-fold\/#primaryimage\"},\"image\":{\"@id\":\"https:\/\/www.brighigroup.com\/fr\/machine\/ef-500-easy-fold\/#primaryimage\"},\"thumbnailUrl\":\"https:\/\/www.brighigroup.com\/wp-content\/uploads\/2021\/11\/EF-500-EASY-FOLD.jpg\",\"datePublished\":\"2021-11-30T09:56:24+00:00\",\"dateModified\":\"2025-01-27T08:20:06+00:00\",\"description\":\"Machine automatique pour plier les quilts jusqu'aux mod\u00e8les King, bas\u00e9e sur diff\u00e9rents motifs s\u00e9lectionnables depuis l'\u00e9cran tactile.\",\"breadcrumb\":{\"@id\":\"https:\/\/www.brighigroup.com\/fr\/machine\/ef-500-easy-fold\/#breadcrumb\"},\"inLanguage\":\"fr-FR\",\"potentialAction\":[{\"@type\":\"ReadAction\",\"target\":[\"https:\/\/www.brighigroup.com\/fr\/machine\/ef-500-easy-fold\/\"]}]},{\"@type\":\"ImageObject\",\"inLanguage\":\"fr-FR\",\"@id\":\"https:\/\/www.brighigroup.com\/fr\/machine\/ef-500-easy-fold\/#primaryimage\",\"url\":\"https:\/\/www.brighigroup.com\/wp-content\/uploads\/2021\/11\/EF-500-EASY-FOLD.jpg\",\"contentUrl\":\"https:\/\/www.brighigroup.com\/wp-content\/uploads\/2021\/11\/EF-500-EASY-FOLD.jpg\",\"width\":1920,\"height\":1280},{\"@type\":\"BreadcrumbList\",\"@id\":\"https:\/\/www.brighigroup.com\/fr\/machine\/ef-500-easy-fold\/#breadcrumb\",\"itemListElement\":[{\"@type\":\"ListItem\",\"position\":1,\"name\":\"Machines\",\"item\":\"https:\/\/www.brighigroup.com\/fr\/machines\/\"},{\"@type\":\"ListItem\",\"position\":2,\"name\":\"EF-500 EASY FOLD\"}]},{\"@type\":\"WebSite\",\"@id\":\"https:\/\/www.brighigroup.com\/fr\/#website\",\"url\":\"https:\/\/www.brighigroup.com\/fr\/\",\"name\":\"Brighi Group\",\"description\":\"Home textile e di prodotti imbottiti per il design d&#039;arredo tramandando l&#039;innovazione come cultura d&#039;impresa.\",\"potentialAction\":[{\"@type\":\"SearchAction\",\"target\":{\"@type\":\"EntryPoint\",\"urlTemplate\":\"https:\/\/www.brighigroup.com\/fr\/?s={search_term_string}\"},\"query-input\":{\"@type\":\"PropertyValueSpecification\",\"valueRequired\":true,\"valueName\":\"search_term_string\"}}],\"inLanguage\":\"fr-FR\"}]}<\/script>\n<!-- \/ Yoast SEO plugin. -->","yoast_head_json":{"title":"MACHINE AUTOMATIQUE POUR LA PLIAGE DES COUETTES\/\u00c9DREDON EF-500 EASY FOLD - Brighi Group","description":"Machine automatique pour plier les quilts jusqu'aux mod\u00e8les King, bas\u00e9e sur diff\u00e9rents motifs s\u00e9lectionnables depuis l'\u00e9cran tactile.","robots":{"index":"index","follow":"follow","max-snippet":"max-snippet:-1","max-image-preview":"max-image-preview:large","max-video-preview":"max-video-preview:-1"},"canonical":"https:\/\/www.brighigroup.com\/fr\/machine\/ef-500-easy-fold\/","og_locale":"fr_FR","og_type":"article","og_title":"MACHINE AUTOMATIQUE POUR LA PLIAGE DES COUETTES\/\u00c9DREDON EF-500 EASY FOLD - Brighi Group","og_description":"Machine automatique pour plier les quilts jusqu'aux mod\u00e8les King, bas\u00e9e sur diff\u00e9rents motifs s\u00e9lectionnables depuis l'\u00e9cran tactile.","og_url":"https:\/\/www.brighigroup.com\/fr\/machine\/ef-500-easy-fold\/","og_site_name":"Brighi Group","article_modified_time":"2025-01-27T08:20:06+00:00","og_image":[{"width":1920,"height":1280,"url":"https:\/\/www.brighigroup.com\/wp-content\/uploads\/2021\/11\/EF-500-EASY-FOLD.jpg","type":"image\/jpeg"}],"twitter_card":"summary_large_image","twitter_misc":{"Dur\u00e9e de lecture estim\u00e9e":"1 minute"},"schema":{"@context":"https:\/\/schema.org","@graph":[{"@type":"WebPage","@id":"https:\/\/www.brighigroup.com\/fr\/machine\/ef-500-easy-fold\/","url":"https:\/\/www.brighigroup.com\/fr\/machine\/ef-500-easy-fold\/","name":"MACHINE AUTOMATIQUE POUR LA PLIAGE DES COUETTES\/\u00c9DREDON EF-500 EASY FOLD - Brighi Group","isPartOf":{"@id":"https:\/\/www.brighigroup.com\/fr\/#website"},"primaryImageOfPage":{"@id":"https:\/\/www.brighigroup.com\/fr\/machine\/ef-500-easy-fold\/#primaryimage"},"image":{"@id":"https:\/\/www.brighigroup.com\/fr\/machine\/ef-500-easy-fold\/#primaryimage"},"thumbnailUrl":"https:\/\/www.brighigroup.com\/wp-content\/uploads\/2021\/11\/EF-500-EASY-FOLD.jpg","datePublished":"2021-11-30T09:56:24+00:00","dateModified":"2025-01-27T08:20:06+00:00","description":"Machine automatique pour plier les quilts jusqu'aux mod\u00e8les King, bas\u00e9e sur diff\u00e9rents motifs s\u00e9lectionnables depuis l'\u00e9cran tactile.","breadcrumb":{"@id":"https:\/\/www.brighigroup.com\/fr\/machine\/ef-500-easy-fold\/#breadcrumb"},"inLanguage":"fr-FR","potentialAction":[{"@type":"ReadAction","target":["https:\/\/www.brighigroup.com\/fr\/machine\/ef-500-easy-fold\/"]}]},{"@type":"ImageObject","inLanguage":"fr-FR","@id":"https:\/\/www.brighigroup.com\/fr\/machine\/ef-500-easy-fold\/#primaryimage","url":"https:\/\/www.brighigroup.com\/wp-content\/uploads\/2021\/11\/EF-500-EASY-FOLD.jpg","contentUrl":"https:\/\/www.brighigroup.com\/wp-content\/uploads\/2021\/11\/EF-500-EASY-FOLD.jpg","width":1920,"height":1280},{"@type":"BreadcrumbList","@id":"https:\/\/www.brighigroup.com\/fr\/machine\/ef-500-easy-fold\/#breadcrumb","itemListElement":[{"@type":"ListItem","position":1,"name":"Machines","item":"https:\/\/www.brighigroup.com\/fr\/machines\/"},{"@type":"ListItem","position":2,"name":"EF-500 EASY FOLD"}]},{"@type":"WebSite","@id":"https:\/\/www.brighigroup.com\/fr\/#website","url":"https:\/\/www.brighigroup.com\/fr\/","name":"Brighi Group","description":"Home textile e di prodotti imbottiti per il design d&#039;arredo tramandando l&#039;innovazione come cultura d&#039;impresa.","potentialAction":[{"@type":"SearchAction","target":{"@type":"EntryPoint","urlTemplate":"https:\/\/www.brighigroup.com\/fr\/?s={search_term_string}"},"query-input":{"@type":"PropertyValueSpecification","valueRequired":true,"valueName":"search_term_string"}}],"inLanguage":"fr-FR"}]}},"_links":{"self":[{"href":"https:\/\/www.brighigroup.com\/fr\/wp-json\/wp\/v2\/product\/4887","targetHints":{"allow":["GET"]}}],"collection":[{"href":"https:\/\/www.brighigroup.com\/fr\/wp-json\/wp\/v2\/product"}],"about":[{"href":"https:\/\/www.brighigroup.com\/fr\/wp-json\/wp\/v2\/types\/product"}],"wp:featuredmedia":[{"embeddable":true,"href":"https:\/\/www.brighigroup.com\/fr\/wp-json\/wp\/v2\/media\/4173"}],"wp:attachment":[{"href":"https:\/\/www.brighigroup.com\/fr\/wp-json\/wp\/v2\/media?parent=4887"}],"wp:term":[{"taxonomy":"product_cat","embeddable":true,"href":"https:\/\/www.brighigroup.com\/fr\/wp-json\/wp\/v2\/product_cat?post=4887"},{"taxonomy":"product_tag","embeddable":true,"href":"https:\/\/www.brighigroup.com\/fr\/wp-json\/wp\/v2\/product_tag?post=4887"}],"curies":[{"name":"wp","href":"https:\/\/api.w.org\/{rel}","templated":true}]}}