{"id":4886,"date":"2021-08-01T10:00:40","date_gmt":"2021-11-30T09:55:40","guid":{"rendered":"https:\/\/www.brighigroup.com\/macchina\/pp-100\/"},"modified":"2025-01-27T09:34:36","modified_gmt":"2025-01-27T08:34:36","slug":"pp-100","status":"publish","type":"product","link":"https:\/\/www.brighigroup.com\/fr\/machine\/pp-100\/","title":{"rendered":"PP-100"},"content":{"rendered":"<h2><strong>MACHINE AUTOMATIQUE POUR METTRE EN CARTON DES PRODUITS CONDITIONN\u00c9S<\/strong><\/h2>\n<p>Machine automatique pour <strong>mettre en carton des produits conditionn\u00e9s<\/strong>. Les emballages comprim\u00e9s qui proviennent de la machine de l\u2019emballage en amont sont pr\u00e9lev\u00e9s un par un et plac\u00e9s dans une bo\u00eete en carton ou bien dans un sac rigide ou sur ch\u00e2ssis. La machine <strong>g\u00e8re automatiquement le comptage des pi\u00e8ces \u00e0 mettre en carton<\/strong> et elle contr\u00f4le le cycle en rappelant les r\u00e9cipients vides et en d\u00e9chargeant ceux qui sont pleins automatiquement.<\/p>\n<p>&nbsp;<\/p>\n<p><iframe title=\"Automatic Box Filling Machine mod. PP-100\" width=\"800\" height=\"450\" src=\"https:\/\/www.youtube-nocookie.com\/embed\/0CEtpWVPLqo?feature=oembed\" frameborder=\"0\" allow=\"accelerometer; autoplay; clipboard-write; encrypted-media; gyroscope; picture-in-picture\" allowfullscreen><\/iframe><\/p>\n<p>&nbsp;<\/p>\n<p><strong>QUE PEUT-ON METTRE EN CARTON<\/strong><\/p>\n<p>Oreillers, coussins, coussins d\u00e9coratifs, couettes\/\u00e9dredon pli\u00e9es, lits et coussins pour chiens.<\/p>\n<p><strong>CARACT\u00c9RISTIQUES<\/strong><\/p>\n<ul>\n<li><strong>Possibilit\u00e9 de contr\u00f4le poids, impression et pose d\u2019\u00e9tiquette en ligne<\/strong> : permet de pr\u00e9parer la bo\u00eete avec les codes n\u00e9cessaires pour le processus de logistique.<\/li>\n<li><strong>Plusieurs coussins dans un carton ou sac<\/strong> : la capacit\u00e9 d&#8217;empilement multiple dans le m\u00eame carton ou sac<\/li>\n<li><strong>Gestion simplifi\u00e9e<\/strong> : panneau de contr\u00f4le tactile pour la gestion de tous les param\u00e8tres et les ajustements m\u00e9caniques de fa\u00e7on automatique, avec introduction et gestion des recettes avec les caract\u00e9ristiques du produit\/mat\u00e9riau.<\/li>\n<li><strong>Souplesse<\/strong> : vaste gamme de mat\u00e9riaux, sachets et sacs trait\u00e9s sans devoir effectuer d\u2019ajustements m\u00e9caniques.<\/li>\n<\/ul>\n<div id=\"gtx-trans\" style=\"position: absolute; left: 4px; top: -4.08594px;\">\n<div class=\"gtx-trans-icon\"><\/div>\n<\/div>\n","protected":false},"excerpt":{"rendered":"<h6>MACHINE AUTOMATIQUE POUR METTRE EN CARTON DES PRODUITS CONDITIONN\u00c9S<\/h6>\n","protected":false},"featured_media":4174,"template":"","meta":{"_acf_changed":false},"product_cat":[102,99,90,93,92,96],"product_tag":[324,308,300,304,320],"class_list":{"0":"post-4886","1":"product","2":"type-product","3":"status-publish","4":"has-post-thumbnail","6":"product_cat-emballage","7":"product_cat-lligne-coussin-moules-ou-en-chutes-de-mousse","8":"product_cat-ligne-coussins-cardes","9":"product_cat-ligne-coussins-decoratifs-dexterieur-coussins-de-chaise","10":"product_cat-ligne-coussins-souffles","11":"product_cat-lligne-remplissage-peluches-jouets-lits-animaux-rembourrages-divers","12":"product_tag-edredon","13":"product_tag-oreillers-en-mousse-et-en-latex","14":"product_tag-oreillers-et-coussins-en-fibre-cardee-roulee","15":"product_tag-oreillers-et-coussins-souffles","16":"product_tag-tapis","18":"first","19":"instock","20":"shipping-taxable","21":"product-type-simple"},"acf":[],"yoast_head":"<!-- This site is optimized with the Yoast SEO plugin v24.2 - https:\/\/yoast.com\/wordpress\/plugins\/seo\/ -->\n<title>MACHINE AUTOMATIQUE POUR METTRE EN CARTON DES PRODUITS CONDITIONN\u00c9S PP-100 - Brighi Group<\/title>\n<meta name=\"description\" content=\"Encartonneuse automatique pour produits emball\u00e9s, tels que oreillers, coussins, coussins d\u00e9coratifs, couettes pli\u00e9es, lits et niches.\" \/>\n<meta name=\"robots\" content=\"index, follow, max-snippet:-1, max-image-preview:large, max-video-preview:-1\" \/>\n<link rel=\"canonical\" href=\"https:\/\/www.brighigroup.com\/fr\/machine\/pp-100\/\" \/>\n<meta property=\"og:locale\" content=\"fr_FR\" \/>\n<meta property=\"og:type\" content=\"article\" \/>\n<meta property=\"og:title\" content=\"MACHINE AUTOMATIQUE POUR METTRE EN CARTON DES PRODUITS CONDITIONN\u00c9S PP-100 - Brighi Group\" \/>\n<meta property=\"og:description\" content=\"Encartonneuse automatique pour produits emball\u00e9s, tels que oreillers, coussins, coussins d\u00e9coratifs, couettes pli\u00e9es, lits et niches.\" \/>\n<meta property=\"og:url\" content=\"https:\/\/www.brighigroup.com\/fr\/machine\/pp-100\/\" \/>\n<meta property=\"og:site_name\" content=\"Brighi Group\" \/>\n<meta property=\"article:modified_time\" content=\"2025-01-27T08:34:36+00:00\" \/>\n<meta property=\"og:image\" content=\"https:\/\/www.brighigroup.com\/wp-content\/uploads\/2021\/11\/PP-100-1.jpg\" \/>\n\t<meta property=\"og:image:width\" content=\"1920\" \/>\n\t<meta property=\"og:image:height\" content=\"1280\" \/>\n\t<meta property=\"og:image:type\" content=\"image\/jpeg\" \/>\n<meta name=\"twitter:card\" content=\"summary_large_image\" \/>\n<meta name=\"twitter:label1\" content=\"Dur\u00e9e de lecture estim\u00e9e\" \/>\n\t<meta name=\"twitter:data1\" content=\"1 minute\" \/>\n<script type=\"application\/ld+json\" class=\"yoast-schema-graph\">{\"@context\":\"https:\/\/schema.org\",\"@graph\":[{\"@type\":\"WebPage\",\"@id\":\"https:\/\/www.brighigroup.com\/fr\/machine\/pp-100\/\",\"url\":\"https:\/\/www.brighigroup.com\/fr\/machine\/pp-100\/\",\"name\":\"MACHINE AUTOMATIQUE POUR METTRE EN CARTON DES PRODUITS CONDITIONN\u00c9S PP-100 - Brighi Group\",\"isPartOf\":{\"@id\":\"https:\/\/www.brighigroup.com\/fr\/#website\"},\"primaryImageOfPage\":{\"@id\":\"https:\/\/www.brighigroup.com\/fr\/machine\/pp-100\/#primaryimage\"},\"image\":{\"@id\":\"https:\/\/www.brighigroup.com\/fr\/machine\/pp-100\/#primaryimage\"},\"thumbnailUrl\":\"https:\/\/www.brighigroup.com\/wp-content\/uploads\/2021\/11\/PP-100-1.jpg\",\"datePublished\":\"2021-11-30T09:55:40+00:00\",\"dateModified\":\"2025-01-27T08:34:36+00:00\",\"description\":\"Encartonneuse automatique pour produits emball\u00e9s, tels que oreillers, coussins, coussins d\u00e9coratifs, couettes pli\u00e9es, lits et niches.\",\"breadcrumb\":{\"@id\":\"https:\/\/www.brighigroup.com\/fr\/machine\/pp-100\/#breadcrumb\"},\"inLanguage\":\"fr-FR\",\"potentialAction\":[{\"@type\":\"ReadAction\",\"target\":[\"https:\/\/www.brighigroup.com\/fr\/machine\/pp-100\/\"]}]},{\"@type\":\"ImageObject\",\"inLanguage\":\"fr-FR\",\"@id\":\"https:\/\/www.brighigroup.com\/fr\/machine\/pp-100\/#primaryimage\",\"url\":\"https:\/\/www.brighigroup.com\/wp-content\/uploads\/2021\/11\/PP-100-1.jpg\",\"contentUrl\":\"https:\/\/www.brighigroup.com\/wp-content\/uploads\/2021\/11\/PP-100-1.jpg\",\"width\":1920,\"height\":1280},{\"@type\":\"BreadcrumbList\",\"@id\":\"https:\/\/www.brighigroup.com\/fr\/machine\/pp-100\/#breadcrumb\",\"itemListElement\":[{\"@type\":\"ListItem\",\"position\":1,\"name\":\"Machines\",\"item\":\"https:\/\/www.brighigroup.com\/fr\/machines\/\"},{\"@type\":\"ListItem\",\"position\":2,\"name\":\"PP-100\"}]},{\"@type\":\"WebSite\",\"@id\":\"https:\/\/www.brighigroup.com\/fr\/#website\",\"url\":\"https:\/\/www.brighigroup.com\/fr\/\",\"name\":\"Brighi Group\",\"description\":\"Home textile e di prodotti imbottiti per il design d&#039;arredo tramandando l&#039;innovazione come cultura d&#039;impresa.\",\"potentialAction\":[{\"@type\":\"SearchAction\",\"target\":{\"@type\":\"EntryPoint\",\"urlTemplate\":\"https:\/\/www.brighigroup.com\/fr\/?s={search_term_string}\"},\"query-input\":{\"@type\":\"PropertyValueSpecification\",\"valueRequired\":true,\"valueName\":\"search_term_string\"}}],\"inLanguage\":\"fr-FR\"}]}<\/script>\n<!-- \/ Yoast SEO plugin. -->","yoast_head_json":{"title":"MACHINE AUTOMATIQUE POUR METTRE EN CARTON DES PRODUITS CONDITIONN\u00c9S PP-100 - Brighi Group","description":"Encartonneuse automatique pour produits emball\u00e9s, tels que oreillers, coussins, coussins d\u00e9coratifs, couettes pli\u00e9es, lits et niches.","robots":{"index":"index","follow":"follow","max-snippet":"max-snippet:-1","max-image-preview":"max-image-preview:large","max-video-preview":"max-video-preview:-1"},"canonical":"https:\/\/www.brighigroup.com\/fr\/machine\/pp-100\/","og_locale":"fr_FR","og_type":"article","og_title":"MACHINE AUTOMATIQUE POUR METTRE EN CARTON DES PRODUITS CONDITIONN\u00c9S PP-100 - Brighi Group","og_description":"Encartonneuse automatique pour produits emball\u00e9s, tels que oreillers, coussins, coussins d\u00e9coratifs, couettes pli\u00e9es, lits et niches.","og_url":"https:\/\/www.brighigroup.com\/fr\/machine\/pp-100\/","og_site_name":"Brighi Group","article_modified_time":"2025-01-27T08:34:36+00:00","og_image":[{"width":1920,"height":1280,"url":"https:\/\/www.brighigroup.com\/wp-content\/uploads\/2021\/11\/PP-100-1.jpg","type":"image\/jpeg"}],"twitter_card":"summary_large_image","twitter_misc":{"Dur\u00e9e de lecture estim\u00e9e":"1 minute"},"schema":{"@context":"https:\/\/schema.org","@graph":[{"@type":"WebPage","@id":"https:\/\/www.brighigroup.com\/fr\/machine\/pp-100\/","url":"https:\/\/www.brighigroup.com\/fr\/machine\/pp-100\/","name":"MACHINE AUTOMATIQUE POUR METTRE EN CARTON DES PRODUITS CONDITIONN\u00c9S PP-100 - Brighi Group","isPartOf":{"@id":"https:\/\/www.brighigroup.com\/fr\/#website"},"primaryImageOfPage":{"@id":"https:\/\/www.brighigroup.com\/fr\/machine\/pp-100\/#primaryimage"},"image":{"@id":"https:\/\/www.brighigroup.com\/fr\/machine\/pp-100\/#primaryimage"},"thumbnailUrl":"https:\/\/www.brighigroup.com\/wp-content\/uploads\/2021\/11\/PP-100-1.jpg","datePublished":"2021-11-30T09:55:40+00:00","dateModified":"2025-01-27T08:34:36+00:00","description":"Encartonneuse automatique pour produits emball\u00e9s, tels que oreillers, coussins, coussins d\u00e9coratifs, couettes pli\u00e9es, lits et niches.","breadcrumb":{"@id":"https:\/\/www.brighigroup.com\/fr\/machine\/pp-100\/#breadcrumb"},"inLanguage":"fr-FR","potentialAction":[{"@type":"ReadAction","target":["https:\/\/www.brighigroup.com\/fr\/machine\/pp-100\/"]}]},{"@type":"ImageObject","inLanguage":"fr-FR","@id":"https:\/\/www.brighigroup.com\/fr\/machine\/pp-100\/#primaryimage","url":"https:\/\/www.brighigroup.com\/wp-content\/uploads\/2021\/11\/PP-100-1.jpg","contentUrl":"https:\/\/www.brighigroup.com\/wp-content\/uploads\/2021\/11\/PP-100-1.jpg","width":1920,"height":1280},{"@type":"BreadcrumbList","@id":"https:\/\/www.brighigroup.com\/fr\/machine\/pp-100\/#breadcrumb","itemListElement":[{"@type":"ListItem","position":1,"name":"Machines","item":"https:\/\/www.brighigroup.com\/fr\/machines\/"},{"@type":"ListItem","position":2,"name":"PP-100"}]},{"@type":"WebSite","@id":"https:\/\/www.brighigroup.com\/fr\/#website","url":"https:\/\/www.brighigroup.com\/fr\/","name":"Brighi Group","description":"Home textile e di prodotti imbottiti per il design d&#039;arredo tramandando l&#039;innovazione come cultura d&#039;impresa.","potentialAction":[{"@type":"SearchAction","target":{"@type":"EntryPoint","urlTemplate":"https:\/\/www.brighigroup.com\/fr\/?s={search_term_string}"},"query-input":{"@type":"PropertyValueSpecification","valueRequired":true,"valueName":"search_term_string"}}],"inLanguage":"fr-FR"}]}},"_links":{"self":[{"href":"https:\/\/www.brighigroup.com\/fr\/wp-json\/wp\/v2\/product\/4886","targetHints":{"allow":["GET"]}}],"collection":[{"href":"https:\/\/www.brighigroup.com\/fr\/wp-json\/wp\/v2\/product"}],"about":[{"href":"https:\/\/www.brighigroup.com\/fr\/wp-json\/wp\/v2\/types\/product"}],"wp:featuredmedia":[{"embeddable":true,"href":"https:\/\/www.brighigroup.com\/fr\/wp-json\/wp\/v2\/media\/4174"}],"wp:attachment":[{"href":"https:\/\/www.brighigroup.com\/fr\/wp-json\/wp\/v2\/media?parent=4886"}],"wp:term":[{"taxonomy":"product_cat","embeddable":true,"href":"https:\/\/www.brighigroup.com\/fr\/wp-json\/wp\/v2\/product_cat?post=4886"},{"taxonomy":"product_tag","embeddable":true,"href":"https:\/\/www.brighigroup.com\/fr\/wp-json\/wp\/v2\/product_tag?post=4886"}],"curies":[{"name":"wp","href":"https:\/\/api.w.org\/{rel}","templated":true}]}}