{"id":4884,"date":"2022-03-01T11:00:20","date_gmt":"2021-11-30T09:54:20","guid":{"rendered":"https:\/\/www.brighigroup.com\/macchina\/mp-400-2\/"},"modified":"2025-01-30T09:33:21","modified_gmt":"2025-01-30T08:33:21","slug":"mp-400","status":"publish","type":"product","link":"https:\/\/www.brighigroup.com\/fr\/machine\/mp-400\/","title":{"rendered":"MP-400"},"content":{"rendered":"<h2><strong>MACHINE SEMI-AUTOMATIQUE POUR EMPILER (2 ARTICLES OU PLUS)<\/strong><\/h2>\n<p>Permet d\u2019<strong>empiler coussins et couettes\/\u00e9dredon<\/strong> (m\u00eame si d\u00e9j\u00e0 ensach\u00e9s) pour l\u2019<strong>ensachage multiple<\/strong>. La machine est aliment\u00e9e gr\u00e2ce \u00e0 un convoyeur et les articles sont empil\u00e9s en suivant la recette d\u00e9sir\u00e9e qui peut \u00eatre saisie, modifi\u00e9e et sauvegard\u00e9e avec le panneau tactile sur la machine. Les deux zones d\u2019empilage et compression ont des dispositifs de centrage afin d&rsquo;assurer que <strong>les articles restent bien align\u00e9s<\/strong> durant les deux op\u00e9rations et le transfert dans le sachet.<\/p>\n<p>Une fois pr\u00e9par\u00e9e, la pile de coussins ou couettes\/\u00e9dredon traverse le <strong>tunnel de compression pour l&rsquo;introduction du sachet<\/strong>. Le compl\u00e9ment parfait de la machine est le groupe de compression et thermoscellage mod. <a href=\"https:\/\/www.brighigroup.com\/fr\/machine\/lf-100\/\">LF-100<\/a> pour terminer le paquet avec une compression suppl\u00e9mentaire et un scellage d\u2019\u00e9tanch\u00e9it\u00e9 afin de r\u00e9duire davantage le volume.<\/p>\n<p>&nbsp;<\/p>\n<p><iframe title=\"Quilt Stacking and Pressing Machine mod. MP-400\" width=\"800\" height=\"450\" src=\"https:\/\/www.youtube-nocookie.com\/embed\/NCku5C4YXI4?feature=oembed\" frameborder=\"0\" allow=\"accelerometer; autoplay; clipboard-write; encrypted-media; gyroscope; picture-in-picture\" allowfullscreen><\/iframe><\/p>\n<p><iframe title=\"Semi-automatic Stacking Machine mod. MP-400\" width=\"800\" height=\"450\" src=\"https:\/\/www.youtube-nocookie.com\/embed\/7E5H7LyFFxI?feature=oembed\" frameborder=\"0\" allow=\"accelerometer; autoplay; clipboard-write; encrypted-media; gyroscope; picture-in-picture\" allowfullscreen><\/iframe><\/p>\n<p><strong>QUE PEUT-ON EMPILER<\/strong><\/p>\n<p>Oreillers, coussins, coussins d\u00e9coratifs, couettes\/\u00e9dredon pli\u00e9es<\/p>\n<p><strong>CARACT\u00c9RISTIQUES<\/strong><\/p>\n<ul>\n<li><strong>Un seul op\u00e9rateur <\/strong>intervient durant le processus.<\/li>\n<li><strong>R\u00e9duction des espaces de stockage et transport<\/strong> : la capacit\u00e9 d\u2019empilage multiple offre l\u2019avantage d\u2019\u00e9conomiser de la place pour le stockage et le transport.<\/li>\n<li><strong>Pr\u00e9cision<\/strong> d\u2019alignement des produits.<\/li>\n<li><strong>Gestion simplifi\u00e9e<\/strong> : panneau de contr\u00f4le tactile pour la gestion de tous les param\u00e8tres et les ajustements m\u00e9caniques de fa\u00e7on automatique, avec introduction et gestion des recettes avec les caract\u00e9ristiques du produit\/mat\u00e9riau.<\/li>\n<li><strong>Souplesse<\/strong> : vaste gamme de mat\u00e9riaux trait\u00e9s sans devoir effectuer d\u2019ajustements m\u00e9caniques.<\/li>\n<li><strong>Tous les mat\u00e9riaux de remplissage<\/strong> : aucune restriction sur le type de rembourrage des coussins.<\/li>\n<\/ul>\n<div id=\"gtx-trans\" style=\"position: absolute; left: 483px; top: 124.414px;\">\n<div class=\"gtx-trans-icon\"><\/div>\n<\/div>\n","protected":false},"excerpt":{"rendered":"<h6>MACHINE SEMI-AUTOMATIQUE POUR EMPILER (2 ARTICLES OU PLUS)<\/h6>\n<p>&nbsp;<\/p>\n<div id=\"gtx-trans\" style=\"position: absolute; left: -41px; top: -4.08594px;\">\n<div class=\"gtx-trans-icon\"><\/div>\n<\/div>\n","protected":false},"featured_media":4277,"template":"","meta":{"_acf_changed":false},"product_cat":[102,106,99,90,93,92,96],"product_tag":[324,308,300,304,320],"class_list":{"0":"post-4884","1":"product","2":"type-product","3":"status-publish","4":"has-post-thumbnail","6":"product_cat-emballage","7":"product_cat-ligne-couettes-edredon","8":"product_cat-lligne-coussin-moules-ou-en-chutes-de-mousse","9":"product_cat-ligne-coussins-cardes","10":"product_cat-ligne-coussins-decoratifs-dexterieur-coussins-de-chaise","11":"product_cat-ligne-coussins-souffles","12":"product_cat-lligne-remplissage-peluches-jouets-lits-animaux-rembourrages-divers","13":"product_tag-edredon","14":"product_tag-oreillers-en-mousse-et-en-latex","15":"product_tag-oreillers-et-coussins-en-fibre-cardee-roulee","16":"product_tag-oreillers-et-coussins-souffles","17":"product_tag-tapis","19":"first","20":"instock","21":"shipping-taxable","22":"product-type-simple"},"acf":[],"yoast_head":"<!-- This site is optimized with the Yoast SEO plugin v24.2 - https:\/\/yoast.com\/wordpress\/plugins\/seo\/ -->\n<title>MACHINE SEMI-AUTOMATIQUE POUR EMPILER (2 ARTICLES OU PLUS) MP-400 - Brighi Group<\/title>\n<meta name=\"description\" content=\"Machine semi-automatique pour empiler des oreillers et des couettes (\u00e9galement d\u00e9j\u00e0 emball\u00e9s) pour l&#039;ensachage multiple cons\u00e9quent\" \/>\n<meta name=\"robots\" content=\"index, follow, max-snippet:-1, max-image-preview:large, max-video-preview:-1\" \/>\n<link rel=\"canonical\" href=\"https:\/\/www.brighigroup.com\/fr\/machine\/mp-400\/\" \/>\n<meta property=\"og:locale\" content=\"fr_FR\" \/>\n<meta property=\"og:type\" content=\"article\" \/>\n<meta property=\"og:title\" content=\"MACHINE SEMI-AUTOMATIQUE POUR EMPILER (2 ARTICLES OU PLUS) MP-400 - Brighi Group\" \/>\n<meta property=\"og:description\" content=\"Machine semi-automatique pour empiler des oreillers et des couettes (\u00e9galement d\u00e9j\u00e0 emball\u00e9s) pour l&#039;ensachage multiple cons\u00e9quent\" \/>\n<meta property=\"og:url\" content=\"https:\/\/www.brighigroup.com\/fr\/machine\/mp-400\/\" \/>\n<meta property=\"og:site_name\" content=\"Brighi Group\" \/>\n<meta property=\"article:modified_time\" content=\"2025-01-30T08:33:21+00:00\" \/>\n<meta property=\"og:image\" content=\"https:\/\/www.brighigroup.com\/wp-content\/uploads\/2021\/11\/MP-400_02.jpg\" \/>\n\t<meta property=\"og:image:width\" content=\"1920\" \/>\n\t<meta property=\"og:image:height\" content=\"1280\" \/>\n\t<meta property=\"og:image:type\" content=\"image\/jpeg\" \/>\n<meta name=\"twitter:card\" content=\"summary_large_image\" \/>\n<meta name=\"twitter:label1\" content=\"Dur\u00e9e de lecture estim\u00e9e\" \/>\n\t<meta name=\"twitter:data1\" content=\"1 minute\" \/>\n<script type=\"application\/ld+json\" class=\"yoast-schema-graph\">{\"@context\":\"https:\/\/schema.org\",\"@graph\":[{\"@type\":\"WebPage\",\"@id\":\"https:\/\/www.brighigroup.com\/fr\/machine\/mp-400\/\",\"url\":\"https:\/\/www.brighigroup.com\/fr\/machine\/mp-400\/\",\"name\":\"MACHINE SEMI-AUTOMATIQUE POUR EMPILER (2 ARTICLES OU PLUS) MP-400 - Brighi Group\",\"isPartOf\":{\"@id\":\"https:\/\/www.brighigroup.com\/fr\/#website\"},\"primaryImageOfPage\":{\"@id\":\"https:\/\/www.brighigroup.com\/fr\/machine\/mp-400\/#primaryimage\"},\"image\":{\"@id\":\"https:\/\/www.brighigroup.com\/fr\/machine\/mp-400\/#primaryimage\"},\"thumbnailUrl\":\"https:\/\/www.brighigroup.com\/wp-content\/uploads\/2021\/11\/MP-400_02.jpg\",\"datePublished\":\"2021-11-30T09:54:20+00:00\",\"dateModified\":\"2025-01-30T08:33:21+00:00\",\"description\":\"Machine semi-automatique pour empiler des oreillers et des couettes (\u00e9galement d\u00e9j\u00e0 emball\u00e9s) pour l'ensachage multiple cons\u00e9quent\",\"breadcrumb\":{\"@id\":\"https:\/\/www.brighigroup.com\/fr\/machine\/mp-400\/#breadcrumb\"},\"inLanguage\":\"fr-FR\",\"potentialAction\":[{\"@type\":\"ReadAction\",\"target\":[\"https:\/\/www.brighigroup.com\/fr\/machine\/mp-400\/\"]}]},{\"@type\":\"ImageObject\",\"inLanguage\":\"fr-FR\",\"@id\":\"https:\/\/www.brighigroup.com\/fr\/machine\/mp-400\/#primaryimage\",\"url\":\"https:\/\/www.brighigroup.com\/wp-content\/uploads\/2021\/11\/MP-400_02.jpg\",\"contentUrl\":\"https:\/\/www.brighigroup.com\/wp-content\/uploads\/2021\/11\/MP-400_02.jpg\",\"width\":1920,\"height\":1280},{\"@type\":\"BreadcrumbList\",\"@id\":\"https:\/\/www.brighigroup.com\/fr\/machine\/mp-400\/#breadcrumb\",\"itemListElement\":[{\"@type\":\"ListItem\",\"position\":1,\"name\":\"Machines\",\"item\":\"https:\/\/www.brighigroup.com\/fr\/machines\/\"},{\"@type\":\"ListItem\",\"position\":2,\"name\":\"MP-400\"}]},{\"@type\":\"WebSite\",\"@id\":\"https:\/\/www.brighigroup.com\/fr\/#website\",\"url\":\"https:\/\/www.brighigroup.com\/fr\/\",\"name\":\"Brighi Group\",\"description\":\"Home textile e di prodotti imbottiti per il design d&#039;arredo tramandando l&#039;innovazione come cultura d&#039;impresa.\",\"potentialAction\":[{\"@type\":\"SearchAction\",\"target\":{\"@type\":\"EntryPoint\",\"urlTemplate\":\"https:\/\/www.brighigroup.com\/fr\/?s={search_term_string}\"},\"query-input\":{\"@type\":\"PropertyValueSpecification\",\"valueRequired\":true,\"valueName\":\"search_term_string\"}}],\"inLanguage\":\"fr-FR\"}]}<\/script>\n<!-- \/ Yoast SEO plugin. -->","yoast_head_json":{"title":"MACHINE SEMI-AUTOMATIQUE POUR EMPILER (2 ARTICLES OU PLUS) MP-400 - Brighi Group","description":"Machine semi-automatique pour empiler des oreillers et des couettes (\u00e9galement d\u00e9j\u00e0 emball\u00e9s) pour l'ensachage multiple cons\u00e9quent","robots":{"index":"index","follow":"follow","max-snippet":"max-snippet:-1","max-image-preview":"max-image-preview:large","max-video-preview":"max-video-preview:-1"},"canonical":"https:\/\/www.brighigroup.com\/fr\/machine\/mp-400\/","og_locale":"fr_FR","og_type":"article","og_title":"MACHINE SEMI-AUTOMATIQUE POUR EMPILER (2 ARTICLES OU PLUS) MP-400 - Brighi Group","og_description":"Machine semi-automatique pour empiler des oreillers et des couettes (\u00e9galement d\u00e9j\u00e0 emball\u00e9s) pour l'ensachage multiple cons\u00e9quent","og_url":"https:\/\/www.brighigroup.com\/fr\/machine\/mp-400\/","og_site_name":"Brighi Group","article_modified_time":"2025-01-30T08:33:21+00:00","og_image":[{"width":1920,"height":1280,"url":"https:\/\/www.brighigroup.com\/wp-content\/uploads\/2021\/11\/MP-400_02.jpg","type":"image\/jpeg"}],"twitter_card":"summary_large_image","twitter_misc":{"Dur\u00e9e de lecture estim\u00e9e":"1 minute"},"schema":{"@context":"https:\/\/schema.org","@graph":[{"@type":"WebPage","@id":"https:\/\/www.brighigroup.com\/fr\/machine\/mp-400\/","url":"https:\/\/www.brighigroup.com\/fr\/machine\/mp-400\/","name":"MACHINE SEMI-AUTOMATIQUE POUR EMPILER (2 ARTICLES OU PLUS) MP-400 - Brighi Group","isPartOf":{"@id":"https:\/\/www.brighigroup.com\/fr\/#website"},"primaryImageOfPage":{"@id":"https:\/\/www.brighigroup.com\/fr\/machine\/mp-400\/#primaryimage"},"image":{"@id":"https:\/\/www.brighigroup.com\/fr\/machine\/mp-400\/#primaryimage"},"thumbnailUrl":"https:\/\/www.brighigroup.com\/wp-content\/uploads\/2021\/11\/MP-400_02.jpg","datePublished":"2021-11-30T09:54:20+00:00","dateModified":"2025-01-30T08:33:21+00:00","description":"Machine semi-automatique pour empiler des oreillers et des couettes (\u00e9galement d\u00e9j\u00e0 emball\u00e9s) pour l'ensachage multiple cons\u00e9quent","breadcrumb":{"@id":"https:\/\/www.brighigroup.com\/fr\/machine\/mp-400\/#breadcrumb"},"inLanguage":"fr-FR","potentialAction":[{"@type":"ReadAction","target":["https:\/\/www.brighigroup.com\/fr\/machine\/mp-400\/"]}]},{"@type":"ImageObject","inLanguage":"fr-FR","@id":"https:\/\/www.brighigroup.com\/fr\/machine\/mp-400\/#primaryimage","url":"https:\/\/www.brighigroup.com\/wp-content\/uploads\/2021\/11\/MP-400_02.jpg","contentUrl":"https:\/\/www.brighigroup.com\/wp-content\/uploads\/2021\/11\/MP-400_02.jpg","width":1920,"height":1280},{"@type":"BreadcrumbList","@id":"https:\/\/www.brighigroup.com\/fr\/machine\/mp-400\/#breadcrumb","itemListElement":[{"@type":"ListItem","position":1,"name":"Machines","item":"https:\/\/www.brighigroup.com\/fr\/machines\/"},{"@type":"ListItem","position":2,"name":"MP-400"}]},{"@type":"WebSite","@id":"https:\/\/www.brighigroup.com\/fr\/#website","url":"https:\/\/www.brighigroup.com\/fr\/","name":"Brighi Group","description":"Home textile e di prodotti imbottiti per il design d&#039;arredo tramandando l&#039;innovazione come cultura d&#039;impresa.","potentialAction":[{"@type":"SearchAction","target":{"@type":"EntryPoint","urlTemplate":"https:\/\/www.brighigroup.com\/fr\/?s={search_term_string}"},"query-input":{"@type":"PropertyValueSpecification","valueRequired":true,"valueName":"search_term_string"}}],"inLanguage":"fr-FR"}]}},"_links":{"self":[{"href":"https:\/\/www.brighigroup.com\/fr\/wp-json\/wp\/v2\/product\/4884","targetHints":{"allow":["GET"]}}],"collection":[{"href":"https:\/\/www.brighigroup.com\/fr\/wp-json\/wp\/v2\/product"}],"about":[{"href":"https:\/\/www.brighigroup.com\/fr\/wp-json\/wp\/v2\/types\/product"}],"wp:featuredmedia":[{"embeddable":true,"href":"https:\/\/www.brighigroup.com\/fr\/wp-json\/wp\/v2\/media\/4277"}],"wp:attachment":[{"href":"https:\/\/www.brighigroup.com\/fr\/wp-json\/wp\/v2\/media?parent=4884"}],"wp:term":[{"taxonomy":"product_cat","embeddable":true,"href":"https:\/\/www.brighigroup.com\/fr\/wp-json\/wp\/v2\/product_cat?post=4884"},{"taxonomy":"product_tag","embeddable":true,"href":"https:\/\/www.brighigroup.com\/fr\/wp-json\/wp\/v2\/product_tag?post=4884"}],"curies":[{"name":"wp","href":"https:\/\/api.w.org\/{rel}","templated":true}]}}