{"id":4883,"date":"2022-03-01T10:00:11","date_gmt":"2021-11-30T09:54:11","guid":{"rendered":"https:\/\/www.brighigroup.com\/macchina\/mp-200\/"},"modified":"2025-01-27T09:28:11","modified_gmt":"2025-01-27T08:28:11","slug":"mp-200","status":"publish","type":"product","link":"https:\/\/www.brighigroup.com\/fr\/machine\/mp-200\/","title":{"rendered":"MP-200"},"content":{"rendered":"<h2><strong>MACHINE AUTOMATIQUE POUR L&rsquo;EMPILAGE DOUBLE<\/strong><\/h2>\n<p>Dispositif \u00e0 installer avant une <a href=\"https:\/\/www.brighigroup.com\/fr\/categorie\/emballage\/\">machine pour l\u2019emballage<\/a> afin d&rsquo;<strong>empiler automatiquement deux coussins<\/strong> pour ensuite les ensacher ensemble. La machine est dot\u00e9e de deux entr\u00e9es superpos\u00e9es pour les deux coussins qui entrent un \u00e0 la fois pour ensuite \u00eatre <strong>empil\u00e9s parfaitement align\u00e9s<\/strong> et transf\u00e9r\u00e9s dans la zone d\u2019ensachage pour l\u2019emballage double.<\/p>\n<p>&nbsp;<\/p>\n<p><iframe title=\"Automatic Stacking Machine (2 Pieces) mod. MP-200\" width=\"800\" height=\"450\" src=\"https:\/\/www.youtube-nocookie.com\/embed\/8aKTmoZhhko?feature=oembed\" frameborder=\"0\" allow=\"accelerometer; autoplay; clipboard-write; encrypted-media; gyroscope; picture-in-picture\" allowfullscreen><\/iframe><\/p>\n<p>&nbsp;<\/p>\n<p><strong>QUE PEUT-ON EMPILER<\/strong><\/p>\n<p>Oreillers, coussins, duvets pli\u00e9s, v\u00eatements, lits et coussins pour chiens empil\u00e9s, etc<\/p>\n<p><strong>CARACTERISTIQUES<\/strong><\/p>\n<ul>\n<li><strong>Aucun op\u00e9rateur<\/strong> n\u2019intervient durant le processus.<\/li>\n<li><strong>Pr\u00e9cision d&rsquo;alignement<\/strong> des deux coussins.<\/li>\n<li><strong>Facilit\u00e9 et optimisation du processus<\/strong> : l&#8217;emballage double est tr\u00e8s demand\u00e9 sur le march\u00e9.<\/li>\n<li><strong>Tous les mat\u00e9riaux de remplissage<\/strong> : aucune restriction sur le type de rembourrage des coussins.<\/li>\n<li><strong>Gestion simplifi\u00e9e<\/strong> : panneau de contr\u00f4le tactile pour la gestion de tous les param\u00e8tres et les ajustements m\u00e9caniques de fa\u00e7on automatique, avec introduction et gestion des recettes avec les caract\u00e9ristiques du produit\/mat\u00e9riau.<\/li>\n<li><strong>Souplesse<\/strong> : vaste gamme de mat\u00e9riaux trait\u00e9s sans devoir effectuer d\u2019ajustements m\u00e9caniques.<\/li>\n<li id=\"gtx-trans\" style=\"position: absolute; left: -8px; top: -4.08594px;\">\n<div class=\"gtx-trans-icon\"><\/div>\n<\/li>\n<\/ul>\n","protected":false},"excerpt":{"rendered":"<h6>MACHINE AUTOMATIQUE POUR EMPILER JUSQU\u2019\u00c0 DEUX COUSSINS<\/h6>\n","protected":false},"featured_media":4177,"template":"","meta":{"_acf_changed":false},"product_cat":[102,99,90,93,92,96],"product_tag":[324,308,300,304,320],"class_list":{"0":"post-4883","1":"product","2":"type-product","3":"status-publish","4":"has-post-thumbnail","6":"product_cat-emballage","7":"product_cat-lligne-coussin-moules-ou-en-chutes-de-mousse","8":"product_cat-ligne-coussins-cardes","9":"product_cat-ligne-coussins-decoratifs-dexterieur-coussins-de-chaise","10":"product_cat-ligne-coussins-souffles","11":"product_cat-lligne-remplissage-peluches-jouets-lits-animaux-rembourrages-divers","12":"product_tag-edredon","13":"product_tag-oreillers-en-mousse-et-en-latex","14":"product_tag-oreillers-et-coussins-en-fibre-cardee-roulee","15":"product_tag-oreillers-et-coussins-souffles","16":"product_tag-tapis","18":"first","19":"instock","20":"shipping-taxable","21":"product-type-simple"},"acf":[],"yoast_head":"<!-- This site is optimized with the Yoast SEO plugin v24.2 - https:\/\/yoast.com\/wordpress\/plugins\/seo\/ -->\n<title>MACHINE AUTOMATIQUE POUR EMPILER JUSQU\u2019\u00c0 DEUX COUSSINS MP-200 - Brighi Group<\/title>\n<meta name=\"description\" content=\"Dispositif \u00e0 installer devant une conditionneuse pour empiler automatiquement deux coussins puis les emballer coupl\u00e9s.\" \/>\n<meta name=\"robots\" content=\"index, follow, max-snippet:-1, max-image-preview:large, max-video-preview:-1\" \/>\n<link rel=\"canonical\" href=\"https:\/\/www.brighigroup.com\/fr\/machine\/mp-200\/\" \/>\n<meta property=\"og:locale\" content=\"fr_FR\" \/>\n<meta property=\"og:type\" content=\"article\" \/>\n<meta property=\"og:title\" content=\"MACHINE AUTOMATIQUE POUR EMPILER JUSQU\u2019\u00c0 DEUX COUSSINS MP-200 - Brighi Group\" \/>\n<meta property=\"og:description\" content=\"Dispositif \u00e0 installer devant une conditionneuse pour empiler automatiquement deux coussins puis les emballer coupl\u00e9s.\" \/>\n<meta property=\"og:url\" content=\"https:\/\/www.brighigroup.com\/fr\/machine\/mp-200\/\" \/>\n<meta property=\"og:site_name\" content=\"Brighi Group\" \/>\n<meta property=\"article:modified_time\" content=\"2025-01-27T08:28:11+00:00\" \/>\n<meta property=\"og:image\" content=\"https:\/\/www.brighigroup.com\/wp-content\/uploads\/2021\/11\/MP-200.jpg\" \/>\n\t<meta property=\"og:image:width\" content=\"1920\" \/>\n\t<meta property=\"og:image:height\" content=\"1280\" \/>\n\t<meta property=\"og:image:type\" content=\"image\/jpeg\" \/>\n<meta name=\"twitter:card\" content=\"summary_large_image\" \/>\n<meta name=\"twitter:label1\" content=\"Dur\u00e9e de lecture estim\u00e9e\" \/>\n\t<meta name=\"twitter:data1\" content=\"1 minute\" \/>\n<script type=\"application\/ld+json\" class=\"yoast-schema-graph\">{\"@context\":\"https:\/\/schema.org\",\"@graph\":[{\"@type\":\"WebPage\",\"@id\":\"https:\/\/www.brighigroup.com\/fr\/machine\/mp-200\/\",\"url\":\"https:\/\/www.brighigroup.com\/fr\/machine\/mp-200\/\",\"name\":\"MACHINE AUTOMATIQUE POUR EMPILER JUSQU\u2019\u00c0 DEUX COUSSINS MP-200 - Brighi Group\",\"isPartOf\":{\"@id\":\"https:\/\/www.brighigroup.com\/fr\/#website\"},\"primaryImageOfPage\":{\"@id\":\"https:\/\/www.brighigroup.com\/fr\/machine\/mp-200\/#primaryimage\"},\"image\":{\"@id\":\"https:\/\/www.brighigroup.com\/fr\/machine\/mp-200\/#primaryimage\"},\"thumbnailUrl\":\"https:\/\/www.brighigroup.com\/wp-content\/uploads\/2021\/11\/MP-200.jpg\",\"datePublished\":\"2021-11-30T09:54:11+00:00\",\"dateModified\":\"2025-01-27T08:28:11+00:00\",\"description\":\"Dispositif \u00e0 installer devant une conditionneuse pour empiler automatiquement deux coussins puis les emballer coupl\u00e9s.\",\"breadcrumb\":{\"@id\":\"https:\/\/www.brighigroup.com\/fr\/machine\/mp-200\/#breadcrumb\"},\"inLanguage\":\"fr-FR\",\"potentialAction\":[{\"@type\":\"ReadAction\",\"target\":[\"https:\/\/www.brighigroup.com\/fr\/machine\/mp-200\/\"]}]},{\"@type\":\"ImageObject\",\"inLanguage\":\"fr-FR\",\"@id\":\"https:\/\/www.brighigroup.com\/fr\/machine\/mp-200\/#primaryimage\",\"url\":\"https:\/\/www.brighigroup.com\/wp-content\/uploads\/2021\/11\/MP-200.jpg\",\"contentUrl\":\"https:\/\/www.brighigroup.com\/wp-content\/uploads\/2021\/11\/MP-200.jpg\",\"width\":1920,\"height\":1280},{\"@type\":\"BreadcrumbList\",\"@id\":\"https:\/\/www.brighigroup.com\/fr\/machine\/mp-200\/#breadcrumb\",\"itemListElement\":[{\"@type\":\"ListItem\",\"position\":1,\"name\":\"Machines\",\"item\":\"https:\/\/www.brighigroup.com\/fr\/machines\/\"},{\"@type\":\"ListItem\",\"position\":2,\"name\":\"MP-200\"}]},{\"@type\":\"WebSite\",\"@id\":\"https:\/\/www.brighigroup.com\/fr\/#website\",\"url\":\"https:\/\/www.brighigroup.com\/fr\/\",\"name\":\"Brighi Group\",\"description\":\"Home textile e di prodotti imbottiti per il design d&#039;arredo tramandando l&#039;innovazione come cultura d&#039;impresa.\",\"potentialAction\":[{\"@type\":\"SearchAction\",\"target\":{\"@type\":\"EntryPoint\",\"urlTemplate\":\"https:\/\/www.brighigroup.com\/fr\/?s={search_term_string}\"},\"query-input\":{\"@type\":\"PropertyValueSpecification\",\"valueRequired\":true,\"valueName\":\"search_term_string\"}}],\"inLanguage\":\"fr-FR\"}]}<\/script>\n<!-- \/ Yoast SEO plugin. -->","yoast_head_json":{"title":"MACHINE AUTOMATIQUE POUR EMPILER JUSQU\u2019\u00c0 DEUX COUSSINS MP-200 - Brighi Group","description":"Dispositif \u00e0 installer devant une conditionneuse pour empiler automatiquement deux coussins puis les emballer coupl\u00e9s.","robots":{"index":"index","follow":"follow","max-snippet":"max-snippet:-1","max-image-preview":"max-image-preview:large","max-video-preview":"max-video-preview:-1"},"canonical":"https:\/\/www.brighigroup.com\/fr\/machine\/mp-200\/","og_locale":"fr_FR","og_type":"article","og_title":"MACHINE AUTOMATIQUE POUR EMPILER JUSQU\u2019\u00c0 DEUX COUSSINS MP-200 - Brighi Group","og_description":"Dispositif \u00e0 installer devant une conditionneuse pour empiler automatiquement deux coussins puis les emballer coupl\u00e9s.","og_url":"https:\/\/www.brighigroup.com\/fr\/machine\/mp-200\/","og_site_name":"Brighi Group","article_modified_time":"2025-01-27T08:28:11+00:00","og_image":[{"width":1920,"height":1280,"url":"https:\/\/www.brighigroup.com\/wp-content\/uploads\/2021\/11\/MP-200.jpg","type":"image\/jpeg"}],"twitter_card":"summary_large_image","twitter_misc":{"Dur\u00e9e de lecture estim\u00e9e":"1 minute"},"schema":{"@context":"https:\/\/schema.org","@graph":[{"@type":"WebPage","@id":"https:\/\/www.brighigroup.com\/fr\/machine\/mp-200\/","url":"https:\/\/www.brighigroup.com\/fr\/machine\/mp-200\/","name":"MACHINE AUTOMATIQUE POUR EMPILER JUSQU\u2019\u00c0 DEUX COUSSINS MP-200 - Brighi Group","isPartOf":{"@id":"https:\/\/www.brighigroup.com\/fr\/#website"},"primaryImageOfPage":{"@id":"https:\/\/www.brighigroup.com\/fr\/machine\/mp-200\/#primaryimage"},"image":{"@id":"https:\/\/www.brighigroup.com\/fr\/machine\/mp-200\/#primaryimage"},"thumbnailUrl":"https:\/\/www.brighigroup.com\/wp-content\/uploads\/2021\/11\/MP-200.jpg","datePublished":"2021-11-30T09:54:11+00:00","dateModified":"2025-01-27T08:28:11+00:00","description":"Dispositif \u00e0 installer devant une conditionneuse pour empiler automatiquement deux coussins puis les emballer coupl\u00e9s.","breadcrumb":{"@id":"https:\/\/www.brighigroup.com\/fr\/machine\/mp-200\/#breadcrumb"},"inLanguage":"fr-FR","potentialAction":[{"@type":"ReadAction","target":["https:\/\/www.brighigroup.com\/fr\/machine\/mp-200\/"]}]},{"@type":"ImageObject","inLanguage":"fr-FR","@id":"https:\/\/www.brighigroup.com\/fr\/machine\/mp-200\/#primaryimage","url":"https:\/\/www.brighigroup.com\/wp-content\/uploads\/2021\/11\/MP-200.jpg","contentUrl":"https:\/\/www.brighigroup.com\/wp-content\/uploads\/2021\/11\/MP-200.jpg","width":1920,"height":1280},{"@type":"BreadcrumbList","@id":"https:\/\/www.brighigroup.com\/fr\/machine\/mp-200\/#breadcrumb","itemListElement":[{"@type":"ListItem","position":1,"name":"Machines","item":"https:\/\/www.brighigroup.com\/fr\/machines\/"},{"@type":"ListItem","position":2,"name":"MP-200"}]},{"@type":"WebSite","@id":"https:\/\/www.brighigroup.com\/fr\/#website","url":"https:\/\/www.brighigroup.com\/fr\/","name":"Brighi Group","description":"Home textile e di prodotti imbottiti per il design d&#039;arredo tramandando l&#039;innovazione come cultura d&#039;impresa.","potentialAction":[{"@type":"SearchAction","target":{"@type":"EntryPoint","urlTemplate":"https:\/\/www.brighigroup.com\/fr\/?s={search_term_string}"},"query-input":{"@type":"PropertyValueSpecification","valueRequired":true,"valueName":"search_term_string"}}],"inLanguage":"fr-FR"}]}},"_links":{"self":[{"href":"https:\/\/www.brighigroup.com\/fr\/wp-json\/wp\/v2\/product\/4883","targetHints":{"allow":["GET"]}}],"collection":[{"href":"https:\/\/www.brighigroup.com\/fr\/wp-json\/wp\/v2\/product"}],"about":[{"href":"https:\/\/www.brighigroup.com\/fr\/wp-json\/wp\/v2\/types\/product"}],"wp:featuredmedia":[{"embeddable":true,"href":"https:\/\/www.brighigroup.com\/fr\/wp-json\/wp\/v2\/media\/4177"}],"wp:attachment":[{"href":"https:\/\/www.brighigroup.com\/fr\/wp-json\/wp\/v2\/media?parent=4883"}],"wp:term":[{"taxonomy":"product_cat","embeddable":true,"href":"https:\/\/www.brighigroup.com\/fr\/wp-json\/wp\/v2\/product_cat?post=4883"},{"taxonomy":"product_tag","embeddable":true,"href":"https:\/\/www.brighigroup.com\/fr\/wp-json\/wp\/v2\/product_tag?post=4883"}],"curies":[{"name":"wp","href":"https:\/\/api.w.org\/{rel}","templated":true}]}}