{"id":4882,"date":"2024-09-02T10:45:11","date_gmt":"2021-11-17T13:54:11","guid":{"rendered":"https:\/\/www.brighigroup.com\/macchina\/eb-800-easy-bag\/"},"modified":"2025-01-27T09:12:17","modified_gmt":"2025-01-27T08:12:17","slug":"eb-400-easy-bag","status":"publish","type":"product","link":"https:\/\/www.brighigroup.com\/fr\/machine\/eb-400-easy-bag\/","title":{"rendered":"EB-400 EASYBAG"},"content":{"rendered":"<h2><strong>MACHINE SEMI-AUTOMATIQUE POUR L&rsquo;<\/strong>EMBALLAGE PLAT<\/h2>\n<p style=\"text-align: justify;\">EB-400 EASY BAG est une <strong>machine semi-automatique pour l&#8217;emballage plat et l&rsquo;ensachage de coussins et oreillers<\/strong>. Elle peut traiter des coussins aliment\u00e9s manuellement par l\u2019op\u00e9rateur ou provenant directement des machines en amont. L\u2019op\u00e9rateur introduit le sachet sur les convoyeurs de l\u2019ensacheuse. La machine peut avoir diff\u00e9rentes configurations et options concernant le type d sachet utilis\u00e9 : elle peut travailler avec des <strong>sachets et sacs individuels pr\u00e9conditionn\u00e9s<\/strong> et des <strong>sacs avec fermeture \u00e9clair<\/strong>.<\/p>\n<p style=\"text-align: justify;\">Une fois le sachet plac\u00e9, les fourches s\u2019ouvrent pour le tendre et le coussin est mis en sachet. \u00c0 ce moment-l\u00e0, le chariot avec les fourches emm\u00e8ne le coussin vers le module de compression et scellage o\u00f9 <strong>le coussin conditionn\u00e9 est comprim\u00e9<\/strong> (si n\u00e9cessaire) et <strong>le sachet est thermoscell\u00e9<\/strong> (aucun scellage dans le cas des sacs en vinyle avec fermeture \u00e9clair). Le paquet est ensuite expuls\u00e9 pour les phases suivantes du traitement. Les param\u00e8tres de la machine sont faciles \u00e0 programmer et \u00e0 g\u00e9rer sur l\u2019\u00e9cran tactile dot\u00e9 d\u2019un logiciel intuitif et les param\u00e8tres de chaque coussin sont sauvegard\u00e9s dans des recettes constamment disponibles.<\/p>\n<p>D\u00e9couvrez aussi la version automatique: <a href=\"https:\/\/www.brighigroup.com\/fr\/machine\/eb-500-easy-bag\/\">EB-500<\/a><\/p>\n<p><iframe title=\"Semi-Automatic Packaging Machine mod. EB-400 EASY BAG\" width=\"800\" height=\"450\" src=\"https:\/\/www.youtube-nocookie.com\/embed\/s6NxKYMPbdc?feature=oembed\" frameborder=\"0\" allow=\"accelerometer; autoplay; clipboard-write; encrypted-media; gyroscope; picture-in-picture\" allowfullscreen><\/iframe><\/p>\n<p>&nbsp;<\/p>\n<p><iframe title=\"4 Configurations in 1 Equipment - Pillow Packaging Machine\" width=\"800\" height=\"450\" src=\"https:\/\/www.youtube-nocookie.com\/embed\/658cQwvb7dk?feature=oembed\" frameborder=\"0\" allow=\"accelerometer; autoplay; clipboard-write; encrypted-media; gyroscope; picture-in-picture\" allowfullscreen><\/iframe><\/p>\n<p>&nbsp;<\/p>\n<p><strong>QUE PEUT-ON ENSACHER<\/strong><\/p>\n<p>Oreillers, coussins, duvets pli\u00e9s, v\u00eatements, serviettes de toilette empil\u00e9es, lits et coussins pour chiens empil\u00e9s, etc.<\/p>\n<p><strong>QUELS SACHETS PEUT-ON UTILISER<\/strong><\/p>\n<p>Sachets individuels, avec poign\u00e9e, de tubulaire, avec revers, sacs avec fermeture \u00e9clair<\/p>\n<p><strong>CARACTERISTIQUES<\/strong><\/p>\n<ul>\n<li><strong>Un seul op\u00e9rateur <\/strong>n\u00e9cessaire durant le processus d&rsquo;ensachage.<\/li>\n<li><strong>Excellent syst\u00e8me de thermoscellage<\/strong> : plaque de scellage, plaque pour coupe sachet, syst\u00e8me de d\u00e9chirure du plastique en exc\u00e8s, syst\u00e8me d&rsquo;aspiration et recyclage des chutes\u00a0 de plastique.<\/li>\n<li><strong>Gestion simplifi\u00e9e<\/strong> : panneau de contr\u00f4le tactile pour la gestion de tous les param\u00e8tres et les ajustements m\u00e9caniques de fa\u00e7on automatique, avec introduction et gestion des recettes avec les caract\u00e9ristiques du produit\/mat\u00e9riau.<\/li>\n<li><strong>Souplesse<\/strong> : vaste gamme de mat\u00e9riaux, sachets et sacs trait\u00e9s sans devoir effectuer d\u2019ajustements m\u00e9caniques.<\/li>\n<li><strong>Plusieurs coussins dans un sac<\/strong> : possibilit\u00e9 d&#8217;empilement double ou multiple \u00e0 l&rsquo;int\u00e9rieur du m\u00eame sac.<\/li>\n<li><strong>Tous les mat\u00e9riaux de remplissage<\/strong> : aucune restriction sur le type de rembourrage des coussins.<\/li>\n<li><strong>Introduction feuille publicitaire<\/strong> avec distributeur type alimentateur imprimante adapt\u00e9 pour des mat\u00e9riaux et formats divers.<\/li>\n<li><strong>Mise \u00e0 niveau \u00e0 version XL<\/strong> pour g\u00e9rer une vaste gamme de produits (jusqu\u2019\u00e0 140 cm\/55 en longueur).<\/li>\n<\/ul>\n<div id=\"gtx-trans\" style=\"position: absolute; left: -1px; top: -4.08594px;\">\n<div class=\"gtx-trans-icon\"><\/div>\n<\/div>\n","protected":false},"excerpt":{"rendered":"<h6>MACHINE SEMI-AUTOMATIQUE POUR L&rsquo;EMBALLAGE PLAT<\/h6>\n","protected":false},"featured_media":4281,"template":"","meta":{"_acf_changed":false},"product_cat":[102,99,90,93,92,96],"product_tag":[324,308,300,304,320],"class_list":{"0":"post-4882","1":"product","2":"type-product","3":"status-publish","4":"has-post-thumbnail","6":"product_cat-emballage","7":"product_cat-lligne-coussin-moules-ou-en-chutes-de-mousse","8":"product_cat-ligne-coussins-cardes","9":"product_cat-ligne-coussins-decoratifs-dexterieur-coussins-de-chaise","10":"product_cat-ligne-coussins-souffles","11":"product_cat-lligne-remplissage-peluches-jouets-lits-animaux-rembourrages-divers","12":"product_tag-edredon","13":"product_tag-oreillers-en-mousse-et-en-latex","14":"product_tag-oreillers-et-coussins-en-fibre-cardee-roulee","15":"product_tag-oreillers-et-coussins-souffles","16":"product_tag-tapis","18":"first","19":"instock","20":"shipping-taxable","21":"product-type-simple"},"acf":[],"yoast_head":"<!-- This site is optimized with the Yoast SEO plugin v24.2 - https:\/\/yoast.com\/wordpress\/plugins\/seo\/ -->\n<title>Machine semi-automatique pour l&#039;emballage plat - Brighi Group<\/title>\n<meta name=\"description\" content=\"EB-400 EASY BAG est une machine semi-automatique pour l&#039;emballage plat et l&#039;ensachage de coussins et oreillers.\" \/>\n<meta name=\"robots\" content=\"index, follow, max-snippet:-1, max-image-preview:large, max-video-preview:-1\" \/>\n<link rel=\"canonical\" href=\"https:\/\/www.brighigroup.com\/fr\/machine\/eb-400-easy-bag\/\" \/>\n<meta property=\"og:locale\" content=\"fr_FR\" \/>\n<meta property=\"og:type\" content=\"article\" \/>\n<meta property=\"og:title\" content=\"Machine semi-automatique pour l&#039;emballage plat - Brighi Group\" \/>\n<meta property=\"og:description\" content=\"EB-400 EASY BAG est une machine semi-automatique pour l&#039;emballage plat et l&#039;ensachage de coussins et oreillers.\" \/>\n<meta property=\"og:url\" content=\"https:\/\/www.brighigroup.com\/fr\/machine\/eb-400-easy-bag\/\" \/>\n<meta property=\"og:site_name\" content=\"Brighi Group\" \/>\n<meta property=\"article:modified_time\" content=\"2025-01-27T08:12:17+00:00\" \/>\n<meta property=\"og:image\" content=\"https:\/\/www.brighigroup.com\/wp-content\/uploads\/2021\/11\/EB-800-EASY-BAG.jpg\" \/>\n\t<meta property=\"og:image:width\" content=\"1920\" \/>\n\t<meta property=\"og:image:height\" content=\"1280\" \/>\n\t<meta property=\"og:image:type\" content=\"image\/jpeg\" \/>\n<meta name=\"twitter:card\" content=\"summary_large_image\" \/>\n<meta name=\"twitter:label1\" content=\"Dur\u00e9e de lecture estim\u00e9e\" \/>\n\t<meta name=\"twitter:data1\" content=\"2 minutes\" \/>\n<script type=\"application\/ld+json\" class=\"yoast-schema-graph\">{\"@context\":\"https:\/\/schema.org\",\"@graph\":[{\"@type\":\"WebPage\",\"@id\":\"https:\/\/www.brighigroup.com\/fr\/machine\/eb-400-easy-bag\/\",\"url\":\"https:\/\/www.brighigroup.com\/fr\/machine\/eb-400-easy-bag\/\",\"name\":\"Machine semi-automatique pour l'emballage plat - Brighi Group\",\"isPartOf\":{\"@id\":\"https:\/\/www.brighigroup.com\/fr\/#website\"},\"primaryImageOfPage\":{\"@id\":\"https:\/\/www.brighigroup.com\/fr\/machine\/eb-400-easy-bag\/#primaryimage\"},\"image\":{\"@id\":\"https:\/\/www.brighigroup.com\/fr\/machine\/eb-400-easy-bag\/#primaryimage\"},\"thumbnailUrl\":\"https:\/\/www.brighigroup.com\/wp-content\/uploads\/2021\/11\/EB-800-EASY-BAG.jpg\",\"datePublished\":\"2021-11-17T13:54:11+00:00\",\"dateModified\":\"2025-01-27T08:12:17+00:00\",\"description\":\"EB-400 EASY BAG est une machine semi-automatique pour l'emballage plat et l'ensachage de coussins et oreillers.\",\"breadcrumb\":{\"@id\":\"https:\/\/www.brighigroup.com\/fr\/machine\/eb-400-easy-bag\/#breadcrumb\"},\"inLanguage\":\"fr-FR\",\"potentialAction\":[{\"@type\":\"ReadAction\",\"target\":[\"https:\/\/www.brighigroup.com\/fr\/machine\/eb-400-easy-bag\/\"]}]},{\"@type\":\"ImageObject\",\"inLanguage\":\"fr-FR\",\"@id\":\"https:\/\/www.brighigroup.com\/fr\/machine\/eb-400-easy-bag\/#primaryimage\",\"url\":\"https:\/\/www.brighigroup.com\/wp-content\/uploads\/2021\/11\/EB-800-EASY-BAG.jpg\",\"contentUrl\":\"https:\/\/www.brighigroup.com\/wp-content\/uploads\/2021\/11\/EB-800-EASY-BAG.jpg\",\"width\":1920,\"height\":1280},{\"@type\":\"BreadcrumbList\",\"@id\":\"https:\/\/www.brighigroup.com\/fr\/machine\/eb-400-easy-bag\/#breadcrumb\",\"itemListElement\":[{\"@type\":\"ListItem\",\"position\":1,\"name\":\"Machines\",\"item\":\"https:\/\/www.brighigroup.com\/fr\/machines\/\"},{\"@type\":\"ListItem\",\"position\":2,\"name\":\"EB-400 EASYBAG\"}]},{\"@type\":\"WebSite\",\"@id\":\"https:\/\/www.brighigroup.com\/fr\/#website\",\"url\":\"https:\/\/www.brighigroup.com\/fr\/\",\"name\":\"Brighi Group\",\"description\":\"Home textile e di prodotti imbottiti per il design d&#039;arredo tramandando l&#039;innovazione come cultura d&#039;impresa.\",\"potentialAction\":[{\"@type\":\"SearchAction\",\"target\":{\"@type\":\"EntryPoint\",\"urlTemplate\":\"https:\/\/www.brighigroup.com\/fr\/?s={search_term_string}\"},\"query-input\":{\"@type\":\"PropertyValueSpecification\",\"valueRequired\":true,\"valueName\":\"search_term_string\"}}],\"inLanguage\":\"fr-FR\"}]}<\/script>\n<!-- \/ Yoast SEO plugin. -->","yoast_head_json":{"title":"Machine semi-automatique pour l'emballage plat - Brighi Group","description":"EB-400 EASY BAG est une machine semi-automatique pour l'emballage plat et l'ensachage de coussins et oreillers.","robots":{"index":"index","follow":"follow","max-snippet":"max-snippet:-1","max-image-preview":"max-image-preview:large","max-video-preview":"max-video-preview:-1"},"canonical":"https:\/\/www.brighigroup.com\/fr\/machine\/eb-400-easy-bag\/","og_locale":"fr_FR","og_type":"article","og_title":"Machine semi-automatique pour l'emballage plat - Brighi Group","og_description":"EB-400 EASY BAG est une machine semi-automatique pour l'emballage plat et l'ensachage de coussins et oreillers.","og_url":"https:\/\/www.brighigroup.com\/fr\/machine\/eb-400-easy-bag\/","og_site_name":"Brighi Group","article_modified_time":"2025-01-27T08:12:17+00:00","og_image":[{"width":1920,"height":1280,"url":"https:\/\/www.brighigroup.com\/wp-content\/uploads\/2021\/11\/EB-800-EASY-BAG.jpg","type":"image\/jpeg"}],"twitter_card":"summary_large_image","twitter_misc":{"Dur\u00e9e de lecture estim\u00e9e":"2 minutes"},"schema":{"@context":"https:\/\/schema.org","@graph":[{"@type":"WebPage","@id":"https:\/\/www.brighigroup.com\/fr\/machine\/eb-400-easy-bag\/","url":"https:\/\/www.brighigroup.com\/fr\/machine\/eb-400-easy-bag\/","name":"Machine semi-automatique pour l'emballage plat - Brighi Group","isPartOf":{"@id":"https:\/\/www.brighigroup.com\/fr\/#website"},"primaryImageOfPage":{"@id":"https:\/\/www.brighigroup.com\/fr\/machine\/eb-400-easy-bag\/#primaryimage"},"image":{"@id":"https:\/\/www.brighigroup.com\/fr\/machine\/eb-400-easy-bag\/#primaryimage"},"thumbnailUrl":"https:\/\/www.brighigroup.com\/wp-content\/uploads\/2021\/11\/EB-800-EASY-BAG.jpg","datePublished":"2021-11-17T13:54:11+00:00","dateModified":"2025-01-27T08:12:17+00:00","description":"EB-400 EASY BAG est une machine semi-automatique pour l'emballage plat et l'ensachage de coussins et oreillers.","breadcrumb":{"@id":"https:\/\/www.brighigroup.com\/fr\/machine\/eb-400-easy-bag\/#breadcrumb"},"inLanguage":"fr-FR","potentialAction":[{"@type":"ReadAction","target":["https:\/\/www.brighigroup.com\/fr\/machine\/eb-400-easy-bag\/"]}]},{"@type":"ImageObject","inLanguage":"fr-FR","@id":"https:\/\/www.brighigroup.com\/fr\/machine\/eb-400-easy-bag\/#primaryimage","url":"https:\/\/www.brighigroup.com\/wp-content\/uploads\/2021\/11\/EB-800-EASY-BAG.jpg","contentUrl":"https:\/\/www.brighigroup.com\/wp-content\/uploads\/2021\/11\/EB-800-EASY-BAG.jpg","width":1920,"height":1280},{"@type":"BreadcrumbList","@id":"https:\/\/www.brighigroup.com\/fr\/machine\/eb-400-easy-bag\/#breadcrumb","itemListElement":[{"@type":"ListItem","position":1,"name":"Machines","item":"https:\/\/www.brighigroup.com\/fr\/machines\/"},{"@type":"ListItem","position":2,"name":"EB-400 EASYBAG"}]},{"@type":"WebSite","@id":"https:\/\/www.brighigroup.com\/fr\/#website","url":"https:\/\/www.brighigroup.com\/fr\/","name":"Brighi Group","description":"Home textile e di prodotti imbottiti per il design d&#039;arredo tramandando l&#039;innovazione come cultura d&#039;impresa.","potentialAction":[{"@type":"SearchAction","target":{"@type":"EntryPoint","urlTemplate":"https:\/\/www.brighigroup.com\/fr\/?s={search_term_string}"},"query-input":{"@type":"PropertyValueSpecification","valueRequired":true,"valueName":"search_term_string"}}],"inLanguage":"fr-FR"}]}},"_links":{"self":[{"href":"https:\/\/www.brighigroup.com\/fr\/wp-json\/wp\/v2\/product\/4882","targetHints":{"allow":["GET"]}}],"collection":[{"href":"https:\/\/www.brighigroup.com\/fr\/wp-json\/wp\/v2\/product"}],"about":[{"href":"https:\/\/www.brighigroup.com\/fr\/wp-json\/wp\/v2\/types\/product"}],"wp:featuredmedia":[{"embeddable":true,"href":"https:\/\/www.brighigroup.com\/fr\/wp-json\/wp\/v2\/media\/4281"}],"wp:attachment":[{"href":"https:\/\/www.brighigroup.com\/fr\/wp-json\/wp\/v2\/media?parent=4882"}],"wp:term":[{"taxonomy":"product_cat","embeddable":true,"href":"https:\/\/www.brighigroup.com\/fr\/wp-json\/wp\/v2\/product_cat?post=4882"},{"taxonomy":"product_tag","embeddable":true,"href":"https:\/\/www.brighigroup.com\/fr\/wp-json\/wp\/v2\/product_tag?post=4882"}],"curies":[{"name":"wp","href":"https:\/\/api.w.org\/{rel}","templated":true}]}}