{"id":4880,"date":"2020-08-01T10:46:50","date_gmt":"2021-11-30T09:46:50","guid":{"rendered":"https:\/\/www.brighigroup.com\/macchina\/ga-400-3\/"},"modified":"2022-09-28T11:50:35","modified_gmt":"2022-09-28T09:50:35","slug":"ga-400-3","status":"publish","type":"product","link":"https:\/\/www.brighigroup.com\/fr\/machine\/ga-400-3\/","title":{"rendered":"GA-400-3"},"content":{"rendered":"<h2><strong>MACHINE AUTOMATIQUE POUR BRODERIES\u00a0\u00a0\u00a0<\/strong><\/h2>\n<p>La machine automatique pour <strong>broder\/surpiquer diff\u00e9rents types de coussins<\/strong> mod. GA-400-3 fait partie de la famille GA-400 qui comprend les mod\u00e8les suivants selon les types et performances demand\u00e9es : GA-400\/2BLW ; GA-400\/2 ; GA-400\/3 ; GA400\/3L ; GA-400\/5<\/p>\n<p><strong>Ces machines sont extr\u00eamement souples et personnalisables<\/strong> pour r\u00e9pondre aux diff\u00e9rentes exigences de march\u00e9 en ce qui concerne la dimension des coussins, le mat\u00e9riau de remplissage, le nombre de broderie et le sch\u00e9ma des points. Les configurations propos\u00e9es se composent de 2, 3 ou 5 machines \u00e0 coudre. Dans toutes les combinaisons, les machines sont mont\u00e9es sur des supports sp\u00e9ciaux qui permettent leur extraction totale pour effectuer l\u2019entretien.<\/p>\n<p>La zone de broderie a un diam\u00e8tre maximum de 20mm (3\u20444\u201d).<\/p>\n<p>&nbsp;<\/p>\n<p><iframe title=\"Automatic Tufting Machine (5 heads) mod. GA-400-5\" width=\"800\" height=\"450\" src=\"https:\/\/www.youtube-nocookie.com\/embed\/ZDuZfglLH-s?feature=oembed\" frameborder=\"0\" allow=\"accelerometer; autoplay; clipboard-write; encrypted-media; gyroscope; picture-in-picture\" allowfullscreen><\/iframe><\/p>\n<p><iframe title=\"Automatic Tufting Machine (2 heads) mod. GA-400-2\" width=\"800\" height=\"450\" src=\"https:\/\/www.youtube-nocookie.com\/embed\/RjnRcQCtYFM?feature=oembed\" frameborder=\"0\" allow=\"accelerometer; autoplay; clipboard-write; encrypted-media; gyroscope; picture-in-picture\" allowfullscreen><\/iframe><\/p>\n<p><strong>QUE PEUT-ON BRODER<\/strong><\/p>\n<p>Coussins avec Remplissage Souffl\u00e9<\/p>\n<p>Coussins avec \u00c2me de polyur\u00e9thane ou Fibre Thermoli\u00e9e<\/p>\n<p><strong>CARACTERISTIQUES<\/strong><\/p>\n<ul>\n<li><strong>Pr\u00e9cision exceptionnelle de la broderie<\/strong> : la machine effectue la broderie exactement o\u00f9 programm\u00e9 suivant la disposition et les sp\u00e9cifications, le r\u00e9sultat est r\u00e9p\u00e9t\u00e9 de fa\u00e7on constante dans l\u2019ex\u00e9cution du lot pour une qualit\u00e9 sup\u00e9rieure.<\/li>\n<li><strong>Solutions personnalis\u00e9es<\/strong> : la machine peut \u00eatre fabriqu\u00e9e pour r\u00e9pondre aux exigences et demandes du client concernant le nombre et le type de t\u00eates de couture, type et mesure des oreillers, sch\u00e9ma de broderie.<\/li>\n<li><strong>Gestion simplifi\u00e9e<\/strong> : panneau de contr\u00f4le tactile pour la gestion de tous les param\u00e8tres et les ajustements m\u00e9caniques de fa\u00e7on automatique, avec introduction et gestion des recettes avec les caract\u00e9ristiques du produit\/mat\u00e9riau.<\/li>\n<li><strong>Souplesse<\/strong> : vaste gamme de produits trait\u00e9s sans devoir effectuer d\u2019ajustements m\u00e9caniques.<\/li>\n<li><strong>Facile \u00e0 utiliser <\/strong>par du personnel moins expert, en simplifiant le processus et en r\u00e9duisant les co\u00fbts de main-d\u2019\u0153uvre sp\u00e9cialis\u00e9e.<\/li>\n<li id=\"gtx-trans\" style=\"position: absolute; left: 2px; top: -4.08594px;\">\n<div class=\"gtx-trans-icon\"><\/div>\n<\/li>\n<\/ul>\n","protected":false},"excerpt":{"rendered":"<h6><strong>MACHINE AUTOMATIQUE POUR BRODERIES\u00a0\u00a0\u00a0<\/strong><\/h6>\n","protected":false},"featured_media":4178,"template":"","meta":{"_acf_changed":false},"product_cat":[99,93,92,96,101],"product_tag":[308,304],"class_list":{"0":"post-4880","1":"product","2":"type-product","3":"status-publish","4":"has-post-thumbnail","6":"product_cat-lligne-coussin-moules-ou-en-chutes-de-mousse","7":"product_cat-ligne-coussins-decoratifs-dexterieur-coussins-de-chaise","8":"product_cat-ligne-coussins-souffles","9":"product_cat-lligne-remplissage-peluches-jouets-lits-animaux-rembourrages-divers","10":"product_cat-systeme-de-couture","11":"product_tag-oreillers-en-mousse-et-en-latex","12":"product_tag-oreillers-et-coussins-souffles","14":"first","15":"instock","16":"shipping-taxable","17":"product-type-simple"},"acf":[],"yoast_head":"<!-- This site is optimized with the Yoast SEO plugin v24.2 - https:\/\/yoast.com\/wordpress\/plugins\/seo\/ -->\n<title>MACHINE AUTOMATIQUE POUR BRODERIES GA-400-3 - Brighi Group<\/title>\n<meta name=\"description\" content=\"La machine automatique pour broder \/ piquer diff\u00e9rents types de coussins : avec rembourrage souffl\u00e9, avec \u00e2me en polyur\u00e9thane ou en fibre thermoli\u00e9e.\" \/>\n<meta name=\"robots\" content=\"index, follow, max-snippet:-1, max-image-preview:large, max-video-preview:-1\" \/>\n<link rel=\"canonical\" href=\"https:\/\/www.brighigroup.com\/fr\/machine\/ga-400-3\/\" \/>\n<meta property=\"og:locale\" content=\"fr_FR\" \/>\n<meta property=\"og:type\" content=\"article\" \/>\n<meta property=\"og:title\" content=\"MACHINE AUTOMATIQUE POUR BRODERIES GA-400-3 - Brighi Group\" \/>\n<meta property=\"og:description\" content=\"La machine automatique pour broder \/ piquer diff\u00e9rents types de coussins : avec rembourrage souffl\u00e9, avec \u00e2me en polyur\u00e9thane ou en fibre thermoli\u00e9e.\" \/>\n<meta property=\"og:url\" content=\"https:\/\/www.brighigroup.com\/fr\/machine\/ga-400-3\/\" \/>\n<meta property=\"og:site_name\" content=\"Brighi Group\" \/>\n<meta property=\"article:modified_time\" content=\"2022-09-28T09:50:35+00:00\" \/>\n<meta property=\"og:image\" content=\"https:\/\/www.brighigroup.com\/wp-content\/uploads\/2021\/11\/GA-400-3.jpg\" \/>\n\t<meta property=\"og:image:width\" content=\"1920\" \/>\n\t<meta property=\"og:image:height\" content=\"1280\" \/>\n\t<meta property=\"og:image:type\" content=\"image\/jpeg\" \/>\n<meta name=\"twitter:card\" content=\"summary_large_image\" \/>\n<meta name=\"twitter:label1\" content=\"Dur\u00e9e de lecture estim\u00e9e\" \/>\n\t<meta name=\"twitter:data1\" content=\"2 minutes\" \/>\n<script type=\"application\/ld+json\" class=\"yoast-schema-graph\">{\"@context\":\"https:\/\/schema.org\",\"@graph\":[{\"@type\":\"WebPage\",\"@id\":\"https:\/\/www.brighigroup.com\/fr\/machine\/ga-400-3\/\",\"url\":\"https:\/\/www.brighigroup.com\/fr\/machine\/ga-400-3\/\",\"name\":\"MACHINE AUTOMATIQUE POUR BRODERIES GA-400-3 - Brighi Group\",\"isPartOf\":{\"@id\":\"https:\/\/www.brighigroup.com\/fr\/#website\"},\"primaryImageOfPage\":{\"@id\":\"https:\/\/www.brighigroup.com\/fr\/machine\/ga-400-3\/#primaryimage\"},\"image\":{\"@id\":\"https:\/\/www.brighigroup.com\/fr\/machine\/ga-400-3\/#primaryimage\"},\"thumbnailUrl\":\"https:\/\/www.brighigroup.com\/wp-content\/uploads\/2021\/11\/GA-400-3.jpg\",\"datePublished\":\"2021-11-30T09:46:50+00:00\",\"dateModified\":\"2022-09-28T09:50:35+00:00\",\"description\":\"La machine automatique pour broder \/ piquer diff\u00e9rents types de coussins : avec rembourrage souffl\u00e9, avec \u00e2me en polyur\u00e9thane ou en fibre thermoli\u00e9e.\",\"breadcrumb\":{\"@id\":\"https:\/\/www.brighigroup.com\/fr\/machine\/ga-400-3\/#breadcrumb\"},\"inLanguage\":\"fr-FR\",\"potentialAction\":[{\"@type\":\"ReadAction\",\"target\":[\"https:\/\/www.brighigroup.com\/fr\/machine\/ga-400-3\/\"]}]},{\"@type\":\"ImageObject\",\"inLanguage\":\"fr-FR\",\"@id\":\"https:\/\/www.brighigroup.com\/fr\/machine\/ga-400-3\/#primaryimage\",\"url\":\"https:\/\/www.brighigroup.com\/wp-content\/uploads\/2021\/11\/GA-400-3.jpg\",\"contentUrl\":\"https:\/\/www.brighigroup.com\/wp-content\/uploads\/2021\/11\/GA-400-3.jpg\",\"width\":1920,\"height\":1280},{\"@type\":\"BreadcrumbList\",\"@id\":\"https:\/\/www.brighigroup.com\/fr\/machine\/ga-400-3\/#breadcrumb\",\"itemListElement\":[{\"@type\":\"ListItem\",\"position\":1,\"name\":\"Machines\",\"item\":\"https:\/\/www.brighigroup.com\/fr\/machines\/\"},{\"@type\":\"ListItem\",\"position\":2,\"name\":\"GA-400-3\"}]},{\"@type\":\"WebSite\",\"@id\":\"https:\/\/www.brighigroup.com\/fr\/#website\",\"url\":\"https:\/\/www.brighigroup.com\/fr\/\",\"name\":\"Brighi Group\",\"description\":\"Home textile e di prodotti imbottiti per il design d&#039;arredo tramandando l&#039;innovazione come cultura d&#039;impresa.\",\"potentialAction\":[{\"@type\":\"SearchAction\",\"target\":{\"@type\":\"EntryPoint\",\"urlTemplate\":\"https:\/\/www.brighigroup.com\/fr\/?s={search_term_string}\"},\"query-input\":{\"@type\":\"PropertyValueSpecification\",\"valueRequired\":true,\"valueName\":\"search_term_string\"}}],\"inLanguage\":\"fr-FR\"}]}<\/script>\n<!-- \/ Yoast SEO plugin. -->","yoast_head_json":{"title":"MACHINE AUTOMATIQUE POUR BRODERIES GA-400-3 - Brighi Group","description":"La machine automatique pour broder \/ piquer diff\u00e9rents types de coussins : avec rembourrage souffl\u00e9, avec \u00e2me en polyur\u00e9thane ou en fibre thermoli\u00e9e.","robots":{"index":"index","follow":"follow","max-snippet":"max-snippet:-1","max-image-preview":"max-image-preview:large","max-video-preview":"max-video-preview:-1"},"canonical":"https:\/\/www.brighigroup.com\/fr\/machine\/ga-400-3\/","og_locale":"fr_FR","og_type":"article","og_title":"MACHINE AUTOMATIQUE POUR BRODERIES GA-400-3 - Brighi Group","og_description":"La machine automatique pour broder \/ piquer diff\u00e9rents types de coussins : avec rembourrage souffl\u00e9, avec \u00e2me en polyur\u00e9thane ou en fibre thermoli\u00e9e.","og_url":"https:\/\/www.brighigroup.com\/fr\/machine\/ga-400-3\/","og_site_name":"Brighi Group","article_modified_time":"2022-09-28T09:50:35+00:00","og_image":[{"width":1920,"height":1280,"url":"https:\/\/www.brighigroup.com\/wp-content\/uploads\/2021\/11\/GA-400-3.jpg","type":"image\/jpeg"}],"twitter_card":"summary_large_image","twitter_misc":{"Dur\u00e9e de lecture estim\u00e9e":"2 minutes"},"schema":{"@context":"https:\/\/schema.org","@graph":[{"@type":"WebPage","@id":"https:\/\/www.brighigroup.com\/fr\/machine\/ga-400-3\/","url":"https:\/\/www.brighigroup.com\/fr\/machine\/ga-400-3\/","name":"MACHINE AUTOMATIQUE POUR BRODERIES GA-400-3 - Brighi Group","isPartOf":{"@id":"https:\/\/www.brighigroup.com\/fr\/#website"},"primaryImageOfPage":{"@id":"https:\/\/www.brighigroup.com\/fr\/machine\/ga-400-3\/#primaryimage"},"image":{"@id":"https:\/\/www.brighigroup.com\/fr\/machine\/ga-400-3\/#primaryimage"},"thumbnailUrl":"https:\/\/www.brighigroup.com\/wp-content\/uploads\/2021\/11\/GA-400-3.jpg","datePublished":"2021-11-30T09:46:50+00:00","dateModified":"2022-09-28T09:50:35+00:00","description":"La machine automatique pour broder \/ piquer diff\u00e9rents types de coussins : avec rembourrage souffl\u00e9, avec \u00e2me en polyur\u00e9thane ou en fibre thermoli\u00e9e.","breadcrumb":{"@id":"https:\/\/www.brighigroup.com\/fr\/machine\/ga-400-3\/#breadcrumb"},"inLanguage":"fr-FR","potentialAction":[{"@type":"ReadAction","target":["https:\/\/www.brighigroup.com\/fr\/machine\/ga-400-3\/"]}]},{"@type":"ImageObject","inLanguage":"fr-FR","@id":"https:\/\/www.brighigroup.com\/fr\/machine\/ga-400-3\/#primaryimage","url":"https:\/\/www.brighigroup.com\/wp-content\/uploads\/2021\/11\/GA-400-3.jpg","contentUrl":"https:\/\/www.brighigroup.com\/wp-content\/uploads\/2021\/11\/GA-400-3.jpg","width":1920,"height":1280},{"@type":"BreadcrumbList","@id":"https:\/\/www.brighigroup.com\/fr\/machine\/ga-400-3\/#breadcrumb","itemListElement":[{"@type":"ListItem","position":1,"name":"Machines","item":"https:\/\/www.brighigroup.com\/fr\/machines\/"},{"@type":"ListItem","position":2,"name":"GA-400-3"}]},{"@type":"WebSite","@id":"https:\/\/www.brighigroup.com\/fr\/#website","url":"https:\/\/www.brighigroup.com\/fr\/","name":"Brighi Group","description":"Home textile e di prodotti imbottiti per il design d&#039;arredo tramandando l&#039;innovazione come cultura d&#039;impresa.","potentialAction":[{"@type":"SearchAction","target":{"@type":"EntryPoint","urlTemplate":"https:\/\/www.brighigroup.com\/fr\/?s={search_term_string}"},"query-input":{"@type":"PropertyValueSpecification","valueRequired":true,"valueName":"search_term_string"}}],"inLanguage":"fr-FR"}]}},"_links":{"self":[{"href":"https:\/\/www.brighigroup.com\/fr\/wp-json\/wp\/v2\/product\/4880","targetHints":{"allow":["GET"]}}],"collection":[{"href":"https:\/\/www.brighigroup.com\/fr\/wp-json\/wp\/v2\/product"}],"about":[{"href":"https:\/\/www.brighigroup.com\/fr\/wp-json\/wp\/v2\/types\/product"}],"wp:featuredmedia":[{"embeddable":true,"href":"https:\/\/www.brighigroup.com\/fr\/wp-json\/wp\/v2\/media\/4178"}],"wp:attachment":[{"href":"https:\/\/www.brighigroup.com\/fr\/wp-json\/wp\/v2\/media?parent=4880"}],"wp:term":[{"taxonomy":"product_cat","embeddable":true,"href":"https:\/\/www.brighigroup.com\/fr\/wp-json\/wp\/v2\/product_cat?post=4880"},{"taxonomy":"product_tag","embeddable":true,"href":"https:\/\/www.brighigroup.com\/fr\/wp-json\/wp\/v2\/product_tag?post=4880"}],"curies":[{"name":"wp","href":"https:\/\/api.w.org\/{rel}","templated":true}]}}