{"id":4878,"date":"2020-10-01T10:45:29","date_gmt":"2021-11-30T09:45:29","guid":{"rendered":"https:\/\/www.brighigroup.com\/macchina\/g164c\/"},"modified":"2024-07-31T11:33:39","modified_gmt":"2024-07-31T09:33:39","slug":"g164c","status":"publish","type":"product","link":"https:\/\/www.brighigroup.com\/fr\/machine\/g164c\/","title":{"rendered":"G164C"},"content":{"rendered":"<h2><strong>MACHINE \u00c0 COUDRE COUSSINS<\/strong><\/h2>\n<p>La machine mod. G164C est une machine \u00e0 coudre coussins \u00e0 <strong>haute vitesse de couture jusqu\u2019\u00e0 1900 tr\/min<\/strong>, \u00e9tudi\u00e9e pour la fermeture de diff\u00e9rents types d\u2019oreillers, coussins, peluches et autres produits de diff\u00e9rente forme et mesure.<\/p>\n<p>Elle se compose d\u2019une t\u00eate de couture sp\u00e9ciale, d\u2019une table de travail dot\u00e9e d\u2019un plateau motoris\u00e9 en mont\u00e9e\/descente r\u00e9glable afin de faciliter le processus de couture en soutenant l\u2019article \u00e0 confectionner, d\u2019un module Efka de contr\u00f4le, d\u2019une commande \u00e0 p\u00e9dale mobile pour le contr\u00f4le des fonctions principales (mont\u00e9e\/descente du plateau motoris\u00e9 &#8211; ouverture\/fermeture des plaques\/couture\/rase-fil \u00e0 la fin de la couture). L\u2019op\u00e9rateur travaille en position debout afin d\u2019obtenir de <strong>meilleures prestations et contr\u00f4le<\/strong> sur la pi\u00e8ce effectu\u00e9e. Le syst\u00e8me sp\u00e9cial \u00e0 plaques et la plaque sup\u00e9rieure guident les bords du tissu de fa\u00e7on uniforme pour assurer une couture de haute qualit\u00e9 et tenue. Hauteur et distance entre les points sont r\u00e9glables.<\/p>\n<p>D\u00e9couvrez aussi notre <a href=\"https:\/\/www.brighigroup.com\/fr\/machine\/g164u\/\">machine \u00e0 coudre sp\u00e9ciale G164U.<\/a><\/p>\n<p><iframe title=\"Sewing Machines mod. G164 &amp; G265\" width=\"800\" height=\"450\" src=\"https:\/\/www.youtube-nocookie.com\/embed\/kGnBAh1e4RE?feature=oembed\" frameborder=\"0\" allow=\"accelerometer; autoplay; clipboard-write; encrypted-media; gyroscope; picture-in-picture\" allowfullscreen><\/iframe><\/p>\n<p style=\"text-align: justify;\"><strong>QUE PEUT-ON COUDRE<\/strong><\/p>\n<p style=\"text-align: justify;\">Oreillers, coussins d\u00e9coratifs, rembourrages pour canap\u00e9s, peluches<\/p>\n<p style=\"text-align: justify;\"><strong>MAT\u00c9RIAUX QUI PEUVENT \u00caTRE COUSUS<\/strong><\/p>\n<p style=\"text-align: justify;\">Coton, Microfibre, TNT, Tissus Coupl\u00e9s, Dacron, Fibre Card\u00e9e, Plaques de Polyur\u00e9thane<\/p>\n<p style=\"text-align: justify;\"><strong>CARACTERISTIQUES<\/strong><\/p>\n<ul>\n<li style=\"text-align: justify;\"><strong>Point sp\u00e9cial de couture<\/strong> : il a \u00e9t\u00e9 sp\u00e9cialement \u00e9tudi\u00e9 pour une couture plate qui a une tenue parfaite contre la fuite des mat\u00e9riaux internes, surtout dans le cas de coussins remplis avec des copeaux, plumes et duvet ;<\/li>\n<li style=\"text-align: justify;\"><strong>Facile \u00e0 utiliser <\/strong>par du personnel moins expert, en simplifiant le processus et en r\u00e9duisant les co\u00fbts de main-d\u2019\u0153uvre sp\u00e9cialis\u00e9e.<\/li>\n<li style=\"text-align: justify;\"><strong>Souplesse<\/strong> : une vaste gamme de produits et mat\u00e9riaux \u00e0 traiter (pour dimension\/mat\u00e9riau de remplissage\/forme) et profil de couture.<\/li>\n<li style=\"text-align: justify;\"><strong>Plaques motoris\u00e9es<\/strong> : elles guident l\u2019article \u00e0 coudre ce qui permet un processus fluide m\u00eame avec du personnel moins expert.<\/li>\n<li style=\"text-align: justify;\"><strong>Guide sup\u00e9rieur<\/strong> : il permet \u00e0 l\u2019op\u00e9rateur de coudre n\u2019importe quel produit en suivant une ligne uniforme, en simplifiant le processus et en offrant un produit fini de qualit\u00e9.<\/li>\n<li id=\"gtx-trans\" style=\"position: absolute; left: -44px; top: 52.4141px;\">\n<div class=\"gtx-trans-icon\"><\/div>\n<\/li>\n<\/ul>\n","protected":false},"excerpt":{"rendered":"<h6><strong>MACHINE \u00c0 COUDRE COUSSINS<\/strong><\/h6>\n","protected":false},"featured_media":4180,"template":"","meta":{"_acf_changed":false},"product_cat":[93,92,167,94,97,96,101],"product_tag":[300,304],"class_list":{"0":"post-4878","1":"product","2":"type-product","3":"status-publish","4":"has-post-thumbnail","6":"product_cat-ligne-coussins-decoratifs-dexterieur-coussins-de-chaise","7":"product_cat-ligne-coussins-souffles","8":"product_cat-ligne-de-recyclage","9":"product_cat-ligne-production-canapes-et-rembourrages-des-canapes-fauteuils-chaises","10":"product_cat-ligne-production-polyurethane-pour-matelas-oreillers-et-canapes","11":"product_cat-lligne-remplissage-peluches-jouets-lits-animaux-rembourrages-divers","12":"product_cat-systeme-de-couture","13":"product_tag-oreillers-et-coussins-en-fibre-cardee-roulee","14":"product_tag-oreillers-et-coussins-souffles","16":"first","17":"instock","18":"shipping-taxable","19":"product-type-simple"},"acf":[],"yoast_head":"<!-- This site is optimized with the Yoast SEO plugin v24.2 - https:\/\/yoast.com\/wordpress\/plugins\/seo\/ -->\n<title>MMachine \u00e0 coudre coussins - Brighi Group<\/title>\n<meta name=\"description\" content=\"Machine \u00e0 coudre coussins \u00e0 grande vitesse, con\u00e7ue pour fermer diff\u00e9rents types d&#039;oreillers, coussins, peluches et autres produits.\" \/>\n<meta name=\"robots\" content=\"index, follow, max-snippet:-1, max-image-preview:large, max-video-preview:-1\" \/>\n<link rel=\"canonical\" href=\"https:\/\/www.brighigroup.com\/fr\/machine\/g164c\/\" \/>\n<meta property=\"og:locale\" content=\"fr_FR\" \/>\n<meta property=\"og:type\" content=\"article\" \/>\n<meta property=\"og:title\" content=\"MMachine \u00e0 coudre coussins - Brighi Group\" \/>\n<meta property=\"og:description\" content=\"Machine \u00e0 coudre coussins \u00e0 grande vitesse, con\u00e7ue pour fermer diff\u00e9rents types d&#039;oreillers, coussins, peluches et autres produits.\" \/>\n<meta property=\"og:url\" content=\"https:\/\/www.brighigroup.com\/fr\/machine\/g164c\/\" \/>\n<meta property=\"og:site_name\" content=\"Brighi Group\" \/>\n<meta property=\"article:modified_time\" content=\"2024-07-31T09:33:39+00:00\" \/>\n<meta property=\"og:image\" content=\"https:\/\/www.brighigroup.com\/wp-content\/uploads\/2021\/11\/G164C.jpg\" \/>\n\t<meta property=\"og:image:width\" content=\"1920\" \/>\n\t<meta property=\"og:image:height\" content=\"1280\" \/>\n\t<meta property=\"og:image:type\" content=\"image\/jpeg\" \/>\n<meta name=\"twitter:card\" content=\"summary_large_image\" \/>\n<meta name=\"twitter:label1\" content=\"Dur\u00e9e de lecture estim\u00e9e\" \/>\n\t<meta name=\"twitter:data1\" content=\"2 minutes\" \/>\n<script type=\"application\/ld+json\" class=\"yoast-schema-graph\">{\"@context\":\"https:\/\/schema.org\",\"@graph\":[{\"@type\":\"WebPage\",\"@id\":\"https:\/\/www.brighigroup.com\/fr\/machine\/g164c\/\",\"url\":\"https:\/\/www.brighigroup.com\/fr\/machine\/g164c\/\",\"name\":\"MMachine \u00e0 coudre coussins - Brighi Group\",\"isPartOf\":{\"@id\":\"https:\/\/www.brighigroup.com\/fr\/#website\"},\"primaryImageOfPage\":{\"@id\":\"https:\/\/www.brighigroup.com\/fr\/machine\/g164c\/#primaryimage\"},\"image\":{\"@id\":\"https:\/\/www.brighigroup.com\/fr\/machine\/g164c\/#primaryimage\"},\"thumbnailUrl\":\"https:\/\/www.brighigroup.com\/wp-content\/uploads\/2021\/11\/G164C.jpg\",\"datePublished\":\"2021-11-30T09:45:29+00:00\",\"dateModified\":\"2024-07-31T09:33:39+00:00\",\"description\":\"Machine \u00e0 coudre coussins \u00e0 grande vitesse, con\u00e7ue pour fermer diff\u00e9rents types d'oreillers, coussins, peluches et autres produits.\",\"breadcrumb\":{\"@id\":\"https:\/\/www.brighigroup.com\/fr\/machine\/g164c\/#breadcrumb\"},\"inLanguage\":\"fr-FR\",\"potentialAction\":[{\"@type\":\"ReadAction\",\"target\":[\"https:\/\/www.brighigroup.com\/fr\/machine\/g164c\/\"]}]},{\"@type\":\"ImageObject\",\"inLanguage\":\"fr-FR\",\"@id\":\"https:\/\/www.brighigroup.com\/fr\/machine\/g164c\/#primaryimage\",\"url\":\"https:\/\/www.brighigroup.com\/wp-content\/uploads\/2021\/11\/G164C.jpg\",\"contentUrl\":\"https:\/\/www.brighigroup.com\/wp-content\/uploads\/2021\/11\/G164C.jpg\",\"width\":1920,\"height\":1280},{\"@type\":\"BreadcrumbList\",\"@id\":\"https:\/\/www.brighigroup.com\/fr\/machine\/g164c\/#breadcrumb\",\"itemListElement\":[{\"@type\":\"ListItem\",\"position\":1,\"name\":\"Machines\",\"item\":\"https:\/\/www.brighigroup.com\/fr\/machines\/\"},{\"@type\":\"ListItem\",\"position\":2,\"name\":\"G164C\"}]},{\"@type\":\"WebSite\",\"@id\":\"https:\/\/www.brighigroup.com\/fr\/#website\",\"url\":\"https:\/\/www.brighigroup.com\/fr\/\",\"name\":\"Brighi Group\",\"description\":\"Home textile e di prodotti imbottiti per il design d&#039;arredo tramandando l&#039;innovazione come cultura d&#039;impresa.\",\"potentialAction\":[{\"@type\":\"SearchAction\",\"target\":{\"@type\":\"EntryPoint\",\"urlTemplate\":\"https:\/\/www.brighigroup.com\/fr\/?s={search_term_string}\"},\"query-input\":{\"@type\":\"PropertyValueSpecification\",\"valueRequired\":true,\"valueName\":\"search_term_string\"}}],\"inLanguage\":\"fr-FR\"}]}<\/script>\n<!-- \/ Yoast SEO plugin. -->","yoast_head_json":{"title":"MMachine \u00e0 coudre coussins - Brighi Group","description":"Machine \u00e0 coudre coussins \u00e0 grande vitesse, con\u00e7ue pour fermer diff\u00e9rents types d'oreillers, coussins, peluches et autres produits.","robots":{"index":"index","follow":"follow","max-snippet":"max-snippet:-1","max-image-preview":"max-image-preview:large","max-video-preview":"max-video-preview:-1"},"canonical":"https:\/\/www.brighigroup.com\/fr\/machine\/g164c\/","og_locale":"fr_FR","og_type":"article","og_title":"MMachine \u00e0 coudre coussins - Brighi Group","og_description":"Machine \u00e0 coudre coussins \u00e0 grande vitesse, con\u00e7ue pour fermer diff\u00e9rents types d'oreillers, coussins, peluches et autres produits.","og_url":"https:\/\/www.brighigroup.com\/fr\/machine\/g164c\/","og_site_name":"Brighi Group","article_modified_time":"2024-07-31T09:33:39+00:00","og_image":[{"width":1920,"height":1280,"url":"https:\/\/www.brighigroup.com\/wp-content\/uploads\/2021\/11\/G164C.jpg","type":"image\/jpeg"}],"twitter_card":"summary_large_image","twitter_misc":{"Dur\u00e9e de lecture estim\u00e9e":"2 minutes"},"schema":{"@context":"https:\/\/schema.org","@graph":[{"@type":"WebPage","@id":"https:\/\/www.brighigroup.com\/fr\/machine\/g164c\/","url":"https:\/\/www.brighigroup.com\/fr\/machine\/g164c\/","name":"MMachine \u00e0 coudre coussins - Brighi Group","isPartOf":{"@id":"https:\/\/www.brighigroup.com\/fr\/#website"},"primaryImageOfPage":{"@id":"https:\/\/www.brighigroup.com\/fr\/machine\/g164c\/#primaryimage"},"image":{"@id":"https:\/\/www.brighigroup.com\/fr\/machine\/g164c\/#primaryimage"},"thumbnailUrl":"https:\/\/www.brighigroup.com\/wp-content\/uploads\/2021\/11\/G164C.jpg","datePublished":"2021-11-30T09:45:29+00:00","dateModified":"2024-07-31T09:33:39+00:00","description":"Machine \u00e0 coudre coussins \u00e0 grande vitesse, con\u00e7ue pour fermer diff\u00e9rents types d'oreillers, coussins, peluches et autres produits.","breadcrumb":{"@id":"https:\/\/www.brighigroup.com\/fr\/machine\/g164c\/#breadcrumb"},"inLanguage":"fr-FR","potentialAction":[{"@type":"ReadAction","target":["https:\/\/www.brighigroup.com\/fr\/machine\/g164c\/"]}]},{"@type":"ImageObject","inLanguage":"fr-FR","@id":"https:\/\/www.brighigroup.com\/fr\/machine\/g164c\/#primaryimage","url":"https:\/\/www.brighigroup.com\/wp-content\/uploads\/2021\/11\/G164C.jpg","contentUrl":"https:\/\/www.brighigroup.com\/wp-content\/uploads\/2021\/11\/G164C.jpg","width":1920,"height":1280},{"@type":"BreadcrumbList","@id":"https:\/\/www.brighigroup.com\/fr\/machine\/g164c\/#breadcrumb","itemListElement":[{"@type":"ListItem","position":1,"name":"Machines","item":"https:\/\/www.brighigroup.com\/fr\/machines\/"},{"@type":"ListItem","position":2,"name":"G164C"}]},{"@type":"WebSite","@id":"https:\/\/www.brighigroup.com\/fr\/#website","url":"https:\/\/www.brighigroup.com\/fr\/","name":"Brighi Group","description":"Home textile e di prodotti imbottiti per il design d&#039;arredo tramandando l&#039;innovazione come cultura d&#039;impresa.","potentialAction":[{"@type":"SearchAction","target":{"@type":"EntryPoint","urlTemplate":"https:\/\/www.brighigroup.com\/fr\/?s={search_term_string}"},"query-input":{"@type":"PropertyValueSpecification","valueRequired":true,"valueName":"search_term_string"}}],"inLanguage":"fr-FR"}]}},"_links":{"self":[{"href":"https:\/\/www.brighigroup.com\/fr\/wp-json\/wp\/v2\/product\/4878","targetHints":{"allow":["GET"]}}],"collection":[{"href":"https:\/\/www.brighigroup.com\/fr\/wp-json\/wp\/v2\/product"}],"about":[{"href":"https:\/\/www.brighigroup.com\/fr\/wp-json\/wp\/v2\/types\/product"}],"wp:featuredmedia":[{"embeddable":true,"href":"https:\/\/www.brighigroup.com\/fr\/wp-json\/wp\/v2\/media\/4180"}],"wp:attachment":[{"href":"https:\/\/www.brighigroup.com\/fr\/wp-json\/wp\/v2\/media?parent=4878"}],"wp:term":[{"taxonomy":"product_cat","embeddable":true,"href":"https:\/\/www.brighigroup.com\/fr\/wp-json\/wp\/v2\/product_cat?post=4878"},{"taxonomy":"product_tag","embeddable":true,"href":"https:\/\/www.brighigroup.com\/fr\/wp-json\/wp\/v2\/product_tag?post=4878"}],"curies":[{"name":"wp","href":"https:\/\/api.w.org\/{rel}","templated":true}]}}