{"id":4877,"date":"2021-01-01T10:00:48","date_gmt":"2021-11-30T09:42:48","guid":{"rendered":"https:\/\/www.brighigroup.com\/macchina\/ec-500-easy-cover\/"},"modified":"2025-09-17T12:35:40","modified_gmt":"2025-09-17T10:35:40","slug":"ec-500-easy-cover","status":"publish","type":"product","link":"https:\/\/www.brighigroup.com\/fr\/machine\/ec-500-easy-cover\/","title":{"rendered":"EC-500 EASY COVER"},"content":{"rendered":"<h2><strong>MACHINE AUTOMATIQUE POUR PRODUIRE LES HOUSSES<\/strong><\/h2>\n<p><strong>Machine compl\u00e8tement automatique pour la production de housses pour coussins et oreillers<\/strong>.<\/p>\n<p>Elle travaille avec deux rouleaux de tissu pour <strong>l&rsquo;efficacit\u00e9 et les performances maximales<\/strong>. Les deux couches de tissu sont superpos\u00e9es et cousues avec des t\u00eates overlock sur les c\u00f4t\u00e9s et sur le fond. Durant la couture lat\u00e9rale, <strong>il est possible d&rsquo;introduire une \u00e9tiquette<\/strong>. Le quatri\u00e8me c\u00f4t\u00e9 de la housse peut \u00eatre laiss\u00e9 ouvert pour l\u2019ensachage d\u2019un rouleau de fibre card\u00e9e ou il peut \u00eatre partiellement ferm\u00e9 pour le rendre adapt\u00e9 pour le remplissage avec des mati\u00e8res premi\u00e8res en vrac.<\/p>\n<p>Une fois le processus termin\u00e9, la housse est d\u00e9charg\u00e9e ou empil\u00e9e si le module empileur en option est install\u00e9.<\/p>\n<p><iframe title=\"Automatic Zipper Attachment for Pillow Covers\" width=\"800\" height=\"450\" src=\"https:\/\/www.youtube-nocookie.com\/embed\/SUU4UfHGEUY?feature=oembed\" frameborder=\"0\" allow=\"accelerometer; autoplay; clipboard-write; encrypted-media; gyroscope; picture-in-picture; web-share\" referrerpolicy=\"strict-origin-when-cross-origin\" allowfullscreen><\/iframe><\/p>\n<p>&nbsp;<\/p>\n<p><iframe title=\"Automatic Machine for Pillow Cases Production mod. EC-500 Easy Cover\" width=\"800\" height=\"450\" src=\"https:\/\/www.youtube-nocookie.com\/embed\/h_q-a-crUuE?feature=oembed\" frameborder=\"0\" allow=\"accelerometer; autoplay; clipboard-write; encrypted-media; gyroscope; picture-in-picture; web-share\" referrerpolicy=\"strict-origin-when-cross-origin\" allowfullscreen><\/iframe><\/p>\n<p><iframe title=\"Cover Making Machine | Revolutionize Your Crafting Experience!\" width=\"800\" height=\"450\" src=\"https:\/\/www.youtube-nocookie.com\/embed\/YdaJLv2b3Wk?feature=oembed\" frameborder=\"0\" allow=\"accelerometer; autoplay; clipboard-write; encrypted-media; gyroscope; picture-in-picture; web-share\" referrerpolicy=\"strict-origin-when-cross-origin\" allowfullscreen><\/iframe><\/p>\n<p>&nbsp;<\/p>\n<p><strong>TISSUS QUE L\u2019ON PEUT UTILISER<\/strong><\/p>\n<p>TNT, Coton, Polycoton<\/p>\n<p><strong>HOUSSES QUE L\u2019ON PEUT PRODUIRE<\/strong><\/p>\n<p>3-c\u00f4t\u00e9s couture overlock &#8211; 1<sup>o <\/sup>\u00a0c\u00f4t\u00e9 compl\u00e8tement ouvert<\/p>\n<p>3-c\u00f4t\u00e9s couture overlock &#8211; 1<sup>o <\/sup>c\u00f4t\u00e9 couture lin\u00e9aire avec ouverture pour souffl\u00e9<\/p>\n<p><strong>CARACTERISTIQUES<\/strong><\/p>\n<ul>\n<li><strong>Double rouleau de tissu<\/strong> : le syst\u00e8me utilise deux rouleaux de tissu pour augmenter la vitesse de processus et donner plus de souplesse et d\u2019options.<\/li>\n<li><strong>Options \u00e9tiquetage<\/strong> : \u00e9tiquette coup\u00e9e sur mesure automatiquement depuis rouleau et cousue sur ou dans la housse.<\/li>\n<li><strong>Bouche pour housses pour remplissage souffl\u00e9<\/strong> avec lin\u00e9aire<\/li>\n<li><strong>Capteur rupture fil <\/strong>\u00e9lectronique pour intervention rapide.<\/li>\n<li><strong>Empileur pour housses<\/strong> : les housses fabriqu\u00e9es par la machine sont empil\u00e9es dans la quantit\u00e9 d\u00e9sir\u00e9e sur un convoyeur de transfert pour utilisation facile avec les machines en aval.<\/li>\n<li><strong>Gestion simplifi\u00e9e<\/strong> : panneau de contr\u00f4le tactile pour la gestion de tous les param\u00e8tres et les ajustements m\u00e9caniques de fa\u00e7on automatique, avec introduction et gestion des recettes avec les caract\u00e9ristiques du produit\/mat\u00e9riau.<\/li>\n<li><strong>Souplesse<\/strong> : vaste gamme de mat\u00e9riaux et housses qui peuvent \u00eatre remplis par la machine sans devoir effectuer d\u2019ajustements m\u00e9caniques.<\/li>\n<li id=\"gtx-trans\" style=\"position: absolute;left: -22px;top: -4.08594px\">\n<div class=\"gtx-trans-icon\"><\/div>\n<\/li>\n<\/ul>\n","protected":false},"excerpt":{"rendered":"<h6><strong>MACHINE AUTOMATIQUE POUR PRODUIRE LES HOUSSES<\/strong><\/h6>\n","protected":false},"featured_media":4181,"template":"","meta":{"_acf_changed":false},"product_cat":[90,93,92,101],"product_tag":[300,304],"class_list":{"0":"post-4877","1":"product","2":"type-product","3":"status-publish","4":"has-post-thumbnail","6":"product_cat-ligne-coussins-cardes","7":"product_cat-ligne-coussins-decoratifs-dexterieur-coussins-de-chaise","8":"product_cat-ligne-coussins-souffles","9":"product_cat-systeme-de-couture","10":"product_tag-oreillers-et-coussins-en-fibre-cardee-roulee","11":"product_tag-oreillers-et-coussins-souffles","13":"first","14":"instock","15":"shipping-taxable","16":"product-type-simple"},"acf":[],"yoast_head":"<!-- This site is optimized with the Yoast SEO plugin v24.2 - https:\/\/yoast.com\/wordpress\/plugins\/seo\/ -->\n<title>MACHINE AUTOMATIQUE POUR PRODUIRE LES HOUSSES EC-500 EASY COVER - Brighi Group<\/title>\n<meta name=\"description\" content=\"Machine enti\u00e8rement automatique pour la production de housses pour oreillers et oreillers en TNT, coton et policone, avec un quatri\u00e8me c\u00f4t\u00e9 ouvert pour le remplissage par soufflage ou l&#039;ensachage de fibres card\u00e9es..\" \/>\n<meta name=\"robots\" content=\"index, follow, max-snippet:-1, max-image-preview:large, max-video-preview:-1\" \/>\n<link rel=\"canonical\" href=\"https:\/\/www.brighigroup.com\/fr\/machine\/ec-500-easy-cover\/\" \/>\n<meta property=\"og:locale\" content=\"fr_FR\" \/>\n<meta property=\"og:type\" content=\"article\" \/>\n<meta property=\"og:title\" content=\"MACHINE AUTOMATIQUE POUR PRODUIRE LES HOUSSES EC-500 EASY COVER - Brighi Group\" \/>\n<meta property=\"og:description\" content=\"Machine enti\u00e8rement automatique pour la production de housses pour oreillers et oreillers en TNT, coton et policone, avec un quatri\u00e8me c\u00f4t\u00e9 ouvert pour le remplissage par soufflage ou l&#039;ensachage de fibres card\u00e9es..\" \/>\n<meta property=\"og:url\" content=\"https:\/\/www.brighigroup.com\/fr\/machine\/ec-500-easy-cover\/\" \/>\n<meta property=\"og:site_name\" content=\"Brighi Group\" \/>\n<meta property=\"article:modified_time\" content=\"2025-09-17T10:35:40+00:00\" \/>\n<meta property=\"og:image\" content=\"https:\/\/www.brighigroup.com\/wp-content\/uploads\/2021\/11\/EC-500-EASY-COVER.jpg\" \/>\n\t<meta property=\"og:image:width\" content=\"1920\" \/>\n\t<meta property=\"og:image:height\" content=\"1280\" \/>\n\t<meta property=\"og:image:type\" content=\"image\/jpeg\" \/>\n<meta name=\"twitter:card\" content=\"summary_large_image\" \/>\n<meta name=\"twitter:label1\" content=\"Dur\u00e9e de lecture estim\u00e9e\" \/>\n\t<meta name=\"twitter:data1\" content=\"2 minutes\" \/>\n<script type=\"application\/ld+json\" class=\"yoast-schema-graph\">{\"@context\":\"https:\/\/schema.org\",\"@graph\":[{\"@type\":\"WebPage\",\"@id\":\"https:\/\/www.brighigroup.com\/fr\/machine\/ec-500-easy-cover\/\",\"url\":\"https:\/\/www.brighigroup.com\/fr\/machine\/ec-500-easy-cover\/\",\"name\":\"MACHINE AUTOMATIQUE POUR PRODUIRE LES HOUSSES EC-500 EASY COVER - Brighi Group\",\"isPartOf\":{\"@id\":\"https:\/\/www.brighigroup.com\/fr\/#website\"},\"primaryImageOfPage\":{\"@id\":\"https:\/\/www.brighigroup.com\/fr\/machine\/ec-500-easy-cover\/#primaryimage\"},\"image\":{\"@id\":\"https:\/\/www.brighigroup.com\/fr\/machine\/ec-500-easy-cover\/#primaryimage\"},\"thumbnailUrl\":\"https:\/\/www.brighigroup.com\/wp-content\/uploads\/2021\/11\/EC-500-EASY-COVER.jpg\",\"datePublished\":\"2021-11-30T09:42:48+00:00\",\"dateModified\":\"2025-09-17T10:35:40+00:00\",\"description\":\"Machine enti\u00e8rement automatique pour la production de housses pour oreillers et oreillers en TNT, coton et policone, avec un quatri\u00e8me c\u00f4t\u00e9 ouvert pour le remplissage par soufflage ou l'ensachage de fibres card\u00e9es..\",\"breadcrumb\":{\"@id\":\"https:\/\/www.brighigroup.com\/fr\/machine\/ec-500-easy-cover\/#breadcrumb\"},\"inLanguage\":\"fr-FR\",\"potentialAction\":[{\"@type\":\"ReadAction\",\"target\":[\"https:\/\/www.brighigroup.com\/fr\/machine\/ec-500-easy-cover\/\"]}]},{\"@type\":\"ImageObject\",\"inLanguage\":\"fr-FR\",\"@id\":\"https:\/\/www.brighigroup.com\/fr\/machine\/ec-500-easy-cover\/#primaryimage\",\"url\":\"https:\/\/www.brighigroup.com\/wp-content\/uploads\/2021\/11\/EC-500-EASY-COVER.jpg\",\"contentUrl\":\"https:\/\/www.brighigroup.com\/wp-content\/uploads\/2021\/11\/EC-500-EASY-COVER.jpg\",\"width\":1920,\"height\":1280},{\"@type\":\"BreadcrumbList\",\"@id\":\"https:\/\/www.brighigroup.com\/fr\/machine\/ec-500-easy-cover\/#breadcrumb\",\"itemListElement\":[{\"@type\":\"ListItem\",\"position\":1,\"name\":\"Machines\",\"item\":\"https:\/\/www.brighigroup.com\/fr\/machines\/\"},{\"@type\":\"ListItem\",\"position\":2,\"name\":\"EC-500 EASY COVER\"}]},{\"@type\":\"WebSite\",\"@id\":\"https:\/\/www.brighigroup.com\/fr\/#website\",\"url\":\"https:\/\/www.brighigroup.com\/fr\/\",\"name\":\"Brighi Group\",\"description\":\"Home textile e di prodotti imbottiti per il design d&#039;arredo tramandando l&#039;innovazione come cultura d&#039;impresa.\",\"potentialAction\":[{\"@type\":\"SearchAction\",\"target\":{\"@type\":\"EntryPoint\",\"urlTemplate\":\"https:\/\/www.brighigroup.com\/fr\/?s={search_term_string}\"},\"query-input\":{\"@type\":\"PropertyValueSpecification\",\"valueRequired\":true,\"valueName\":\"search_term_string\"}}],\"inLanguage\":\"fr-FR\"}]}<\/script>\n<!-- \/ Yoast SEO plugin. -->","yoast_head_json":{"title":"MACHINE AUTOMATIQUE POUR PRODUIRE LES HOUSSES EC-500 EASY COVER - Brighi Group","description":"Machine enti\u00e8rement automatique pour la production de housses pour oreillers et oreillers en TNT, coton et policone, avec un quatri\u00e8me c\u00f4t\u00e9 ouvert pour le remplissage par soufflage ou l'ensachage de fibres card\u00e9es..","robots":{"index":"index","follow":"follow","max-snippet":"max-snippet:-1","max-image-preview":"max-image-preview:large","max-video-preview":"max-video-preview:-1"},"canonical":"https:\/\/www.brighigroup.com\/fr\/machine\/ec-500-easy-cover\/","og_locale":"fr_FR","og_type":"article","og_title":"MACHINE AUTOMATIQUE POUR PRODUIRE LES HOUSSES EC-500 EASY COVER - Brighi Group","og_description":"Machine enti\u00e8rement automatique pour la production de housses pour oreillers et oreillers en TNT, coton et policone, avec un quatri\u00e8me c\u00f4t\u00e9 ouvert pour le remplissage par soufflage ou l'ensachage de fibres card\u00e9es..","og_url":"https:\/\/www.brighigroup.com\/fr\/machine\/ec-500-easy-cover\/","og_site_name":"Brighi Group","article_modified_time":"2025-09-17T10:35:40+00:00","og_image":[{"width":1920,"height":1280,"url":"https:\/\/www.brighigroup.com\/wp-content\/uploads\/2021\/11\/EC-500-EASY-COVER.jpg","type":"image\/jpeg"}],"twitter_card":"summary_large_image","twitter_misc":{"Dur\u00e9e de lecture estim\u00e9e":"2 minutes"},"schema":{"@context":"https:\/\/schema.org","@graph":[{"@type":"WebPage","@id":"https:\/\/www.brighigroup.com\/fr\/machine\/ec-500-easy-cover\/","url":"https:\/\/www.brighigroup.com\/fr\/machine\/ec-500-easy-cover\/","name":"MACHINE AUTOMATIQUE POUR PRODUIRE LES HOUSSES EC-500 EASY COVER - Brighi Group","isPartOf":{"@id":"https:\/\/www.brighigroup.com\/fr\/#website"},"primaryImageOfPage":{"@id":"https:\/\/www.brighigroup.com\/fr\/machine\/ec-500-easy-cover\/#primaryimage"},"image":{"@id":"https:\/\/www.brighigroup.com\/fr\/machine\/ec-500-easy-cover\/#primaryimage"},"thumbnailUrl":"https:\/\/www.brighigroup.com\/wp-content\/uploads\/2021\/11\/EC-500-EASY-COVER.jpg","datePublished":"2021-11-30T09:42:48+00:00","dateModified":"2025-09-17T10:35:40+00:00","description":"Machine enti\u00e8rement automatique pour la production de housses pour oreillers et oreillers en TNT, coton et policone, avec un quatri\u00e8me c\u00f4t\u00e9 ouvert pour le remplissage par soufflage ou l'ensachage de fibres card\u00e9es..","breadcrumb":{"@id":"https:\/\/www.brighigroup.com\/fr\/machine\/ec-500-easy-cover\/#breadcrumb"},"inLanguage":"fr-FR","potentialAction":[{"@type":"ReadAction","target":["https:\/\/www.brighigroup.com\/fr\/machine\/ec-500-easy-cover\/"]}]},{"@type":"ImageObject","inLanguage":"fr-FR","@id":"https:\/\/www.brighigroup.com\/fr\/machine\/ec-500-easy-cover\/#primaryimage","url":"https:\/\/www.brighigroup.com\/wp-content\/uploads\/2021\/11\/EC-500-EASY-COVER.jpg","contentUrl":"https:\/\/www.brighigroup.com\/wp-content\/uploads\/2021\/11\/EC-500-EASY-COVER.jpg","width":1920,"height":1280},{"@type":"BreadcrumbList","@id":"https:\/\/www.brighigroup.com\/fr\/machine\/ec-500-easy-cover\/#breadcrumb","itemListElement":[{"@type":"ListItem","position":1,"name":"Machines","item":"https:\/\/www.brighigroup.com\/fr\/machines\/"},{"@type":"ListItem","position":2,"name":"EC-500 EASY COVER"}]},{"@type":"WebSite","@id":"https:\/\/www.brighigroup.com\/fr\/#website","url":"https:\/\/www.brighigroup.com\/fr\/","name":"Brighi Group","description":"Home textile e di prodotti imbottiti per il design d&#039;arredo tramandando l&#039;innovazione come cultura d&#039;impresa.","potentialAction":[{"@type":"SearchAction","target":{"@type":"EntryPoint","urlTemplate":"https:\/\/www.brighigroup.com\/fr\/?s={search_term_string}"},"query-input":{"@type":"PropertyValueSpecification","valueRequired":true,"valueName":"search_term_string"}}],"inLanguage":"fr-FR"}]}},"_links":{"self":[{"href":"https:\/\/www.brighigroup.com\/fr\/wp-json\/wp\/v2\/product\/4877","targetHints":{"allow":["GET"]}}],"collection":[{"href":"https:\/\/www.brighigroup.com\/fr\/wp-json\/wp\/v2\/product"}],"about":[{"href":"https:\/\/www.brighigroup.com\/fr\/wp-json\/wp\/v2\/types\/product"}],"wp:featuredmedia":[{"embeddable":true,"href":"https:\/\/www.brighigroup.com\/fr\/wp-json\/wp\/v2\/media\/4181"}],"wp:attachment":[{"href":"https:\/\/www.brighigroup.com\/fr\/wp-json\/wp\/v2\/media?parent=4877"}],"wp:term":[{"taxonomy":"product_cat","embeddable":true,"href":"https:\/\/www.brighigroup.com\/fr\/wp-json\/wp\/v2\/product_cat?post=4877"},{"taxonomy":"product_tag","embeddable":true,"href":"https:\/\/www.brighigroup.com\/fr\/wp-json\/wp\/v2\/product_tag?post=4877"}],"curies":[{"name":"wp","href":"https:\/\/api.w.org\/{rel}","templated":true}]}}