{"id":4876,"date":"2020-06-01T11:00:22","date_gmt":"2021-11-30T10:04:22","guid":{"rendered":"https:\/\/www.brighigroup.com\/macchina\/cr-100\/"},"modified":"2025-01-27T09:48:40","modified_gmt":"2025-01-27T08:48:40","slug":"cr-100","status":"publish","type":"product","link":"https:\/\/www.brighigroup.com\/fr\/machine\/cr-100\/","title":{"rendered":"CR-100"},"content":{"rendered":"<h2><strong>CARROUSEL POUR LA MANUTENTION\u00a0<\/strong><\/h2>\n<p>Ce <strong>syst\u00e8me de manutention<\/strong> coussins se compose d&rsquo;un convoyeur \u00e0 bande et deux convoyeurs \u00e0 rouleaux et il est pr\u00e9vu pour \u00eatre <strong>int\u00e9gr\u00e9 en tant qu\u2019accessoire<\/strong> en option sur la machine mod <a href=\"https:\/\/www.brighigroup.com\/fr\/machine\/hf-100\/\">HF-100<\/a> pour <strong>l\u2019alimentation divers types de produit<\/strong>: coussins, oreillers, plaques de polyur\u00e9thane, couettes\/\u00e9dredon pli\u00e9es, v\u00eatements empil\u00e9s, coussins empil\u00e9s, lits et coussins pour animaux, etc., sur la machine mod. <a href=\"https:\/\/www.brighigroup.com\/fr\/machine\/ep-400\/\">EP-400 EASY PILLOW<\/a> pour coussins en latex et sur la machine <a href=\"https:\/\/www.brighigroup.com\/fr\/machine\/eb-400-easy-bag\/\">EB-400 EASY BAG<\/a>. Avec cet accessoire, un seul op\u00e9rateur peut charger le produit sur le carrousel, puis introduire la housse ou le sachet afin d&rsquo;effectuer le houssage ou l\u2019ensachage.<\/p>\n<p><strong>QUE PEUT-ON D\u00c9PLACER<\/strong><\/p>\n<p>\u00c2mes de PU et latex, inserts d\u00e9coratifs, Oreillers, Coussins, Nappes multiples, Serviettes de toilette multiples, Couettes\/\u00e9dredon pli\u00e9es, V\u00eatements, Peluches, Lits et Coussins pour chiens<\/p>\n<p><strong>CARACTERISTIQUES<\/strong><\/p>\n<ul>\n<li><strong>Un seul op\u00e9rateur<\/strong> alimente le produit et charge du conditionnement comme s\u2019il s&rsquo;agissait d&rsquo;un processus de ligne, avec augmentation de la productivit\u00e9.<\/li>\n<li>Manutention de produits \u00e9galement avec <strong>empilage multiple.<\/strong><\/li>\n<li>Vu qu\u2019il s&rsquo;agit d\u2019un module en option, il peut \u00eatre associ\u00e9 aux machines mod. <a href=\"https:\/\/www.brighigroup.com\/fr\/machine\/hf-100\/\">HF-100<\/a> et <a href=\"https:\/\/www.brighigroup.com\/fr\/machine\/ep-400\/\">EP-400 EASY PILLOW<\/a> \u00e9galement ult\u00e9rieurement.<\/li>\n<li><strong>Souplesse<\/strong> : gestion de divers types de produit dans le secteur de l\u2019habillement, du textile, des blanchisseries, peluches, lits pour animaux, inserts de diff\u00e9rent genre.<\/li>\n<\/ul>\n<div id=\"gtx-trans\" style=\"position: absolute; left: 602px; top: 52.4141px;\">\n<div class=\"gtx-trans-icon\"><\/div>\n<\/div>\n","protected":false},"excerpt":{"rendered":"<h6>CARROUSEL POUR LA MANUTENTION COUSSINS<\/h6>\n<h6><\/h6>\n<div id=\"gtx-trans\" style=\"position: absolute; left: 1px; top: -4.08594px;\">\n<div class=\"gtx-trans-icon\"><\/div>\n<\/div>\n","protected":false},"featured_media":4170,"template":"","meta":{"_acf_changed":false},"product_cat":[99,104],"product_tag":[324,308,300,304,320],"class_list":{"0":"post-4876","1":"product","2":"type-product","3":"status-publish","4":"has-post-thumbnail","6":"product_cat-lligne-coussin-moules-ou-en-chutes-de-mousse","7":"product_cat-sisteme-de-convoyage","8":"product_tag-edredon","9":"product_tag-oreillers-en-mousse-et-en-latex","10":"product_tag-oreillers-et-coussins-en-fibre-cardee-roulee","11":"product_tag-oreillers-et-coussins-souffles","12":"product_tag-tapis","14":"first","15":"instock","16":"shipping-taxable","17":"product-type-simple"},"acf":[],"yoast_head":"<!-- This site is optimized with the Yoast SEO plugin v24.2 - https:\/\/yoast.com\/wordpress\/plugins\/seo\/ -->\n<title>CARROUSEL POUR MANUTENTION COUSSINS - Brighi Group<\/title>\n<meta name=\"description\" content=\"Carrousel pour coussins compos\u00e9 d&#039;un convoyeur \u00e0 bande et de deux convoyeurs \u00e0 rouleaux, con\u00e7u pour \u00eatre utilis\u00e9 comme accessoire pour la machine mod HF-100\" \/>\n<meta name=\"robots\" content=\"index, follow, max-snippet:-1, max-image-preview:large, max-video-preview:-1\" \/>\n<link rel=\"canonical\" href=\"https:\/\/www.brighigroup.com\/fr\/machine\/cr-100\/\" \/>\n<meta property=\"og:locale\" content=\"fr_FR\" \/>\n<meta property=\"og:type\" content=\"article\" \/>\n<meta property=\"og:title\" content=\"CARROUSEL POUR MANUTENTION COUSSINS - Brighi Group\" \/>\n<meta property=\"og:description\" content=\"Carrousel pour coussins compos\u00e9 d&#039;un convoyeur \u00e0 bande et de deux convoyeurs \u00e0 rouleaux, con\u00e7u pour \u00eatre utilis\u00e9 comme accessoire pour la machine mod HF-100\" \/>\n<meta property=\"og:url\" content=\"https:\/\/www.brighigroup.com\/fr\/machine\/cr-100\/\" \/>\n<meta property=\"og:site_name\" content=\"Brighi Group\" \/>\n<meta property=\"article:modified_time\" content=\"2025-01-27T08:48:40+00:00\" \/>\n<meta property=\"og:image\" content=\"https:\/\/www.brighigroup.com\/wp-content\/uploads\/2021\/11\/CR-100.jpg\" \/>\n\t<meta property=\"og:image:width\" content=\"1920\" \/>\n\t<meta property=\"og:image:height\" content=\"1280\" \/>\n\t<meta property=\"og:image:type\" content=\"image\/jpeg\" \/>\n<meta name=\"twitter:card\" content=\"summary_large_image\" \/>\n<meta name=\"twitter:label1\" content=\"Dur\u00e9e de lecture estim\u00e9e\" \/>\n\t<meta name=\"twitter:data1\" content=\"1 minute\" \/>\n<script type=\"application\/ld+json\" class=\"yoast-schema-graph\">{\"@context\":\"https:\/\/schema.org\",\"@graph\":[{\"@type\":\"WebPage\",\"@id\":\"https:\/\/www.brighigroup.com\/fr\/machine\/cr-100\/\",\"url\":\"https:\/\/www.brighigroup.com\/fr\/machine\/cr-100\/\",\"name\":\"CARROUSEL POUR MANUTENTION COUSSINS - Brighi Group\",\"isPartOf\":{\"@id\":\"https:\/\/www.brighigroup.com\/fr\/#website\"},\"primaryImageOfPage\":{\"@id\":\"https:\/\/www.brighigroup.com\/fr\/machine\/cr-100\/#primaryimage\"},\"image\":{\"@id\":\"https:\/\/www.brighigroup.com\/fr\/machine\/cr-100\/#primaryimage\"},\"thumbnailUrl\":\"https:\/\/www.brighigroup.com\/wp-content\/uploads\/2021\/11\/CR-100.jpg\",\"datePublished\":\"2021-11-30T10:04:22+00:00\",\"dateModified\":\"2025-01-27T08:48:40+00:00\",\"description\":\"Carrousel pour coussins compos\u00e9 d'un convoyeur \u00e0 bande et de deux convoyeurs \u00e0 rouleaux, con\u00e7u pour \u00eatre utilis\u00e9 comme accessoire pour la machine mod HF-100\",\"breadcrumb\":{\"@id\":\"https:\/\/www.brighigroup.com\/fr\/machine\/cr-100\/#breadcrumb\"},\"inLanguage\":\"fr-FR\",\"potentialAction\":[{\"@type\":\"ReadAction\",\"target\":[\"https:\/\/www.brighigroup.com\/fr\/machine\/cr-100\/\"]}]},{\"@type\":\"ImageObject\",\"inLanguage\":\"fr-FR\",\"@id\":\"https:\/\/www.brighigroup.com\/fr\/machine\/cr-100\/#primaryimage\",\"url\":\"https:\/\/www.brighigroup.com\/wp-content\/uploads\/2021\/11\/CR-100.jpg\",\"contentUrl\":\"https:\/\/www.brighigroup.com\/wp-content\/uploads\/2021\/11\/CR-100.jpg\",\"width\":1920,\"height\":1280},{\"@type\":\"BreadcrumbList\",\"@id\":\"https:\/\/www.brighigroup.com\/fr\/machine\/cr-100\/#breadcrumb\",\"itemListElement\":[{\"@type\":\"ListItem\",\"position\":1,\"name\":\"Machines\",\"item\":\"https:\/\/www.brighigroup.com\/fr\/machines\/\"},{\"@type\":\"ListItem\",\"position\":2,\"name\":\"CR-100\"}]},{\"@type\":\"WebSite\",\"@id\":\"https:\/\/www.brighigroup.com\/fr\/#website\",\"url\":\"https:\/\/www.brighigroup.com\/fr\/\",\"name\":\"Brighi Group\",\"description\":\"Home textile e di prodotti imbottiti per il design d&#039;arredo tramandando l&#039;innovazione come cultura d&#039;impresa.\",\"potentialAction\":[{\"@type\":\"SearchAction\",\"target\":{\"@type\":\"EntryPoint\",\"urlTemplate\":\"https:\/\/www.brighigroup.com\/fr\/?s={search_term_string}\"},\"query-input\":{\"@type\":\"PropertyValueSpecification\",\"valueRequired\":true,\"valueName\":\"search_term_string\"}}],\"inLanguage\":\"fr-FR\"}]}<\/script>\n<!-- \/ Yoast SEO plugin. -->","yoast_head_json":{"title":"CARROUSEL POUR MANUTENTION COUSSINS - Brighi Group","description":"Carrousel pour coussins compos\u00e9 d'un convoyeur \u00e0 bande et de deux convoyeurs \u00e0 rouleaux, con\u00e7u pour \u00eatre utilis\u00e9 comme accessoire pour la machine mod HF-100","robots":{"index":"index","follow":"follow","max-snippet":"max-snippet:-1","max-image-preview":"max-image-preview:large","max-video-preview":"max-video-preview:-1"},"canonical":"https:\/\/www.brighigroup.com\/fr\/machine\/cr-100\/","og_locale":"fr_FR","og_type":"article","og_title":"CARROUSEL POUR MANUTENTION COUSSINS - Brighi Group","og_description":"Carrousel pour coussins compos\u00e9 d'un convoyeur \u00e0 bande et de deux convoyeurs \u00e0 rouleaux, con\u00e7u pour \u00eatre utilis\u00e9 comme accessoire pour la machine mod HF-100","og_url":"https:\/\/www.brighigroup.com\/fr\/machine\/cr-100\/","og_site_name":"Brighi Group","article_modified_time":"2025-01-27T08:48:40+00:00","og_image":[{"width":1920,"height":1280,"url":"https:\/\/www.brighigroup.com\/wp-content\/uploads\/2021\/11\/CR-100.jpg","type":"image\/jpeg"}],"twitter_card":"summary_large_image","twitter_misc":{"Dur\u00e9e de lecture estim\u00e9e":"1 minute"},"schema":{"@context":"https:\/\/schema.org","@graph":[{"@type":"WebPage","@id":"https:\/\/www.brighigroup.com\/fr\/machine\/cr-100\/","url":"https:\/\/www.brighigroup.com\/fr\/machine\/cr-100\/","name":"CARROUSEL POUR MANUTENTION COUSSINS - Brighi Group","isPartOf":{"@id":"https:\/\/www.brighigroup.com\/fr\/#website"},"primaryImageOfPage":{"@id":"https:\/\/www.brighigroup.com\/fr\/machine\/cr-100\/#primaryimage"},"image":{"@id":"https:\/\/www.brighigroup.com\/fr\/machine\/cr-100\/#primaryimage"},"thumbnailUrl":"https:\/\/www.brighigroup.com\/wp-content\/uploads\/2021\/11\/CR-100.jpg","datePublished":"2021-11-30T10:04:22+00:00","dateModified":"2025-01-27T08:48:40+00:00","description":"Carrousel pour coussins compos\u00e9 d'un convoyeur \u00e0 bande et de deux convoyeurs \u00e0 rouleaux, con\u00e7u pour \u00eatre utilis\u00e9 comme accessoire pour la machine mod HF-100","breadcrumb":{"@id":"https:\/\/www.brighigroup.com\/fr\/machine\/cr-100\/#breadcrumb"},"inLanguage":"fr-FR","potentialAction":[{"@type":"ReadAction","target":["https:\/\/www.brighigroup.com\/fr\/machine\/cr-100\/"]}]},{"@type":"ImageObject","inLanguage":"fr-FR","@id":"https:\/\/www.brighigroup.com\/fr\/machine\/cr-100\/#primaryimage","url":"https:\/\/www.brighigroup.com\/wp-content\/uploads\/2021\/11\/CR-100.jpg","contentUrl":"https:\/\/www.brighigroup.com\/wp-content\/uploads\/2021\/11\/CR-100.jpg","width":1920,"height":1280},{"@type":"BreadcrumbList","@id":"https:\/\/www.brighigroup.com\/fr\/machine\/cr-100\/#breadcrumb","itemListElement":[{"@type":"ListItem","position":1,"name":"Machines","item":"https:\/\/www.brighigroup.com\/fr\/machines\/"},{"@type":"ListItem","position":2,"name":"CR-100"}]},{"@type":"WebSite","@id":"https:\/\/www.brighigroup.com\/fr\/#website","url":"https:\/\/www.brighigroup.com\/fr\/","name":"Brighi Group","description":"Home textile e di prodotti imbottiti per il design d&#039;arredo tramandando l&#039;innovazione come cultura d&#039;impresa.","potentialAction":[{"@type":"SearchAction","target":{"@type":"EntryPoint","urlTemplate":"https:\/\/www.brighigroup.com\/fr\/?s={search_term_string}"},"query-input":{"@type":"PropertyValueSpecification","valueRequired":true,"valueName":"search_term_string"}}],"inLanguage":"fr-FR"}]}},"_links":{"self":[{"href":"https:\/\/www.brighigroup.com\/fr\/wp-json\/wp\/v2\/product\/4876","targetHints":{"allow":["GET"]}}],"collection":[{"href":"https:\/\/www.brighigroup.com\/fr\/wp-json\/wp\/v2\/product"}],"about":[{"href":"https:\/\/www.brighigroup.com\/fr\/wp-json\/wp\/v2\/types\/product"}],"wp:featuredmedia":[{"embeddable":true,"href":"https:\/\/www.brighigroup.com\/fr\/wp-json\/wp\/v2\/media\/4170"}],"wp:attachment":[{"href":"https:\/\/www.brighigroup.com\/fr\/wp-json\/wp\/v2\/media?parent=4876"}],"wp:term":[{"taxonomy":"product_cat","embeddable":true,"href":"https:\/\/www.brighigroup.com\/fr\/wp-json\/wp\/v2\/product_cat?post=4876"},{"taxonomy":"product_tag","embeddable":true,"href":"https:\/\/www.brighigroup.com\/fr\/wp-json\/wp\/v2\/product_tag?post=4876"}],"curies":[{"name":"wp","href":"https:\/\/api.w.org\/{rel}","templated":true}]}}