{"id":4873,"date":"2022-02-01T10:00:29","date_gmt":"2021-11-30T09:39:29","guid":{"rendered":"https:\/\/www.brighigroup.com\/macchina\/ep-500-easy-pillow\/"},"modified":"2025-01-27T09:35:21","modified_gmt":"2025-01-27T08:35:21","slug":"ep-500-easy-pillow","status":"publish","type":"product","link":"https:\/\/www.brighigroup.com\/fr\/machine\/ep-500-easy-pillow\/","title":{"rendered":"EP-500 EASY PILLOW"},"content":{"rendered":"<h2><strong>SYST\u00c8ME AUTOMATIQUE D&rsquo;ENSACHAGE, COUTURE ET \u00c9TIQUETAGE DES COUSSINS<\/strong><\/h2>\n<p>EP-500 Easy Pillow est une machine compl\u00e8tement automatique pour <strong>ensacher, coudre et \u00e9tiqueter des coussins et oreillers en couche card\u00e9e enroul\u00e9e<\/strong>. Le processus commence avec l\u2019alimentation de la couche enroul\u00e9e qui provient de la machine enrouleuse mod. <a href=\"https:\/\/www.brighigroup.com\/fr\/machine\/rm-100\/\">RM-100<\/a>. Le robot pr\u00e9l\u00e8ve la housse directement de la bo\u00eete ou du convoyeur, il l\u2019ouvre avec les doigts et la place sur les convoyeurs de l\u2019ensacheuse. Les fourches tendent la housse tandis que la couche enroul\u00e9e est appel\u00e9e par le convoyeur d\u2019entr\u00e9e et introduite \u00e0 l&rsquo;int\u00e9rieur de la housse.<\/p>\n<p>\u00c0 ce moment-l\u00e0, tout le chariot avec les fourches avance vers la zone de couture o\u00f9 le coussin est lib\u00e9r\u00e9 entre les courroies de transfert. Le coussin atteint la station de couture o\u00f9 il est <strong>cousu et \u00e9tiquette<\/strong> et il est ensuite d\u00e9charg\u00e9 pour les passages suivants du processus. Les param\u00e8tres de la machine sont faciles \u00e0 programmer sur l\u2019\u00e9cran tactile dot\u00e9 d\u2019un logiciel intuitif. La machine base est fournie avec 1 station de couture coupe-couture ; pour une production non-stop, on peut introduire une deuxi\u00e8me station de couture qui sert de r\u00e9serve en cas d&rsquo;arr\u00eat machine pour chargement de mat\u00e9riaux (rouleaux \u00e9tiquette ou fil) : <strong>la station de couture de r\u00e9serve intervient de fa\u00e7on autonome<\/strong> et remplace automatiquement la premi\u00e8re station.<\/p>\n<p>&nbsp;<\/p>\n<p><iframe title=\"Fully Automatic Line for Carded Pillows\" width=\"800\" height=\"450\" src=\"https:\/\/www.youtube-nocookie.com\/embed\/xxrClJeTOmo?feature=oembed\" frameborder=\"0\" allow=\"accelerometer; autoplay; clipboard-write; encrypted-media; gyroscope; picture-in-picture\" allowfullscreen><\/iframe><\/p>\n<p>&nbsp;<\/p>\n<p><strong>QUE POUVEZ-VOUS REMPLIR<\/strong><\/p>\n<p>Coussins, oreillers<\/p>\n<p><strong>MAT\u00c9RIAUX DE REMPLISSAGE QUE VOUS POUVEZ UTILISER<\/strong><\/p>\n<p>Couche de fibre card\u00e9e enroul\u00e9e<\/p>\n<p><strong>CARACTERISTIQUES<\/strong><\/p>\n<ul>\n<li><strong>Premi\u00e8re machine compl\u00e8tement automatique brevet\u00e9e pour ensacher et coudre<\/strong> coussins et oreillers, en partant de l\u2019alimentation de la couche enroul\u00e9e jusqu\u2019au coussin fini avec \u00e9tiquette. Unie en ligne avec les machines de l&#8217;emballage, on peut r\u00e9aliser le processus de conditionnement complet de la carde jusqu\u2019au produit empaquet\u00e9 et mis en bo\u00eete.<\/li>\n<li><strong>R\u00e9duction co\u00fbts de main-d\u2019\u0153uvre et retour sur investissement rapide <\/strong>: aucun op\u00e9rateur mais un seul superviseur qui contr\u00f4le les capacit\u00e9s de fonctionnement quand n\u00e9cessaire ;<\/li>\n<li><strong>Possibilit\u00e9 de programmer une production sur commande <\/strong>et d\u2019\u00e9viter des frais de stockage<\/li>\n<li><strong>Gestion simplifi\u00e9e<\/strong> : panneau de contr\u00f4le pour la gestion de tous les param\u00e8tres et ajustements m\u00e9caniques de fa\u00e7on automatique, avec introduction et gestion des recettes avec les caract\u00e9ristiques du produit.<\/li>\n<li><strong>Souplesse<\/strong> : vaste gamme de mat\u00e9riaux et housses qui peuvent \u00eatre remplis par la machine sans devoir effectuer d\u2019ajustements m\u00e9caniques.<\/li>\n<li><strong>Mise \u00e0 niveau \u00e0 version XL<\/strong> pour g\u00e9rer une vaste gamme de produits (jusqu\u2019\u00e0 140 cm\/55 en longueur).<\/li>\n<\/ul>\n","protected":false},"excerpt":{"rendered":"<h6>SYST\u00c8ME AUTOMATIQUE D&rsquo;ENSACHAGE, COUTURE ET \u00c9TIQUETAGE DES COUSSINS<\/h6>\n","protected":false},"featured_media":4183,"template":"","meta":{"_acf_changed":false},"product_cat":[105,90,101],"product_tag":[300],"class_list":{"0":"post-4873","1":"product","2":"type-product","3":"status-publish","4":"has-post-thumbnail","6":"product_cat-ensachage","7":"product_cat-ligne-coussins-cardes","8":"product_cat-systeme-de-couture","9":"product_tag-oreillers-et-coussins-en-fibre-cardee-roulee","11":"first","12":"instock","13":"shipping-taxable","14":"product-type-simple"},"acf":[],"yoast_head":"<!-- This site is optimized with the Yoast SEO plugin v24.2 - https:\/\/yoast.com\/wordpress\/plugins\/seo\/ -->\n<title>SYST\u00c8ME AUTOMATIQUE D&#039;ENSACHAGE, COUTURE ET \u00c9TIQUETAGE DES COUSSINS EP-500 EASY PILLOW - Brighi Group<\/title>\n<meta name=\"description\" content=\"La machine enti\u00e8rement automatique pour rembourrer, coudre et \u00e9tiqueter des coussins et des oreillers en pad card\u00e9 enroul\u00e9.\" \/>\n<meta name=\"robots\" content=\"index, follow, max-snippet:-1, max-image-preview:large, max-video-preview:-1\" \/>\n<link rel=\"canonical\" href=\"https:\/\/www.brighigroup.com\/fr\/machine\/ep-500-easy-pillow\/\" \/>\n<meta property=\"og:locale\" content=\"fr_FR\" \/>\n<meta property=\"og:type\" content=\"article\" \/>\n<meta property=\"og:title\" content=\"SYST\u00c8ME AUTOMATIQUE D&#039;ENSACHAGE, COUTURE ET \u00c9TIQUETAGE DES COUSSINS EP-500 EASY PILLOW - Brighi Group\" \/>\n<meta property=\"og:description\" content=\"La machine enti\u00e8rement automatique pour rembourrer, coudre et \u00e9tiqueter des coussins et des oreillers en pad card\u00e9 enroul\u00e9.\" \/>\n<meta property=\"og:url\" content=\"https:\/\/www.brighigroup.com\/fr\/machine\/ep-500-easy-pillow\/\" \/>\n<meta property=\"og:site_name\" content=\"Brighi Group\" \/>\n<meta property=\"article:modified_time\" content=\"2025-01-27T08:35:21+00:00\" \/>\n<meta property=\"og:image\" content=\"https:\/\/www.brighigroup.com\/wp-content\/uploads\/2021\/11\/EP-500-EASY-PILLOW.jpg\" \/>\n\t<meta property=\"og:image:width\" content=\"1920\" \/>\n\t<meta property=\"og:image:height\" content=\"1280\" \/>\n\t<meta property=\"og:image:type\" content=\"image\/jpeg\" \/>\n<meta name=\"twitter:card\" content=\"summary_large_image\" \/>\n<meta name=\"twitter:label1\" content=\"Dur\u00e9e de lecture estim\u00e9e\" \/>\n\t<meta name=\"twitter:data1\" content=\"2 minutes\" \/>\n<script type=\"application\/ld+json\" class=\"yoast-schema-graph\">{\"@context\":\"https:\/\/schema.org\",\"@graph\":[{\"@type\":\"WebPage\",\"@id\":\"https:\/\/www.brighigroup.com\/fr\/machine\/ep-500-easy-pillow\/\",\"url\":\"https:\/\/www.brighigroup.com\/fr\/machine\/ep-500-easy-pillow\/\",\"name\":\"SYST\u00c8ME AUTOMATIQUE D'ENSACHAGE, COUTURE ET \u00c9TIQUETAGE DES COUSSINS EP-500 EASY PILLOW - Brighi Group\",\"isPartOf\":{\"@id\":\"https:\/\/www.brighigroup.com\/fr\/#website\"},\"primaryImageOfPage\":{\"@id\":\"https:\/\/www.brighigroup.com\/fr\/machine\/ep-500-easy-pillow\/#primaryimage\"},\"image\":{\"@id\":\"https:\/\/www.brighigroup.com\/fr\/machine\/ep-500-easy-pillow\/#primaryimage\"},\"thumbnailUrl\":\"https:\/\/www.brighigroup.com\/wp-content\/uploads\/2021\/11\/EP-500-EASY-PILLOW.jpg\",\"datePublished\":\"2021-11-30T09:39:29+00:00\",\"dateModified\":\"2025-01-27T08:35:21+00:00\",\"description\":\"La machine enti\u00e8rement automatique pour rembourrer, coudre et \u00e9tiqueter des coussins et des oreillers en pad card\u00e9 enroul\u00e9.\",\"breadcrumb\":{\"@id\":\"https:\/\/www.brighigroup.com\/fr\/machine\/ep-500-easy-pillow\/#breadcrumb\"},\"inLanguage\":\"fr-FR\",\"potentialAction\":[{\"@type\":\"ReadAction\",\"target\":[\"https:\/\/www.brighigroup.com\/fr\/machine\/ep-500-easy-pillow\/\"]}]},{\"@type\":\"ImageObject\",\"inLanguage\":\"fr-FR\",\"@id\":\"https:\/\/www.brighigroup.com\/fr\/machine\/ep-500-easy-pillow\/#primaryimage\",\"url\":\"https:\/\/www.brighigroup.com\/wp-content\/uploads\/2021\/11\/EP-500-EASY-PILLOW.jpg\",\"contentUrl\":\"https:\/\/www.brighigroup.com\/wp-content\/uploads\/2021\/11\/EP-500-EASY-PILLOW.jpg\",\"width\":1920,\"height\":1280},{\"@type\":\"BreadcrumbList\",\"@id\":\"https:\/\/www.brighigroup.com\/fr\/machine\/ep-500-easy-pillow\/#breadcrumb\",\"itemListElement\":[{\"@type\":\"ListItem\",\"position\":1,\"name\":\"Machines\",\"item\":\"https:\/\/www.brighigroup.com\/fr\/machines\/\"},{\"@type\":\"ListItem\",\"position\":2,\"name\":\"EP-500 EASY PILLOW\"}]},{\"@type\":\"WebSite\",\"@id\":\"https:\/\/www.brighigroup.com\/fr\/#website\",\"url\":\"https:\/\/www.brighigroup.com\/fr\/\",\"name\":\"Brighi Group\",\"description\":\"Home textile e di prodotti imbottiti per il design d&#039;arredo tramandando l&#039;innovazione come cultura d&#039;impresa.\",\"potentialAction\":[{\"@type\":\"SearchAction\",\"target\":{\"@type\":\"EntryPoint\",\"urlTemplate\":\"https:\/\/www.brighigroup.com\/fr\/?s={search_term_string}\"},\"query-input\":{\"@type\":\"PropertyValueSpecification\",\"valueRequired\":true,\"valueName\":\"search_term_string\"}}],\"inLanguage\":\"fr-FR\"}]}<\/script>\n<!-- \/ Yoast SEO plugin. -->","yoast_head_json":{"title":"SYST\u00c8ME AUTOMATIQUE D'ENSACHAGE, COUTURE ET \u00c9TIQUETAGE DES COUSSINS EP-500 EASY PILLOW - Brighi Group","description":"La machine enti\u00e8rement automatique pour rembourrer, coudre et \u00e9tiqueter des coussins et des oreillers en pad card\u00e9 enroul\u00e9.","robots":{"index":"index","follow":"follow","max-snippet":"max-snippet:-1","max-image-preview":"max-image-preview:large","max-video-preview":"max-video-preview:-1"},"canonical":"https:\/\/www.brighigroup.com\/fr\/machine\/ep-500-easy-pillow\/","og_locale":"fr_FR","og_type":"article","og_title":"SYST\u00c8ME AUTOMATIQUE D'ENSACHAGE, COUTURE ET \u00c9TIQUETAGE DES COUSSINS EP-500 EASY PILLOW - Brighi Group","og_description":"La machine enti\u00e8rement automatique pour rembourrer, coudre et \u00e9tiqueter des coussins et des oreillers en pad card\u00e9 enroul\u00e9.","og_url":"https:\/\/www.brighigroup.com\/fr\/machine\/ep-500-easy-pillow\/","og_site_name":"Brighi Group","article_modified_time":"2025-01-27T08:35:21+00:00","og_image":[{"width":1920,"height":1280,"url":"https:\/\/www.brighigroup.com\/wp-content\/uploads\/2021\/11\/EP-500-EASY-PILLOW.jpg","type":"image\/jpeg"}],"twitter_card":"summary_large_image","twitter_misc":{"Dur\u00e9e de lecture estim\u00e9e":"2 minutes"},"schema":{"@context":"https:\/\/schema.org","@graph":[{"@type":"WebPage","@id":"https:\/\/www.brighigroup.com\/fr\/machine\/ep-500-easy-pillow\/","url":"https:\/\/www.brighigroup.com\/fr\/machine\/ep-500-easy-pillow\/","name":"SYST\u00c8ME AUTOMATIQUE D'ENSACHAGE, COUTURE ET \u00c9TIQUETAGE DES COUSSINS EP-500 EASY PILLOW - Brighi Group","isPartOf":{"@id":"https:\/\/www.brighigroup.com\/fr\/#website"},"primaryImageOfPage":{"@id":"https:\/\/www.brighigroup.com\/fr\/machine\/ep-500-easy-pillow\/#primaryimage"},"image":{"@id":"https:\/\/www.brighigroup.com\/fr\/machine\/ep-500-easy-pillow\/#primaryimage"},"thumbnailUrl":"https:\/\/www.brighigroup.com\/wp-content\/uploads\/2021\/11\/EP-500-EASY-PILLOW.jpg","datePublished":"2021-11-30T09:39:29+00:00","dateModified":"2025-01-27T08:35:21+00:00","description":"La machine enti\u00e8rement automatique pour rembourrer, coudre et \u00e9tiqueter des coussins et des oreillers en pad card\u00e9 enroul\u00e9.","breadcrumb":{"@id":"https:\/\/www.brighigroup.com\/fr\/machine\/ep-500-easy-pillow\/#breadcrumb"},"inLanguage":"fr-FR","potentialAction":[{"@type":"ReadAction","target":["https:\/\/www.brighigroup.com\/fr\/machine\/ep-500-easy-pillow\/"]}]},{"@type":"ImageObject","inLanguage":"fr-FR","@id":"https:\/\/www.brighigroup.com\/fr\/machine\/ep-500-easy-pillow\/#primaryimage","url":"https:\/\/www.brighigroup.com\/wp-content\/uploads\/2021\/11\/EP-500-EASY-PILLOW.jpg","contentUrl":"https:\/\/www.brighigroup.com\/wp-content\/uploads\/2021\/11\/EP-500-EASY-PILLOW.jpg","width":1920,"height":1280},{"@type":"BreadcrumbList","@id":"https:\/\/www.brighigroup.com\/fr\/machine\/ep-500-easy-pillow\/#breadcrumb","itemListElement":[{"@type":"ListItem","position":1,"name":"Machines","item":"https:\/\/www.brighigroup.com\/fr\/machines\/"},{"@type":"ListItem","position":2,"name":"EP-500 EASY PILLOW"}]},{"@type":"WebSite","@id":"https:\/\/www.brighigroup.com\/fr\/#website","url":"https:\/\/www.brighigroup.com\/fr\/","name":"Brighi Group","description":"Home textile e di prodotti imbottiti per il design d&#039;arredo tramandando l&#039;innovazione come cultura d&#039;impresa.","potentialAction":[{"@type":"SearchAction","target":{"@type":"EntryPoint","urlTemplate":"https:\/\/www.brighigroup.com\/fr\/?s={search_term_string}"},"query-input":{"@type":"PropertyValueSpecification","valueRequired":true,"valueName":"search_term_string"}}],"inLanguage":"fr-FR"}]}},"_links":{"self":[{"href":"https:\/\/www.brighigroup.com\/fr\/wp-json\/wp\/v2\/product\/4873","targetHints":{"allow":["GET"]}}],"collection":[{"href":"https:\/\/www.brighigroup.com\/fr\/wp-json\/wp\/v2\/product"}],"about":[{"href":"https:\/\/www.brighigroup.com\/fr\/wp-json\/wp\/v2\/types\/product"}],"wp:featuredmedia":[{"embeddable":true,"href":"https:\/\/www.brighigroup.com\/fr\/wp-json\/wp\/v2\/media\/4183"}],"wp:attachment":[{"href":"https:\/\/www.brighigroup.com\/fr\/wp-json\/wp\/v2\/media?parent=4873"}],"wp:term":[{"taxonomy":"product_cat","embeddable":true,"href":"https:\/\/www.brighigroup.com\/fr\/wp-json\/wp\/v2\/product_cat?post=4873"},{"taxonomy":"product_tag","embeddable":true,"href":"https:\/\/www.brighigroup.com\/fr\/wp-json\/wp\/v2\/product_tag?post=4873"}],"curies":[{"name":"wp","href":"https:\/\/api.w.org\/{rel}","templated":true}]}}