{"id":4872,"date":"2021-04-01T10:37:48","date_gmt":"2021-11-30T09:37:48","guid":{"rendered":"https:\/\/www.brighigroup.com\/macchina\/fw-110\/"},"modified":"2025-09-17T12:18:30","modified_gmt":"2025-09-17T10:18:30","slug":"fw-110","status":"publish","type":"product","link":"https:\/\/www.brighigroup.com\/fr\/machine\/fw-110\/","title":{"rendered":"FW-110"},"content":{"rendered":"<h2>MACHINE DE REMPLISSAGE SEMI-AUTOMATIQUE<\/h2>\n<p>La remplisseuse \u00e9lectronique mod. FW-110 comprend une <strong>souffleuse simple adapt\u00e9e au remplissage de coussins et oreillers<\/strong>, avec profil des pales con\u00e7u sp\u00e9cialement afin de ne pas ab\u00eemer le mat\u00e9riau de remplissage, le <strong>syst\u00e8me d\u2019\u00e9taux<\/strong> pour tenir la housse durant le remplissage, une <strong>table avec bac de collecte et balance<\/strong>, un <strong>pupitre \u00e9lectronique<\/strong> pour la gestion des recettes et l\u2019afficheur du poids d\u00e9tect\u00e9 par la table de pesage.\u00a0 Elle est disponible en version droite et gauche, par ailleurs diff\u00e9rents types de tuyaux de remplissage sont disponibles.<\/p>\n<p>D\u00e9couvrez aussi notre version manuelle: <a href=\"https:\/\/www.brighigroup.com\/fr\/machine\/fm-100\/\">FM-100<\/a><\/p>\n<p><iframe title=\"Semi-automatic blow filling line for shredded foam and fiber\" width=\"800\" height=\"450\" src=\"https:\/\/www.youtube-nocookie.com\/embed\/zE9KGVcjmdU?feature=oembed\" frameborder=\"0\" allow=\"accelerometer; autoplay; clipboard-write; encrypted-media; gyroscope; picture-in-picture; web-share\" referrerpolicy=\"strict-origin-when-cross-origin\" allowfullscreen><\/iframe><\/p>\n<p><iframe title=\"Semi-automatic Electronic Blowing Station mod. FW-110\" width=\"800\" height=\"600\" src=\"https:\/\/www.youtube-nocookie.com\/embed\/4bkZE2hHBZU?feature=oembed\" frameborder=\"0\" allow=\"accelerometer; autoplay; clipboard-write; encrypted-media; gyroscope; picture-in-picture; web-share\" referrerpolicy=\"strict-origin-when-cross-origin\" allowfullscreen><\/iframe><\/p>\n<p><strong>QUE POUVEZ-VOUS REMPLIR<\/strong><\/p>\n<p>Coussins, oreillers, coussins multichambre, sacs, peluches, lits pour animaux<\/p>\n<p><strong>MAT\u00c9RIAUX DE REMPLISSAGE QUE VOUS POUVEZ UTILISER<\/strong><\/p>\n<p>Fibre et Microfibre de Polyester (vierge et recycl\u00e9e), plume &amp; duvet, copeaux de polyur\u00e9thane, laine et autres mat\u00e9riaux naturels, m\u00e9langes avec tous les mat\u00e9riaux pr\u00e9c\u00e9dents.<\/p>\n<p><strong>CARACTERISTIQUES\u00a0<\/strong><\/p>\n<ul>\n<li><strong>Gestion simplifi\u00e9e<\/strong> : panneau de contr\u00f4le pour la gestion de tous les param\u00e8tres et les ajustements m\u00e9caniques de fa\u00e7on automatique, avec introduction et gestion des recettes avec les caract\u00e9ristiques du produit\/mat\u00e9riau de remplissage\/vitesse de la remplisseuse pour acc\u00e9l\u00e9rer la production.<\/li>\n<li><strong>Souplesse<\/strong> : vaste gamme de mat\u00e9riaux et housses qui peuvent \u00eatre remplis par la machine sans devoir effectuer d\u2019ajustements m\u00e9caniques. Des housses non transpirantes peuvent \u00eatre utilis\u00e9es gr\u00e2ce aux tuyaux avec d\u00e9charge air.<\/li>\n<li><strong>Tous les mat\u00e9riaux de remplissage<\/strong> : aucune restriction sur les mat\u00e9riaux de remplissage.<\/li>\n<li id=\"gtx-trans\" style=\"position: absolute;left: -11px;top: -4.08594px\">\n<div class=\"gtx-trans-icon\"><\/div>\n<\/li>\n<\/ul>\n","protected":false},"excerpt":{"rendered":"<h6>Machine de remplissage semi-automatique pour coussins et oreillers<\/h6>\n","protected":false},"featured_media":4184,"template":"","meta":{"_acf_changed":false},"product_cat":[93,92,167,94,97,96,95,100],"product_tag":[304],"class_list":{"0":"post-4872","1":"product","2":"type-product","3":"status-publish","4":"has-post-thumbnail","6":"product_cat-ligne-coussins-decoratifs-dexterieur-coussins-de-chaise","7":"product_cat-ligne-coussins-souffles","8":"product_cat-ligne-de-recyclage","9":"product_cat-ligne-production-canapes-et-rembourrages-des-canapes-fauteuils-chaises","10":"product_cat-ligne-production-polyurethane-pour-matelas-oreillers-et-canapes","11":"product_cat-lligne-remplissage-peluches-jouets-lits-animaux-rembourrages-divers","12":"product_cat-ligne-traitement-matieres-premieres-et-recyclage-rebuts","13":"product_cat-remplissage-souffle","14":"product_tag-oreillers-et-coussins-souffles","16":"first","17":"instock","18":"shipping-taxable","19":"product-type-simple"},"acf":[],"yoast_head":"<!-- This site is optimized with the Yoast SEO plugin v24.2 - https:\/\/yoast.com\/wordpress\/plugins\/seo\/ -->\n<title>Machine de remplissage oreillers semi-automatique - Brighi Group<\/title>\n<meta name=\"description\" content=\"Machine de remplissage oreillers semi-automatique adapt\u00e9e au remplissage des oreillers et des coussins. Peut inclure un syst\u00e8me de fixation pour maintenir la couverture.\" \/>\n<meta name=\"robots\" content=\"index, follow, max-snippet:-1, max-image-preview:large, max-video-preview:-1\" \/>\n<link rel=\"canonical\" href=\"https:\/\/www.brighigroup.com\/fr\/machine\/fw-110\/\" \/>\n<meta property=\"og:locale\" content=\"fr_FR\" \/>\n<meta property=\"og:type\" content=\"article\" \/>\n<meta property=\"og:title\" content=\"Machine de remplissage oreillers semi-automatique - Brighi Group\" \/>\n<meta property=\"og:description\" content=\"Machine de remplissage oreillers semi-automatique adapt\u00e9e au remplissage des oreillers et des coussins. Peut inclure un syst\u00e8me de fixation pour maintenir la couverture.\" \/>\n<meta property=\"og:url\" content=\"https:\/\/www.brighigroup.com\/fr\/machine\/fw-110\/\" \/>\n<meta property=\"og:site_name\" content=\"Brighi Group\" \/>\n<meta property=\"article:modified_time\" content=\"2025-09-17T10:18:30+00:00\" \/>\n<meta property=\"og:image\" content=\"https:\/\/www.brighigroup.com\/wp-content\/uploads\/2021\/11\/FW-110.jpg\" \/>\n\t<meta property=\"og:image:width\" content=\"1920\" \/>\n\t<meta property=\"og:image:height\" content=\"1280\" \/>\n\t<meta property=\"og:image:type\" content=\"image\/jpeg\" \/>\n<meta name=\"twitter:card\" content=\"summary_large_image\" \/>\n<meta name=\"twitter:label1\" content=\"Dur\u00e9e de lecture estim\u00e9e\" \/>\n\t<meta name=\"twitter:data1\" content=\"2 minutes\" \/>\n<script type=\"application\/ld+json\" class=\"yoast-schema-graph\">{\"@context\":\"https:\/\/schema.org\",\"@graph\":[{\"@type\":\"WebPage\",\"@id\":\"https:\/\/www.brighigroup.com\/fr\/machine\/fw-110\/\",\"url\":\"https:\/\/www.brighigroup.com\/fr\/machine\/fw-110\/\",\"name\":\"Machine de remplissage oreillers semi-automatique - Brighi Group\",\"isPartOf\":{\"@id\":\"https:\/\/www.brighigroup.com\/fr\/#website\"},\"primaryImageOfPage\":{\"@id\":\"https:\/\/www.brighigroup.com\/fr\/machine\/fw-110\/#primaryimage\"},\"image\":{\"@id\":\"https:\/\/www.brighigroup.com\/fr\/machine\/fw-110\/#primaryimage\"},\"thumbnailUrl\":\"https:\/\/www.brighigroup.com\/wp-content\/uploads\/2021\/11\/FW-110.jpg\",\"datePublished\":\"2021-11-30T09:37:48+00:00\",\"dateModified\":\"2025-09-17T10:18:30+00:00\",\"description\":\"Machine de remplissage oreillers semi-automatique adapt\u00e9e au remplissage des oreillers et des coussins. Peut inclure un syst\u00e8me de fixation pour maintenir la couverture.\",\"breadcrumb\":{\"@id\":\"https:\/\/www.brighigroup.com\/fr\/machine\/fw-110\/#breadcrumb\"},\"inLanguage\":\"fr-FR\",\"potentialAction\":[{\"@type\":\"ReadAction\",\"target\":[\"https:\/\/www.brighigroup.com\/fr\/machine\/fw-110\/\"]}]},{\"@type\":\"ImageObject\",\"inLanguage\":\"fr-FR\",\"@id\":\"https:\/\/www.brighigroup.com\/fr\/machine\/fw-110\/#primaryimage\",\"url\":\"https:\/\/www.brighigroup.com\/wp-content\/uploads\/2021\/11\/FW-110.jpg\",\"contentUrl\":\"https:\/\/www.brighigroup.com\/wp-content\/uploads\/2021\/11\/FW-110.jpg\",\"width\":1920,\"height\":1280},{\"@type\":\"BreadcrumbList\",\"@id\":\"https:\/\/www.brighigroup.com\/fr\/machine\/fw-110\/#breadcrumb\",\"itemListElement\":[{\"@type\":\"ListItem\",\"position\":1,\"name\":\"Machines\",\"item\":\"https:\/\/www.brighigroup.com\/fr\/machines\/\"},{\"@type\":\"ListItem\",\"position\":2,\"name\":\"FW-110\"}]},{\"@type\":\"WebSite\",\"@id\":\"https:\/\/www.brighigroup.com\/fr\/#website\",\"url\":\"https:\/\/www.brighigroup.com\/fr\/\",\"name\":\"Brighi Group\",\"description\":\"Home textile e di prodotti imbottiti per il design d&#039;arredo tramandando l&#039;innovazione come cultura d&#039;impresa.\",\"potentialAction\":[{\"@type\":\"SearchAction\",\"target\":{\"@type\":\"EntryPoint\",\"urlTemplate\":\"https:\/\/www.brighigroup.com\/fr\/?s={search_term_string}\"},\"query-input\":{\"@type\":\"PropertyValueSpecification\",\"valueRequired\":true,\"valueName\":\"search_term_string\"}}],\"inLanguage\":\"fr-FR\"}]}<\/script>\n<!-- \/ Yoast SEO plugin. -->","yoast_head_json":{"title":"Machine de remplissage oreillers semi-automatique - Brighi Group","description":"Machine de remplissage oreillers semi-automatique adapt\u00e9e au remplissage des oreillers et des coussins. Peut inclure un syst\u00e8me de fixation pour maintenir la couverture.","robots":{"index":"index","follow":"follow","max-snippet":"max-snippet:-1","max-image-preview":"max-image-preview:large","max-video-preview":"max-video-preview:-1"},"canonical":"https:\/\/www.brighigroup.com\/fr\/machine\/fw-110\/","og_locale":"fr_FR","og_type":"article","og_title":"Machine de remplissage oreillers semi-automatique - Brighi Group","og_description":"Machine de remplissage oreillers semi-automatique adapt\u00e9e au remplissage des oreillers et des coussins. Peut inclure un syst\u00e8me de fixation pour maintenir la couverture.","og_url":"https:\/\/www.brighigroup.com\/fr\/machine\/fw-110\/","og_site_name":"Brighi Group","article_modified_time":"2025-09-17T10:18:30+00:00","og_image":[{"width":1920,"height":1280,"url":"https:\/\/www.brighigroup.com\/wp-content\/uploads\/2021\/11\/FW-110.jpg","type":"image\/jpeg"}],"twitter_card":"summary_large_image","twitter_misc":{"Dur\u00e9e de lecture estim\u00e9e":"2 minutes"},"schema":{"@context":"https:\/\/schema.org","@graph":[{"@type":"WebPage","@id":"https:\/\/www.brighigroup.com\/fr\/machine\/fw-110\/","url":"https:\/\/www.brighigroup.com\/fr\/machine\/fw-110\/","name":"Machine de remplissage oreillers semi-automatique - Brighi Group","isPartOf":{"@id":"https:\/\/www.brighigroup.com\/fr\/#website"},"primaryImageOfPage":{"@id":"https:\/\/www.brighigroup.com\/fr\/machine\/fw-110\/#primaryimage"},"image":{"@id":"https:\/\/www.brighigroup.com\/fr\/machine\/fw-110\/#primaryimage"},"thumbnailUrl":"https:\/\/www.brighigroup.com\/wp-content\/uploads\/2021\/11\/FW-110.jpg","datePublished":"2021-11-30T09:37:48+00:00","dateModified":"2025-09-17T10:18:30+00:00","description":"Machine de remplissage oreillers semi-automatique adapt\u00e9e au remplissage des oreillers et des coussins. Peut inclure un syst\u00e8me de fixation pour maintenir la couverture.","breadcrumb":{"@id":"https:\/\/www.brighigroup.com\/fr\/machine\/fw-110\/#breadcrumb"},"inLanguage":"fr-FR","potentialAction":[{"@type":"ReadAction","target":["https:\/\/www.brighigroup.com\/fr\/machine\/fw-110\/"]}]},{"@type":"ImageObject","inLanguage":"fr-FR","@id":"https:\/\/www.brighigroup.com\/fr\/machine\/fw-110\/#primaryimage","url":"https:\/\/www.brighigroup.com\/wp-content\/uploads\/2021\/11\/FW-110.jpg","contentUrl":"https:\/\/www.brighigroup.com\/wp-content\/uploads\/2021\/11\/FW-110.jpg","width":1920,"height":1280},{"@type":"BreadcrumbList","@id":"https:\/\/www.brighigroup.com\/fr\/machine\/fw-110\/#breadcrumb","itemListElement":[{"@type":"ListItem","position":1,"name":"Machines","item":"https:\/\/www.brighigroup.com\/fr\/machines\/"},{"@type":"ListItem","position":2,"name":"FW-110"}]},{"@type":"WebSite","@id":"https:\/\/www.brighigroup.com\/fr\/#website","url":"https:\/\/www.brighigroup.com\/fr\/","name":"Brighi Group","description":"Home textile e di prodotti imbottiti per il design d&#039;arredo tramandando l&#039;innovazione come cultura d&#039;impresa.","potentialAction":[{"@type":"SearchAction","target":{"@type":"EntryPoint","urlTemplate":"https:\/\/www.brighigroup.com\/fr\/?s={search_term_string}"},"query-input":{"@type":"PropertyValueSpecification","valueRequired":true,"valueName":"search_term_string"}}],"inLanguage":"fr-FR"}]}},"_links":{"self":[{"href":"https:\/\/www.brighigroup.com\/fr\/wp-json\/wp\/v2\/product\/4872","targetHints":{"allow":["GET"]}}],"collection":[{"href":"https:\/\/www.brighigroup.com\/fr\/wp-json\/wp\/v2\/product"}],"about":[{"href":"https:\/\/www.brighigroup.com\/fr\/wp-json\/wp\/v2\/types\/product"}],"wp:featuredmedia":[{"embeddable":true,"href":"https:\/\/www.brighigroup.com\/fr\/wp-json\/wp\/v2\/media\/4184"}],"wp:attachment":[{"href":"https:\/\/www.brighigroup.com\/fr\/wp-json\/wp\/v2\/media?parent=4872"}],"wp:term":[{"taxonomy":"product_cat","embeddable":true,"href":"https:\/\/www.brighigroup.com\/fr\/wp-json\/wp\/v2\/product_cat?post=4872"},{"taxonomy":"product_tag","embeddable":true,"href":"https:\/\/www.brighigroup.com\/fr\/wp-json\/wp\/v2\/product_tag?post=4872"}],"curies":[{"name":"wp","href":"https:\/\/api.w.org\/{rel}","templated":true}]}}