{"id":4871,"date":"2020-11-01T16:00:23","date_gmt":"2021-12-02T15:47:23","guid":{"rendered":"https:\/\/www.brighigroup.com\/macchina\/fm-100d\/"},"modified":"2025-01-27T09:46:09","modified_gmt":"2025-01-27T08:46:09","slug":"fm-100","status":"publish","type":"product","link":"https:\/\/www.brighigroup.com\/fr\/machine\/fm-100\/","title":{"rendered":"FM-100"},"content":{"rendered":"<h2><strong>SYST\u00c8ME DE REMPLISSAGE MANUEL<\/strong><\/h2>\n<p style=\"text-align: justify;\">Le syst\u00e8me de remplissage oreillers mod. FM-100 est une <strong>remplisseuse manuelle<\/strong> compos\u00e9e d\u2019une <strong>souffleuse simple<\/strong> adapt\u00e9e au remplissage des coussins et oreillers, avec profil des pales con\u00e7u sp\u00e9cialement afin de ne pas ab\u00eemer le mat\u00e9riau de remplissage. La machine est <strong>actionn\u00e9e par une p\u00e9dale<\/strong> qui active et arr\u00eate le flux de produit. Elle est disponible en version droite et gauche, par ailleurs diff\u00e9rents types de tuyaux de remplissage sont disponibles.<\/p>\n<p>D\u00e9couvrez \u00e9galement notre<a href=\"https:\/\/www.brighigroup.com\/fr\/machine\/fw-110\/\"> version semi-automatique pour le remplissage des oreillers et des coussins.<\/a><\/p>\n<p><iframe title=\"Manual Filler mod. FM-100\" width=\"800\" height=\"450\" src=\"https:\/\/www.youtube-nocookie.com\/embed\/qjlY0yAJ3IA?feature=oembed\" frameborder=\"0\" allow=\"accelerometer; autoplay; clipboard-write; encrypted-media; gyroscope; picture-in-picture\" allowfullscreen><\/iframe><\/p>\n<p>&nbsp;<\/p>\n<p><strong>QUE POUVEZ-VOUS REMPLIR<\/strong><\/p>\n<p>Coussins, oreillers, coussins multichambre, sacs, peluches, lits pour animaux<\/p>\n<p><strong>MAT\u00c9RIAUX DE REMPLISSAGE QUE VOUS POUVEZ UTILISER<\/strong><\/p>\n<p>Fibre et Microfibre de Polyester (vierge et recycl\u00e9e), plume &amp; duvet, copeaux de polyur\u00e9thane, laine et autres mat\u00e9riaux naturels, m\u00e9langes avec tous les mat\u00e9riaux pr\u00e9c\u00e9dents.<\/p>\n<p><strong>CARACTERISTIQUES\u00a0<\/strong><\/p>\n<ul>\n<li><strong>Souplesse<\/strong> : vaste gamme de mat\u00e9riaux et housses qui peuvent \u00eatre remplis par la machine sans devoir effectuer d\u2019ajustements m\u00e9caniques. Des housses non transpirantes peuvent \u00eatre utilis\u00e9es gr\u00e2ce aux tuyaux avec r\u00e9el d\u00e9charge air brevet\u00e9s.<\/li>\n<li><strong>Tous les mat\u00e9riaux de remplissage<\/strong> : aucune restriction sur les mat\u00e9riaux de remplissage.<\/li>\n<li><strong>Option table de pesage et afficheur <\/strong>: table de travail dot\u00e9e d\u2019un capteur de pesage pour peser le coussin apr\u00e8s le remplissage et permettre une correction quand n\u00e9cessaire.<\/li>\n<li><strong>Option \u00e9taux bloque-tissu<\/strong> : l\u2019op\u00e9rateur peut effectuer d&rsquo;autres activit\u00e9s durant le remplissage.<\/li>\n<\/ul>\n","protected":false},"excerpt":{"rendered":"<h6>Syst\u00e8me de remplissage oreillers manuel<\/h6>\n","protected":false},"featured_media":4207,"template":"","meta":{"_acf_changed":false},"product_cat":[93,92,94,97,96,95,100],"product_tag":[304],"class_list":{"0":"post-4871","1":"product","2":"type-product","3":"status-publish","4":"has-post-thumbnail","6":"product_cat-ligne-coussins-decoratifs-dexterieur-coussins-de-chaise","7":"product_cat-ligne-coussins-souffles","8":"product_cat-ligne-production-canapes-et-rembourrages-des-canapes-fauteuils-chaises","9":"product_cat-ligne-production-polyurethane-pour-matelas-oreillers-et-canapes","10":"product_cat-lligne-remplissage-peluches-jouets-lits-animaux-rembourrages-divers","11":"product_cat-ligne-traitement-matieres-premieres-et-recyclage-rebuts","12":"product_cat-remplissage-souffle","13":"product_tag-oreillers-et-coussins-souffles","15":"first","16":"instock","17":"shipping-taxable","18":"product-type-simple"},"acf":[],"yoast_head":"<!-- This site is optimized with the Yoast SEO plugin v24.2 - https:\/\/yoast.com\/wordpress\/plugins\/seo\/ -->\n<title>Syst\u00e8me de remplissage oreillers - Brighi Group<\/title>\n<meta name=\"description\" content=\"Le Syst\u00e8me de remplissage oreillers mod. FM-100 est une remplisseuse manuelle adapt\u00e9e au remplissage des coussins, des oreillers, et outre.\" \/>\n<meta name=\"robots\" content=\"index, follow, max-snippet:-1, max-image-preview:large, max-video-preview:-1\" \/>\n<link rel=\"canonical\" href=\"https:\/\/www.brighigroup.com\/fr\/machine\/fm-100\/\" \/>\n<meta property=\"og:locale\" content=\"fr_FR\" \/>\n<meta property=\"og:type\" content=\"article\" \/>\n<meta property=\"og:title\" content=\"Syst\u00e8me de remplissage oreillers - Brighi Group\" \/>\n<meta property=\"og:description\" content=\"Le Syst\u00e8me de remplissage oreillers mod. FM-100 est une remplisseuse manuelle adapt\u00e9e au remplissage des coussins, des oreillers, et outre.\" \/>\n<meta property=\"og:url\" content=\"https:\/\/www.brighigroup.com\/fr\/machine\/fm-100\/\" \/>\n<meta property=\"og:site_name\" content=\"Brighi Group\" \/>\n<meta property=\"article:modified_time\" content=\"2025-01-27T08:46:09+00:00\" \/>\n<meta property=\"og:image\" content=\"https:\/\/www.brighigroup.com\/wp-content\/uploads\/2021\/12\/FM-100D.jpg\" \/>\n\t<meta property=\"og:image:width\" content=\"1920\" \/>\n\t<meta property=\"og:image:height\" content=\"1280\" \/>\n\t<meta property=\"og:image:type\" content=\"image\/jpeg\" \/>\n<meta name=\"twitter:card\" content=\"summary_large_image\" \/>\n<meta name=\"twitter:label1\" content=\"Dur\u00e9e de lecture estim\u00e9e\" \/>\n\t<meta name=\"twitter:data1\" content=\"1 minute\" \/>\n<script type=\"application\/ld+json\" class=\"yoast-schema-graph\">{\"@context\":\"https:\/\/schema.org\",\"@graph\":[{\"@type\":\"WebPage\",\"@id\":\"https:\/\/www.brighigroup.com\/fr\/machine\/fm-100\/\",\"url\":\"https:\/\/www.brighigroup.com\/fr\/machine\/fm-100\/\",\"name\":\"Syst\u00e8me de remplissage oreillers - Brighi Group\",\"isPartOf\":{\"@id\":\"https:\/\/www.brighigroup.com\/fr\/#website\"},\"primaryImageOfPage\":{\"@id\":\"https:\/\/www.brighigroup.com\/fr\/machine\/fm-100\/#primaryimage\"},\"image\":{\"@id\":\"https:\/\/www.brighigroup.com\/fr\/machine\/fm-100\/#primaryimage\"},\"thumbnailUrl\":\"https:\/\/www.brighigroup.com\/wp-content\/uploads\/2021\/12\/FM-100D.jpg\",\"datePublished\":\"2021-12-02T15:47:23+00:00\",\"dateModified\":\"2025-01-27T08:46:09+00:00\",\"description\":\"Le Syst\u00e8me de remplissage oreillers mod. FM-100 est une remplisseuse manuelle adapt\u00e9e au remplissage des coussins, des oreillers, et outre.\",\"breadcrumb\":{\"@id\":\"https:\/\/www.brighigroup.com\/fr\/machine\/fm-100\/#breadcrumb\"},\"inLanguage\":\"fr-FR\",\"potentialAction\":[{\"@type\":\"ReadAction\",\"target\":[\"https:\/\/www.brighigroup.com\/fr\/machine\/fm-100\/\"]}]},{\"@type\":\"ImageObject\",\"inLanguage\":\"fr-FR\",\"@id\":\"https:\/\/www.brighigroup.com\/fr\/machine\/fm-100\/#primaryimage\",\"url\":\"https:\/\/www.brighigroup.com\/wp-content\/uploads\/2021\/12\/FM-100D.jpg\",\"contentUrl\":\"https:\/\/www.brighigroup.com\/wp-content\/uploads\/2021\/12\/FM-100D.jpg\",\"width\":1920,\"height\":1280},{\"@type\":\"BreadcrumbList\",\"@id\":\"https:\/\/www.brighigroup.com\/fr\/machine\/fm-100\/#breadcrumb\",\"itemListElement\":[{\"@type\":\"ListItem\",\"position\":1,\"name\":\"Machines\",\"item\":\"https:\/\/www.brighigroup.com\/fr\/machines\/\"},{\"@type\":\"ListItem\",\"position\":2,\"name\":\"FM-100\"}]},{\"@type\":\"WebSite\",\"@id\":\"https:\/\/www.brighigroup.com\/fr\/#website\",\"url\":\"https:\/\/www.brighigroup.com\/fr\/\",\"name\":\"Brighi Group\",\"description\":\"Home textile e di prodotti imbottiti per il design d&#039;arredo tramandando l&#039;innovazione come cultura d&#039;impresa.\",\"potentialAction\":[{\"@type\":\"SearchAction\",\"target\":{\"@type\":\"EntryPoint\",\"urlTemplate\":\"https:\/\/www.brighigroup.com\/fr\/?s={search_term_string}\"},\"query-input\":{\"@type\":\"PropertyValueSpecification\",\"valueRequired\":true,\"valueName\":\"search_term_string\"}}],\"inLanguage\":\"fr-FR\"}]}<\/script>\n<!-- \/ Yoast SEO plugin. -->","yoast_head_json":{"title":"Syst\u00e8me de remplissage oreillers - Brighi Group","description":"Le Syst\u00e8me de remplissage oreillers mod. FM-100 est une remplisseuse manuelle adapt\u00e9e au remplissage des coussins, des oreillers, et outre.","robots":{"index":"index","follow":"follow","max-snippet":"max-snippet:-1","max-image-preview":"max-image-preview:large","max-video-preview":"max-video-preview:-1"},"canonical":"https:\/\/www.brighigroup.com\/fr\/machine\/fm-100\/","og_locale":"fr_FR","og_type":"article","og_title":"Syst\u00e8me de remplissage oreillers - Brighi Group","og_description":"Le Syst\u00e8me de remplissage oreillers mod. FM-100 est une remplisseuse manuelle adapt\u00e9e au remplissage des coussins, des oreillers, et outre.","og_url":"https:\/\/www.brighigroup.com\/fr\/machine\/fm-100\/","og_site_name":"Brighi Group","article_modified_time":"2025-01-27T08:46:09+00:00","og_image":[{"width":1920,"height":1280,"url":"https:\/\/www.brighigroup.com\/wp-content\/uploads\/2021\/12\/FM-100D.jpg","type":"image\/jpeg"}],"twitter_card":"summary_large_image","twitter_misc":{"Dur\u00e9e de lecture estim\u00e9e":"1 minute"},"schema":{"@context":"https:\/\/schema.org","@graph":[{"@type":"WebPage","@id":"https:\/\/www.brighigroup.com\/fr\/machine\/fm-100\/","url":"https:\/\/www.brighigroup.com\/fr\/machine\/fm-100\/","name":"Syst\u00e8me de remplissage oreillers - Brighi Group","isPartOf":{"@id":"https:\/\/www.brighigroup.com\/fr\/#website"},"primaryImageOfPage":{"@id":"https:\/\/www.brighigroup.com\/fr\/machine\/fm-100\/#primaryimage"},"image":{"@id":"https:\/\/www.brighigroup.com\/fr\/machine\/fm-100\/#primaryimage"},"thumbnailUrl":"https:\/\/www.brighigroup.com\/wp-content\/uploads\/2021\/12\/FM-100D.jpg","datePublished":"2021-12-02T15:47:23+00:00","dateModified":"2025-01-27T08:46:09+00:00","description":"Le Syst\u00e8me de remplissage oreillers mod. FM-100 est une remplisseuse manuelle adapt\u00e9e au remplissage des coussins, des oreillers, et outre.","breadcrumb":{"@id":"https:\/\/www.brighigroup.com\/fr\/machine\/fm-100\/#breadcrumb"},"inLanguage":"fr-FR","potentialAction":[{"@type":"ReadAction","target":["https:\/\/www.brighigroup.com\/fr\/machine\/fm-100\/"]}]},{"@type":"ImageObject","inLanguage":"fr-FR","@id":"https:\/\/www.brighigroup.com\/fr\/machine\/fm-100\/#primaryimage","url":"https:\/\/www.brighigroup.com\/wp-content\/uploads\/2021\/12\/FM-100D.jpg","contentUrl":"https:\/\/www.brighigroup.com\/wp-content\/uploads\/2021\/12\/FM-100D.jpg","width":1920,"height":1280},{"@type":"BreadcrumbList","@id":"https:\/\/www.brighigroup.com\/fr\/machine\/fm-100\/#breadcrumb","itemListElement":[{"@type":"ListItem","position":1,"name":"Machines","item":"https:\/\/www.brighigroup.com\/fr\/machines\/"},{"@type":"ListItem","position":2,"name":"FM-100"}]},{"@type":"WebSite","@id":"https:\/\/www.brighigroup.com\/fr\/#website","url":"https:\/\/www.brighigroup.com\/fr\/","name":"Brighi Group","description":"Home textile e di prodotti imbottiti per il design d&#039;arredo tramandando l&#039;innovazione come cultura d&#039;impresa.","potentialAction":[{"@type":"SearchAction","target":{"@type":"EntryPoint","urlTemplate":"https:\/\/www.brighigroup.com\/fr\/?s={search_term_string}"},"query-input":{"@type":"PropertyValueSpecification","valueRequired":true,"valueName":"search_term_string"}}],"inLanguage":"fr-FR"}]}},"_links":{"self":[{"href":"https:\/\/www.brighigroup.com\/fr\/wp-json\/wp\/v2\/product\/4871","targetHints":{"allow":["GET"]}}],"collection":[{"href":"https:\/\/www.brighigroup.com\/fr\/wp-json\/wp\/v2\/product"}],"about":[{"href":"https:\/\/www.brighigroup.com\/fr\/wp-json\/wp\/v2\/types\/product"}],"wp:featuredmedia":[{"embeddable":true,"href":"https:\/\/www.brighigroup.com\/fr\/wp-json\/wp\/v2\/media\/4207"}],"wp:attachment":[{"href":"https:\/\/www.brighigroup.com\/fr\/wp-json\/wp\/v2\/media?parent=4871"}],"wp:term":[{"taxonomy":"product_cat","embeddable":true,"href":"https:\/\/www.brighigroup.com\/fr\/wp-json\/wp\/v2\/product_cat?post=4871"},{"taxonomy":"product_tag","embeddable":true,"href":"https:\/\/www.brighigroup.com\/fr\/wp-json\/wp\/v2\/product_tag?post=4871"}],"curies":[{"name":"wp","href":"https:\/\/api.w.org\/{rel}","templated":true}]}}