{"id":4800,"date":"2022-07-01T10:30:25","date_gmt":"2021-11-30T09:32:25","guid":{"rendered":"https:\/\/www.brighigroup.com\/macchina\/ebl-500-easy-blow\/"},"modified":"2025-01-27T09:18:01","modified_gmt":"2025-01-27T08:18:01","slug":"ebl-500-easy-blow","status":"publish","type":"product","link":"https:\/\/www.brighigroup.com\/fr\/machine\/ebl-500-easy-blow\/","title":{"rendered":"EBL-500 EASY BLOW"},"content":{"rendered":"<h2><strong>Syst\u00e8me automatique de pr\u00e9-pesage, remplissage, couture et \u00e9tiquetage<\/strong><\/h2>\n<p>Easy Blow est la <strong>solution la plus automatis\u00e9e pour le remplissage souffl\u00e9 et la couture de coussins<\/strong>. La machine combine la <strong>technologie du pr\u00e9-pesage et l&rsquo;exp\u00e9rience dans la couture<\/strong> pour un vrai processus <strong>sans op\u00e9rateur<\/strong>.<\/p>\n<p>Les housses sont charg\u00e9es sur les deux stations de remplissage gr\u00e2ce au syst\u00e8me automatique de chargement des caisses porte-housses. Les 2 robots pr\u00e9l\u00e8vent simultan\u00e9ment les housses et les placent sur les tuyaux des remplisseuses o\u00f9 le syst\u00e8me sp\u00e9cial d\u2019\u00e9taux bloque-coussin les bloque jusqu\u2019\u00e0 ce que le processus de remplissage soit termin\u00e9. Le chargeur automatique des housses est \u00e9quip\u00e9 avec les nouvelles caisses format multiple r\u00e9glables. La technologie de pr\u00e9-pesage du <a href=\"https:\/\/www.brighigroup.com\/fr\/machine\/mac-400\/\">MAC-400<\/a> assure la <strong>constance et la pr\u00e9cision du processus de remplissage souffl\u00e9<\/strong>. Une fois les deux coussins remplis, ils sont automatiquement amen\u00e9s aux <strong>stations de couture o\u00f9 ils sont cousus et \u00e9tiquet\u00e9s<\/strong> si les \u00e9tiqueteuses en option sont install\u00e9es.<\/p>\n<p>Une fois termin\u00e9s, les coussins vont dans la zone de d\u00e9chargement qui peut \u00eatre connect\u00e9e aux machines en aval comme le Shaker <a href=\"https:\/\/www.brighigroup.com\/fr\/machine\/sh-100\/\">SH-100<\/a> et les autres <a href=\"https:\/\/www.brighigroup.com\/fr\/categorie\/emballage\/\">machines pour l\u2019emballage<\/a> propos\u00e9es\u00a0 dans notre vaste gamme.<\/p>\n<p>&nbsp;<\/p>\n<p><iframe title=\"Fully Automatic Line for Blown Pillows with EBL-500 EASY BLOW\" width=\"800\" height=\"450\" src=\"https:\/\/www.youtube-nocookie.com\/embed\/5VSJJTakbxw?feature=oembed\" frameborder=\"0\" allow=\"accelerometer; autoplay; clipboard-write; encrypted-media; gyroscope; picture-in-picture\" allowfullscreen><\/iframe><\/p>\n<p>&nbsp;<\/p>\n<p><strong>QUE PEUT-ON REMPLIR ET COUDRE<\/strong><\/p>\n<p>Oreillers, Coussins<\/p>\n<p><strong>HOUSSES QUE L\u2019ON PEUT UTILISER<\/strong><\/p>\n<p>TNT, Coton, Polycoton<\/p>\n<p><strong>CARACTERISTIQUES\u00a0<\/strong><\/p>\n<ul>\n<li><strong>Le premier processus compl\u00e8tement Automatique et Int\u00e9gr\u00e9 brevet\u00e9<\/strong> : du chargement des housses jusqu\u2019au coussin cousu et \u00e9tiquet\u00e9 sans l\u2019intervention d&rsquo;aucun op\u00e9rateur, si ce n&rsquo;est d\u2019un superviseur du syst\u00e8me. Si introduite dans la ligne avec les machines de l&#8217;emballage, le processus de la mati\u00e8re premi\u00e8re jusqu\u2019\u00e0 la bo\u00eete est compl\u00e8tement automatique.<\/li>\n<li><strong>R\u00e9duction des co\u00fbts de main-d\u2019\u0153uvre, productivit\u00e9 \u00e9lev\u00e9e avec retour sur investissement rapide <\/strong><\/li>\n<li>Possibilit\u00e9 de programmer une<strong> production sur commande <\/strong>et d\u2019\u00e9viter des frais de stockage.<\/li>\n<li><strong>Standard qualitatif \u00e9lev\u00e9 du produit final<\/strong><\/li>\n<li><strong>Gestion \u00c9lectronique<\/strong> : gr\u00e2ce \u00e0 l\u2019\u00e9cran tactile sur la machine, il est possible de g\u00e9rer tous les param\u00e8tres et les r\u00e9glages m\u00e9caniques en mode automatique, la saisie et la gestion des recettes avec les caract\u00e9ristiques produit\/mat\u00e9riau.<\/li>\n<li><strong>Souplesse<\/strong> : la plus vaste gamme de mat\u00e9riaux trait\u00e9s (dimension, mat\u00e9riau de remplissage) par la machine sans devoir effectuer d\u2019ajustements m\u00e9caniques.<\/li>\n<li id=\"gtx-trans\" style=\"position: absolute; left: -10px; top: -4.08594px;\">\n<div class=\"gtx-trans-icon\"><\/div>\n<\/li>\n<\/ul>\n","protected":false},"excerpt":{"rendered":"<h6>Syst\u00e8me automatique de pr\u00e9-pesage, remplissage, couture et \u00e9tiquetage<\/h6>\n","protected":false},"featured_media":4191,"template":"","meta":{"_acf_changed":false},"product_cat":[93,92,100,101],"product_tag":[304],"class_list":{"0":"post-4800","1":"product","2":"type-product","3":"status-publish","4":"has-post-thumbnail","6":"product_cat-ligne-coussins-decoratifs-dexterieur-coussins-de-chaise","7":"product_cat-ligne-coussins-souffles","8":"product_cat-remplissage-souffle","9":"product_cat-systeme-de-couture","10":"product_tag-oreillers-et-coussins-souffles","12":"first","13":"instock","14":"shipping-taxable","15":"product-type-simple"},"acf":[],"yoast_head":"<!-- This site is optimized with the Yoast SEO plugin v24.2 - https:\/\/yoast.com\/wordpress\/plugins\/seo\/ -->\n<title>Syst\u00e8me automatique de pr\u00e9-pesage, remplissage, couture et \u00e9tiquetage - Brighi Group<\/title>\n<meta name=\"description\" content=\"Easy Blow est la solution la plus automatis\u00e9e pour le soufflage, la couture et l&#039;\u00e9tiquetage des coussins et des oreillers. Aucun op\u00e9rateur n&#039;est n\u00e9cessaire.\" \/>\n<meta name=\"robots\" content=\"index, follow, max-snippet:-1, max-image-preview:large, max-video-preview:-1\" \/>\n<link rel=\"canonical\" href=\"https:\/\/www.brighigroup.com\/fr\/machine\/ebl-500-easy-blow\/\" \/>\n<meta property=\"og:locale\" content=\"fr_FR\" \/>\n<meta property=\"og:type\" content=\"article\" \/>\n<meta property=\"og:title\" content=\"Syst\u00e8me automatique de pr\u00e9-pesage, remplissage, couture et \u00e9tiquetage - Brighi Group\" \/>\n<meta property=\"og:description\" content=\"Easy Blow est la solution la plus automatis\u00e9e pour le soufflage, la couture et l&#039;\u00e9tiquetage des coussins et des oreillers. Aucun op\u00e9rateur n&#039;est n\u00e9cessaire.\" \/>\n<meta property=\"og:url\" content=\"https:\/\/www.brighigroup.com\/fr\/machine\/ebl-500-easy-blow\/\" \/>\n<meta property=\"og:site_name\" content=\"Brighi Group\" \/>\n<meta property=\"article:modified_time\" content=\"2025-01-27T08:18:01+00:00\" \/>\n<meta property=\"og:image\" content=\"https:\/\/www.brighigroup.com\/wp-content\/uploads\/2021\/11\/EBL-500-EASY-BLOW.jpg\" \/>\n\t<meta property=\"og:image:width\" content=\"1920\" \/>\n\t<meta property=\"og:image:height\" content=\"1280\" \/>\n\t<meta property=\"og:image:type\" content=\"image\/jpeg\" \/>\n<meta name=\"twitter:card\" content=\"summary_large_image\" \/>\n<meta name=\"twitter:label1\" content=\"Dur\u00e9e de lecture estim\u00e9e\" \/>\n\t<meta name=\"twitter:data1\" content=\"2 minutes\" \/>\n<script type=\"application\/ld+json\" class=\"yoast-schema-graph\">{\"@context\":\"https:\/\/schema.org\",\"@graph\":[{\"@type\":\"WebPage\",\"@id\":\"https:\/\/www.brighigroup.com\/fr\/machine\/ebl-500-easy-blow\/\",\"url\":\"https:\/\/www.brighigroup.com\/fr\/machine\/ebl-500-easy-blow\/\",\"name\":\"Syst\u00e8me automatique de pr\u00e9-pesage, remplissage, couture et \u00e9tiquetage - Brighi Group\",\"isPartOf\":{\"@id\":\"https:\/\/www.brighigroup.com\/fr\/#website\"},\"primaryImageOfPage\":{\"@id\":\"https:\/\/www.brighigroup.com\/fr\/machine\/ebl-500-easy-blow\/#primaryimage\"},\"image\":{\"@id\":\"https:\/\/www.brighigroup.com\/fr\/machine\/ebl-500-easy-blow\/#primaryimage\"},\"thumbnailUrl\":\"https:\/\/www.brighigroup.com\/wp-content\/uploads\/2021\/11\/EBL-500-EASY-BLOW.jpg\",\"datePublished\":\"2021-11-30T09:32:25+00:00\",\"dateModified\":\"2025-01-27T08:18:01+00:00\",\"description\":\"Easy Blow est la solution la plus automatis\u00e9e pour le soufflage, la couture et l'\u00e9tiquetage des coussins et des oreillers. Aucun op\u00e9rateur n'est n\u00e9cessaire.\",\"breadcrumb\":{\"@id\":\"https:\/\/www.brighigroup.com\/fr\/machine\/ebl-500-easy-blow\/#breadcrumb\"},\"inLanguage\":\"fr-FR\",\"potentialAction\":[{\"@type\":\"ReadAction\",\"target\":[\"https:\/\/www.brighigroup.com\/fr\/machine\/ebl-500-easy-blow\/\"]}]},{\"@type\":\"ImageObject\",\"inLanguage\":\"fr-FR\",\"@id\":\"https:\/\/www.brighigroup.com\/fr\/machine\/ebl-500-easy-blow\/#primaryimage\",\"url\":\"https:\/\/www.brighigroup.com\/wp-content\/uploads\/2021\/11\/EBL-500-EASY-BLOW.jpg\",\"contentUrl\":\"https:\/\/www.brighigroup.com\/wp-content\/uploads\/2021\/11\/EBL-500-EASY-BLOW.jpg\",\"width\":1920,\"height\":1280},{\"@type\":\"BreadcrumbList\",\"@id\":\"https:\/\/www.brighigroup.com\/fr\/machine\/ebl-500-easy-blow\/#breadcrumb\",\"itemListElement\":[{\"@type\":\"ListItem\",\"position\":1,\"name\":\"Machines\",\"item\":\"https:\/\/www.brighigroup.com\/fr\/machines\/\"},{\"@type\":\"ListItem\",\"position\":2,\"name\":\"EBL-500 EASY BLOW\"}]},{\"@type\":\"WebSite\",\"@id\":\"https:\/\/www.brighigroup.com\/fr\/#website\",\"url\":\"https:\/\/www.brighigroup.com\/fr\/\",\"name\":\"Brighi Group\",\"description\":\"Home textile e di prodotti imbottiti per il design d&#039;arredo tramandando l&#039;innovazione come cultura d&#039;impresa.\",\"potentialAction\":[{\"@type\":\"SearchAction\",\"target\":{\"@type\":\"EntryPoint\",\"urlTemplate\":\"https:\/\/www.brighigroup.com\/fr\/?s={search_term_string}\"},\"query-input\":{\"@type\":\"PropertyValueSpecification\",\"valueRequired\":true,\"valueName\":\"search_term_string\"}}],\"inLanguage\":\"fr-FR\"}]}<\/script>\n<!-- \/ Yoast SEO plugin. -->","yoast_head_json":{"title":"Syst\u00e8me automatique de pr\u00e9-pesage, remplissage, couture et \u00e9tiquetage - Brighi Group","description":"Easy Blow est la solution la plus automatis\u00e9e pour le soufflage, la couture et l'\u00e9tiquetage des coussins et des oreillers. Aucun op\u00e9rateur n'est n\u00e9cessaire.","robots":{"index":"index","follow":"follow","max-snippet":"max-snippet:-1","max-image-preview":"max-image-preview:large","max-video-preview":"max-video-preview:-1"},"canonical":"https:\/\/www.brighigroup.com\/fr\/machine\/ebl-500-easy-blow\/","og_locale":"fr_FR","og_type":"article","og_title":"Syst\u00e8me automatique de pr\u00e9-pesage, remplissage, couture et \u00e9tiquetage - Brighi Group","og_description":"Easy Blow est la solution la plus automatis\u00e9e pour le soufflage, la couture et l'\u00e9tiquetage des coussins et des oreillers. Aucun op\u00e9rateur n'est n\u00e9cessaire.","og_url":"https:\/\/www.brighigroup.com\/fr\/machine\/ebl-500-easy-blow\/","og_site_name":"Brighi Group","article_modified_time":"2025-01-27T08:18:01+00:00","og_image":[{"width":1920,"height":1280,"url":"https:\/\/www.brighigroup.com\/wp-content\/uploads\/2021\/11\/EBL-500-EASY-BLOW.jpg","type":"image\/jpeg"}],"twitter_card":"summary_large_image","twitter_misc":{"Dur\u00e9e de lecture estim\u00e9e":"2 minutes"},"schema":{"@context":"https:\/\/schema.org","@graph":[{"@type":"WebPage","@id":"https:\/\/www.brighigroup.com\/fr\/machine\/ebl-500-easy-blow\/","url":"https:\/\/www.brighigroup.com\/fr\/machine\/ebl-500-easy-blow\/","name":"Syst\u00e8me automatique de pr\u00e9-pesage, remplissage, couture et \u00e9tiquetage - Brighi Group","isPartOf":{"@id":"https:\/\/www.brighigroup.com\/fr\/#website"},"primaryImageOfPage":{"@id":"https:\/\/www.brighigroup.com\/fr\/machine\/ebl-500-easy-blow\/#primaryimage"},"image":{"@id":"https:\/\/www.brighigroup.com\/fr\/machine\/ebl-500-easy-blow\/#primaryimage"},"thumbnailUrl":"https:\/\/www.brighigroup.com\/wp-content\/uploads\/2021\/11\/EBL-500-EASY-BLOW.jpg","datePublished":"2021-11-30T09:32:25+00:00","dateModified":"2025-01-27T08:18:01+00:00","description":"Easy Blow est la solution la plus automatis\u00e9e pour le soufflage, la couture et l'\u00e9tiquetage des coussins et des oreillers. Aucun op\u00e9rateur n'est n\u00e9cessaire.","breadcrumb":{"@id":"https:\/\/www.brighigroup.com\/fr\/machine\/ebl-500-easy-blow\/#breadcrumb"},"inLanguage":"fr-FR","potentialAction":[{"@type":"ReadAction","target":["https:\/\/www.brighigroup.com\/fr\/machine\/ebl-500-easy-blow\/"]}]},{"@type":"ImageObject","inLanguage":"fr-FR","@id":"https:\/\/www.brighigroup.com\/fr\/machine\/ebl-500-easy-blow\/#primaryimage","url":"https:\/\/www.brighigroup.com\/wp-content\/uploads\/2021\/11\/EBL-500-EASY-BLOW.jpg","contentUrl":"https:\/\/www.brighigroup.com\/wp-content\/uploads\/2021\/11\/EBL-500-EASY-BLOW.jpg","width":1920,"height":1280},{"@type":"BreadcrumbList","@id":"https:\/\/www.brighigroup.com\/fr\/machine\/ebl-500-easy-blow\/#breadcrumb","itemListElement":[{"@type":"ListItem","position":1,"name":"Machines","item":"https:\/\/www.brighigroup.com\/fr\/machines\/"},{"@type":"ListItem","position":2,"name":"EBL-500 EASY BLOW"}]},{"@type":"WebSite","@id":"https:\/\/www.brighigroup.com\/fr\/#website","url":"https:\/\/www.brighigroup.com\/fr\/","name":"Brighi Group","description":"Home textile e di prodotti imbottiti per il design d&#039;arredo tramandando l&#039;innovazione come cultura d&#039;impresa.","potentialAction":[{"@type":"SearchAction","target":{"@type":"EntryPoint","urlTemplate":"https:\/\/www.brighigroup.com\/fr\/?s={search_term_string}"},"query-input":{"@type":"PropertyValueSpecification","valueRequired":true,"valueName":"search_term_string"}}],"inLanguage":"fr-FR"}]}},"_links":{"self":[{"href":"https:\/\/www.brighigroup.com\/fr\/wp-json\/wp\/v2\/product\/4800","targetHints":{"allow":["GET"]}}],"collection":[{"href":"https:\/\/www.brighigroup.com\/fr\/wp-json\/wp\/v2\/product"}],"about":[{"href":"https:\/\/www.brighigroup.com\/fr\/wp-json\/wp\/v2\/types\/product"}],"wp:featuredmedia":[{"embeddable":true,"href":"https:\/\/www.brighigroup.com\/fr\/wp-json\/wp\/v2\/media\/4191"}],"wp:attachment":[{"href":"https:\/\/www.brighigroup.com\/fr\/wp-json\/wp\/v2\/media?parent=4800"}],"wp:term":[{"taxonomy":"product_cat","embeddable":true,"href":"https:\/\/www.brighigroup.com\/fr\/wp-json\/wp\/v2\/product_cat?post=4800"},{"taxonomy":"product_tag","embeddable":true,"href":"https:\/\/www.brighigroup.com\/fr\/wp-json\/wp\/v2\/product_tag?post=4800"}],"curies":[{"name":"wp","href":"https:\/\/api.w.org\/{rel}","templated":true}]}}