{"id":4790,"date":"2022-07-04T10:00:28","date_gmt":"2021-11-30T09:28:28","guid":{"rendered":"https:\/\/www.brighigroup.com\/macchina\/fp-400\/"},"modified":"2024-07-31T11:39:11","modified_gmt":"2024-07-31T09:39:11","slug":"fp-400","status":"publish","type":"product","link":"https:\/\/www.brighigroup.com\/fr\/machine\/fp-400\/","title":{"rendered":"FP-400"},"content":{"rendered":"<h2><strong>SYST\u00c8ME DE PRODUCTION DE BLOCS DE MOUSSE<\/strong><\/h2>\n<p style=\"text-align: justify;\">Syst\u00e8me complet et efficace pour la <strong>production de blocs de polyur\u00e9thane en discontinu avec diff\u00e9rentes densit\u00e9s, caract\u00e9ristiques et mesures, \u00e0 basse pression<\/strong>. Les composants chimiques (isocyanates, polyols, additifs) sont stock\u00e9s dans des r\u00e9servoirs individuels munis de capteurs de pesage et pompes volum\u00e9triques pour leur dosage. Les r\u00e9servoirs des polyols sont par ailleurs munis d&rsquo;un syst\u00e8me de m\u00e9lange pour garder le mat\u00e9riau en mouvement constant afin d\u2019\u00e9viter sa s\u00e9dimentation.<\/p>\n<p style=\"text-align: justify;\">En savoir plus sur <a href=\"https:\/\/www.brighigroup.com\/fr\/machine-pour-la-production-et-le-recyclage-de-polyurethane\/\">nos solutions personnalis\u00e9es pour la production et le recyclage du polyur\u00e9thane !<\/a><\/p>\n<p><iframe title=\"Foam Block Production Line mod. FP-400\" width=\"800\" height=\"450\" src=\"https:\/\/www.youtube-nocookie.com\/embed\/4aMWdxO4qLU?feature=oembed\" frameborder=\"0\" allow=\"accelerometer; autoplay; clipboard-write; encrypted-media; gyroscope; picture-in-picture\" allowfullscreen><\/iframe><\/p>\n<p>&nbsp;<\/p>\n<p><strong>QUELLES MOUSSES PEUVENT \u00caTRE PRODUITES<\/strong><\/p>\n<p>Base MDI : Visco &amp; HR \/ Base TDI : Conventionnel<\/p>\n<p><strong>CARACTERISTIQUES\u00a0<\/strong><\/p>\n<ul>\n<li><strong>Souplesse<\/strong> : vaste gamme de types de mousses produites. Il est possible de personnaliser le poids et les dimensions du bloc et de mousser au besoin.<\/li>\n<li><strong>Possibilit\u00e9 de personnaliser compl\u00e8tement la mousse<\/strong> et de cr\u00e9er des formulations uniques.<\/li>\n<li><strong>Syst\u00e8me de dosage individuel <\/strong>: chaque composant a son r\u00e9servoir et sa tuyauterie pour rendre le processus soign\u00e9 et plus souple et afin de r\u00e9duire les temps de pr\u00e9paration des mati\u00e8res premi\u00e8res.<\/li>\n<li><strong>Pompes de dosage \u00e0 haute pr\u00e9cision <\/strong>: elles assurent un dosage et un transfert soign\u00e9s des composants ce qui permet une totale reproductibilit\u00e9 des recettes.<\/li>\n<li><strong>M\u00e9lange homog\u00e8ne<\/strong> et total contr\u00f4le de la temp\u00e9rature des composants chimiques assurent un m\u00e9lange uniforme.<\/li>\n<li><strong>Nettoyage facile<\/strong> : cycle de nettoyage apr\u00e8s chaque cycle de production de mousse pour assurer une extraction profonde des r\u00e9sidus et \u00e9viter la contamination durant les cycles suivants, sans utiliser de solvants ni d&rsquo;autres agents chimiques.<\/li>\n<li><strong>R\u00e9duction du co\u00fbt du polyur\u00e9thane<\/strong> : suivant la densit\u00e9 et les caract\u00e9ristiques de la mousse, \u00e9conomies importantes compar\u00e9 \u00e0 l\u2019achat des blocs finis, en moyenne aux alentours de 20% et plus.<\/li>\n<li><strong>ROI r\u00e9duit <\/strong>: retour rapide sur l\u2019investissement.<\/li>\n<li><strong>R\u00e9duction importante des frais de transport et de stockage.<\/strong> Les blocs de polyur\u00e9thane peuvent \u00eatre amen\u00e9s en mousse suivant les n\u00e9cessit\u00e9s, ce qui permet d\u2019\u00e9viter des achats de grandes quantit\u00e9s, des frais de transport \u00e9lev\u00e9s et de r\u00e9duire l\u2019espace pour le stockage.<\/li>\n<li><strong>Gestion simplifi\u00e9e<\/strong> : panneau de contr\u00f4le tactile pour la gestion de tous les param\u00e8tres et les ajustements m\u00e9caniques de fa\u00e7on automatique, avec introduction et gestion des recettes avec les caract\u00e9ristiques du produit\/mat\u00e9riau.<\/li>\n<\/ul>\n<div id=\"gtx-trans\" style=\"position: absolute; left: -18px; top: -4.08594px;\">\n<div class=\"gtx-trans-icon\"><\/div>\n<\/div>\n","protected":false},"excerpt":{"rendered":"<h6>Sist\u00e8me de pruction de blocs de mousse polyur\u00e9thane<\/h6>\n<div id=\"gtx-trans\" style=\"position: absolute; left: -22px; top: -1.52344px;\">\n<div class=\"gtx-trans-icon\"><\/div>\n<\/div>\n","protected":false},"featured_media":4196,"template":"","meta":{"_acf_changed":false},"product_cat":[99,97,91],"product_tag":[312,316,308],"class_list":{"0":"post-4790","1":"product","2":"type-product","3":"status-publish","4":"has-post-thumbnail","6":"product_cat-lligne-coussin-moules-ou-en-chutes-de-mousse","7":"product_cat-ligne-production-polyurethane-pour-matelas-oreillers-et-canapes","8":"product_cat-traitement-des-matieres-premieres","9":"product_tag-coussins-de-canape","10":"product_tag-mousse","11":"product_tag-oreillers-en-mousse-et-en-latex","13":"first","14":"instock","15":"shipping-taxable","16":"product-type-simple"},"acf":[],"yoast_head":"<!-- This site is optimized with the Yoast SEO plugin v24.2 - https:\/\/yoast.com\/wordpress\/plugins\/seo\/ -->\n<title>Syst\u00e8me de production de blocs de mousse - Brighi Group<\/title>\n<meta name=\"description\" content=\"Syst\u00e8me de production de blocs de mousse de diff\u00e9rentes densit\u00e9s, caract\u00e9ristiques et tailles \u00e0 basse pression.\" \/>\n<meta name=\"robots\" content=\"index, follow, max-snippet:-1, max-image-preview:large, max-video-preview:-1\" \/>\n<link rel=\"canonical\" href=\"https:\/\/www.brighigroup.com\/fr\/machine\/fp-400\/\" \/>\n<meta property=\"og:locale\" content=\"fr_FR\" \/>\n<meta property=\"og:type\" content=\"article\" \/>\n<meta property=\"og:title\" content=\"Syst\u00e8me de production de blocs de mousse - Brighi Group\" \/>\n<meta property=\"og:description\" content=\"Syst\u00e8me de production de blocs de mousse de diff\u00e9rentes densit\u00e9s, caract\u00e9ristiques et tailles \u00e0 basse pression.\" \/>\n<meta property=\"og:url\" content=\"https:\/\/www.brighigroup.com\/fr\/machine\/fp-400\/\" \/>\n<meta property=\"og:site_name\" content=\"Brighi Group\" \/>\n<meta property=\"article:modified_time\" content=\"2024-07-31T09:39:11+00:00\" \/>\n<meta property=\"og:image\" content=\"https:\/\/www.brighigroup.com\/wp-content\/uploads\/2021\/11\/FP-400.jpg\" \/>\n\t<meta property=\"og:image:width\" content=\"1920\" \/>\n\t<meta property=\"og:image:height\" content=\"1280\" \/>\n\t<meta property=\"og:image:type\" content=\"image\/jpeg\" \/>\n<meta name=\"twitter:card\" content=\"summary_large_image\" \/>\n<meta name=\"twitter:label1\" content=\"Dur\u00e9e de lecture estim\u00e9e\" \/>\n\t<meta name=\"twitter:data1\" content=\"2 minutes\" \/>\n<script type=\"application\/ld+json\" class=\"yoast-schema-graph\">{\"@context\":\"https:\/\/schema.org\",\"@graph\":[{\"@type\":\"WebPage\",\"@id\":\"https:\/\/www.brighigroup.com\/fr\/machine\/fp-400\/\",\"url\":\"https:\/\/www.brighigroup.com\/fr\/machine\/fp-400\/\",\"name\":\"Syst\u00e8me de production de blocs de mousse - Brighi Group\",\"isPartOf\":{\"@id\":\"https:\/\/www.brighigroup.com\/fr\/#website\"},\"primaryImageOfPage\":{\"@id\":\"https:\/\/www.brighigroup.com\/fr\/machine\/fp-400\/#primaryimage\"},\"image\":{\"@id\":\"https:\/\/www.brighigroup.com\/fr\/machine\/fp-400\/#primaryimage\"},\"thumbnailUrl\":\"https:\/\/www.brighigroup.com\/wp-content\/uploads\/2021\/11\/FP-400.jpg\",\"datePublished\":\"2021-11-30T09:28:28+00:00\",\"dateModified\":\"2024-07-31T09:39:11+00:00\",\"description\":\"Syst\u00e8me de production de blocs de mousse de diff\u00e9rentes densit\u00e9s, caract\u00e9ristiques et tailles \u00e0 basse pression.\",\"breadcrumb\":{\"@id\":\"https:\/\/www.brighigroup.com\/fr\/machine\/fp-400\/#breadcrumb\"},\"inLanguage\":\"fr-FR\",\"potentialAction\":[{\"@type\":\"ReadAction\",\"target\":[\"https:\/\/www.brighigroup.com\/fr\/machine\/fp-400\/\"]}]},{\"@type\":\"ImageObject\",\"inLanguage\":\"fr-FR\",\"@id\":\"https:\/\/www.brighigroup.com\/fr\/machine\/fp-400\/#primaryimage\",\"url\":\"https:\/\/www.brighigroup.com\/wp-content\/uploads\/2021\/11\/FP-400.jpg\",\"contentUrl\":\"https:\/\/www.brighigroup.com\/wp-content\/uploads\/2021\/11\/FP-400.jpg\",\"width\":1920,\"height\":1280},{\"@type\":\"BreadcrumbList\",\"@id\":\"https:\/\/www.brighigroup.com\/fr\/machine\/fp-400\/#breadcrumb\",\"itemListElement\":[{\"@type\":\"ListItem\",\"position\":1,\"name\":\"Machines\",\"item\":\"https:\/\/www.brighigroup.com\/fr\/machines\/\"},{\"@type\":\"ListItem\",\"position\":2,\"name\":\"FP-400\"}]},{\"@type\":\"WebSite\",\"@id\":\"https:\/\/www.brighigroup.com\/fr\/#website\",\"url\":\"https:\/\/www.brighigroup.com\/fr\/\",\"name\":\"Brighi Group\",\"description\":\"Home textile e di prodotti imbottiti per il design d&#039;arredo tramandando l&#039;innovazione come cultura d&#039;impresa.\",\"potentialAction\":[{\"@type\":\"SearchAction\",\"target\":{\"@type\":\"EntryPoint\",\"urlTemplate\":\"https:\/\/www.brighigroup.com\/fr\/?s={search_term_string}\"},\"query-input\":{\"@type\":\"PropertyValueSpecification\",\"valueRequired\":true,\"valueName\":\"search_term_string\"}}],\"inLanguage\":\"fr-FR\"}]}<\/script>\n<!-- \/ Yoast SEO plugin. -->","yoast_head_json":{"title":"Syst\u00e8me de production de blocs de mousse - Brighi Group","description":"Syst\u00e8me de production de blocs de mousse de diff\u00e9rentes densit\u00e9s, caract\u00e9ristiques et tailles \u00e0 basse pression.","robots":{"index":"index","follow":"follow","max-snippet":"max-snippet:-1","max-image-preview":"max-image-preview:large","max-video-preview":"max-video-preview:-1"},"canonical":"https:\/\/www.brighigroup.com\/fr\/machine\/fp-400\/","og_locale":"fr_FR","og_type":"article","og_title":"Syst\u00e8me de production de blocs de mousse - Brighi Group","og_description":"Syst\u00e8me de production de blocs de mousse de diff\u00e9rentes densit\u00e9s, caract\u00e9ristiques et tailles \u00e0 basse pression.","og_url":"https:\/\/www.brighigroup.com\/fr\/machine\/fp-400\/","og_site_name":"Brighi Group","article_modified_time":"2024-07-31T09:39:11+00:00","og_image":[{"width":1920,"height":1280,"url":"https:\/\/www.brighigroup.com\/wp-content\/uploads\/2021\/11\/FP-400.jpg","type":"image\/jpeg"}],"twitter_card":"summary_large_image","twitter_misc":{"Dur\u00e9e de lecture estim\u00e9e":"2 minutes"},"schema":{"@context":"https:\/\/schema.org","@graph":[{"@type":"WebPage","@id":"https:\/\/www.brighigroup.com\/fr\/machine\/fp-400\/","url":"https:\/\/www.brighigroup.com\/fr\/machine\/fp-400\/","name":"Syst\u00e8me de production de blocs de mousse - Brighi Group","isPartOf":{"@id":"https:\/\/www.brighigroup.com\/fr\/#website"},"primaryImageOfPage":{"@id":"https:\/\/www.brighigroup.com\/fr\/machine\/fp-400\/#primaryimage"},"image":{"@id":"https:\/\/www.brighigroup.com\/fr\/machine\/fp-400\/#primaryimage"},"thumbnailUrl":"https:\/\/www.brighigroup.com\/wp-content\/uploads\/2021\/11\/FP-400.jpg","datePublished":"2021-11-30T09:28:28+00:00","dateModified":"2024-07-31T09:39:11+00:00","description":"Syst\u00e8me de production de blocs de mousse de diff\u00e9rentes densit\u00e9s, caract\u00e9ristiques et tailles \u00e0 basse pression.","breadcrumb":{"@id":"https:\/\/www.brighigroup.com\/fr\/machine\/fp-400\/#breadcrumb"},"inLanguage":"fr-FR","potentialAction":[{"@type":"ReadAction","target":["https:\/\/www.brighigroup.com\/fr\/machine\/fp-400\/"]}]},{"@type":"ImageObject","inLanguage":"fr-FR","@id":"https:\/\/www.brighigroup.com\/fr\/machine\/fp-400\/#primaryimage","url":"https:\/\/www.brighigroup.com\/wp-content\/uploads\/2021\/11\/FP-400.jpg","contentUrl":"https:\/\/www.brighigroup.com\/wp-content\/uploads\/2021\/11\/FP-400.jpg","width":1920,"height":1280},{"@type":"BreadcrumbList","@id":"https:\/\/www.brighigroup.com\/fr\/machine\/fp-400\/#breadcrumb","itemListElement":[{"@type":"ListItem","position":1,"name":"Machines","item":"https:\/\/www.brighigroup.com\/fr\/machines\/"},{"@type":"ListItem","position":2,"name":"FP-400"}]},{"@type":"WebSite","@id":"https:\/\/www.brighigroup.com\/fr\/#website","url":"https:\/\/www.brighigroup.com\/fr\/","name":"Brighi Group","description":"Home textile e di prodotti imbottiti per il design d&#039;arredo tramandando l&#039;innovazione come cultura d&#039;impresa.","potentialAction":[{"@type":"SearchAction","target":{"@type":"EntryPoint","urlTemplate":"https:\/\/www.brighigroup.com\/fr\/?s={search_term_string}"},"query-input":{"@type":"PropertyValueSpecification","valueRequired":true,"valueName":"search_term_string"}}],"inLanguage":"fr-FR"}]}},"_links":{"self":[{"href":"https:\/\/www.brighigroup.com\/fr\/wp-json\/wp\/v2\/product\/4790","targetHints":{"allow":["GET"]}}],"collection":[{"href":"https:\/\/www.brighigroup.com\/fr\/wp-json\/wp\/v2\/product"}],"about":[{"href":"https:\/\/www.brighigroup.com\/fr\/wp-json\/wp\/v2\/types\/product"}],"wp:featuredmedia":[{"embeddable":true,"href":"https:\/\/www.brighigroup.com\/fr\/wp-json\/wp\/v2\/media\/4196"}],"wp:attachment":[{"href":"https:\/\/www.brighigroup.com\/fr\/wp-json\/wp\/v2\/media?parent=4790"}],"wp:term":[{"taxonomy":"product_cat","embeddable":true,"href":"https:\/\/www.brighigroup.com\/fr\/wp-json\/wp\/v2\/product_cat?post=4790"},{"taxonomy":"product_tag","embeddable":true,"href":"https:\/\/www.brighigroup.com\/fr\/wp-json\/wp\/v2\/product_tag?post=4790"}],"curies":[{"name":"wp","href":"https:\/\/api.w.org\/{rel}","templated":true}]}}