{"id":4761,"date":"2020-12-01T10:00:53","date_gmt":"2021-11-30T09:27:53","guid":{"rendered":"https:\/\/www.brighigroup.com\/macchina\/bv-100\/"},"modified":"2025-09-17T12:43:30","modified_gmt":"2025-09-17T10:43:30","slug":"bv-100","status":"publish","type":"product","link":"https:\/\/www.brighigroup.com\/fr\/machine\/bv-100\/","title":{"rendered":"BV-100"},"content":{"rendered":"<h2>CABINES DE REMPLISSAGE DE SACS<\/h2>\n<p style=\"text-align: justify\">Syst\u00e8me de deux cabines de <strong>remplissage de sacs en TNT ou nylon avec technologie \u00e0 d\u00e9pression (vide)<\/strong>. Une fois que le sac est plein, l\u2019op\u00e9rateur peut ouvrir la cabine, le retirer et le remplacer ; pendant ce temps, la deuxi\u00e8me cabine s&rsquo;active. <strong>Les deux cabines travaillent alternativement<\/strong> pour les meilleures performances avec un op\u00e9rateur.<\/p>\n<p><iframe title=\"Foam Shredding Line with Cabin System for Big-Bags\" width=\"800\" height=\"450\" src=\"https:\/\/www.youtube-nocookie.com\/embed\/0AeS7cIiBpc?feature=oembed\" frameborder=\"0\" allow=\"accelerometer; autoplay; clipboard-write; encrypted-media; gyroscope; picture-in-picture; web-share\" referrerpolicy=\"strict-origin-when-cross-origin\" allowfullscreen><\/iframe><\/p>\n<p><strong>QUE PEUT-ON TRAITER<\/strong><\/p>\n<p>Fibre et Microfibre, Laine, Fibres Naturelles, Copeaux de Polyur\u00e9thane, Boules de Fibre, Fibre Recycl\u00e9e et Rebuts de tissu Effiloch\u00e9s.<\/p>\n<p><strong>CARACTERISTIQUES\u00a0<\/strong><\/p>\n<ul>\n<li><strong>Facilit\u00e9<\/strong> d\u2019emploi dans l\u2019extraction des sacs et remplacement avec attache rapide qui permet l\u2019op\u00e9ration \u00e0 une seule personne<\/li>\n<li><strong>Syst\u00e8me rapide et propre <\/strong>gr\u00e2ce \u00e0 la technologie \u00e0 d\u00e9pression test\u00e9e et aux composants de qualit\u00e9<\/li>\n<li><strong>Pesage soign\u00e9 des sacs<\/strong> : le syst\u00e8me travaille par soustraction de poids de la source du mat\u00e9riau (silo de stockage ouverture de fibre)<\/li>\n<li><strong>Gestion simplifi\u00e9e <\/strong>: panneau de contr\u00f4le pour la gestion automatique des param\u00e8tres et des r\u00e9glages m\u00e9caniques.<\/li>\n<li><strong>Souplesse<\/strong> : gestion de mat\u00e9riaux diff\u00e9rents et ensachage sans modifications m\u00e9caniques de la machine.<\/li>\n<li id=\"gtx-trans\" style=\"position: absolute;left: -3px;top: 52.4141px\">\n<div class=\"gtx-trans-icon\"><\/div>\n<\/li>\n<\/ul>\n","protected":false},"excerpt":{"rendered":"<h6>Deux cabines de remplissage de sacs en TNT ou en nylon<\/h6>\n","protected":false},"featured_media":4197,"template":"","meta":{"_acf_changed":false},"product_cat":[95,91],"product_tag":[304],"class_list":{"0":"post-4761","1":"product","2":"type-product","3":"status-publish","4":"has-post-thumbnail","6":"product_cat-ligne-traitement-matieres-premieres-et-recyclage-rebuts","7":"product_cat-traitement-des-matieres-premieres","8":"product_tag-oreillers-et-coussins-souffles","10":"first","11":"instock","12":"shipping-taxable","13":"product-type-simple"},"acf":[],"yoast_head":"<!-- This site is optimized with the Yoast SEO plugin v24.2 - https:\/\/yoast.com\/wordpress\/plugins\/seo\/ -->\n<title>Cabines de remplissage de sacs - Brighi Group<\/title>\n<meta name=\"description\" content=\"Syst\u00e8me \u00e0 deux cabines de remplissage de sacs \u00e0 fonctionnement altern\u00e9 pour le remplissage de grands sacs \u00e0 l&#039;aide de la technologie du vide.\" \/>\n<meta name=\"robots\" content=\"index, follow, max-snippet:-1, max-image-preview:large, max-video-preview:-1\" \/>\n<link rel=\"canonical\" href=\"https:\/\/www.brighigroup.com\/fr\/machine\/bv-100\/\" \/>\n<meta property=\"og:locale\" content=\"fr_FR\" \/>\n<meta property=\"og:type\" content=\"article\" \/>\n<meta property=\"og:title\" content=\"Cabines de remplissage de sacs - Brighi Group\" \/>\n<meta property=\"og:description\" content=\"Syst\u00e8me \u00e0 deux cabines de remplissage de sacs \u00e0 fonctionnement altern\u00e9 pour le remplissage de grands sacs \u00e0 l&#039;aide de la technologie du vide.\" \/>\n<meta property=\"og:url\" content=\"https:\/\/www.brighigroup.com\/fr\/machine\/bv-100\/\" \/>\n<meta property=\"og:site_name\" content=\"Brighi Group\" \/>\n<meta property=\"article:modified_time\" content=\"2025-09-17T10:43:30+00:00\" \/>\n<meta property=\"og:image\" content=\"https:\/\/www.brighigroup.com\/wp-content\/uploads\/2021\/11\/BV-100.jpg\" \/>\n\t<meta property=\"og:image:width\" content=\"1920\" \/>\n\t<meta property=\"og:image:height\" content=\"1280\" \/>\n\t<meta property=\"og:image:type\" content=\"image\/jpeg\" \/>\n<meta name=\"twitter:card\" content=\"summary_large_image\" \/>\n<meta name=\"twitter:label1\" content=\"Dur\u00e9e de lecture estim\u00e9e\" \/>\n\t<meta name=\"twitter:data1\" content=\"2 minutes\" \/>\n<script type=\"application\/ld+json\" class=\"yoast-schema-graph\">{\"@context\":\"https:\/\/schema.org\",\"@graph\":[{\"@type\":\"WebPage\",\"@id\":\"https:\/\/www.brighigroup.com\/fr\/machine\/bv-100\/\",\"url\":\"https:\/\/www.brighigroup.com\/fr\/machine\/bv-100\/\",\"name\":\"Cabines de remplissage de sacs - Brighi Group\",\"isPartOf\":{\"@id\":\"https:\/\/www.brighigroup.com\/fr\/#website\"},\"primaryImageOfPage\":{\"@id\":\"https:\/\/www.brighigroup.com\/fr\/machine\/bv-100\/#primaryimage\"},\"image\":{\"@id\":\"https:\/\/www.brighigroup.com\/fr\/machine\/bv-100\/#primaryimage\"},\"thumbnailUrl\":\"https:\/\/www.brighigroup.com\/wp-content\/uploads\/2021\/11\/BV-100.jpg\",\"datePublished\":\"2021-11-30T09:27:53+00:00\",\"dateModified\":\"2025-09-17T10:43:30+00:00\",\"description\":\"Syst\u00e8me \u00e0 deux cabines de remplissage de sacs \u00e0 fonctionnement altern\u00e9 pour le remplissage de grands sacs \u00e0 l'aide de la technologie du vide.\",\"breadcrumb\":{\"@id\":\"https:\/\/www.brighigroup.com\/fr\/machine\/bv-100\/#breadcrumb\"},\"inLanguage\":\"fr-FR\",\"potentialAction\":[{\"@type\":\"ReadAction\",\"target\":[\"https:\/\/www.brighigroup.com\/fr\/machine\/bv-100\/\"]}]},{\"@type\":\"ImageObject\",\"inLanguage\":\"fr-FR\",\"@id\":\"https:\/\/www.brighigroup.com\/fr\/machine\/bv-100\/#primaryimage\",\"url\":\"https:\/\/www.brighigroup.com\/wp-content\/uploads\/2021\/11\/BV-100.jpg\",\"contentUrl\":\"https:\/\/www.brighigroup.com\/wp-content\/uploads\/2021\/11\/BV-100.jpg\",\"width\":1920,\"height\":1280},{\"@type\":\"BreadcrumbList\",\"@id\":\"https:\/\/www.brighigroup.com\/fr\/machine\/bv-100\/#breadcrumb\",\"itemListElement\":[{\"@type\":\"ListItem\",\"position\":1,\"name\":\"Machines\",\"item\":\"https:\/\/www.brighigroup.com\/fr\/machines\/\"},{\"@type\":\"ListItem\",\"position\":2,\"name\":\"BV-100\"}]},{\"@type\":\"WebSite\",\"@id\":\"https:\/\/www.brighigroup.com\/fr\/#website\",\"url\":\"https:\/\/www.brighigroup.com\/fr\/\",\"name\":\"Brighi Group\",\"description\":\"Home textile e di prodotti imbottiti per il design d&#039;arredo tramandando l&#039;innovazione come cultura d&#039;impresa.\",\"potentialAction\":[{\"@type\":\"SearchAction\",\"target\":{\"@type\":\"EntryPoint\",\"urlTemplate\":\"https:\/\/www.brighigroup.com\/fr\/?s={search_term_string}\"},\"query-input\":{\"@type\":\"PropertyValueSpecification\",\"valueRequired\":true,\"valueName\":\"search_term_string\"}}],\"inLanguage\":\"fr-FR\"}]}<\/script>\n<!-- \/ Yoast SEO plugin. -->","yoast_head_json":{"title":"Cabines de remplissage de sacs - Brighi Group","description":"Syst\u00e8me \u00e0 deux cabines de remplissage de sacs \u00e0 fonctionnement altern\u00e9 pour le remplissage de grands sacs \u00e0 l'aide de la technologie du vide.","robots":{"index":"index","follow":"follow","max-snippet":"max-snippet:-1","max-image-preview":"max-image-preview:large","max-video-preview":"max-video-preview:-1"},"canonical":"https:\/\/www.brighigroup.com\/fr\/machine\/bv-100\/","og_locale":"fr_FR","og_type":"article","og_title":"Cabines de remplissage de sacs - Brighi Group","og_description":"Syst\u00e8me \u00e0 deux cabines de remplissage de sacs \u00e0 fonctionnement altern\u00e9 pour le remplissage de grands sacs \u00e0 l'aide de la technologie du vide.","og_url":"https:\/\/www.brighigroup.com\/fr\/machine\/bv-100\/","og_site_name":"Brighi Group","article_modified_time":"2025-09-17T10:43:30+00:00","og_image":[{"width":1920,"height":1280,"url":"https:\/\/www.brighigroup.com\/wp-content\/uploads\/2021\/11\/BV-100.jpg","type":"image\/jpeg"}],"twitter_card":"summary_large_image","twitter_misc":{"Dur\u00e9e de lecture estim\u00e9e":"2 minutes"},"schema":{"@context":"https:\/\/schema.org","@graph":[{"@type":"WebPage","@id":"https:\/\/www.brighigroup.com\/fr\/machine\/bv-100\/","url":"https:\/\/www.brighigroup.com\/fr\/machine\/bv-100\/","name":"Cabines de remplissage de sacs - Brighi Group","isPartOf":{"@id":"https:\/\/www.brighigroup.com\/fr\/#website"},"primaryImageOfPage":{"@id":"https:\/\/www.brighigroup.com\/fr\/machine\/bv-100\/#primaryimage"},"image":{"@id":"https:\/\/www.brighigroup.com\/fr\/machine\/bv-100\/#primaryimage"},"thumbnailUrl":"https:\/\/www.brighigroup.com\/wp-content\/uploads\/2021\/11\/BV-100.jpg","datePublished":"2021-11-30T09:27:53+00:00","dateModified":"2025-09-17T10:43:30+00:00","description":"Syst\u00e8me \u00e0 deux cabines de remplissage de sacs \u00e0 fonctionnement altern\u00e9 pour le remplissage de grands sacs \u00e0 l'aide de la technologie du vide.","breadcrumb":{"@id":"https:\/\/www.brighigroup.com\/fr\/machine\/bv-100\/#breadcrumb"},"inLanguage":"fr-FR","potentialAction":[{"@type":"ReadAction","target":["https:\/\/www.brighigroup.com\/fr\/machine\/bv-100\/"]}]},{"@type":"ImageObject","inLanguage":"fr-FR","@id":"https:\/\/www.brighigroup.com\/fr\/machine\/bv-100\/#primaryimage","url":"https:\/\/www.brighigroup.com\/wp-content\/uploads\/2021\/11\/BV-100.jpg","contentUrl":"https:\/\/www.brighigroup.com\/wp-content\/uploads\/2021\/11\/BV-100.jpg","width":1920,"height":1280},{"@type":"BreadcrumbList","@id":"https:\/\/www.brighigroup.com\/fr\/machine\/bv-100\/#breadcrumb","itemListElement":[{"@type":"ListItem","position":1,"name":"Machines","item":"https:\/\/www.brighigroup.com\/fr\/machines\/"},{"@type":"ListItem","position":2,"name":"BV-100"}]},{"@type":"WebSite","@id":"https:\/\/www.brighigroup.com\/fr\/#website","url":"https:\/\/www.brighigroup.com\/fr\/","name":"Brighi Group","description":"Home textile e di prodotti imbottiti per il design d&#039;arredo tramandando l&#039;innovazione come cultura d&#039;impresa.","potentialAction":[{"@type":"SearchAction","target":{"@type":"EntryPoint","urlTemplate":"https:\/\/www.brighigroup.com\/fr\/?s={search_term_string}"},"query-input":{"@type":"PropertyValueSpecification","valueRequired":true,"valueName":"search_term_string"}}],"inLanguage":"fr-FR"}]}},"_links":{"self":[{"href":"https:\/\/www.brighigroup.com\/fr\/wp-json\/wp\/v2\/product\/4761","targetHints":{"allow":["GET"]}}],"collection":[{"href":"https:\/\/www.brighigroup.com\/fr\/wp-json\/wp\/v2\/product"}],"about":[{"href":"https:\/\/www.brighigroup.com\/fr\/wp-json\/wp\/v2\/types\/product"}],"wp:featuredmedia":[{"embeddable":true,"href":"https:\/\/www.brighigroup.com\/fr\/wp-json\/wp\/v2\/media\/4197"}],"wp:attachment":[{"href":"https:\/\/www.brighigroup.com\/fr\/wp-json\/wp\/v2\/media?parent=4761"}],"wp:term":[{"taxonomy":"product_cat","embeddable":true,"href":"https:\/\/www.brighigroup.com\/fr\/wp-json\/wp\/v2\/product_cat?post=4761"},{"taxonomy":"product_tag","embeddable":true,"href":"https:\/\/www.brighigroup.com\/fr\/wp-json\/wp\/v2\/product_tag?post=4761"}],"curies":[{"name":"wp","href":"https:\/\/api.w.org\/{rel}","templated":true}]}}