{"id":4760,"date":"2022-08-01T10:27:09","date_gmt":"2021-11-30T09:27:09","guid":{"rendered":"https:\/\/www.brighigroup.com\/macchina\/sf-300\/"},"modified":"2025-09-17T12:59:54","modified_gmt":"2025-09-17T10:59:54","slug":"sf-300","status":"publish","type":"product","link":"https:\/\/www.brighigroup.com\/fr\/machine\/sf-300\/","title":{"rendered":"SF-300"},"content":{"rendered":"<h2><strong>OUVREUSE POUR D\u00c9CHETS TEXTILES<\/strong><\/h2>\n<p style=\"text-align: justify\"><strong>Ouvreuse pour d\u00e9chets textiles de haute qualit\u00e9.<\/strong> La machine est destin\u00e9e au recyclage de chutes de tissu non tiss\u00e9, tissu matelass\u00e9, thermocoll\u00e9, et elle est <strong>aliment\u00e9 manuellement<\/strong> en introduisant les chutes dans l&rsquo;entr\u00e9e pr\u00e9vue.<\/p>\n<p style=\"text-align: justify\">Le mat\u00e9riau trait\u00e9 peut \u00eatre collect\u00e9 dans des sacs ou bien envoy\u00e9 en aval gr\u00e2ce \u00e0 l\u2019aspirateur suppl\u00e9mentaire.<\/p>\n<p>En savoir plus sur notre<a href=\"https:\/\/www.brighigroup.com\/fr\/ligne-de-recyclage\/\"> ligne de recyclage<\/a>.<\/p>\n<p>&nbsp;<\/p>\n<p><iframe title=\"Fabric and Fiber Waste Opener mod. SF-300\" width=\"800\" height=\"450\" src=\"https:\/\/www.youtube-nocookie.com\/embed\/qs8AzTLJYcI?feature=oembed\" frameborder=\"0\" allow=\"accelerometer; autoplay; clipboard-write; encrypted-media; gyroscope; picture-in-picture; web-share\" referrerpolicy=\"strict-origin-when-cross-origin\" allowfullscreen><\/iframe><\/p>\n<p>&nbsp;<\/p>\n<p><strong>QUE PEUT-ON TRAITER<\/strong><\/p>\n<p>tissu non tiss\u00e9, tissu matelass\u00e9, thermocoll\u00e9<\/p>\n<p><strong>CARACTERISTIQUES\u00a0<\/strong><\/p>\n<ul>\n<li><strong>Recyclage et r\u00e9utilisation<\/strong> des chutes, en \u00e9vitant les co\u00fbts d\u2019\u00e9limination et en donnant vie \u00e0 de nouvelles premi\u00e8res commerciales.<\/li>\n<li><strong>Qualit\u00e9 du produit recycl\u00e9 obtenu<\/strong> : utilisable pour des produits de qualit\u00e9<\/li>\n<li><strong>Tr\u00e9mie de r\u00e9cup\u00e9ration <\/strong>pr\u00e9vue pour le branchement direct \u00e0 l\u2019aspirateur<\/li>\n<li><strong>S\u00e9curit\u00e9 de l\u2019op\u00e9rateur<\/strong> avec le convoyer d\u2019alimentation produit sp\u00e9cialement \u00e9tudi\u00e9<\/li>\n<li><strong>Gestion simplifi\u00e9e <\/strong>: panneau de contr\u00f4le pour la gestion de tous les param\u00e8tres et\u00a0 ajustements m\u00e9caniques.<\/li>\n<li><strong>Souplesse<\/strong> : gestion de diff\u00e9rents types de rebuts de polyur\u00e9thane, dacron, tissus et rebuts textiles sans ajustements manuels.<\/li>\n<li><strong>Nettoyage facile <\/strong>: en cas de changement mat\u00e9riau simplement en ouvrant le couvercle.<\/li>\n<li id=\"gtx-trans\" style=\"position: absolute;left: -10px;top: -4.08594px\">\n<div class=\"gtx-trans-icon\"><\/div>\n<\/li>\n<\/ul>\n","protected":false},"excerpt":{"rendered":"<h6>Ouvreuse pour d\u00e9chets textiles<\/h6>\n","protected":false},"featured_media":4198,"template":"","meta":{"_acf_changed":false},"product_cat":[93,92,167,94,96,95,98],"product_tag":[312,328,324,300,304,320],"class_list":{"0":"post-4760","1":"product","2":"type-product","3":"status-publish","4":"has-post-thumbnail","6":"product_cat-ligne-coussins-decoratifs-dexterieur-coussins-de-chaise","7":"product_cat-ligne-coussins-souffles","8":"product_cat-ligne-de-recyclage","9":"product_cat-ligne-production-canapes-et-rembourrages-des-canapes-fauteuils-chaises","10":"product_cat-lligne-remplissage-peluches-jouets-lits-animaux-rembourrages-divers","11":"product_cat-ligne-traitement-matieres-premieres-et-recyclage-rebuts","12":"product_cat-recyclage-des-dechets","13":"product_tag-coussins-de-canape","14":"product_tag-dechets-de-production","15":"product_tag-edredon","16":"product_tag-oreillers-et-coussins-en-fibre-cardee-roulee","17":"product_tag-oreillers-et-coussins-souffles","18":"product_tag-tapis","20":"first","21":"instock","22":"shipping-taxable","23":"product-type-simple"},"acf":[],"yoast_head":"<!-- This site is optimized with the Yoast SEO plugin v24.2 - https:\/\/yoast.com\/wordpress\/plugins\/seo\/ -->\n<title>Ouvreuse pour d\u00e9chets textiles - Brighi Group<\/title>\n<meta name=\"description\" content=\"Ouvreuse pour d\u00e9chets textiles de grande capacit\u00e9, aliment\u00e9 manuellement, qui recycle chutes de tissu non tiss\u00e9, tissu matelass\u00e9 et thermoli\u00e9.\" \/>\n<meta name=\"robots\" content=\"index, follow, max-snippet:-1, max-image-preview:large, max-video-preview:-1\" \/>\n<link rel=\"canonical\" href=\"https:\/\/www.brighigroup.com\/fr\/machine\/sf-300\/\" \/>\n<meta property=\"og:locale\" content=\"fr_FR\" \/>\n<meta property=\"og:type\" content=\"article\" \/>\n<meta property=\"og:title\" content=\"Ouvreuse pour d\u00e9chets textiles - Brighi Group\" \/>\n<meta property=\"og:description\" content=\"Ouvreuse pour d\u00e9chets textiles de grande capacit\u00e9, aliment\u00e9 manuellement, qui recycle chutes de tissu non tiss\u00e9, tissu matelass\u00e9 et thermoli\u00e9.\" \/>\n<meta property=\"og:url\" content=\"https:\/\/www.brighigroup.com\/fr\/machine\/sf-300\/\" \/>\n<meta property=\"og:site_name\" content=\"Brighi Group\" \/>\n<meta property=\"article:modified_time\" content=\"2025-09-17T10:59:54+00:00\" \/>\n<meta property=\"og:image\" content=\"https:\/\/www.brighigroup.com\/wp-content\/uploads\/2021\/11\/SF-300.jpg\" \/>\n\t<meta property=\"og:image:width\" content=\"1920\" \/>\n\t<meta property=\"og:image:height\" content=\"1280\" \/>\n\t<meta property=\"og:image:type\" content=\"image\/jpeg\" \/>\n<meta name=\"twitter:card\" content=\"summary_large_image\" \/>\n<meta name=\"twitter:label1\" content=\"Dur\u00e9e de lecture estim\u00e9e\" \/>\n\t<meta name=\"twitter:data1\" content=\"2 minutes\" \/>\n<script type=\"application\/ld+json\" class=\"yoast-schema-graph\">{\"@context\":\"https:\/\/schema.org\",\"@graph\":[{\"@type\":\"WebPage\",\"@id\":\"https:\/\/www.brighigroup.com\/fr\/machine\/sf-300\/\",\"url\":\"https:\/\/www.brighigroup.com\/fr\/machine\/sf-300\/\",\"name\":\"Ouvreuse pour d\u00e9chets textiles - Brighi Group\",\"isPartOf\":{\"@id\":\"https:\/\/www.brighigroup.com\/fr\/#website\"},\"primaryImageOfPage\":{\"@id\":\"https:\/\/www.brighigroup.com\/fr\/machine\/sf-300\/#primaryimage\"},\"image\":{\"@id\":\"https:\/\/www.brighigroup.com\/fr\/machine\/sf-300\/#primaryimage\"},\"thumbnailUrl\":\"https:\/\/www.brighigroup.com\/wp-content\/uploads\/2021\/11\/SF-300.jpg\",\"datePublished\":\"2021-11-30T09:27:09+00:00\",\"dateModified\":\"2025-09-17T10:59:54+00:00\",\"description\":\"Ouvreuse pour d\u00e9chets textiles de grande capacit\u00e9, aliment\u00e9 manuellement, qui recycle chutes de tissu non tiss\u00e9, tissu matelass\u00e9 et thermoli\u00e9.\",\"breadcrumb\":{\"@id\":\"https:\/\/www.brighigroup.com\/fr\/machine\/sf-300\/#breadcrumb\"},\"inLanguage\":\"fr-FR\",\"potentialAction\":[{\"@type\":\"ReadAction\",\"target\":[\"https:\/\/www.brighigroup.com\/fr\/machine\/sf-300\/\"]}]},{\"@type\":\"ImageObject\",\"inLanguage\":\"fr-FR\",\"@id\":\"https:\/\/www.brighigroup.com\/fr\/machine\/sf-300\/#primaryimage\",\"url\":\"https:\/\/www.brighigroup.com\/wp-content\/uploads\/2021\/11\/SF-300.jpg\",\"contentUrl\":\"https:\/\/www.brighigroup.com\/wp-content\/uploads\/2021\/11\/SF-300.jpg\",\"width\":1920,\"height\":1280},{\"@type\":\"BreadcrumbList\",\"@id\":\"https:\/\/www.brighigroup.com\/fr\/machine\/sf-300\/#breadcrumb\",\"itemListElement\":[{\"@type\":\"ListItem\",\"position\":1,\"name\":\"Machines\",\"item\":\"https:\/\/www.brighigroup.com\/fr\/machines\/\"},{\"@type\":\"ListItem\",\"position\":2,\"name\":\"SF-300\"}]},{\"@type\":\"WebSite\",\"@id\":\"https:\/\/www.brighigroup.com\/fr\/#website\",\"url\":\"https:\/\/www.brighigroup.com\/fr\/\",\"name\":\"Brighi Group\",\"description\":\"Home textile e di prodotti imbottiti per il design d&#039;arredo tramandando l&#039;innovazione come cultura d&#039;impresa.\",\"potentialAction\":[{\"@type\":\"SearchAction\",\"target\":{\"@type\":\"EntryPoint\",\"urlTemplate\":\"https:\/\/www.brighigroup.com\/fr\/?s={search_term_string}\"},\"query-input\":{\"@type\":\"PropertyValueSpecification\",\"valueRequired\":true,\"valueName\":\"search_term_string\"}}],\"inLanguage\":\"fr-FR\"}]}<\/script>\n<!-- \/ Yoast SEO plugin. -->","yoast_head_json":{"title":"Ouvreuse pour d\u00e9chets textiles - Brighi Group","description":"Ouvreuse pour d\u00e9chets textiles de grande capacit\u00e9, aliment\u00e9 manuellement, qui recycle chutes de tissu non tiss\u00e9, tissu matelass\u00e9 et thermoli\u00e9.","robots":{"index":"index","follow":"follow","max-snippet":"max-snippet:-1","max-image-preview":"max-image-preview:large","max-video-preview":"max-video-preview:-1"},"canonical":"https:\/\/www.brighigroup.com\/fr\/machine\/sf-300\/","og_locale":"fr_FR","og_type":"article","og_title":"Ouvreuse pour d\u00e9chets textiles - Brighi Group","og_description":"Ouvreuse pour d\u00e9chets textiles de grande capacit\u00e9, aliment\u00e9 manuellement, qui recycle chutes de tissu non tiss\u00e9, tissu matelass\u00e9 et thermoli\u00e9.","og_url":"https:\/\/www.brighigroup.com\/fr\/machine\/sf-300\/","og_site_name":"Brighi Group","article_modified_time":"2025-09-17T10:59:54+00:00","og_image":[{"width":1920,"height":1280,"url":"https:\/\/www.brighigroup.com\/wp-content\/uploads\/2021\/11\/SF-300.jpg","type":"image\/jpeg"}],"twitter_card":"summary_large_image","twitter_misc":{"Dur\u00e9e de lecture estim\u00e9e":"2 minutes"},"schema":{"@context":"https:\/\/schema.org","@graph":[{"@type":"WebPage","@id":"https:\/\/www.brighigroup.com\/fr\/machine\/sf-300\/","url":"https:\/\/www.brighigroup.com\/fr\/machine\/sf-300\/","name":"Ouvreuse pour d\u00e9chets textiles - Brighi Group","isPartOf":{"@id":"https:\/\/www.brighigroup.com\/fr\/#website"},"primaryImageOfPage":{"@id":"https:\/\/www.brighigroup.com\/fr\/machine\/sf-300\/#primaryimage"},"image":{"@id":"https:\/\/www.brighigroup.com\/fr\/machine\/sf-300\/#primaryimage"},"thumbnailUrl":"https:\/\/www.brighigroup.com\/wp-content\/uploads\/2021\/11\/SF-300.jpg","datePublished":"2021-11-30T09:27:09+00:00","dateModified":"2025-09-17T10:59:54+00:00","description":"Ouvreuse pour d\u00e9chets textiles de grande capacit\u00e9, aliment\u00e9 manuellement, qui recycle chutes de tissu non tiss\u00e9, tissu matelass\u00e9 et thermoli\u00e9.","breadcrumb":{"@id":"https:\/\/www.brighigroup.com\/fr\/machine\/sf-300\/#breadcrumb"},"inLanguage":"fr-FR","potentialAction":[{"@type":"ReadAction","target":["https:\/\/www.brighigroup.com\/fr\/machine\/sf-300\/"]}]},{"@type":"ImageObject","inLanguage":"fr-FR","@id":"https:\/\/www.brighigroup.com\/fr\/machine\/sf-300\/#primaryimage","url":"https:\/\/www.brighigroup.com\/wp-content\/uploads\/2021\/11\/SF-300.jpg","contentUrl":"https:\/\/www.brighigroup.com\/wp-content\/uploads\/2021\/11\/SF-300.jpg","width":1920,"height":1280},{"@type":"BreadcrumbList","@id":"https:\/\/www.brighigroup.com\/fr\/machine\/sf-300\/#breadcrumb","itemListElement":[{"@type":"ListItem","position":1,"name":"Machines","item":"https:\/\/www.brighigroup.com\/fr\/machines\/"},{"@type":"ListItem","position":2,"name":"SF-300"}]},{"@type":"WebSite","@id":"https:\/\/www.brighigroup.com\/fr\/#website","url":"https:\/\/www.brighigroup.com\/fr\/","name":"Brighi Group","description":"Home textile e di prodotti imbottiti per il design d&#039;arredo tramandando l&#039;innovazione come cultura d&#039;impresa.","potentialAction":[{"@type":"SearchAction","target":{"@type":"EntryPoint","urlTemplate":"https:\/\/www.brighigroup.com\/fr\/?s={search_term_string}"},"query-input":{"@type":"PropertyValueSpecification","valueRequired":true,"valueName":"search_term_string"}}],"inLanguage":"fr-FR"}]}},"_links":{"self":[{"href":"https:\/\/www.brighigroup.com\/fr\/wp-json\/wp\/v2\/product\/4760","targetHints":{"allow":["GET"]}}],"collection":[{"href":"https:\/\/www.brighigroup.com\/fr\/wp-json\/wp\/v2\/product"}],"about":[{"href":"https:\/\/www.brighigroup.com\/fr\/wp-json\/wp\/v2\/types\/product"}],"wp:featuredmedia":[{"embeddable":true,"href":"https:\/\/www.brighigroup.com\/fr\/wp-json\/wp\/v2\/media\/4198"}],"wp:attachment":[{"href":"https:\/\/www.brighigroup.com\/fr\/wp-json\/wp\/v2\/media?parent=4760"}],"wp:term":[{"taxonomy":"product_cat","embeddable":true,"href":"https:\/\/www.brighigroup.com\/fr\/wp-json\/wp\/v2\/product_cat?post=4760"},{"taxonomy":"product_tag","embeddable":true,"href":"https:\/\/www.brighigroup.com\/fr\/wp-json\/wp\/v2\/product_tag?post=4760"}],"curies":[{"name":"wp","href":"https:\/\/api.w.org\/{rel}","templated":true}]}}