{"id":4758,"date":"2021-10-01T10:24:17","date_gmt":"2021-11-30T09:24:17","guid":{"rendered":"https:\/\/www.brighigroup.com\/macchina\/sx-400\/"},"modified":"2025-01-27T09:44:18","modified_gmt":"2025-01-27T08:44:18","slug":"sx-400","status":"publish","type":"product","link":"https:\/\/www.brighigroup.com\/fr\/machine\/sx-400\/","title":{"rendered":"SX-400"},"content":{"rendered":"<h2><strong>SILO DE STOCKAGE DE MATI\u00c8RES PREMI\u00c8RES\u00a0<\/strong><\/h2>\n<p style=\"text-align: justify;\"><strong>Silo de stockage de mati\u00e8res premi\u00e8res principalement pour fibre vierge ou ouverte<\/strong>, dot\u00e9 de deux tours avec rotor \u00e0 la base pour garder le mat\u00e9riau en mouvement et \u00e9viter la formation de grumeaux ou d\u2019agglom\u00e9rats de produit.<\/p>\n<p style=\"text-align: justify;\">La <strong>tour avec maille filtrante<\/strong> permet de d\u00e9charger la pression de l&rsquo;air et d\u2019\u00e9viter des surpressions \u00e0 l\u2019int\u00e9rieur du silo ; la <strong>tour ferm\u00e9e<\/strong> est adapt\u00e9e aux produits qui demandent le contr\u00f4le de la poussi\u00e8re comme des copeaux ou des types particuliers de plumes.<\/p>\n<p>Si vous souhaitez m\u00e9langer plusieurs mati\u00e8res premi\u00e8res ensemble, consultez le <a href=\"https:\/\/www.brighigroup.com\/fr\/machine\/mx-500\/\">MX-500<\/a>.<\/p>\n<p style=\"text-align: justify;\"><strong>QUE PEUT-ON TRAITER<\/strong><\/p>\n<p>Fibre et Microfibre de Polyester (vierge et recycl\u00e9e), Plumes, Laine, Fibres Naturelles, Copeaux de Polyur\u00e9thane, Boules de Fibre, Rebuts recycl\u00e9s de Fibre et Tissu<\/p>\n<p style=\"text-align: justify;\"><strong>CARACTERISTIQUES\u00a0<\/strong><\/p>\n<ul>\n<li style=\"text-align: justify;\"><strong>Souplesse<\/strong> : gestion de mat\u00e9riaux diff\u00e9rents dans les deux tours.<\/li>\n<li style=\"text-align: justify;\"><strong>Capteurs de pesage en option<\/strong> : contr\u00f4le du poids des composants.<\/li>\n<li style=\"text-align: justify;\"><strong>Nettoyage facile <\/strong>: en cas de changement mat\u00e9riau, vidage rapide et simple.<\/li>\n<li id=\"gtx-trans\" style=\"position: absolute; left: -11px; top: -4.08594px;\">\n<div class=\"gtx-trans-icon\"><\/div>\n<\/li>\n<\/ul>\n","protected":false},"excerpt":{"rendered":"<h6>Silo de stockage de mati\u00e8res premi\u00e8res en vrac<\/h6>\n","protected":false},"featured_media":4200,"template":"","meta":{"_acf_changed":false},"product_cat":[93,92,94,96,95,91],"product_tag":[304],"class_list":{"0":"post-4758","1":"product","2":"type-product","3":"status-publish","4":"has-post-thumbnail","6":"product_cat-ligne-coussins-decoratifs-dexterieur-coussins-de-chaise","7":"product_cat-ligne-coussins-souffles","8":"product_cat-ligne-production-canapes-et-rembourrages-des-canapes-fauteuils-chaises","9":"product_cat-lligne-remplissage-peluches-jouets-lits-animaux-rembourrages-divers","10":"product_cat-ligne-traitement-matieres-premieres-et-recyclage-rebuts","11":"product_cat-traitement-des-matieres-premieres","12":"product_tag-oreillers-et-coussins-souffles","14":"first","15":"instock","16":"shipping-taxable","17":"product-type-simple"},"acf":[],"yoast_head":"<!-- This site is optimized with the Yoast SEO plugin v24.2 - https:\/\/yoast.com\/wordpress\/plugins\/seo\/ -->\n<title>Silo de stockage de mati\u00e8res premi\u00e8res - Brighi Group<\/title>\n<meta name=\"description\" content=\"Silo de stockage de mati\u00e8res premi\u00e8res qui garde le mat\u00e9riau en mouvement et \u00e9vite la formation de grumeaux ou d\u2019agglom\u00e9rats de produit.\" \/>\n<meta name=\"robots\" content=\"index, follow, max-snippet:-1, max-image-preview:large, max-video-preview:-1\" \/>\n<link rel=\"canonical\" href=\"https:\/\/www.brighigroup.com\/fr\/machine\/sx-400\/\" \/>\n<meta property=\"og:locale\" content=\"fr_FR\" \/>\n<meta property=\"og:type\" content=\"article\" \/>\n<meta property=\"og:title\" content=\"Silo de stockage de mati\u00e8res premi\u00e8res - Brighi Group\" \/>\n<meta property=\"og:description\" content=\"Silo de stockage de mati\u00e8res premi\u00e8res qui garde le mat\u00e9riau en mouvement et \u00e9vite la formation de grumeaux ou d\u2019agglom\u00e9rats de produit.\" \/>\n<meta property=\"og:url\" content=\"https:\/\/www.brighigroup.com\/fr\/machine\/sx-400\/\" \/>\n<meta property=\"og:site_name\" content=\"Brighi Group\" \/>\n<meta property=\"article:modified_time\" content=\"2025-01-27T08:44:18+00:00\" \/>\n<meta property=\"og:image\" content=\"https:\/\/www.brighigroup.com\/wp-content\/uploads\/2021\/11\/SX-400.jpg\" \/>\n\t<meta property=\"og:image:width\" content=\"1920\" \/>\n\t<meta property=\"og:image:height\" content=\"1280\" \/>\n\t<meta property=\"og:image:type\" content=\"image\/jpeg\" \/>\n<meta name=\"twitter:card\" content=\"summary_large_image\" \/>\n<meta name=\"twitter:label1\" content=\"Dur\u00e9e de lecture estim\u00e9e\" \/>\n\t<meta name=\"twitter:data1\" content=\"1 minute\" \/>\n<script type=\"application\/ld+json\" class=\"yoast-schema-graph\">{\"@context\":\"https:\/\/schema.org\",\"@graph\":[{\"@type\":\"WebPage\",\"@id\":\"https:\/\/www.brighigroup.com\/fr\/machine\/sx-400\/\",\"url\":\"https:\/\/www.brighigroup.com\/fr\/machine\/sx-400\/\",\"name\":\"Silo de stockage de mati\u00e8res premi\u00e8res - Brighi Group\",\"isPartOf\":{\"@id\":\"https:\/\/www.brighigroup.com\/fr\/#website\"},\"primaryImageOfPage\":{\"@id\":\"https:\/\/www.brighigroup.com\/fr\/machine\/sx-400\/#primaryimage\"},\"image\":{\"@id\":\"https:\/\/www.brighigroup.com\/fr\/machine\/sx-400\/#primaryimage\"},\"thumbnailUrl\":\"https:\/\/www.brighigroup.com\/wp-content\/uploads\/2021\/11\/SX-400.jpg\",\"datePublished\":\"2021-11-30T09:24:17+00:00\",\"dateModified\":\"2025-01-27T08:44:18+00:00\",\"description\":\"Silo de stockage de mati\u00e8res premi\u00e8res qui garde le mat\u00e9riau en mouvement et \u00e9vite la formation de grumeaux ou d\u2019agglom\u00e9rats de produit.\",\"breadcrumb\":{\"@id\":\"https:\/\/www.brighigroup.com\/fr\/machine\/sx-400\/#breadcrumb\"},\"inLanguage\":\"fr-FR\",\"potentialAction\":[{\"@type\":\"ReadAction\",\"target\":[\"https:\/\/www.brighigroup.com\/fr\/machine\/sx-400\/\"]}]},{\"@type\":\"ImageObject\",\"inLanguage\":\"fr-FR\",\"@id\":\"https:\/\/www.brighigroup.com\/fr\/machine\/sx-400\/#primaryimage\",\"url\":\"https:\/\/www.brighigroup.com\/wp-content\/uploads\/2021\/11\/SX-400.jpg\",\"contentUrl\":\"https:\/\/www.brighigroup.com\/wp-content\/uploads\/2021\/11\/SX-400.jpg\",\"width\":1920,\"height\":1280},{\"@type\":\"BreadcrumbList\",\"@id\":\"https:\/\/www.brighigroup.com\/fr\/machine\/sx-400\/#breadcrumb\",\"itemListElement\":[{\"@type\":\"ListItem\",\"position\":1,\"name\":\"Machines\",\"item\":\"https:\/\/www.brighigroup.com\/fr\/machines\/\"},{\"@type\":\"ListItem\",\"position\":2,\"name\":\"SX-400\"}]},{\"@type\":\"WebSite\",\"@id\":\"https:\/\/www.brighigroup.com\/fr\/#website\",\"url\":\"https:\/\/www.brighigroup.com\/fr\/\",\"name\":\"Brighi Group\",\"description\":\"Home textile e di prodotti imbottiti per il design d&#039;arredo tramandando l&#039;innovazione come cultura d&#039;impresa.\",\"potentialAction\":[{\"@type\":\"SearchAction\",\"target\":{\"@type\":\"EntryPoint\",\"urlTemplate\":\"https:\/\/www.brighigroup.com\/fr\/?s={search_term_string}\"},\"query-input\":{\"@type\":\"PropertyValueSpecification\",\"valueRequired\":true,\"valueName\":\"search_term_string\"}}],\"inLanguage\":\"fr-FR\"}]}<\/script>\n<!-- \/ Yoast SEO plugin. -->","yoast_head_json":{"title":"Silo de stockage de mati\u00e8res premi\u00e8res - Brighi Group","description":"Silo de stockage de mati\u00e8res premi\u00e8res qui garde le mat\u00e9riau en mouvement et \u00e9vite la formation de grumeaux ou d\u2019agglom\u00e9rats de produit.","robots":{"index":"index","follow":"follow","max-snippet":"max-snippet:-1","max-image-preview":"max-image-preview:large","max-video-preview":"max-video-preview:-1"},"canonical":"https:\/\/www.brighigroup.com\/fr\/machine\/sx-400\/","og_locale":"fr_FR","og_type":"article","og_title":"Silo de stockage de mati\u00e8res premi\u00e8res - Brighi Group","og_description":"Silo de stockage de mati\u00e8res premi\u00e8res qui garde le mat\u00e9riau en mouvement et \u00e9vite la formation de grumeaux ou d\u2019agglom\u00e9rats de produit.","og_url":"https:\/\/www.brighigroup.com\/fr\/machine\/sx-400\/","og_site_name":"Brighi Group","article_modified_time":"2025-01-27T08:44:18+00:00","og_image":[{"width":1920,"height":1280,"url":"https:\/\/www.brighigroup.com\/wp-content\/uploads\/2021\/11\/SX-400.jpg","type":"image\/jpeg"}],"twitter_card":"summary_large_image","twitter_misc":{"Dur\u00e9e de lecture estim\u00e9e":"1 minute"},"schema":{"@context":"https:\/\/schema.org","@graph":[{"@type":"WebPage","@id":"https:\/\/www.brighigroup.com\/fr\/machine\/sx-400\/","url":"https:\/\/www.brighigroup.com\/fr\/machine\/sx-400\/","name":"Silo de stockage de mati\u00e8res premi\u00e8res - Brighi Group","isPartOf":{"@id":"https:\/\/www.brighigroup.com\/fr\/#website"},"primaryImageOfPage":{"@id":"https:\/\/www.brighigroup.com\/fr\/machine\/sx-400\/#primaryimage"},"image":{"@id":"https:\/\/www.brighigroup.com\/fr\/machine\/sx-400\/#primaryimage"},"thumbnailUrl":"https:\/\/www.brighigroup.com\/wp-content\/uploads\/2021\/11\/SX-400.jpg","datePublished":"2021-11-30T09:24:17+00:00","dateModified":"2025-01-27T08:44:18+00:00","description":"Silo de stockage de mati\u00e8res premi\u00e8res qui garde le mat\u00e9riau en mouvement et \u00e9vite la formation de grumeaux ou d\u2019agglom\u00e9rats de produit.","breadcrumb":{"@id":"https:\/\/www.brighigroup.com\/fr\/machine\/sx-400\/#breadcrumb"},"inLanguage":"fr-FR","potentialAction":[{"@type":"ReadAction","target":["https:\/\/www.brighigroup.com\/fr\/machine\/sx-400\/"]}]},{"@type":"ImageObject","inLanguage":"fr-FR","@id":"https:\/\/www.brighigroup.com\/fr\/machine\/sx-400\/#primaryimage","url":"https:\/\/www.brighigroup.com\/wp-content\/uploads\/2021\/11\/SX-400.jpg","contentUrl":"https:\/\/www.brighigroup.com\/wp-content\/uploads\/2021\/11\/SX-400.jpg","width":1920,"height":1280},{"@type":"BreadcrumbList","@id":"https:\/\/www.brighigroup.com\/fr\/machine\/sx-400\/#breadcrumb","itemListElement":[{"@type":"ListItem","position":1,"name":"Machines","item":"https:\/\/www.brighigroup.com\/fr\/machines\/"},{"@type":"ListItem","position":2,"name":"SX-400"}]},{"@type":"WebSite","@id":"https:\/\/www.brighigroup.com\/fr\/#website","url":"https:\/\/www.brighigroup.com\/fr\/","name":"Brighi Group","description":"Home textile e di prodotti imbottiti per il design d&#039;arredo tramandando l&#039;innovazione come cultura d&#039;impresa.","potentialAction":[{"@type":"SearchAction","target":{"@type":"EntryPoint","urlTemplate":"https:\/\/www.brighigroup.com\/fr\/?s={search_term_string}"},"query-input":{"@type":"PropertyValueSpecification","valueRequired":true,"valueName":"search_term_string"}}],"inLanguage":"fr-FR"}]}},"_links":{"self":[{"href":"https:\/\/www.brighigroup.com\/fr\/wp-json\/wp\/v2\/product\/4758","targetHints":{"allow":["GET"]}}],"collection":[{"href":"https:\/\/www.brighigroup.com\/fr\/wp-json\/wp\/v2\/product"}],"about":[{"href":"https:\/\/www.brighigroup.com\/fr\/wp-json\/wp\/v2\/types\/product"}],"wp:featuredmedia":[{"embeddable":true,"href":"https:\/\/www.brighigroup.com\/fr\/wp-json\/wp\/v2\/media\/4200"}],"wp:attachment":[{"href":"https:\/\/www.brighigroup.com\/fr\/wp-json\/wp\/v2\/media?parent=4758"}],"wp:term":[{"taxonomy":"product_cat","embeddable":true,"href":"https:\/\/www.brighigroup.com\/fr\/wp-json\/wp\/v2\/product_cat?post=4758"},{"taxonomy":"product_tag","embeddable":true,"href":"https:\/\/www.brighigroup.com\/fr\/wp-json\/wp\/v2\/product_tag?post=4758"}],"curies":[{"name":"wp","href":"https:\/\/api.w.org\/{rel}","templated":true}]}}