{"id":4757,"date":"2021-11-01T10:00:39","date_gmt":"2021-11-30T09:23:39","guid":{"rendered":"https:\/\/www.brighigroup.com\/macchina\/mx-500\/"},"modified":"2024-07-31T12:02:16","modified_gmt":"2024-07-31T10:02:16","slug":"mx-500","status":"publish","type":"product","link":"https:\/\/www.brighigroup.com\/fr\/machine\/mx-500\/","title":{"rendered":"MX-500"},"content":{"rendered":"<h2><strong>MACHINE POUR LE LE M\u00c9LANGE DE MATI\u00c8RES PR\u00c9MI\u00c8RES\u00a0<\/strong><\/h2>\n<p style=\"text-align: justify;\">Mixeur pour la <strong>pr\u00e9paration de m\u00e9langes de diff\u00e9rents mat\u00e9riaux<\/strong> de rembourrage avant le remplissage souffl\u00e9. Un syst\u00e8me de pales m\u00e9lange les diff\u00e9rents composants de fa\u00e7on rapide et efficace pour <strong>emp\u00eacher la formation d\u2019agglom\u00e9rats<\/strong> gr\u00e2ce au mouvement continu.<\/p>\n<p style=\"text-align: justify;\">La partie sup\u00e9rieure de la machine est munie de maille micro filtrant pour permettre une <strong>d\u00e9charge constante de la pression de l\u2019air<\/strong> \u00e0 l&rsquo;int\u00e9rieur en retenant la poussi\u00e8re et les particules de produit. Plusieurs points de chargement permettent d\u2019optimiser la configuration des tuyauteries de branchement dans l\u2019usine du client. Deux \u00e9vacuations avec bride et vannes pneumatiques permettent l\u2019aspiration du mat\u00e9riau avec aspirateur pour l\u2019envoi aux machines en aval.<\/p>\n<p>D\u00e9couvrez \u00e9galement notre silo de stockage pour les mati\u00e8res premi\u00e8res en vrac : <a href=\"https:\/\/www.brighigroup.com\/fr\/machine\/sx-400\/\">SX-400<\/a>.<\/p>\n<p><strong>QUE PEUT-ON TRAITER<\/strong><\/p>\n<p style=\"text-align: justify;\">Fibre et Microfibre de Polyester (vierge et recycl\u00e9e), Plumes, Laine, Fibres Naturelles, Copeaux de Polyur\u00e9thane, Boules de Fibre, Rebuts recycl\u00e9s de Fibre et Tissu<\/p>\n<p><strong>CARACTERISTIQUES\u00a0<\/strong><\/p>\n<ul>\n<li style=\"text-align: justify;\"><strong>Qualit\u00e9 exceptionnelle et efficacit\u00e9 des m\u00e9langes<\/strong> : le syst\u00e8me de m\u00e9lange, sp\u00e9cialement \u00e9tudi\u00e9, permet le m\u00e9lange homog\u00e8ne de n\u2019importe quel type de composant en quelques minutes.<\/li>\n<li style=\"text-align: justify;\"><strong>M\u00e9lange de mat\u00e9riaux diff\u00e9rents en proportion variable <\/strong>: contr\u00f4le total et pr\u00e9cision extr\u00eame de la composition du m\u00e9lange en dosant \u00e9lectroniquement les composants en pourcentage ou en quotas de poids<\/li>\n<li style=\"text-align: justify;\"><strong>Gestion simplifi\u00e9e <\/strong>: panneau de contr\u00f4le pour la gestion de tous les param\u00e8tres et ajustements m\u00e9caniques.<\/li>\n<li style=\"text-align: justify;\"><strong>Souplesse<\/strong> : gestion et m\u00e9lange de mat\u00e9riaux diff\u00e9rents avec la machine sans devoir effectuer d\u2019ajustements m\u00e9caniques manuels. Excellentes performances quand elle est utilis\u00e9e comme silo de stockage pour des mat\u00e9riaux sensibles \u00e0 la statique gr\u00e2ce \u00e0 la fabrication en mat\u00e9riau antistatique (panneaux en bois\/lamin\u00e9).<\/li>\n<li><strong>Nettoyage facile<\/strong> : en cas de changement mat\u00e9riau, la porte arri\u00e8re permet un acc\u00e8s facile \u00e0 l&rsquo;int\u00e9rieur de la machine pour toutes les op\u00e9rations li\u00e9es \u00e0 un nettoyage complet de la machine.<\/li>\n<li id=\"gtx-trans\" style=\"position: absolute; left: 0px; top: -4.08594px;\">\n<div class=\"gtx-trans-icon\"><\/div>\n<\/li>\n<\/ul>\n","protected":false},"excerpt":{"rendered":"<h6><strong>Machine pour le m\u00e9lange de mati\u00e8res pr\u00e9mi\u00e8res<\/strong><\/h6>\n","protected":false},"featured_media":4201,"template":"","meta":{"_acf_changed":false},"product_cat":[93,92,167,94,97,96,95,91],"product_tag":[304],"class_list":{"0":"post-4757","1":"product","2":"type-product","3":"status-publish","4":"has-post-thumbnail","6":"product_cat-ligne-coussins-decoratifs-dexterieur-coussins-de-chaise","7":"product_cat-ligne-coussins-souffles","8":"product_cat-ligne-de-recyclage","9":"product_cat-ligne-production-canapes-et-rembourrages-des-canapes-fauteuils-chaises","10":"product_cat-ligne-production-polyurethane-pour-matelas-oreillers-et-canapes","11":"product_cat-lligne-remplissage-peluches-jouets-lits-animaux-rembourrages-divers","12":"product_cat-ligne-traitement-matieres-premieres-et-recyclage-rebuts","13":"product_cat-traitement-des-matieres-premieres","14":"product_tag-oreillers-et-coussins-souffles","16":"first","17":"instock","18":"shipping-taxable","19":"product-type-simple"},"acf":[],"yoast_head":"<!-- This site is optimized with the Yoast SEO plugin v24.2 - https:\/\/yoast.com\/wordpress\/plugins\/seo\/ -->\n<title>Machine pour le m\u00e9lange de mati\u00e8res pr\u00e9mi\u00e8res - Brighi Group<\/title>\n<meta name=\"description\" content=\"Machine pour le m\u00e9lange de mati\u00e8res pr\u00e9mi\u00e8res pour pr\u00e9parer les m\u00e9langes et stocker diff\u00e9rents mat\u00e9riaux de remplissage.\" \/>\n<meta name=\"robots\" content=\"index, follow, max-snippet:-1, max-image-preview:large, max-video-preview:-1\" \/>\n<link rel=\"canonical\" href=\"https:\/\/www.brighigroup.com\/fr\/machine\/mx-500\/\" \/>\n<meta property=\"og:locale\" content=\"fr_FR\" \/>\n<meta property=\"og:type\" content=\"article\" \/>\n<meta property=\"og:title\" content=\"Machine pour le m\u00e9lange de mati\u00e8res pr\u00e9mi\u00e8res - Brighi Group\" \/>\n<meta property=\"og:description\" content=\"Machine pour le m\u00e9lange de mati\u00e8res pr\u00e9mi\u00e8res pour pr\u00e9parer les m\u00e9langes et stocker diff\u00e9rents mat\u00e9riaux de remplissage.\" \/>\n<meta property=\"og:url\" content=\"https:\/\/www.brighigroup.com\/fr\/machine\/mx-500\/\" \/>\n<meta property=\"og:site_name\" content=\"Brighi Group\" \/>\n<meta property=\"article:modified_time\" content=\"2024-07-31T10:02:16+00:00\" \/>\n<meta property=\"og:image\" content=\"https:\/\/www.brighigroup.com\/wp-content\/uploads\/2021\/11\/MX-500.jpg\" \/>\n\t<meta property=\"og:image:width\" content=\"1920\" \/>\n\t<meta property=\"og:image:height\" content=\"1280\" \/>\n\t<meta property=\"og:image:type\" content=\"image\/jpeg\" \/>\n<meta name=\"twitter:card\" content=\"summary_large_image\" \/>\n<meta name=\"twitter:label1\" content=\"Dur\u00e9e de lecture estim\u00e9e\" \/>\n\t<meta name=\"twitter:data1\" content=\"2 minutes\" \/>\n<script type=\"application\/ld+json\" class=\"yoast-schema-graph\">{\"@context\":\"https:\/\/schema.org\",\"@graph\":[{\"@type\":\"WebPage\",\"@id\":\"https:\/\/www.brighigroup.com\/fr\/machine\/mx-500\/\",\"url\":\"https:\/\/www.brighigroup.com\/fr\/machine\/mx-500\/\",\"name\":\"Machine pour le m\u00e9lange de mati\u00e8res pr\u00e9mi\u00e8res - Brighi Group\",\"isPartOf\":{\"@id\":\"https:\/\/www.brighigroup.com\/fr\/#website\"},\"primaryImageOfPage\":{\"@id\":\"https:\/\/www.brighigroup.com\/fr\/machine\/mx-500\/#primaryimage\"},\"image\":{\"@id\":\"https:\/\/www.brighigroup.com\/fr\/machine\/mx-500\/#primaryimage\"},\"thumbnailUrl\":\"https:\/\/www.brighigroup.com\/wp-content\/uploads\/2021\/11\/MX-500.jpg\",\"datePublished\":\"2021-11-30T09:23:39+00:00\",\"dateModified\":\"2024-07-31T10:02:16+00:00\",\"description\":\"Machine pour le m\u00e9lange de mati\u00e8res pr\u00e9mi\u00e8res pour pr\u00e9parer les m\u00e9langes et stocker diff\u00e9rents mat\u00e9riaux de remplissage.\",\"breadcrumb\":{\"@id\":\"https:\/\/www.brighigroup.com\/fr\/machine\/mx-500\/#breadcrumb\"},\"inLanguage\":\"fr-FR\",\"potentialAction\":[{\"@type\":\"ReadAction\",\"target\":[\"https:\/\/www.brighigroup.com\/fr\/machine\/mx-500\/\"]}]},{\"@type\":\"ImageObject\",\"inLanguage\":\"fr-FR\",\"@id\":\"https:\/\/www.brighigroup.com\/fr\/machine\/mx-500\/#primaryimage\",\"url\":\"https:\/\/www.brighigroup.com\/wp-content\/uploads\/2021\/11\/MX-500.jpg\",\"contentUrl\":\"https:\/\/www.brighigroup.com\/wp-content\/uploads\/2021\/11\/MX-500.jpg\",\"width\":1920,\"height\":1280},{\"@type\":\"BreadcrumbList\",\"@id\":\"https:\/\/www.brighigroup.com\/fr\/machine\/mx-500\/#breadcrumb\",\"itemListElement\":[{\"@type\":\"ListItem\",\"position\":1,\"name\":\"Machines\",\"item\":\"https:\/\/www.brighigroup.com\/fr\/machines\/\"},{\"@type\":\"ListItem\",\"position\":2,\"name\":\"MX-500\"}]},{\"@type\":\"WebSite\",\"@id\":\"https:\/\/www.brighigroup.com\/fr\/#website\",\"url\":\"https:\/\/www.brighigroup.com\/fr\/\",\"name\":\"Brighi Group\",\"description\":\"Home textile e di prodotti imbottiti per il design d&#039;arredo tramandando l&#039;innovazione come cultura d&#039;impresa.\",\"potentialAction\":[{\"@type\":\"SearchAction\",\"target\":{\"@type\":\"EntryPoint\",\"urlTemplate\":\"https:\/\/www.brighigroup.com\/fr\/?s={search_term_string}\"},\"query-input\":{\"@type\":\"PropertyValueSpecification\",\"valueRequired\":true,\"valueName\":\"search_term_string\"}}],\"inLanguage\":\"fr-FR\"}]}<\/script>\n<!-- \/ Yoast SEO plugin. -->","yoast_head_json":{"title":"Machine pour le m\u00e9lange de mati\u00e8res pr\u00e9mi\u00e8res - Brighi Group","description":"Machine pour le m\u00e9lange de mati\u00e8res pr\u00e9mi\u00e8res pour pr\u00e9parer les m\u00e9langes et stocker diff\u00e9rents mat\u00e9riaux de remplissage.","robots":{"index":"index","follow":"follow","max-snippet":"max-snippet:-1","max-image-preview":"max-image-preview:large","max-video-preview":"max-video-preview:-1"},"canonical":"https:\/\/www.brighigroup.com\/fr\/machine\/mx-500\/","og_locale":"fr_FR","og_type":"article","og_title":"Machine pour le m\u00e9lange de mati\u00e8res pr\u00e9mi\u00e8res - Brighi Group","og_description":"Machine pour le m\u00e9lange de mati\u00e8res pr\u00e9mi\u00e8res pour pr\u00e9parer les m\u00e9langes et stocker diff\u00e9rents mat\u00e9riaux de remplissage.","og_url":"https:\/\/www.brighigroup.com\/fr\/machine\/mx-500\/","og_site_name":"Brighi Group","article_modified_time":"2024-07-31T10:02:16+00:00","og_image":[{"width":1920,"height":1280,"url":"https:\/\/www.brighigroup.com\/wp-content\/uploads\/2021\/11\/MX-500.jpg","type":"image\/jpeg"}],"twitter_card":"summary_large_image","twitter_misc":{"Dur\u00e9e de lecture estim\u00e9e":"2 minutes"},"schema":{"@context":"https:\/\/schema.org","@graph":[{"@type":"WebPage","@id":"https:\/\/www.brighigroup.com\/fr\/machine\/mx-500\/","url":"https:\/\/www.brighigroup.com\/fr\/machine\/mx-500\/","name":"Machine pour le m\u00e9lange de mati\u00e8res pr\u00e9mi\u00e8res - Brighi Group","isPartOf":{"@id":"https:\/\/www.brighigroup.com\/fr\/#website"},"primaryImageOfPage":{"@id":"https:\/\/www.brighigroup.com\/fr\/machine\/mx-500\/#primaryimage"},"image":{"@id":"https:\/\/www.brighigroup.com\/fr\/machine\/mx-500\/#primaryimage"},"thumbnailUrl":"https:\/\/www.brighigroup.com\/wp-content\/uploads\/2021\/11\/MX-500.jpg","datePublished":"2021-11-30T09:23:39+00:00","dateModified":"2024-07-31T10:02:16+00:00","description":"Machine pour le m\u00e9lange de mati\u00e8res pr\u00e9mi\u00e8res pour pr\u00e9parer les m\u00e9langes et stocker diff\u00e9rents mat\u00e9riaux de remplissage.","breadcrumb":{"@id":"https:\/\/www.brighigroup.com\/fr\/machine\/mx-500\/#breadcrumb"},"inLanguage":"fr-FR","potentialAction":[{"@type":"ReadAction","target":["https:\/\/www.brighigroup.com\/fr\/machine\/mx-500\/"]}]},{"@type":"ImageObject","inLanguage":"fr-FR","@id":"https:\/\/www.brighigroup.com\/fr\/machine\/mx-500\/#primaryimage","url":"https:\/\/www.brighigroup.com\/wp-content\/uploads\/2021\/11\/MX-500.jpg","contentUrl":"https:\/\/www.brighigroup.com\/wp-content\/uploads\/2021\/11\/MX-500.jpg","width":1920,"height":1280},{"@type":"BreadcrumbList","@id":"https:\/\/www.brighigroup.com\/fr\/machine\/mx-500\/#breadcrumb","itemListElement":[{"@type":"ListItem","position":1,"name":"Machines","item":"https:\/\/www.brighigroup.com\/fr\/machines\/"},{"@type":"ListItem","position":2,"name":"MX-500"}]},{"@type":"WebSite","@id":"https:\/\/www.brighigroup.com\/fr\/#website","url":"https:\/\/www.brighigroup.com\/fr\/","name":"Brighi Group","description":"Home textile e di prodotti imbottiti per il design d&#039;arredo tramandando l&#039;innovazione come cultura d&#039;impresa.","potentialAction":[{"@type":"SearchAction","target":{"@type":"EntryPoint","urlTemplate":"https:\/\/www.brighigroup.com\/fr\/?s={search_term_string}"},"query-input":{"@type":"PropertyValueSpecification","valueRequired":true,"valueName":"search_term_string"}}],"inLanguage":"fr-FR"}]}},"_links":{"self":[{"href":"https:\/\/www.brighigroup.com\/fr\/wp-json\/wp\/v2\/product\/4757","targetHints":{"allow":["GET"]}}],"collection":[{"href":"https:\/\/www.brighigroup.com\/fr\/wp-json\/wp\/v2\/product"}],"about":[{"href":"https:\/\/www.brighigroup.com\/fr\/wp-json\/wp\/v2\/types\/product"}],"wp:featuredmedia":[{"embeddable":true,"href":"https:\/\/www.brighigroup.com\/fr\/wp-json\/wp\/v2\/media\/4201"}],"wp:attachment":[{"href":"https:\/\/www.brighigroup.com\/fr\/wp-json\/wp\/v2\/media?parent=4757"}],"wp:term":[{"taxonomy":"product_cat","embeddable":true,"href":"https:\/\/www.brighigroup.com\/fr\/wp-json\/wp\/v2\/product_cat?post=4757"},{"taxonomy":"product_tag","embeddable":true,"href":"https:\/\/www.brighigroup.com\/fr\/wp-json\/wp\/v2\/product_tag?post=4757"}],"curies":[{"name":"wp","href":"https:\/\/api.w.org\/{rel}","templated":true}]}}