{"id":4754,"date":"2020-07-01T14:51:57","date_gmt":"2021-11-17T13:51:57","guid":{"rendered":"https:\/\/www.brighigroup.com\/macchina\/cm-100\/"},"modified":"2022-09-29T14:26:49","modified_gmt":"2022-09-29T12:26:49","slug":"cm-100","status":"publish","type":"product","link":"https:\/\/www.brighigroup.com\/fr\/machine\/cm-100\/","title":{"rendered":"CM-100"},"content":{"rendered":"<h2><strong>MACHINE POUR ALIMENTATION ET D\u00c9COUPE DE FIBRE CARD\u00c9E <\/strong><\/h2>\n<p>Le CM-100 est une <strong>machine automatique permettant de d\u00e9couper les couches de ouate pour les oreillers et les coussins sur mesure<\/strong>. La machine est connect\u00e9e \u00e0 la ligne de cardage juste \u00e0 la sortie de la machine de rodage transversal. <strong>Deux options de coupe sont disponibles : avec des disques ou avec des rouleaux<\/strong>. Les bandes de fibres sont alors pr\u00eates \u00e0 \u00eatre transf\u00e9r\u00e9es vers le syst\u00e8me de laminage et de pesage mod\u00e8le <a href=\"https:\/\/www.brighigroup.com\/fr\/machine\/rm-100\/\">RM-100<\/a>.<\/p>\n<p>&nbsp;<\/p>\n<p><iframe title=\"Carded Fiber Processing System\" width=\"800\" height=\"450\" src=\"https:\/\/www.youtube-nocookie.com\/embed\/JeuZR8tvMlQ?feature=oembed\" frameborder=\"0\" allow=\"accelerometer; autoplay; clipboard-write; encrypted-media; gyroscope; picture-in-picture\" allowfullscreen><\/iframe><\/p>\n<p>&nbsp;<\/p>\n<p><strong>PRODUIT<\/strong><\/p>\n<p>Couche de fibre card\u00e9e<\/p>\n<p><strong>CARACTERISTIQUES\u00a0<\/strong><\/p>\n<ul>\n<li><strong>Gestion \u00e9lectronique<\/strong> : l\u2019\u00e9cran tactile sur la machine permet de g\u00e9rer tous les param\u00e8tres, de sauver les recettes des diff\u00e9rents produits, de v\u00e9rifier l\u2019\u00e9tat de la machine et des consommables, d\u2019obtenir des informations de proc\u00e9d\u00e9 en modalit\u00e9 locale.<\/li>\n<li><strong>Souplesse<\/strong> : vaste gamme de tailles suivant les performances de la carde en amont.<\/li>\n<li><strong>Pr\u00e9cision de d\u00e9chirure et traitement d\u00e9licat du produit<\/strong> : gr\u00e2ce aux rouleaux sp\u00e9ciaux qui compriment et d\u00e9chirent la fibre.<\/li>\n<li><strong>Facilit\u00e9<\/strong> de branchement \u00e0 la carde du client<\/li>\n<li id=\"gtx-trans\" style=\"position: absolute; left: -7px; top: -4.08594px;\">\n<div class=\"gtx-trans-icon\"><\/div>\n<\/li>\n<\/ul>\n","protected":false},"excerpt":{"rendered":"<h6>MACHINE POUR ALIMENTATION ET D\u00c9COUPE DE FIBRE CARD\u00c9E<\/h6>\n","protected":false},"featured_media":4280,"template":"","meta":{"_acf_changed":false},"product_cat":[90,91],"product_tag":[300],"class_list":{"0":"post-4754","1":"product","2":"type-product","3":"status-publish","4":"has-post-thumbnail","6":"product_cat-ligne-coussins-cardes","7":"product_cat-traitement-des-matieres-premieres","8":"product_tag-oreillers-et-coussins-en-fibre-cardee-roulee","10":"first","11":"instock","12":"shipping-taxable","13":"product-type-simple"},"acf":[],"yoast_head":"<!-- This site is optimized with the Yoast SEO plugin v24.2 - https:\/\/yoast.com\/wordpress\/plugins\/seo\/ -->\n<title>MACHINE POUR ALIMENTATION ET D\u00c9COUPE DE FIBRE CARD\u00c9E\u00a0CM-100\u00a0 - Brighi Group<\/title>\n<meta name=\"description\" content=\"Machine avec \u00e9cran tactile \u00e0 gestion \u00e9lectronique, pour obtenir des feuilles \u00e0 rabat card\u00e9es sur mesure pour coussins et oreillers.\" \/>\n<meta name=\"robots\" content=\"index, follow, max-snippet:-1, max-image-preview:large, max-video-preview:-1\" \/>\n<link rel=\"canonical\" href=\"https:\/\/www.brighigroup.com\/fr\/machine\/cm-100\/\" \/>\n<meta property=\"og:locale\" content=\"fr_FR\" \/>\n<meta property=\"og:type\" content=\"article\" \/>\n<meta property=\"og:title\" content=\"MACHINE POUR ALIMENTATION ET D\u00c9COUPE DE FIBRE CARD\u00c9E\u00a0CM-100\u00a0 - Brighi Group\" \/>\n<meta property=\"og:description\" content=\"Machine avec \u00e9cran tactile \u00e0 gestion \u00e9lectronique, pour obtenir des feuilles \u00e0 rabat card\u00e9es sur mesure pour coussins et oreillers.\" \/>\n<meta property=\"og:url\" content=\"https:\/\/www.brighigroup.com\/fr\/machine\/cm-100\/\" \/>\n<meta property=\"og:site_name\" content=\"Brighi Group\" \/>\n<meta property=\"article:modified_time\" content=\"2022-09-29T12:26:49+00:00\" \/>\n<meta property=\"og:image\" content=\"https:\/\/www.brighigroup.com\/wp-content\/uploads\/2021\/11\/CM-100.jpg\" \/>\n\t<meta property=\"og:image:width\" content=\"1920\" \/>\n\t<meta property=\"og:image:height\" content=\"1280\" \/>\n\t<meta property=\"og:image:type\" content=\"image\/jpeg\" \/>\n<meta name=\"twitter:card\" content=\"summary_large_image\" \/>\n<meta name=\"twitter:label1\" content=\"Dur\u00e9e de lecture estim\u00e9e\" \/>\n\t<meta name=\"twitter:data1\" content=\"1 minute\" \/>\n<script type=\"application\/ld+json\" class=\"yoast-schema-graph\">{\"@context\":\"https:\/\/schema.org\",\"@graph\":[{\"@type\":\"WebPage\",\"@id\":\"https:\/\/www.brighigroup.com\/fr\/machine\/cm-100\/\",\"url\":\"https:\/\/www.brighigroup.com\/fr\/machine\/cm-100\/\",\"name\":\"MACHINE POUR ALIMENTATION ET D\u00c9COUPE DE FIBRE CARD\u00c9E\u00a0CM-100\u00a0 - Brighi Group\",\"isPartOf\":{\"@id\":\"https:\/\/www.brighigroup.com\/fr\/#website\"},\"primaryImageOfPage\":{\"@id\":\"https:\/\/www.brighigroup.com\/fr\/machine\/cm-100\/#primaryimage\"},\"image\":{\"@id\":\"https:\/\/www.brighigroup.com\/fr\/machine\/cm-100\/#primaryimage\"},\"thumbnailUrl\":\"https:\/\/www.brighigroup.com\/wp-content\/uploads\/2021\/11\/CM-100.jpg\",\"datePublished\":\"2021-11-17T13:51:57+00:00\",\"dateModified\":\"2022-09-29T12:26:49+00:00\",\"description\":\"Machine avec \u00e9cran tactile \u00e0 gestion \u00e9lectronique, pour obtenir des feuilles \u00e0 rabat card\u00e9es sur mesure pour coussins et oreillers.\",\"breadcrumb\":{\"@id\":\"https:\/\/www.brighigroup.com\/fr\/machine\/cm-100\/#breadcrumb\"},\"inLanguage\":\"fr-FR\",\"potentialAction\":[{\"@type\":\"ReadAction\",\"target\":[\"https:\/\/www.brighigroup.com\/fr\/machine\/cm-100\/\"]}]},{\"@type\":\"ImageObject\",\"inLanguage\":\"fr-FR\",\"@id\":\"https:\/\/www.brighigroup.com\/fr\/machine\/cm-100\/#primaryimage\",\"url\":\"https:\/\/www.brighigroup.com\/wp-content\/uploads\/2021\/11\/CM-100.jpg\",\"contentUrl\":\"https:\/\/www.brighigroup.com\/wp-content\/uploads\/2021\/11\/CM-100.jpg\",\"width\":1920,\"height\":1280},{\"@type\":\"BreadcrumbList\",\"@id\":\"https:\/\/www.brighigroup.com\/fr\/machine\/cm-100\/#breadcrumb\",\"itemListElement\":[{\"@type\":\"ListItem\",\"position\":1,\"name\":\"Machines\",\"item\":\"https:\/\/www.brighigroup.com\/fr\/machines\/\"},{\"@type\":\"ListItem\",\"position\":2,\"name\":\"CM-100\"}]},{\"@type\":\"WebSite\",\"@id\":\"https:\/\/www.brighigroup.com\/fr\/#website\",\"url\":\"https:\/\/www.brighigroup.com\/fr\/\",\"name\":\"Brighi Group\",\"description\":\"Home textile e di prodotti imbottiti per il design d&#039;arredo tramandando l&#039;innovazione come cultura d&#039;impresa.\",\"potentialAction\":[{\"@type\":\"SearchAction\",\"target\":{\"@type\":\"EntryPoint\",\"urlTemplate\":\"https:\/\/www.brighigroup.com\/fr\/?s={search_term_string}\"},\"query-input\":{\"@type\":\"PropertyValueSpecification\",\"valueRequired\":true,\"valueName\":\"search_term_string\"}}],\"inLanguage\":\"fr-FR\"}]}<\/script>\n<!-- \/ Yoast SEO plugin. -->","yoast_head_json":{"title":"MACHINE POUR ALIMENTATION ET D\u00c9COUPE DE FIBRE CARD\u00c9E\u00a0CM-100\u00a0 - Brighi Group","description":"Machine avec \u00e9cran tactile \u00e0 gestion \u00e9lectronique, pour obtenir des feuilles \u00e0 rabat card\u00e9es sur mesure pour coussins et oreillers.","robots":{"index":"index","follow":"follow","max-snippet":"max-snippet:-1","max-image-preview":"max-image-preview:large","max-video-preview":"max-video-preview:-1"},"canonical":"https:\/\/www.brighigroup.com\/fr\/machine\/cm-100\/","og_locale":"fr_FR","og_type":"article","og_title":"MACHINE POUR ALIMENTATION ET D\u00c9COUPE DE FIBRE CARD\u00c9E\u00a0CM-100\u00a0 - Brighi Group","og_description":"Machine avec \u00e9cran tactile \u00e0 gestion \u00e9lectronique, pour obtenir des feuilles \u00e0 rabat card\u00e9es sur mesure pour coussins et oreillers.","og_url":"https:\/\/www.brighigroup.com\/fr\/machine\/cm-100\/","og_site_name":"Brighi Group","article_modified_time":"2022-09-29T12:26:49+00:00","og_image":[{"width":1920,"height":1280,"url":"https:\/\/www.brighigroup.com\/wp-content\/uploads\/2021\/11\/CM-100.jpg","type":"image\/jpeg"}],"twitter_card":"summary_large_image","twitter_misc":{"Dur\u00e9e de lecture estim\u00e9e":"1 minute"},"schema":{"@context":"https:\/\/schema.org","@graph":[{"@type":"WebPage","@id":"https:\/\/www.brighigroup.com\/fr\/machine\/cm-100\/","url":"https:\/\/www.brighigroup.com\/fr\/machine\/cm-100\/","name":"MACHINE POUR ALIMENTATION ET D\u00c9COUPE DE FIBRE CARD\u00c9E\u00a0CM-100\u00a0 - Brighi Group","isPartOf":{"@id":"https:\/\/www.brighigroup.com\/fr\/#website"},"primaryImageOfPage":{"@id":"https:\/\/www.brighigroup.com\/fr\/machine\/cm-100\/#primaryimage"},"image":{"@id":"https:\/\/www.brighigroup.com\/fr\/machine\/cm-100\/#primaryimage"},"thumbnailUrl":"https:\/\/www.brighigroup.com\/wp-content\/uploads\/2021\/11\/CM-100.jpg","datePublished":"2021-11-17T13:51:57+00:00","dateModified":"2022-09-29T12:26:49+00:00","description":"Machine avec \u00e9cran tactile \u00e0 gestion \u00e9lectronique, pour obtenir des feuilles \u00e0 rabat card\u00e9es sur mesure pour coussins et oreillers.","breadcrumb":{"@id":"https:\/\/www.brighigroup.com\/fr\/machine\/cm-100\/#breadcrumb"},"inLanguage":"fr-FR","potentialAction":[{"@type":"ReadAction","target":["https:\/\/www.brighigroup.com\/fr\/machine\/cm-100\/"]}]},{"@type":"ImageObject","inLanguage":"fr-FR","@id":"https:\/\/www.brighigroup.com\/fr\/machine\/cm-100\/#primaryimage","url":"https:\/\/www.brighigroup.com\/wp-content\/uploads\/2021\/11\/CM-100.jpg","contentUrl":"https:\/\/www.brighigroup.com\/wp-content\/uploads\/2021\/11\/CM-100.jpg","width":1920,"height":1280},{"@type":"BreadcrumbList","@id":"https:\/\/www.brighigroup.com\/fr\/machine\/cm-100\/#breadcrumb","itemListElement":[{"@type":"ListItem","position":1,"name":"Machines","item":"https:\/\/www.brighigroup.com\/fr\/machines\/"},{"@type":"ListItem","position":2,"name":"CM-100"}]},{"@type":"WebSite","@id":"https:\/\/www.brighigroup.com\/fr\/#website","url":"https:\/\/www.brighigroup.com\/fr\/","name":"Brighi Group","description":"Home textile e di prodotti imbottiti per il design d&#039;arredo tramandando l&#039;innovazione come cultura d&#039;impresa.","potentialAction":[{"@type":"SearchAction","target":{"@type":"EntryPoint","urlTemplate":"https:\/\/www.brighigroup.com\/fr\/?s={search_term_string}"},"query-input":{"@type":"PropertyValueSpecification","valueRequired":true,"valueName":"search_term_string"}}],"inLanguage":"fr-FR"}]}},"_links":{"self":[{"href":"https:\/\/www.brighigroup.com\/fr\/wp-json\/wp\/v2\/product\/4754","targetHints":{"allow":["GET"]}}],"collection":[{"href":"https:\/\/www.brighigroup.com\/fr\/wp-json\/wp\/v2\/product"}],"about":[{"href":"https:\/\/www.brighigroup.com\/fr\/wp-json\/wp\/v2\/types\/product"}],"wp:featuredmedia":[{"embeddable":true,"href":"https:\/\/www.brighigroup.com\/fr\/wp-json\/wp\/v2\/media\/4280"}],"wp:attachment":[{"href":"https:\/\/www.brighigroup.com\/fr\/wp-json\/wp\/v2\/media?parent=4754"}],"wp:term":[{"taxonomy":"product_cat","embeddable":true,"href":"https:\/\/www.brighigroup.com\/fr\/wp-json\/wp\/v2\/product_cat?post=4754"},{"taxonomy":"product_tag","embeddable":true,"href":"https:\/\/www.brighigroup.com\/fr\/wp-json\/wp\/v2\/product_tag?post=4754"}],"curies":[{"name":"wp","href":"https:\/\/api.w.org\/{rel}","templated":true}]}}