{"id":4749,"date":"2021-12-01T10:00:31","date_gmt":"2021-11-30T09:12:31","guid":{"rendered":"https:\/\/www.brighigroup.com\/macchina\/hl-500\/"},"modified":"2025-01-27T09:37:17","modified_gmt":"2025-01-27T08:37:17","slug":"hl-500","status":"publish","type":"product","link":"https:\/\/www.brighigroup.com\/fr\/machine\/hl-500\/","title":{"rendered":"HL-500"},"content":{"rendered":"<h2>CHARGEUR DE BALLES DE FIBRE<\/h2>\n<p style=\"text-align: justify;\"><strong>Chargeur de balles de fibre compress\u00e9e<\/strong>. Le convoyeur de chargement peut accueillir <strong>1 balle de dimensions standard<\/strong> et permet une alimentation constante des machines en aval. Le convoyeur horizontal assure l&rsquo;avancement continu et uniforme du mat\u00e9riau vers le convoyeur \u00e0 clous inclin\u00e9 qui \u00e9rafle la balle et transport des touffes de fibre dans la tr\u00e9mie pour alimenter la machine suivante.<\/p>\n<p>La chargeuse de balles de fibres peut \u00eatre connect\u00e9e \u00e0 une ouvreuse de fibres mod. <a href=\"https:\/\/www.brighigroup.com\/fr\/machine\/of-550\/\">OF-550<\/a>.<\/p>\n<p><strong>QUE PEUT-ON CHARGER<\/strong><\/p>\n<p>Balles Compress\u00e9es de Fibres et Microfibres de Polyester, Vierges ou Recycl\u00e9es, Creuses, Conjugu\u00e9es, S\u00e8ches, Silicon\u00e9es<\/p>\n<p><strong>CARACTERISTIQUES<\/strong><\/p>\n<ul>\n<li><strong>Gestion \u00e9lectronique<\/strong> : gr\u00e2ce \u00e0 l\u2019\u00e9cran tactile sur la machine, il est possible de contr\u00f4ler les param\u00e8tres de vitesse et d\u2019avancement des convoyeurs et de r\u00e9gler, par cons\u00e9quent, le d\u00e9bit de la machine.<\/li>\n<li>Souplesse : vaste gamme de fibres g\u00e9r\u00e9es par la machine sans devoir effectuer d\u2019ajustements m\u00e9caniques.<\/li>\n<li><strong>Aucun op\u00e9rateur<\/strong> n\u00e9cessaire apr\u00e8s le chargement de la balle &#8211; Fonction d\u2019Avancement Rapide de la balle vers le convoyeur inclin\u00e9 pour favoriser un fonctionnement constant.<\/li>\n<li><strong>Nettoyage facile<\/strong> : en cas de changement de mat\u00e9riau, le convoyeur horizontal peut \u00eatre actionn\u00e9 manuellement en marche arri\u00e8re afin de faciliter le nettoyage et d\u2019acc\u00e9l\u00e9rer l\u2019extraction du mat\u00e9riau r\u00e9siduel.<\/li>\n<li id=\"gtx-trans\" style=\"position: absolute; left: -37px; top: -4.08594px;\">\n<div class=\"gtx-trans-icon\"><\/div>\n<\/li>\n<\/ul>\n","protected":false},"excerpt":{"rendered":"<h6>Chargeur de balles de fibre compress\u00e9e<\/h6>\n","protected":false},"featured_media":4205,"template":"","meta":{"_acf_changed":false},"product_cat":[106,93,92,94,96,95,91],"product_tag":[304],"class_list":{"0":"post-4749","1":"product","2":"type-product","3":"status-publish","4":"has-post-thumbnail","6":"product_cat-ligne-couettes-edredon","7":"product_cat-ligne-coussins-decoratifs-dexterieur-coussins-de-chaise","8":"product_cat-ligne-coussins-souffles","9":"product_cat-ligne-production-canapes-et-rembourrages-des-canapes-fauteuils-chaises","10":"product_cat-lligne-remplissage-peluches-jouets-lits-animaux-rembourrages-divers","11":"product_cat-ligne-traitement-matieres-premieres-et-recyclage-rebuts","12":"product_cat-traitement-des-matieres-premieres","13":"product_tag-oreillers-et-coussins-souffles","15":"first","16":"instock","17":"shipping-taxable","18":"product-type-simple"},"acf":[],"yoast_head":"<!-- This site is optimized with the Yoast SEO plugin v24.2 - https:\/\/yoast.com\/wordpress\/plugins\/seo\/ -->\n<title>Chargeur de balles de fibre - Brighi Group<\/title>\n<meta name=\"description\" content=\"Chargeur de balles de fibre compress\u00e9e. Le convoyeur de chargement peut accueillir 1 balle de dimensions standard et permet une alimentation constante des machines en aval.\" \/>\n<meta name=\"robots\" content=\"index, follow, max-snippet:-1, max-image-preview:large, max-video-preview:-1\" \/>\n<link rel=\"canonical\" href=\"https:\/\/www.brighigroup.com\/fr\/machine\/hl-500\/\" \/>\n<meta property=\"og:locale\" content=\"fr_FR\" \/>\n<meta property=\"og:type\" content=\"article\" \/>\n<meta property=\"og:title\" content=\"Chargeur de balles de fibre - Brighi Group\" \/>\n<meta property=\"og:description\" content=\"Chargeur de balles de fibre compress\u00e9e. Le convoyeur de chargement peut accueillir 1 balle de dimensions standard et permet une alimentation constante des machines en aval.\" \/>\n<meta property=\"og:url\" content=\"https:\/\/www.brighigroup.com\/fr\/machine\/hl-500\/\" \/>\n<meta property=\"og:site_name\" content=\"Brighi Group\" \/>\n<meta property=\"article:modified_time\" content=\"2025-01-27T08:37:17+00:00\" \/>\n<meta property=\"og:image\" content=\"https:\/\/www.brighigroup.com\/wp-content\/uploads\/2021\/11\/HL-500.jpg\" \/>\n\t<meta property=\"og:image:width\" content=\"1920\" \/>\n\t<meta property=\"og:image:height\" content=\"1280\" \/>\n\t<meta property=\"og:image:type\" content=\"image\/jpeg\" \/>\n<meta name=\"twitter:card\" content=\"summary_large_image\" \/>\n<meta name=\"twitter:label1\" content=\"Dur\u00e9e de lecture estim\u00e9e\" \/>\n\t<meta name=\"twitter:data1\" content=\"1 minute\" \/>\n<script type=\"application\/ld+json\" class=\"yoast-schema-graph\">{\"@context\":\"https:\/\/schema.org\",\"@graph\":[{\"@type\":\"WebPage\",\"@id\":\"https:\/\/www.brighigroup.com\/fr\/machine\/hl-500\/\",\"url\":\"https:\/\/www.brighigroup.com\/fr\/machine\/hl-500\/\",\"name\":\"Chargeur de balles de fibre - Brighi Group\",\"isPartOf\":{\"@id\":\"https:\/\/www.brighigroup.com\/fr\/#website\"},\"primaryImageOfPage\":{\"@id\":\"https:\/\/www.brighigroup.com\/fr\/machine\/hl-500\/#primaryimage\"},\"image\":{\"@id\":\"https:\/\/www.brighigroup.com\/fr\/machine\/hl-500\/#primaryimage\"},\"thumbnailUrl\":\"https:\/\/www.brighigroup.com\/wp-content\/uploads\/2021\/11\/HL-500.jpg\",\"datePublished\":\"2021-11-30T09:12:31+00:00\",\"dateModified\":\"2025-01-27T08:37:17+00:00\",\"description\":\"Chargeur de balles de fibre compress\u00e9e. Le convoyeur de chargement peut accueillir 1 balle de dimensions standard et permet une alimentation constante des machines en aval.\",\"breadcrumb\":{\"@id\":\"https:\/\/www.brighigroup.com\/fr\/machine\/hl-500\/#breadcrumb\"},\"inLanguage\":\"fr-FR\",\"potentialAction\":[{\"@type\":\"ReadAction\",\"target\":[\"https:\/\/www.brighigroup.com\/fr\/machine\/hl-500\/\"]}]},{\"@type\":\"ImageObject\",\"inLanguage\":\"fr-FR\",\"@id\":\"https:\/\/www.brighigroup.com\/fr\/machine\/hl-500\/#primaryimage\",\"url\":\"https:\/\/www.brighigroup.com\/wp-content\/uploads\/2021\/11\/HL-500.jpg\",\"contentUrl\":\"https:\/\/www.brighigroup.com\/wp-content\/uploads\/2021\/11\/HL-500.jpg\",\"width\":1920,\"height\":1280},{\"@type\":\"BreadcrumbList\",\"@id\":\"https:\/\/www.brighigroup.com\/fr\/machine\/hl-500\/#breadcrumb\",\"itemListElement\":[{\"@type\":\"ListItem\",\"position\":1,\"name\":\"Machines\",\"item\":\"https:\/\/www.brighigroup.com\/fr\/machines\/\"},{\"@type\":\"ListItem\",\"position\":2,\"name\":\"HL-500\"}]},{\"@type\":\"WebSite\",\"@id\":\"https:\/\/www.brighigroup.com\/fr\/#website\",\"url\":\"https:\/\/www.brighigroup.com\/fr\/\",\"name\":\"Brighi Group\",\"description\":\"Home textile e di prodotti imbottiti per il design d&#039;arredo tramandando l&#039;innovazione come cultura d&#039;impresa.\",\"potentialAction\":[{\"@type\":\"SearchAction\",\"target\":{\"@type\":\"EntryPoint\",\"urlTemplate\":\"https:\/\/www.brighigroup.com\/fr\/?s={search_term_string}\"},\"query-input\":{\"@type\":\"PropertyValueSpecification\",\"valueRequired\":true,\"valueName\":\"search_term_string\"}}],\"inLanguage\":\"fr-FR\"}]}<\/script>\n<!-- \/ Yoast SEO plugin. -->","yoast_head_json":{"title":"Chargeur de balles de fibre - Brighi Group","description":"Chargeur de balles de fibre compress\u00e9e. Le convoyeur de chargement peut accueillir 1 balle de dimensions standard et permet une alimentation constante des machines en aval.","robots":{"index":"index","follow":"follow","max-snippet":"max-snippet:-1","max-image-preview":"max-image-preview:large","max-video-preview":"max-video-preview:-1"},"canonical":"https:\/\/www.brighigroup.com\/fr\/machine\/hl-500\/","og_locale":"fr_FR","og_type":"article","og_title":"Chargeur de balles de fibre - Brighi Group","og_description":"Chargeur de balles de fibre compress\u00e9e. Le convoyeur de chargement peut accueillir 1 balle de dimensions standard et permet une alimentation constante des machines en aval.","og_url":"https:\/\/www.brighigroup.com\/fr\/machine\/hl-500\/","og_site_name":"Brighi Group","article_modified_time":"2025-01-27T08:37:17+00:00","og_image":[{"width":1920,"height":1280,"url":"https:\/\/www.brighigroup.com\/wp-content\/uploads\/2021\/11\/HL-500.jpg","type":"image\/jpeg"}],"twitter_card":"summary_large_image","twitter_misc":{"Dur\u00e9e de lecture estim\u00e9e":"1 minute"},"schema":{"@context":"https:\/\/schema.org","@graph":[{"@type":"WebPage","@id":"https:\/\/www.brighigroup.com\/fr\/machine\/hl-500\/","url":"https:\/\/www.brighigroup.com\/fr\/machine\/hl-500\/","name":"Chargeur de balles de fibre - Brighi Group","isPartOf":{"@id":"https:\/\/www.brighigroup.com\/fr\/#website"},"primaryImageOfPage":{"@id":"https:\/\/www.brighigroup.com\/fr\/machine\/hl-500\/#primaryimage"},"image":{"@id":"https:\/\/www.brighigroup.com\/fr\/machine\/hl-500\/#primaryimage"},"thumbnailUrl":"https:\/\/www.brighigroup.com\/wp-content\/uploads\/2021\/11\/HL-500.jpg","datePublished":"2021-11-30T09:12:31+00:00","dateModified":"2025-01-27T08:37:17+00:00","description":"Chargeur de balles de fibre compress\u00e9e. Le convoyeur de chargement peut accueillir 1 balle de dimensions standard et permet une alimentation constante des machines en aval.","breadcrumb":{"@id":"https:\/\/www.brighigroup.com\/fr\/machine\/hl-500\/#breadcrumb"},"inLanguage":"fr-FR","potentialAction":[{"@type":"ReadAction","target":["https:\/\/www.brighigroup.com\/fr\/machine\/hl-500\/"]}]},{"@type":"ImageObject","inLanguage":"fr-FR","@id":"https:\/\/www.brighigroup.com\/fr\/machine\/hl-500\/#primaryimage","url":"https:\/\/www.brighigroup.com\/wp-content\/uploads\/2021\/11\/HL-500.jpg","contentUrl":"https:\/\/www.brighigroup.com\/wp-content\/uploads\/2021\/11\/HL-500.jpg","width":1920,"height":1280},{"@type":"BreadcrumbList","@id":"https:\/\/www.brighigroup.com\/fr\/machine\/hl-500\/#breadcrumb","itemListElement":[{"@type":"ListItem","position":1,"name":"Machines","item":"https:\/\/www.brighigroup.com\/fr\/machines\/"},{"@type":"ListItem","position":2,"name":"HL-500"}]},{"@type":"WebSite","@id":"https:\/\/www.brighigroup.com\/fr\/#website","url":"https:\/\/www.brighigroup.com\/fr\/","name":"Brighi Group","description":"Home textile e di prodotti imbottiti per il design d&#039;arredo tramandando l&#039;innovazione come cultura d&#039;impresa.","potentialAction":[{"@type":"SearchAction","target":{"@type":"EntryPoint","urlTemplate":"https:\/\/www.brighigroup.com\/fr\/?s={search_term_string}"},"query-input":{"@type":"PropertyValueSpecification","valueRequired":true,"valueName":"search_term_string"}}],"inLanguage":"fr-FR"}]}},"_links":{"self":[{"href":"https:\/\/www.brighigroup.com\/fr\/wp-json\/wp\/v2\/product\/4749","targetHints":{"allow":["GET"]}}],"collection":[{"href":"https:\/\/www.brighigroup.com\/fr\/wp-json\/wp\/v2\/product"}],"about":[{"href":"https:\/\/www.brighigroup.com\/fr\/wp-json\/wp\/v2\/types\/product"}],"wp:featuredmedia":[{"embeddable":true,"href":"https:\/\/www.brighigroup.com\/fr\/wp-json\/wp\/v2\/media\/4205"}],"wp:attachment":[{"href":"https:\/\/www.brighigroup.com\/fr\/wp-json\/wp\/v2\/media?parent=4749"}],"wp:term":[{"taxonomy":"product_cat","embeddable":true,"href":"https:\/\/www.brighigroup.com\/fr\/wp-json\/wp\/v2\/product_cat?post=4749"},{"taxonomy":"product_tag","embeddable":true,"href":"https:\/\/www.brighigroup.com\/fr\/wp-json\/wp\/v2\/product_tag?post=4749"}],"curies":[{"name":"wp","href":"https:\/\/api.w.org\/{rel}","templated":true}]}}