{"id":15336,"date":"2022-04-29T11:21:55","date_gmt":"2025-06-25T09:21:56","guid":{"rendered":"https:\/\/www.brighigroup.com\/?post_type=product&#038;p=15336"},"modified":"2025-06-30T11:32:11","modified_gmt":"2025-06-30T09:32:11","slug":"er-100","status":"publish","type":"product","link":"https:\/\/www.brighigroup.com\/fr\/machine\/er-100\/","title":{"rendered":"ER-100"},"content":{"rendered":"<h2>Machine manuelle pour l&#8217;emballage enroull\u00e9 des coussins<\/h2>\n<p style=\"text-align: justify;\">L&rsquo;<strong>ER-100<\/strong> est <strong>une machine autonome et tr\u00e8s polyvalente<\/strong> con\u00e7ue <strong>pour l&#8217;emballage enroull\u00e9 d&rsquo;oreillers, de coussins et de couettes. <\/strong>Les produits sont achemin\u00e9s vers la station d&rsquo;enroulement via un convoyeur \u00e0 bande et positionn\u00e9s \u00e0 l&rsquo;aide d&rsquo;un poussoir d\u00e9di\u00e9. Pendant la phase d&rsquo;enroulement, des supports sp\u00e9ciaux maintiennent fermement l&rsquo;oreiller ou la couette en place, garantissant ainsi des r\u00e9sultats optimaux. Une fois que l&rsquo;op\u00e9rateur a plac\u00e9 le sac sur les supports, des capteurs de s\u00e9curit\u00e9 photo\u00e9lectriques activent automatiquement le poussoir, qui ins\u00e8re le produit roul\u00e9 dans le sac de mani\u00e8re efficace et s\u00fbre.<\/p>\n<p>La machine est \u00e9galement disponible en versions <a href=\"https:\/\/www.brighigroup.com\/fr\/machine\/er-400-easy-roll\/\">semi-automatique (ER-400)<\/a> et <a href=\"https:\/\/www.brighigroup.com\/macchina\/er-500-easy-roll\/\">automatique (ER-500).<\/a><\/p>\n<p>&nbsp;<\/p>\n<p><strong>QUE PEUT-ON ENSACHER<\/strong><\/p>\n<p>Coussins, oreillers, couettes\/\u00e9dredon, sacs de couchage<\/p>\n<p>&nbsp;<\/p>\n<p><strong>TYPES DE SACHETS<\/strong><\/p>\n<p>Sachets individuelles, housses en tissu, bo\u00eetes.<\/p>\n<p>&nbsp;<\/p>\n<p><strong>CARACT\u00c9RISTIQUES PRINCIPALES <\/strong><\/p>\n<ul>\n<li><b>La plus large gamme d\u2019options d\u2019emballage<\/b> : des bo\u00eetes et des sacs sp\u00e9ciaux peuvent \u00eatre utilis\u00e9s en plus des bo\u00eetes standard<\/li>\n<li><strong>Gestion simplifi\u00e9e<\/strong> : panneau de contr\u00f4le \u00e0 \u00e9cran tactile pour la gestion de tous les param\u00e8tres et les ajustements m\u00e9caniques de mani\u00e8re automatique, avec insertion et gestion des recettes avec les caract\u00e9ristiques du produit\/mat\u00e9riel.<\/li>\n<li><strong>Flexibilit\u00e9 :<\/strong> large gamme de mat\u00e9riaux et enveloppes trait\u00e9s sans besoin d\u2019ajustements m\u00e9caniques.<\/li>\n<li><strong>Tous les mat\u00e9riaux de remplissage : <\/strong>aucune restriction sur le type de remplissage des coussins.<\/li>\n<\/ul>\n","protected":false},"excerpt":{"rendered":"<h6>Machine manuelle pour enrouler et emballer des coussins et des produits mous dans des enveloppes et des sacs<\/h6>\n","protected":false},"featured_media":15341,"template":"","meta":{"_acf_changed":false},"product_cat":[102,106,99,90,93,92],"product_tag":[308,300,304],"class_list":{"0":"post-15336","1":"product","2":"type-product","3":"status-publish","4":"has-post-thumbnail","6":"product_cat-emballage","7":"product_cat-ligne-couettes-edredon","8":"product_cat-lligne-coussin-moules-ou-en-chutes-de-mousse","9":"product_cat-ligne-coussins-cardes","10":"product_cat-ligne-coussins-decoratifs-dexterieur-coussins-de-chaise","11":"product_cat-ligne-coussins-souffles","12":"product_tag-oreillers-en-mousse-et-en-latex","13":"product_tag-oreillers-et-coussins-en-fibre-cardee-roulee","14":"product_tag-oreillers-et-coussins-souffles","16":"first","17":"instock","18":"shipping-taxable","19":"product-type-simple"},"acf":[],"yoast_head":"<!-- This site is optimized with the Yoast SEO plugin v24.2 - https:\/\/yoast.com\/wordpress\/plugins\/seo\/ -->\n<title>Machine manuelle pour l&#039;emballage enroull\u00e9 des coussins - Brighi Group<\/title>\n<meta name=\"description\" content=\"Machine manuelle pour enrouler coussins, oreillers, couettes et sacs de couchage. Large gamme d\u2019enveloppes et de mat\u00e9riaux trait\u00e9s.\" \/>\n<meta name=\"robots\" content=\"index, follow, max-snippet:-1, max-image-preview:large, max-video-preview:-1\" \/>\n<link rel=\"canonical\" href=\"https:\/\/www.brighigroup.com\/fr\/machine\/er-100\/\" \/>\n<meta property=\"og:locale\" content=\"fr_FR\" \/>\n<meta property=\"og:type\" content=\"article\" \/>\n<meta property=\"og:title\" content=\"Machine manuelle pour l&#039;emballage enroull\u00e9 des coussins - Brighi Group\" \/>\n<meta property=\"og:description\" content=\"Machine manuelle pour enrouler coussins, oreillers, couettes et sacs de couchage. Large gamme d\u2019enveloppes et de mat\u00e9riaux trait\u00e9s.\" \/>\n<meta property=\"og:url\" content=\"https:\/\/www.brighigroup.com\/fr\/machine\/er-100\/\" \/>\n<meta property=\"og:site_name\" content=\"Brighi Group\" \/>\n<meta property=\"article:modified_time\" content=\"2025-06-30T09:32:11+00:00\" \/>\n<meta property=\"og:image\" content=\"https:\/\/www.brighigroup.com\/wp-content\/uploads\/2025\/06\/Progetto-senza-titolo-14.png\" \/>\n\t<meta property=\"og:image:width\" content=\"1920\" \/>\n\t<meta property=\"og:image:height\" content=\"1280\" \/>\n\t<meta property=\"og:image:type\" content=\"image\/png\" \/>\n<meta name=\"twitter:card\" content=\"summary_large_image\" \/>\n<meta name=\"twitter:label1\" content=\"Dur\u00e9e de lecture estim\u00e9e\" \/>\n\t<meta name=\"twitter:data1\" content=\"2 minutes\" \/>\n<script type=\"application\/ld+json\" class=\"yoast-schema-graph\">{\"@context\":\"https:\/\/schema.org\",\"@graph\":[{\"@type\":\"WebPage\",\"@id\":\"https:\/\/www.brighigroup.com\/fr\/machine\/er-100\/\",\"url\":\"https:\/\/www.brighigroup.com\/fr\/machine\/er-100\/\",\"name\":\"Machine manuelle pour l'emballage enroull\u00e9 des coussins - Brighi Group\",\"isPartOf\":{\"@id\":\"https:\/\/www.brighigroup.com\/fr\/#website\"},\"primaryImageOfPage\":{\"@id\":\"https:\/\/www.brighigroup.com\/fr\/machine\/er-100\/#primaryimage\"},\"image\":{\"@id\":\"https:\/\/www.brighigroup.com\/fr\/machine\/er-100\/#primaryimage\"},\"thumbnailUrl\":\"https:\/\/www.brighigroup.com\/wp-content\/uploads\/2025\/06\/Progetto-senza-titolo-14.png\",\"datePublished\":\"2025-06-25T09:21:56+00:00\",\"dateModified\":\"2025-06-30T09:32:11+00:00\",\"description\":\"Machine manuelle pour enrouler coussins, oreillers, couettes et sacs de couchage. Large gamme d\u2019enveloppes et de mat\u00e9riaux trait\u00e9s.\",\"breadcrumb\":{\"@id\":\"https:\/\/www.brighigroup.com\/fr\/machine\/er-100\/#breadcrumb\"},\"inLanguage\":\"fr-FR\",\"potentialAction\":[{\"@type\":\"ReadAction\",\"target\":[\"https:\/\/www.brighigroup.com\/fr\/machine\/er-100\/\"]}]},{\"@type\":\"ImageObject\",\"inLanguage\":\"fr-FR\",\"@id\":\"https:\/\/www.brighigroup.com\/fr\/machine\/er-100\/#primaryimage\",\"url\":\"https:\/\/www.brighigroup.com\/wp-content\/uploads\/2025\/06\/Progetto-senza-titolo-14.png\",\"contentUrl\":\"https:\/\/www.brighigroup.com\/wp-content\/uploads\/2025\/06\/Progetto-senza-titolo-14.png\",\"width\":1920,\"height\":1280},{\"@type\":\"BreadcrumbList\",\"@id\":\"https:\/\/www.brighigroup.com\/fr\/machine\/er-100\/#breadcrumb\",\"itemListElement\":[{\"@type\":\"ListItem\",\"position\":1,\"name\":\"Machines\",\"item\":\"https:\/\/www.brighigroup.com\/fr\/machines\/\"},{\"@type\":\"ListItem\",\"position\":2,\"name\":\"ER-100\"}]},{\"@type\":\"WebSite\",\"@id\":\"https:\/\/www.brighigroup.com\/fr\/#website\",\"url\":\"https:\/\/www.brighigroup.com\/fr\/\",\"name\":\"Brighi Group\",\"description\":\"Home textile e di prodotti imbottiti per il design d&#039;arredo tramandando l&#039;innovazione come cultura d&#039;impresa.\",\"potentialAction\":[{\"@type\":\"SearchAction\",\"target\":{\"@type\":\"EntryPoint\",\"urlTemplate\":\"https:\/\/www.brighigroup.com\/fr\/?s={search_term_string}\"},\"query-input\":{\"@type\":\"PropertyValueSpecification\",\"valueRequired\":true,\"valueName\":\"search_term_string\"}}],\"inLanguage\":\"fr-FR\"}]}<\/script>\n<!-- \/ Yoast SEO plugin. -->","yoast_head_json":{"title":"Machine manuelle pour l'emballage enroull\u00e9 des coussins - Brighi Group","description":"Machine manuelle pour enrouler coussins, oreillers, couettes et sacs de couchage. Large gamme d\u2019enveloppes et de mat\u00e9riaux trait\u00e9s.","robots":{"index":"index","follow":"follow","max-snippet":"max-snippet:-1","max-image-preview":"max-image-preview:large","max-video-preview":"max-video-preview:-1"},"canonical":"https:\/\/www.brighigroup.com\/fr\/machine\/er-100\/","og_locale":"fr_FR","og_type":"article","og_title":"Machine manuelle pour l'emballage enroull\u00e9 des coussins - Brighi Group","og_description":"Machine manuelle pour enrouler coussins, oreillers, couettes et sacs de couchage. Large gamme d\u2019enveloppes et de mat\u00e9riaux trait\u00e9s.","og_url":"https:\/\/www.brighigroup.com\/fr\/machine\/er-100\/","og_site_name":"Brighi Group","article_modified_time":"2025-06-30T09:32:11+00:00","og_image":[{"width":1920,"height":1280,"url":"https:\/\/www.brighigroup.com\/wp-content\/uploads\/2025\/06\/Progetto-senza-titolo-14.png","type":"image\/png"}],"twitter_card":"summary_large_image","twitter_misc":{"Dur\u00e9e de lecture estim\u00e9e":"2 minutes"},"schema":{"@context":"https:\/\/schema.org","@graph":[{"@type":"WebPage","@id":"https:\/\/www.brighigroup.com\/fr\/machine\/er-100\/","url":"https:\/\/www.brighigroup.com\/fr\/machine\/er-100\/","name":"Machine manuelle pour l'emballage enroull\u00e9 des coussins - Brighi Group","isPartOf":{"@id":"https:\/\/www.brighigroup.com\/fr\/#website"},"primaryImageOfPage":{"@id":"https:\/\/www.brighigroup.com\/fr\/machine\/er-100\/#primaryimage"},"image":{"@id":"https:\/\/www.brighigroup.com\/fr\/machine\/er-100\/#primaryimage"},"thumbnailUrl":"https:\/\/www.brighigroup.com\/wp-content\/uploads\/2025\/06\/Progetto-senza-titolo-14.png","datePublished":"2025-06-25T09:21:56+00:00","dateModified":"2025-06-30T09:32:11+00:00","description":"Machine manuelle pour enrouler coussins, oreillers, couettes et sacs de couchage. Large gamme d\u2019enveloppes et de mat\u00e9riaux trait\u00e9s.","breadcrumb":{"@id":"https:\/\/www.brighigroup.com\/fr\/machine\/er-100\/#breadcrumb"},"inLanguage":"fr-FR","potentialAction":[{"@type":"ReadAction","target":["https:\/\/www.brighigroup.com\/fr\/machine\/er-100\/"]}]},{"@type":"ImageObject","inLanguage":"fr-FR","@id":"https:\/\/www.brighigroup.com\/fr\/machine\/er-100\/#primaryimage","url":"https:\/\/www.brighigroup.com\/wp-content\/uploads\/2025\/06\/Progetto-senza-titolo-14.png","contentUrl":"https:\/\/www.brighigroup.com\/wp-content\/uploads\/2025\/06\/Progetto-senza-titolo-14.png","width":1920,"height":1280},{"@type":"BreadcrumbList","@id":"https:\/\/www.brighigroup.com\/fr\/machine\/er-100\/#breadcrumb","itemListElement":[{"@type":"ListItem","position":1,"name":"Machines","item":"https:\/\/www.brighigroup.com\/fr\/machines\/"},{"@type":"ListItem","position":2,"name":"ER-100"}]},{"@type":"WebSite","@id":"https:\/\/www.brighigroup.com\/fr\/#website","url":"https:\/\/www.brighigroup.com\/fr\/","name":"Brighi Group","description":"Home textile e di prodotti imbottiti per il design d&#039;arredo tramandando l&#039;innovazione come cultura d&#039;impresa.","potentialAction":[{"@type":"SearchAction","target":{"@type":"EntryPoint","urlTemplate":"https:\/\/www.brighigroup.com\/fr\/?s={search_term_string}"},"query-input":{"@type":"PropertyValueSpecification","valueRequired":true,"valueName":"search_term_string"}}],"inLanguage":"fr-FR"}]}},"_links":{"self":[{"href":"https:\/\/www.brighigroup.com\/fr\/wp-json\/wp\/v2\/product\/15336","targetHints":{"allow":["GET"]}}],"collection":[{"href":"https:\/\/www.brighigroup.com\/fr\/wp-json\/wp\/v2\/product"}],"about":[{"href":"https:\/\/www.brighigroup.com\/fr\/wp-json\/wp\/v2\/types\/product"}],"wp:featuredmedia":[{"embeddable":true,"href":"https:\/\/www.brighigroup.com\/fr\/wp-json\/wp\/v2\/media\/15341"}],"wp:attachment":[{"href":"https:\/\/www.brighigroup.com\/fr\/wp-json\/wp\/v2\/media?parent=15336"}],"wp:term":[{"taxonomy":"product_cat","embeddable":true,"href":"https:\/\/www.brighigroup.com\/fr\/wp-json\/wp\/v2\/product_cat?post=15336"},{"taxonomy":"product_tag","embeddable":true,"href":"https:\/\/www.brighigroup.com\/fr\/wp-json\/wp\/v2\/product_tag?post=15336"}],"curies":[{"name":"wp","href":"https:\/\/api.w.org\/{rel}","templated":true}]}}