{"id":12524,"date":"2022-04-02T10:02:04","date_gmt":"2022-04-02T08:02:04","guid":{"rendered":"https:\/\/www.brighigroup.com\/machine\/ef-600\/"},"modified":"2025-09-17T12:38:48","modified_gmt":"2025-09-17T10:38:48","slug":"ef-600","status":"publish","type":"product","link":"https:\/\/www.brighigroup.com\/fr\/machine\/ef-600\/","title":{"rendered":"EF-600"},"content":{"rendered":"<h2><strong>PLIEUSE AUTOMATIQUE DE TAPIS<\/strong><\/h2>\n<p style=\"text-align: justify\">La EF-600 est notre <strong>plieuse automatique de tapis<\/strong> con\u00e7ue pour plier des tapis et moquettes de diff\u00e9rentes tailles, formes et mati\u00e8res. La machine offre des <strong>mod\u00e8les de pliage personnalisables<\/strong> qui peuvent \u00eatre facilement s\u00e9lectionn\u00e9s via l&rsquo;\u00e9cran tactile, en acc\u00e9dant \u00e0 la liste des recettes, ou automatiquement gr\u00e2ce \u00e0 un lecteur de codes-barres. Le <strong>syst\u00e8me de code-barres identifie le type de tapis et s\u00e9lectionne le mod\u00e8le de pliage appropri\u00e9<\/strong> \u00e0 partir d&rsquo;une base de donn\u00e9es actualis\u00e9e, ce qui garantit pr\u00e9cision et efficacit\u00e9.<\/p>\n<p style=\"text-align: justify\">La machine \u00e0 plier les tapis peut \u00eatre \u00e9quip\u00e9e d&rsquo;un <strong>dispositif de d\u00e9roulement int\u00e9gr\u00e9<\/strong> qui simplifie le processus d\u2019insertion. Une fois d\u00e9roul\u00e9, le tapis plat est transport\u00e9 vers la zone de pliage en longueur, o\u00f9 un syst\u00e8me de r\u00e2teaux et de fourches effectue la premi\u00e8re s\u00e9rie de plis. Apr\u00e8s cette \u00e9tape, le tapis partiellement pli\u00e9 se d\u00e9place vers la station de pliage en largeur, o\u00f9 le processus est achev\u00e9. Le tapis pli\u00e9 et compress\u00e9 est alors pr\u00eat pour la<strong> station de v\u00e9rification du volume et du poids,<\/strong> puis pour \u00eatre collect\u00e9 par l&rsquo;op\u00e9rateur ou transf\u00e9r\u00e9 vers une machine d&#8217;emballage mod. <a href=\"https:\/\/www.brighigroup.com\/fr\/machine\/eb-500-easy-bag\/\">EB-500<\/a> ou <a href=\"https:\/\/www.brighigroup.com\/fr\/machine\/eb-400-easy-bag\/\">EB-400.<\/a><\/p>\n<p style=\"text-align: justify\">D\u00e9couvrez \u00e9galement notre solution de pliage pour couettes et \u00e9dredons mod. <a href=\"https:\/\/www.brighigroup.com\/fr\/machine\/ef-500-easy-fold\/\">EF-500<\/a><\/p>\n<p><iframe title=\"Automatic Rug Folding Machine mod. EF-500\" width=\"800\" height=\"450\" src=\"https:\/\/www.youtube-nocookie.com\/embed\/rYS_gtE9VCU?feature=oembed\" frameborder=\"0\" allow=\"accelerometer; autoplay; clipboard-write; encrypted-media; gyroscope; picture-in-picture; web-share\" referrerpolicy=\"strict-origin-when-cross-origin\" allowfullscreen><\/iframe><\/p>\n<p><iframe title=\"Automatic Folding Machine mod. EF-600\" width=\"800\" height=\"450\" src=\"https:\/\/www.youtube-nocookie.com\/embed\/nSmiutUT0ak?feature=oembed\" frameborder=\"0\" allow=\"accelerometer; autoplay; clipboard-write; encrypted-media; gyroscope; picture-in-picture; web-share\" referrerpolicy=\"strict-origin-when-cross-origin\" allowfullscreen><\/iframe><\/p>\n<p><strong>CE QUI PEUT \u00caTRE PLI\u00c9<\/strong><\/p>\n<p>Tapis et moquettes (diff\u00e9rentes tailles et formes)<\/p>\n<p>CARACT\u00c9RISTIQUES PRINCIPALES<\/p>\n<ul>\n<li><strong>Un seul op\u00e9rateur<\/strong> est n\u00e9cessaire pour le processus de mise en place du tapis.<\/li>\n<li><strong>Pr\u00e9cision du pliage<\/strong> pour un produit final de qualit\u00e9.<\/li>\n<li><strong>Polyvalence<\/strong> : la machine s&rsquo;adapte \u00e0 une grande vari\u00e9t\u00e9 de tailles, de formes et de mat\u00e9riaux de tapis.<\/li>\n<li><strong>Gestion simplifi\u00e9e<\/strong>: panneau de contr\u00f4le tactile pour la gestion de tous les param\u00e8tres et les ajustements m\u00e9caniques de fa\u00e7on automatique, avec introduction et gestion des recettes avec les caract\u00e9ristiques du produit\/mat\u00e9riau.<\/li>\n<\/ul>\n<p>&nbsp;<\/p>\n","protected":false},"excerpt":{"rendered":"<h6>Machine automatique \u00e0 plier les tapis<\/h6>\n","protected":false},"featured_media":12519,"template":"","meta":{"_acf_changed":false},"product_cat":[102],"product_tag":[320],"class_list":{"0":"post-12524","1":"product","2":"type-product","3":"status-publish","4":"has-post-thumbnail","6":"product_cat-emballage","7":"product_tag-tapis","9":"first","10":"instock","11":"shipping-taxable","12":"product-type-simple"},"acf":[],"yoast_head":"<!-- This site is optimized with the Yoast SEO plugin v24.2 - https:\/\/yoast.com\/wordpress\/plugins\/seo\/ -->\n<title>plieuse automatique de tapis - Brighi Group<\/title>\n<meta name=\"description\" content=\"L&#039;EF-600 est une plieuse de tapis automatique con\u00e7ue pour des tapis de formes et de mat\u00e9riaux diff\u00e9rents, suivant des sch\u00e9mas de pliage personnalisables.\" \/>\n<meta name=\"robots\" content=\"index, follow, max-snippet:-1, max-image-preview:large, max-video-preview:-1\" \/>\n<link rel=\"canonical\" href=\"https:\/\/www.brighigroup.com\/fr\/machine\/ef-600\/\" \/>\n<meta property=\"og:locale\" content=\"fr_FR\" \/>\n<meta property=\"og:type\" content=\"article\" \/>\n<meta property=\"og:title\" content=\"plieuse automatique de tapis - Brighi Group\" \/>\n<meta property=\"og:description\" content=\"L&#039;EF-600 est une plieuse de tapis automatique con\u00e7ue pour des tapis de formes et de mat\u00e9riaux diff\u00e9rents, suivant des sch\u00e9mas de pliage personnalisables.\" \/>\n<meta property=\"og:url\" content=\"https:\/\/www.brighigroup.com\/fr\/machine\/ef-600\/\" \/>\n<meta property=\"og:site_name\" content=\"Brighi Group\" \/>\n<meta property=\"article:modified_time\" content=\"2025-09-17T10:38:48+00:00\" \/>\n<meta property=\"og:image\" content=\"https:\/\/www.brighigroup.com\/wp-content\/uploads\/2024\/09\/EF-600-compressa.jpg\" \/>\n\t<meta property=\"og:image:width\" content=\"10000\" \/>\n\t<meta property=\"og:image:height\" content=\"7085\" \/>\n\t<meta property=\"og:image:type\" content=\"image\/jpeg\" \/>\n<meta name=\"twitter:card\" content=\"summary_large_image\" \/>\n<meta name=\"twitter:label1\" content=\"Dur\u00e9e de lecture estim\u00e9e\" \/>\n\t<meta name=\"twitter:data1\" content=\"2 minutes\" \/>\n<script type=\"application\/ld+json\" class=\"yoast-schema-graph\">{\"@context\":\"https:\/\/schema.org\",\"@graph\":[{\"@type\":\"WebPage\",\"@id\":\"https:\/\/www.brighigroup.com\/fr\/machine\/ef-600\/\",\"url\":\"https:\/\/www.brighigroup.com\/fr\/machine\/ef-600\/\",\"name\":\"plieuse automatique de tapis - Brighi Group\",\"isPartOf\":{\"@id\":\"https:\/\/www.brighigroup.com\/fr\/#website\"},\"primaryImageOfPage\":{\"@id\":\"https:\/\/www.brighigroup.com\/fr\/machine\/ef-600\/#primaryimage\"},\"image\":{\"@id\":\"https:\/\/www.brighigroup.com\/fr\/machine\/ef-600\/#primaryimage\"},\"thumbnailUrl\":\"https:\/\/www.brighigroup.com\/wp-content\/uploads\/2024\/09\/EF-600-compressa.jpg\",\"datePublished\":\"2022-04-02T08:02:04+00:00\",\"dateModified\":\"2025-09-17T10:38:48+00:00\",\"description\":\"L'EF-600 est une plieuse de tapis automatique con\u00e7ue pour des tapis de formes et de mat\u00e9riaux diff\u00e9rents, suivant des sch\u00e9mas de pliage personnalisables.\",\"breadcrumb\":{\"@id\":\"https:\/\/www.brighigroup.com\/fr\/machine\/ef-600\/#breadcrumb\"},\"inLanguage\":\"fr-FR\",\"potentialAction\":[{\"@type\":\"ReadAction\",\"target\":[\"https:\/\/www.brighigroup.com\/fr\/machine\/ef-600\/\"]}]},{\"@type\":\"ImageObject\",\"inLanguage\":\"fr-FR\",\"@id\":\"https:\/\/www.brighigroup.com\/fr\/machine\/ef-600\/#primaryimage\",\"url\":\"https:\/\/www.brighigroup.com\/wp-content\/uploads\/2024\/09\/EF-600-compressa.jpg\",\"contentUrl\":\"https:\/\/www.brighigroup.com\/wp-content\/uploads\/2024\/09\/EF-600-compressa.jpg\",\"width\":10000,\"height\":7085},{\"@type\":\"BreadcrumbList\",\"@id\":\"https:\/\/www.brighigroup.com\/fr\/machine\/ef-600\/#breadcrumb\",\"itemListElement\":[{\"@type\":\"ListItem\",\"position\":1,\"name\":\"Machines\",\"item\":\"https:\/\/www.brighigroup.com\/fr\/machines\/\"},{\"@type\":\"ListItem\",\"position\":2,\"name\":\"EF-600\"}]},{\"@type\":\"WebSite\",\"@id\":\"https:\/\/www.brighigroup.com\/fr\/#website\",\"url\":\"https:\/\/www.brighigroup.com\/fr\/\",\"name\":\"Brighi Group\",\"description\":\"Home textile e di prodotti imbottiti per il design d&#039;arredo tramandando l&#039;innovazione come cultura d&#039;impresa.\",\"potentialAction\":[{\"@type\":\"SearchAction\",\"target\":{\"@type\":\"EntryPoint\",\"urlTemplate\":\"https:\/\/www.brighigroup.com\/fr\/?s={search_term_string}\"},\"query-input\":{\"@type\":\"PropertyValueSpecification\",\"valueRequired\":true,\"valueName\":\"search_term_string\"}}],\"inLanguage\":\"fr-FR\"}]}<\/script>\n<!-- \/ Yoast SEO plugin. -->","yoast_head_json":{"title":"plieuse automatique de tapis - Brighi Group","description":"L'EF-600 est une plieuse de tapis automatique con\u00e7ue pour des tapis de formes et de mat\u00e9riaux diff\u00e9rents, suivant des sch\u00e9mas de pliage personnalisables.","robots":{"index":"index","follow":"follow","max-snippet":"max-snippet:-1","max-image-preview":"max-image-preview:large","max-video-preview":"max-video-preview:-1"},"canonical":"https:\/\/www.brighigroup.com\/fr\/machine\/ef-600\/","og_locale":"fr_FR","og_type":"article","og_title":"plieuse automatique de tapis - Brighi Group","og_description":"L'EF-600 est une plieuse de tapis automatique con\u00e7ue pour des tapis de formes et de mat\u00e9riaux diff\u00e9rents, suivant des sch\u00e9mas de pliage personnalisables.","og_url":"https:\/\/www.brighigroup.com\/fr\/machine\/ef-600\/","og_site_name":"Brighi Group","article_modified_time":"2025-09-17T10:38:48+00:00","og_image":[{"width":10000,"height":7085,"url":"https:\/\/www.brighigroup.com\/wp-content\/uploads\/2024\/09\/EF-600-compressa.jpg","type":"image\/jpeg"}],"twitter_card":"summary_large_image","twitter_misc":{"Dur\u00e9e de lecture estim\u00e9e":"2 minutes"},"schema":{"@context":"https:\/\/schema.org","@graph":[{"@type":"WebPage","@id":"https:\/\/www.brighigroup.com\/fr\/machine\/ef-600\/","url":"https:\/\/www.brighigroup.com\/fr\/machine\/ef-600\/","name":"plieuse automatique de tapis - Brighi Group","isPartOf":{"@id":"https:\/\/www.brighigroup.com\/fr\/#website"},"primaryImageOfPage":{"@id":"https:\/\/www.brighigroup.com\/fr\/machine\/ef-600\/#primaryimage"},"image":{"@id":"https:\/\/www.brighigroup.com\/fr\/machine\/ef-600\/#primaryimage"},"thumbnailUrl":"https:\/\/www.brighigroup.com\/wp-content\/uploads\/2024\/09\/EF-600-compressa.jpg","datePublished":"2022-04-02T08:02:04+00:00","dateModified":"2025-09-17T10:38:48+00:00","description":"L'EF-600 est une plieuse de tapis automatique con\u00e7ue pour des tapis de formes et de mat\u00e9riaux diff\u00e9rents, suivant des sch\u00e9mas de pliage personnalisables.","breadcrumb":{"@id":"https:\/\/www.brighigroup.com\/fr\/machine\/ef-600\/#breadcrumb"},"inLanguage":"fr-FR","potentialAction":[{"@type":"ReadAction","target":["https:\/\/www.brighigroup.com\/fr\/machine\/ef-600\/"]}]},{"@type":"ImageObject","inLanguage":"fr-FR","@id":"https:\/\/www.brighigroup.com\/fr\/machine\/ef-600\/#primaryimage","url":"https:\/\/www.brighigroup.com\/wp-content\/uploads\/2024\/09\/EF-600-compressa.jpg","contentUrl":"https:\/\/www.brighigroup.com\/wp-content\/uploads\/2024\/09\/EF-600-compressa.jpg","width":10000,"height":7085},{"@type":"BreadcrumbList","@id":"https:\/\/www.brighigroup.com\/fr\/machine\/ef-600\/#breadcrumb","itemListElement":[{"@type":"ListItem","position":1,"name":"Machines","item":"https:\/\/www.brighigroup.com\/fr\/machines\/"},{"@type":"ListItem","position":2,"name":"EF-600"}]},{"@type":"WebSite","@id":"https:\/\/www.brighigroup.com\/fr\/#website","url":"https:\/\/www.brighigroup.com\/fr\/","name":"Brighi Group","description":"Home textile e di prodotti imbottiti per il design d&#039;arredo tramandando l&#039;innovazione come cultura d&#039;impresa.","potentialAction":[{"@type":"SearchAction","target":{"@type":"EntryPoint","urlTemplate":"https:\/\/www.brighigroup.com\/fr\/?s={search_term_string}"},"query-input":{"@type":"PropertyValueSpecification","valueRequired":true,"valueName":"search_term_string"}}],"inLanguage":"fr-FR"}]}},"_links":{"self":[{"href":"https:\/\/www.brighigroup.com\/fr\/wp-json\/wp\/v2\/product\/12524","targetHints":{"allow":["GET"]}}],"collection":[{"href":"https:\/\/www.brighigroup.com\/fr\/wp-json\/wp\/v2\/product"}],"about":[{"href":"https:\/\/www.brighigroup.com\/fr\/wp-json\/wp\/v2\/types\/product"}],"wp:featuredmedia":[{"embeddable":true,"href":"https:\/\/www.brighigroup.com\/fr\/wp-json\/wp\/v2\/media\/12519"}],"wp:attachment":[{"href":"https:\/\/www.brighigroup.com\/fr\/wp-json\/wp\/v2\/media?parent=12524"}],"wp:term":[{"taxonomy":"product_cat","embeddable":true,"href":"https:\/\/www.brighigroup.com\/fr\/wp-json\/wp\/v2\/product_cat?post=12524"},{"taxonomy":"product_tag","embeddable":true,"href":"https:\/\/www.brighigroup.com\/fr\/wp-json\/wp\/v2\/product_tag?post=12524"}],"curies":[{"name":"wp","href":"https:\/\/api.w.org\/{rel}","templated":true}]}}