{"id":12033,"date":"2017-12-25T08:49:47","date_gmt":"2024-06-25T06:53:49","guid":{"rendered":"https:\/\/www.brighigroup.com\/?post_type=product&#038;p=12033"},"modified":"2024-09-05T11:10:19","modified_gmt":"2024-09-05T09:10:19","slug":"nebula","status":"publish","type":"product","link":"https:\/\/www.brighigroup.com\/fr\/machine\/nebula\/","title":{"rendered":"NEBULA"},"content":{"rendered":"<p style=\"text-align: justify;\">RAPPORTS D\u00c9TAILL\u00c9S POUR DES D\u00c9CISIONS FOND\u00c9ES SUR DES DONN\u00c9ES<\/p>\n<p style=\"text-align: justify;\"><strong>Qu\u2019est-ce que Nebula ?<\/strong><\/p>\n<p style=\"text-align: justify;\">Nebula est notre logiciel pour rapports d\u00e9taill\u00e9s, qui permet <strong>visualiser les donn\u00e9es de production et des machines en temps r\u00e9el<\/strong> pour un contr\u00f4le continu et une prise de d\u00e9cision \u00e9clair\u00e9e.<\/p>\n<p style=\"text-align: justify;\"><strong>Comment \u00e7a marche ?<\/strong><\/p>\n<p style=\"text-align: justify;\">Nebula <strong>collecte et traite les donn\u00e9es<\/strong> relatives aux \u00e9quipements et \u00e0 la production avec une pr\u00e9cision et une efficacit\u00e9 in\u00e9gal\u00e9es pour les mettre \u00e0 la disposition des utilisateurs finaux.<\/p>\n<p style=\"text-align: justify;\">Con\u00e7u pour <strong>suivre les mesures critiques<\/strong> telles que les temps d&rsquo;arr\u00eat, l&rsquo;OEE et la productivit\u00e9, Nebula permet aux organisations d&rsquo;obtenir des informations inestimables pour optimiser les performances. Des tableaux de bord personnalisables, des analyses pr\u00e9dictives et des outils de collaboration am\u00e9liorent encore la plateforme, permettant aux \u00e9quipes d&rsquo;identifier des mod\u00e8les, d&rsquo;optimiser les processus et de r\u00e9pondre rapidement aux d\u00e9fis \u00e9mergents.<br \/>\nLes informations collect\u00e9es et organis\u00e9es par Nebula sont partag\u00e9es \u00e0 deux niveaux diff\u00e9rents : sur un \u00e9cran dans la zone de production afin que les op\u00e9rateurs aient toutes les informations utiles \u00e0 port\u00e9e de main et sur l&rsquo;application sous forme de rapports personnalis\u00e9s envoy\u00e9s aux directeurs ou partag\u00e9s avec le syst\u00e8me de gestion (ERP, MES, etc.).<\/p>\n<p style=\"text-align: justify;\">Gr\u00e2ce \u00e0 <strong>des suggestions pilot\u00e9es par l&rsquo;IA<\/strong> et adapt\u00e9es aux pr\u00e9f\u00e9rences de l&rsquo;utilisateur, Nebula apprend et s&rsquo;adapte en permanence, am\u00e9liorant ainsi la productivit\u00e9 et le temps de fonctionnement, tout en garantissant les normes de s\u00e9curit\u00e9 les plus \u00e9lev\u00e9es pour le stockage des donn\u00e9es.<\/p>\n<p><strong>Principales fonctions :<\/strong><\/p>\n<ul>\n<li>Visualisation des donn\u00e9es de production en temps r\u00e9el<\/li>\n<li>V\u00e9rification de l&rsquo;OEE, du temps de fonctionnement et de la productivit\u00e9<\/li>\n<li>Acc\u00e8s \u00e0 l&rsquo;historique des donn\u00e9es<\/li>\n<li>Connexion aux syst\u00e8mes de gestion d&rsquo;entreprise<\/li>\n<\/ul>\n<p>&nbsp;<\/p>\n<p><strong>Nebula est-il juste pour vous ?<\/strong><\/p>\n<p>Contr\u00f4lez-vous encore votre production \u00e0 l&rsquo;aide de feuilles de calcul ?<\/p>\n<p>Vous n&rsquo;avez pas de donn\u00e9es pr\u00e9cises ou utilisables ?<\/p>\n<p>Vous avez un syst\u00e8me mais il est difficile \u00e0 utiliser ?<\/p>\n<p><a href=\"https:\/\/www.brighigroup.com\/fr\/brighi-digital-fr\/\"><strong>Visitez notre page num\u00e9rique et d\u00e9couvrez tous les logiciels et solutions innovants disponibles pour votre machine !<\/strong><\/a><\/p>\n","protected":false},"excerpt":{"rendered":"<h6>Logiciel pour \u00e9tablir des rapports d\u00e9taill\u00e9s et pour prendre des d\u00e9cisions \u00e9clair\u00e9es fond\u00e9es sur des donn\u00e9es<\/h6>\n","protected":false},"featured_media":12057,"template":"","meta":{"_acf_changed":false},"product_cat":[103],"product_tag":[312,328,324,316,308,300,304,320],"class_list":{"0":"post-12033","1":"product","2":"type-product","3":"status-publish","4":"has-post-thumbnail","6":"product_cat-logiciel-de-gestion","7":"product_tag-coussins-de-canape","8":"product_tag-dechets-de-production","9":"product_tag-edredon","10":"product_tag-mousse","11":"product_tag-oreillers-en-mousse-et-en-latex","12":"product_tag-oreillers-et-coussins-en-fibre-cardee-roulee","13":"product_tag-oreillers-et-coussins-souffles","14":"product_tag-tapis","16":"first","17":"instock","18":"shipping-taxable","19":"product-type-simple"},"acf":[],"yoast_head":"<!-- This site is optimized with the Yoast SEO plugin v24.2 - https:\/\/yoast.com\/wordpress\/plugins\/seo\/ -->\n<title>NEBULA - Brighi Group<\/title>\n<meta name=\"description\" content=\"Logiciel pour rapports d\u00e9taill\u00e9s permettant de prendre des d\u00e9cisions bas\u00e9es sur des donn\u00e9es en temps r\u00e9el (temps d&#039;arr\u00eat, OEE et productivit\u00e9)\" \/>\n<meta name=\"robots\" content=\"index, follow, max-snippet:-1, max-image-preview:large, max-video-preview:-1\" \/>\n<link rel=\"canonical\" href=\"https:\/\/www.brighigroup.com\/fr\/machine\/nebula\/\" \/>\n<meta property=\"og:locale\" content=\"fr_FR\" \/>\n<meta property=\"og:type\" content=\"article\" \/>\n<meta property=\"og:title\" content=\"NEBULA - Brighi Group\" \/>\n<meta property=\"og:description\" content=\"Logiciel pour rapports d\u00e9taill\u00e9s permettant de prendre des d\u00e9cisions bas\u00e9es sur des donn\u00e9es en temps r\u00e9el (temps d&#039;arr\u00eat, OEE et productivit\u00e9)\" \/>\n<meta property=\"og:url\" content=\"https:\/\/www.brighigroup.com\/fr\/machine\/nebula\/\" \/>\n<meta property=\"og:site_name\" content=\"Brighi Group\" \/>\n<meta property=\"article:modified_time\" content=\"2024-09-05T09:10:19+00:00\" \/>\n<meta property=\"og:image\" content=\"https:\/\/www.brighigroup.com\/wp-content\/uploads\/2024\/06\/Nebula.jpg\" \/>\n\t<meta property=\"og:image:width\" content=\"1920\" \/>\n\t<meta property=\"og:image:height\" content=\"1280\" \/>\n\t<meta property=\"og:image:type\" content=\"image\/jpeg\" \/>\n<meta name=\"twitter:card\" content=\"summary_large_image\" \/>\n<meta name=\"twitter:label1\" content=\"Dur\u00e9e de lecture estim\u00e9e\" \/>\n\t<meta name=\"twitter:data1\" content=\"2 minutes\" \/>\n<script type=\"application\/ld+json\" class=\"yoast-schema-graph\">{\"@context\":\"https:\/\/schema.org\",\"@graph\":[{\"@type\":\"WebPage\",\"@id\":\"https:\/\/www.brighigroup.com\/fr\/machine\/nebula\/\",\"url\":\"https:\/\/www.brighigroup.com\/fr\/machine\/nebula\/\",\"name\":\"NEBULA - Brighi Group\",\"isPartOf\":{\"@id\":\"https:\/\/www.brighigroup.com\/fr\/#website\"},\"primaryImageOfPage\":{\"@id\":\"https:\/\/www.brighigroup.com\/fr\/machine\/nebula\/#primaryimage\"},\"image\":{\"@id\":\"https:\/\/www.brighigroup.com\/fr\/machine\/nebula\/#primaryimage\"},\"thumbnailUrl\":\"https:\/\/www.brighigroup.com\/wp-content\/uploads\/2024\/06\/Nebula.jpg\",\"datePublished\":\"2024-06-25T06:53:49+00:00\",\"dateModified\":\"2024-09-05T09:10:19+00:00\",\"description\":\"Logiciel pour rapports d\u00e9taill\u00e9s permettant de prendre des d\u00e9cisions bas\u00e9es sur des donn\u00e9es en temps r\u00e9el (temps d'arr\u00eat, OEE et productivit\u00e9)\",\"breadcrumb\":{\"@id\":\"https:\/\/www.brighigroup.com\/fr\/machine\/nebula\/#breadcrumb\"},\"inLanguage\":\"fr-FR\",\"potentialAction\":[{\"@type\":\"ReadAction\",\"target\":[\"https:\/\/www.brighigroup.com\/fr\/machine\/nebula\/\"]}]},{\"@type\":\"ImageObject\",\"inLanguage\":\"fr-FR\",\"@id\":\"https:\/\/www.brighigroup.com\/fr\/machine\/nebula\/#primaryimage\",\"url\":\"https:\/\/www.brighigroup.com\/wp-content\/uploads\/2024\/06\/Nebula.jpg\",\"contentUrl\":\"https:\/\/www.brighigroup.com\/wp-content\/uploads\/2024\/06\/Nebula.jpg\",\"width\":1920,\"height\":1280},{\"@type\":\"BreadcrumbList\",\"@id\":\"https:\/\/www.brighigroup.com\/fr\/machine\/nebula\/#breadcrumb\",\"itemListElement\":[{\"@type\":\"ListItem\",\"position\":1,\"name\":\"Machines\",\"item\":\"https:\/\/www.brighigroup.com\/fr\/machines\/\"},{\"@type\":\"ListItem\",\"position\":2,\"name\":\"NEBULA\"}]},{\"@type\":\"WebSite\",\"@id\":\"https:\/\/www.brighigroup.com\/fr\/#website\",\"url\":\"https:\/\/www.brighigroup.com\/fr\/\",\"name\":\"Brighi Group\",\"description\":\"Home textile e di prodotti imbottiti per il design d&#039;arredo tramandando l&#039;innovazione come cultura d&#039;impresa.\",\"potentialAction\":[{\"@type\":\"SearchAction\",\"target\":{\"@type\":\"EntryPoint\",\"urlTemplate\":\"https:\/\/www.brighigroup.com\/fr\/?s={search_term_string}\"},\"query-input\":{\"@type\":\"PropertyValueSpecification\",\"valueRequired\":true,\"valueName\":\"search_term_string\"}}],\"inLanguage\":\"fr-FR\"}]}<\/script>\n<!-- \/ Yoast SEO plugin. -->","yoast_head_json":{"title":"NEBULA - Brighi Group","description":"Logiciel pour rapports d\u00e9taill\u00e9s permettant de prendre des d\u00e9cisions bas\u00e9es sur des donn\u00e9es en temps r\u00e9el (temps d'arr\u00eat, OEE et productivit\u00e9)","robots":{"index":"index","follow":"follow","max-snippet":"max-snippet:-1","max-image-preview":"max-image-preview:large","max-video-preview":"max-video-preview:-1"},"canonical":"https:\/\/www.brighigroup.com\/fr\/machine\/nebula\/","og_locale":"fr_FR","og_type":"article","og_title":"NEBULA - Brighi Group","og_description":"Logiciel pour rapports d\u00e9taill\u00e9s permettant de prendre des d\u00e9cisions bas\u00e9es sur des donn\u00e9es en temps r\u00e9el (temps d'arr\u00eat, OEE et productivit\u00e9)","og_url":"https:\/\/www.brighigroup.com\/fr\/machine\/nebula\/","og_site_name":"Brighi Group","article_modified_time":"2024-09-05T09:10:19+00:00","og_image":[{"width":1920,"height":1280,"url":"https:\/\/www.brighigroup.com\/wp-content\/uploads\/2024\/06\/Nebula.jpg","type":"image\/jpeg"}],"twitter_card":"summary_large_image","twitter_misc":{"Dur\u00e9e de lecture estim\u00e9e":"2 minutes"},"schema":{"@context":"https:\/\/schema.org","@graph":[{"@type":"WebPage","@id":"https:\/\/www.brighigroup.com\/fr\/machine\/nebula\/","url":"https:\/\/www.brighigroup.com\/fr\/machine\/nebula\/","name":"NEBULA - Brighi Group","isPartOf":{"@id":"https:\/\/www.brighigroup.com\/fr\/#website"},"primaryImageOfPage":{"@id":"https:\/\/www.brighigroup.com\/fr\/machine\/nebula\/#primaryimage"},"image":{"@id":"https:\/\/www.brighigroup.com\/fr\/machine\/nebula\/#primaryimage"},"thumbnailUrl":"https:\/\/www.brighigroup.com\/wp-content\/uploads\/2024\/06\/Nebula.jpg","datePublished":"2024-06-25T06:53:49+00:00","dateModified":"2024-09-05T09:10:19+00:00","description":"Logiciel pour rapports d\u00e9taill\u00e9s permettant de prendre des d\u00e9cisions bas\u00e9es sur des donn\u00e9es en temps r\u00e9el (temps d'arr\u00eat, OEE et productivit\u00e9)","breadcrumb":{"@id":"https:\/\/www.brighigroup.com\/fr\/machine\/nebula\/#breadcrumb"},"inLanguage":"fr-FR","potentialAction":[{"@type":"ReadAction","target":["https:\/\/www.brighigroup.com\/fr\/machine\/nebula\/"]}]},{"@type":"ImageObject","inLanguage":"fr-FR","@id":"https:\/\/www.brighigroup.com\/fr\/machine\/nebula\/#primaryimage","url":"https:\/\/www.brighigroup.com\/wp-content\/uploads\/2024\/06\/Nebula.jpg","contentUrl":"https:\/\/www.brighigroup.com\/wp-content\/uploads\/2024\/06\/Nebula.jpg","width":1920,"height":1280},{"@type":"BreadcrumbList","@id":"https:\/\/www.brighigroup.com\/fr\/machine\/nebula\/#breadcrumb","itemListElement":[{"@type":"ListItem","position":1,"name":"Machines","item":"https:\/\/www.brighigroup.com\/fr\/machines\/"},{"@type":"ListItem","position":2,"name":"NEBULA"}]},{"@type":"WebSite","@id":"https:\/\/www.brighigroup.com\/fr\/#website","url":"https:\/\/www.brighigroup.com\/fr\/","name":"Brighi Group","description":"Home textile e di prodotti imbottiti per il design d&#039;arredo tramandando l&#039;innovazione come cultura d&#039;impresa.","potentialAction":[{"@type":"SearchAction","target":{"@type":"EntryPoint","urlTemplate":"https:\/\/www.brighigroup.com\/fr\/?s={search_term_string}"},"query-input":{"@type":"PropertyValueSpecification","valueRequired":true,"valueName":"search_term_string"}}],"inLanguage":"fr-FR"}]}},"_links":{"self":[{"href":"https:\/\/www.brighigroup.com\/fr\/wp-json\/wp\/v2\/product\/12033","targetHints":{"allow":["GET"]}}],"collection":[{"href":"https:\/\/www.brighigroup.com\/fr\/wp-json\/wp\/v2\/product"}],"about":[{"href":"https:\/\/www.brighigroup.com\/fr\/wp-json\/wp\/v2\/types\/product"}],"wp:featuredmedia":[{"embeddable":true,"href":"https:\/\/www.brighigroup.com\/fr\/wp-json\/wp\/v2\/media\/12057"}],"wp:attachment":[{"href":"https:\/\/www.brighigroup.com\/fr\/wp-json\/wp\/v2\/media?parent=12033"}],"wp:term":[{"taxonomy":"product_cat","embeddable":true,"href":"https:\/\/www.brighigroup.com\/fr\/wp-json\/wp\/v2\/product_cat?post=12033"},{"taxonomy":"product_tag","embeddable":true,"href":"https:\/\/www.brighigroup.com\/fr\/wp-json\/wp\/v2\/product_tag?post=12033"}],"curies":[{"name":"wp","href":"https:\/\/api.w.org\/{rel}","templated":true}]}}