{"id":7516,"date":"2021-05-01T12:25:10","date_gmt":"2022-08-05T10:25:10","guid":{"rendered":"https:\/\/www.brighigroup.com\/machine\/hf-200\/"},"modified":"2024-07-30T16:34:29","modified_gmt":"2024-07-30T14:34:29","slug":"hf-200","status":"publish","type":"product","link":"https:\/\/www.brighigroup.com\/es\/machine\/hf-200\/","title":{"rendered":"HF-200"},"content":{"rendered":"<h2>Relleno de n\u00facleo de espuma para cojines de sillas IKEA mod. Justina<\/h2>\n<p>La m\u00e1quina ha sido dise\u00f1ada espec\u00edficamente para y con IKEA para automatizar el proceso de <strong>embolsado de n\u00facleos de poliuretano en las fundas de cojines de sillas IKEA mod. Justina<\/strong>. La l\u00e1mina de poliuretano se coloca en la cinta de alimentaci\u00f3n, en la parte trasera de la m\u00e1quina, y la cubierta en la cinta de la ensacadora, en la parte delantera, donde un operario la sujeta hasta que la l\u00e1mina est\u00e1 completamente ensacada. Las almohadillas as\u00ed obtenidas est\u00e1n listas para los siguientes pasos de procesamiento y <strong>no necesitan m\u00e1s retoques<\/strong>.<\/p>\n<p>La m\u00e1quina puede conectarse a un alimentador de hojas de espuma de poliuretano (mod. LH-100).<\/p>\n<p>Para cualquier producto que requiera ensacado, descubre nuestra <a href=\"https:\/\/www.brighigroup.com\/macchina\/hf-100\/\">HF-100.<\/a><\/p>\n<p>&nbsp;<\/p>\n<p><iframe title=\"Foam Core Filler with Automatic Loader for Chair Pads\" width=\"800\" height=\"450\" src=\"https:\/\/www.youtube-nocookie.com\/embed\/9ujN9ygUzs0?feature=oembed\" frameborder=\"0\" allow=\"accelerometer; autoplay; clipboard-write; encrypted-media; gyroscope; picture-in-picture; web-share\" allowfullscreen><\/iframe><\/p>\n<p><strong>LO QUE SE PUEDE EMBOLSAR CON RELLENO DE n\u00facleo DE ESPUMA<\/strong><\/p>\n<p>Cojines para sillas IKEA mod. Justina con n\u00facleo de poliuretano<\/p>\n<p><strong>TIPOS DE REVESTIMIENTOS<\/strong><\/p>\n<p>Tapas IKEA mod Justina &#8211; apertura 150mm (6&#8243;)<\/p>\n","protected":false},"excerpt":{"rendered":"<h6>Embolsadora electr\u00f3nica para cojines de sillas IKEA mod. Justina<\/h6>\n","protected":false},"featured_media":7511,"template":"","meta":{"_acf_changed":false},"product_cat":[145,132],"product_tag":[310],"class_list":{"0":"post-7516","1":"product","2":"type-product","3":"status-publish","4":"has-post-thumbnail","6":"product_cat-enfundado","7":"product_cat-linea-de-cojines-decorativos-para-sillas-y-exterior","8":"product_tag-almohadas-de-espuma-y-latex","10":"first","11":"instock","12":"shipping-taxable","13":"product-type-simple"},"acf":[],"yoast_head":"<!-- This site is optimized with the Yoast SEO plugin v24.2 - https:\/\/yoast.com\/wordpress\/plugins\/seo\/ -->\n<title>Relleno de n\u00facleo de espuma - Brighi Group<\/title>\n<meta name=\"description\" content=\"Relleno de n\u00facleo de espuma para cojines de sillas IKEA mod. Justina, para automatizar el proceso de embolsado de n\u00facleos de poliuretano en las fundas de cojines de sillas IKEA mod. Justina.\" \/>\n<meta name=\"robots\" content=\"index, follow, max-snippet:-1, max-image-preview:large, max-video-preview:-1\" \/>\n<link rel=\"canonical\" href=\"https:\/\/www.brighigroup.com\/es\/machine\/hf-200\/\" \/>\n<meta property=\"og:locale\" content=\"es_ES\" \/>\n<meta property=\"og:type\" content=\"article\" \/>\n<meta property=\"og:title\" content=\"Relleno de n\u00facleo de espuma - Brighi Group\" \/>\n<meta property=\"og:description\" content=\"Relleno de n\u00facleo de espuma para cojines de sillas IKEA mod. Justina, para automatizar el proceso de embolsado de n\u00facleos de poliuretano en las fundas de cojines de sillas IKEA mod. Justina.\" \/>\n<meta property=\"og:url\" content=\"https:\/\/www.brighigroup.com\/es\/machine\/hf-200\/\" \/>\n<meta property=\"og:site_name\" content=\"Brighi Group\" \/>\n<meta property=\"article:modified_time\" content=\"2024-07-30T14:34:29+00:00\" \/>\n<meta property=\"og:image\" content=\"https:\/\/www.brighigroup.com\/wp-content\/uploads\/2022\/08\/hf-200.jpg\" \/>\n\t<meta property=\"og:image:width\" content=\"1920\" \/>\n\t<meta property=\"og:image:height\" content=\"1280\" \/>\n\t<meta property=\"og:image:type\" content=\"image\/jpeg\" \/>\n<meta name=\"twitter:card\" content=\"summary_large_image\" \/>\n<meta name=\"twitter:label1\" content=\"Tiempo de lectura\" \/>\n\t<meta name=\"twitter:data1\" content=\"1 minuto\" \/>\n<script type=\"application\/ld+json\" class=\"yoast-schema-graph\">{\"@context\":\"https:\/\/schema.org\",\"@graph\":[{\"@type\":\"WebPage\",\"@id\":\"https:\/\/www.brighigroup.com\/es\/machine\/hf-200\/\",\"url\":\"https:\/\/www.brighigroup.com\/es\/machine\/hf-200\/\",\"name\":\"Relleno de n\u00facleo de espuma - Brighi Group\",\"isPartOf\":{\"@id\":\"https:\/\/www.brighigroup.com\/es\/#website\"},\"primaryImageOfPage\":{\"@id\":\"https:\/\/www.brighigroup.com\/es\/machine\/hf-200\/#primaryimage\"},\"image\":{\"@id\":\"https:\/\/www.brighigroup.com\/es\/machine\/hf-200\/#primaryimage\"},\"thumbnailUrl\":\"https:\/\/www.brighigroup.com\/wp-content\/uploads\/2022\/08\/hf-200.jpg\",\"datePublished\":\"2022-08-05T10:25:10+00:00\",\"dateModified\":\"2024-07-30T14:34:29+00:00\",\"description\":\"Relleno de n\u00facleo de espuma para cojines de sillas IKEA mod. Justina, para automatizar el proceso de embolsado de n\u00facleos de poliuretano en las fundas de cojines de sillas IKEA mod. Justina.\",\"breadcrumb\":{\"@id\":\"https:\/\/www.brighigroup.com\/es\/machine\/hf-200\/#breadcrumb\"},\"inLanguage\":\"es\",\"potentialAction\":[{\"@type\":\"ReadAction\",\"target\":[\"https:\/\/www.brighigroup.com\/es\/machine\/hf-200\/\"]}]},{\"@type\":\"ImageObject\",\"inLanguage\":\"es\",\"@id\":\"https:\/\/www.brighigroup.com\/es\/machine\/hf-200\/#primaryimage\",\"url\":\"https:\/\/www.brighigroup.com\/wp-content\/uploads\/2022\/08\/hf-200.jpg\",\"contentUrl\":\"https:\/\/www.brighigroup.com\/wp-content\/uploads\/2022\/08\/hf-200.jpg\",\"width\":1920,\"height\":1280},{\"@type\":\"BreadcrumbList\",\"@id\":\"https:\/\/www.brighigroup.com\/es\/machine\/hf-200\/#breadcrumb\",\"itemListElement\":[{\"@type\":\"ListItem\",\"position\":1,\"name\":\"M\u00e1quinas\",\"item\":\"https:\/\/www.brighigroup.com\/es\/maquinas\/\"},{\"@type\":\"ListItem\",\"position\":2,\"name\":\"HF-200\"}]},{\"@type\":\"WebSite\",\"@id\":\"https:\/\/www.brighigroup.com\/es\/#website\",\"url\":\"https:\/\/www.brighigroup.com\/es\/\",\"name\":\"Brighi Group\",\"description\":\"Home textile e di prodotti imbottiti per il design d&#039;arredo tramandando l&#039;innovazione come cultura d&#039;impresa.\",\"potentialAction\":[{\"@type\":\"SearchAction\",\"target\":{\"@type\":\"EntryPoint\",\"urlTemplate\":\"https:\/\/www.brighigroup.com\/es\/?s={search_term_string}\"},\"query-input\":{\"@type\":\"PropertyValueSpecification\",\"valueRequired\":true,\"valueName\":\"search_term_string\"}}],\"inLanguage\":\"es\"}]}<\/script>\n<!-- \/ Yoast SEO plugin. -->","yoast_head_json":{"title":"Relleno de n\u00facleo de espuma - Brighi Group","description":"Relleno de n\u00facleo de espuma para cojines de sillas IKEA mod. Justina, para automatizar el proceso de embolsado de n\u00facleos de poliuretano en las fundas de cojines de sillas IKEA mod. Justina.","robots":{"index":"index","follow":"follow","max-snippet":"max-snippet:-1","max-image-preview":"max-image-preview:large","max-video-preview":"max-video-preview:-1"},"canonical":"https:\/\/www.brighigroup.com\/es\/machine\/hf-200\/","og_locale":"es_ES","og_type":"article","og_title":"Relleno de n\u00facleo de espuma - Brighi Group","og_description":"Relleno de n\u00facleo de espuma para cojines de sillas IKEA mod. Justina, para automatizar el proceso de embolsado de n\u00facleos de poliuretano en las fundas de cojines de sillas IKEA mod. Justina.","og_url":"https:\/\/www.brighigroup.com\/es\/machine\/hf-200\/","og_site_name":"Brighi Group","article_modified_time":"2024-07-30T14:34:29+00:00","og_image":[{"width":1920,"height":1280,"url":"https:\/\/www.brighigroup.com\/wp-content\/uploads\/2022\/08\/hf-200.jpg","type":"image\/jpeg"}],"twitter_card":"summary_large_image","twitter_misc":{"Tiempo de lectura":"1 minuto"},"schema":{"@context":"https:\/\/schema.org","@graph":[{"@type":"WebPage","@id":"https:\/\/www.brighigroup.com\/es\/machine\/hf-200\/","url":"https:\/\/www.brighigroup.com\/es\/machine\/hf-200\/","name":"Relleno de n\u00facleo de espuma - Brighi Group","isPartOf":{"@id":"https:\/\/www.brighigroup.com\/es\/#website"},"primaryImageOfPage":{"@id":"https:\/\/www.brighigroup.com\/es\/machine\/hf-200\/#primaryimage"},"image":{"@id":"https:\/\/www.brighigroup.com\/es\/machine\/hf-200\/#primaryimage"},"thumbnailUrl":"https:\/\/www.brighigroup.com\/wp-content\/uploads\/2022\/08\/hf-200.jpg","datePublished":"2022-08-05T10:25:10+00:00","dateModified":"2024-07-30T14:34:29+00:00","description":"Relleno de n\u00facleo de espuma para cojines de sillas IKEA mod. Justina, para automatizar el proceso de embolsado de n\u00facleos de poliuretano en las fundas de cojines de sillas IKEA mod. Justina.","breadcrumb":{"@id":"https:\/\/www.brighigroup.com\/es\/machine\/hf-200\/#breadcrumb"},"inLanguage":"es","potentialAction":[{"@type":"ReadAction","target":["https:\/\/www.brighigroup.com\/es\/machine\/hf-200\/"]}]},{"@type":"ImageObject","inLanguage":"es","@id":"https:\/\/www.brighigroup.com\/es\/machine\/hf-200\/#primaryimage","url":"https:\/\/www.brighigroup.com\/wp-content\/uploads\/2022\/08\/hf-200.jpg","contentUrl":"https:\/\/www.brighigroup.com\/wp-content\/uploads\/2022\/08\/hf-200.jpg","width":1920,"height":1280},{"@type":"BreadcrumbList","@id":"https:\/\/www.brighigroup.com\/es\/machine\/hf-200\/#breadcrumb","itemListElement":[{"@type":"ListItem","position":1,"name":"M\u00e1quinas","item":"https:\/\/www.brighigroup.com\/es\/maquinas\/"},{"@type":"ListItem","position":2,"name":"HF-200"}]},{"@type":"WebSite","@id":"https:\/\/www.brighigroup.com\/es\/#website","url":"https:\/\/www.brighigroup.com\/es\/","name":"Brighi Group","description":"Home textile e di prodotti imbottiti per il design d&#039;arredo tramandando l&#039;innovazione come cultura d&#039;impresa.","potentialAction":[{"@type":"SearchAction","target":{"@type":"EntryPoint","urlTemplate":"https:\/\/www.brighigroup.com\/es\/?s={search_term_string}"},"query-input":{"@type":"PropertyValueSpecification","valueRequired":true,"valueName":"search_term_string"}}],"inLanguage":"es"}]}},"_links":{"self":[{"href":"https:\/\/www.brighigroup.com\/es\/wp-json\/wp\/v2\/product\/7516","targetHints":{"allow":["GET"]}}],"collection":[{"href":"https:\/\/www.brighigroup.com\/es\/wp-json\/wp\/v2\/product"}],"about":[{"href":"https:\/\/www.brighigroup.com\/es\/wp-json\/wp\/v2\/types\/product"}],"wp:featuredmedia":[{"embeddable":true,"href":"https:\/\/www.brighigroup.com\/es\/wp-json\/wp\/v2\/media\/7511"}],"wp:attachment":[{"href":"https:\/\/www.brighigroup.com\/es\/wp-json\/wp\/v2\/media?parent=7516"}],"wp:term":[{"taxonomy":"product_cat","embeddable":true,"href":"https:\/\/www.brighigroup.com\/es\/wp-json\/wp\/v2\/product_cat?post=7516"},{"taxonomy":"product_tag","embeddable":true,"href":"https:\/\/www.brighigroup.com\/es\/wp-json\/wp\/v2\/product_tag?post=7516"}],"curies":[{"name":"wp","href":"https:\/\/api.w.org\/{rel}","templated":true}]}}