{"id":6562,"date":"2020-01-01T11:05:36","date_gmt":"2020-11-30T10:05:36","guid":{"rendered":"https:\/\/www.brighigroup.com\/machine\/tt-100\/"},"modified":"2024-05-14T09:31:29","modified_gmt":"2024-05-14T07:31:29","slug":"tt-100","status":"publish","type":"product","link":"https:\/\/www.brighigroup.com\/es\/machine\/tt-100\/","title":{"rendered":"TT-100"},"content":{"rendered":"<h2>Cintas transportadoras para manipulaci\u00f3n de productos<\/h2>\n<p>Cinta transportadora apta para manipulaci\u00f3n <strong>disponible en varios tama\u00f1os<\/strong> de 1 -2 &#8211; 3 &#8211; 4 metros de longitud.<\/p>\n","protected":false},"excerpt":{"rendered":"<h6>Cintas transportadoras para manipulaci\u00f3n de productos<\/h6>\n","protected":false},"featured_media":6091,"template":"","meta":{"_acf_changed":false},"product_cat":[140,131,133,130,132,134,137],"product_tag":[321,310,302,305,325],"class_list":{"0":"post-6562","1":"product","2":"type-product","3":"status-publish","4":"has-post-thumbnail","6":"product_cat-gestion-de-la-manipulacion-para-el-embalaje-y-la-logistica","7":"product_cat-linea-de-almohadas-cardadas","8":"product_cat-linea-de-almohadas-de-latex-almohdas-de-espuma-y-de-espuma-triturada","9":"product_cat-linea-de-almohadas-sopladas","10":"product_cat-linea-de-cojines-decorativos-para-sillas-y-exterior","11":"product_cat-linea-de-edredones","12":"product_cat-linea-de-llenado-para-juguetes-cama-de-mascotas-varios-articulos-acolchados","13":"product_tag-alfombras","14":"product_tag-almohadas-de-espuma-y-latex","15":"product_tag-almohadas-y-cojines-de-fibra-cardada-enrollada","16":"product_tag-almohadas-y-cojines-soplados","17":"product_tag-edredones","19":"first","20":"instock","21":"shipping-taxable","22":"product-type-simple"},"acf":[],"yoast_head":"<!-- This site is optimized with the Yoast SEO plugin v24.2 - https:\/\/yoast.com\/wordpress\/plugins\/seo\/ -->\n<title>Cinta transportadora para manipulaci\u00f3n de productos TT-100 - Brighi Group<\/title>\n<meta name=\"description\" content=\"Cinta transportadora apta para manipulaci\u00f3n disponible en varios tama\u00f1os\" \/>\n<meta name=\"robots\" content=\"index, follow, max-snippet:-1, max-image-preview:large, max-video-preview:-1\" \/>\n<link rel=\"canonical\" href=\"https:\/\/www.brighigroup.com\/es\/machine\/tt-100\/\" \/>\n<meta property=\"og:locale\" content=\"es_ES\" \/>\n<meta property=\"og:type\" content=\"article\" \/>\n<meta property=\"og:title\" content=\"Cinta transportadora para manipulaci\u00f3n de productos TT-100 - Brighi Group\" \/>\n<meta property=\"og:description\" content=\"Cinta transportadora apta para manipulaci\u00f3n disponible en varios tama\u00f1os\" \/>\n<meta property=\"og:url\" content=\"https:\/\/www.brighigroup.com\/es\/machine\/tt-100\/\" \/>\n<meta property=\"og:site_name\" content=\"Brighi Group\" \/>\n<meta property=\"article:modified_time\" content=\"2024-05-14T07:31:29+00:00\" \/>\n<meta property=\"og:image\" content=\"https:\/\/www.brighigroup.com\/wp-content\/uploads\/2021\/11\/BC-100.jpg\" \/>\n\t<meta property=\"og:image:width\" content=\"1920\" \/>\n\t<meta property=\"og:image:height\" content=\"1280\" \/>\n\t<meta property=\"og:image:type\" content=\"image\/jpeg\" \/>\n<meta name=\"twitter:card\" content=\"summary_large_image\" \/>\n<script type=\"application\/ld+json\" class=\"yoast-schema-graph\">{\"@context\":\"https:\/\/schema.org\",\"@graph\":[{\"@type\":\"WebPage\",\"@id\":\"https:\/\/www.brighigroup.com\/es\/machine\/tt-100\/\",\"url\":\"https:\/\/www.brighigroup.com\/es\/machine\/tt-100\/\",\"name\":\"Cinta transportadora para manipulaci\u00f3n de productos TT-100 - Brighi Group\",\"isPartOf\":{\"@id\":\"https:\/\/www.brighigroup.com\/es\/#website\"},\"primaryImageOfPage\":{\"@id\":\"https:\/\/www.brighigroup.com\/es\/machine\/tt-100\/#primaryimage\"},\"image\":{\"@id\":\"https:\/\/www.brighigroup.com\/es\/machine\/tt-100\/#primaryimage\"},\"thumbnailUrl\":\"https:\/\/www.brighigroup.com\/wp-content\/uploads\/2021\/11\/BC-100.jpg\",\"datePublished\":\"2020-11-30T10:05:36+00:00\",\"dateModified\":\"2024-05-14T07:31:29+00:00\",\"description\":\"Cinta transportadora apta para manipulaci\u00f3n disponible en varios tama\u00f1os\",\"breadcrumb\":{\"@id\":\"https:\/\/www.brighigroup.com\/es\/machine\/tt-100\/#breadcrumb\"},\"inLanguage\":\"es\",\"potentialAction\":[{\"@type\":\"ReadAction\",\"target\":[\"https:\/\/www.brighigroup.com\/es\/machine\/tt-100\/\"]}]},{\"@type\":\"ImageObject\",\"inLanguage\":\"es\",\"@id\":\"https:\/\/www.brighigroup.com\/es\/machine\/tt-100\/#primaryimage\",\"url\":\"https:\/\/www.brighigroup.com\/wp-content\/uploads\/2021\/11\/BC-100.jpg\",\"contentUrl\":\"https:\/\/www.brighigroup.com\/wp-content\/uploads\/2021\/11\/BC-100.jpg\",\"width\":1920,\"height\":1280},{\"@type\":\"BreadcrumbList\",\"@id\":\"https:\/\/www.brighigroup.com\/es\/machine\/tt-100\/#breadcrumb\",\"itemListElement\":[{\"@type\":\"ListItem\",\"position\":1,\"name\":\"M\u00e1quinas\",\"item\":\"https:\/\/www.brighigroup.com\/es\/maquinas\/\"},{\"@type\":\"ListItem\",\"position\":2,\"name\":\"TT-100\"}]},{\"@type\":\"WebSite\",\"@id\":\"https:\/\/www.brighigroup.com\/es\/#website\",\"url\":\"https:\/\/www.brighigroup.com\/es\/\",\"name\":\"Brighi Group\",\"description\":\"Home textile e di prodotti imbottiti per il design d&#039;arredo tramandando l&#039;innovazione come cultura d&#039;impresa.\",\"potentialAction\":[{\"@type\":\"SearchAction\",\"target\":{\"@type\":\"EntryPoint\",\"urlTemplate\":\"https:\/\/www.brighigroup.com\/es\/?s={search_term_string}\"},\"query-input\":{\"@type\":\"PropertyValueSpecification\",\"valueRequired\":true,\"valueName\":\"search_term_string\"}}],\"inLanguage\":\"es\"}]}<\/script>\n<!-- \/ Yoast SEO plugin. -->","yoast_head_json":{"title":"Cinta transportadora para manipulaci\u00f3n de productos TT-100 - Brighi Group","description":"Cinta transportadora apta para manipulaci\u00f3n disponible en varios tama\u00f1os","robots":{"index":"index","follow":"follow","max-snippet":"max-snippet:-1","max-image-preview":"max-image-preview:large","max-video-preview":"max-video-preview:-1"},"canonical":"https:\/\/www.brighigroup.com\/es\/machine\/tt-100\/","og_locale":"es_ES","og_type":"article","og_title":"Cinta transportadora para manipulaci\u00f3n de productos TT-100 - Brighi Group","og_description":"Cinta transportadora apta para manipulaci\u00f3n disponible en varios tama\u00f1os","og_url":"https:\/\/www.brighigroup.com\/es\/machine\/tt-100\/","og_site_name":"Brighi Group","article_modified_time":"2024-05-14T07:31:29+00:00","og_image":[{"width":1920,"height":1280,"url":"https:\/\/www.brighigroup.com\/wp-content\/uploads\/2021\/11\/BC-100.jpg","type":"image\/jpeg"}],"twitter_card":"summary_large_image","schema":{"@context":"https:\/\/schema.org","@graph":[{"@type":"WebPage","@id":"https:\/\/www.brighigroup.com\/es\/machine\/tt-100\/","url":"https:\/\/www.brighigroup.com\/es\/machine\/tt-100\/","name":"Cinta transportadora para manipulaci\u00f3n de productos TT-100 - Brighi Group","isPartOf":{"@id":"https:\/\/www.brighigroup.com\/es\/#website"},"primaryImageOfPage":{"@id":"https:\/\/www.brighigroup.com\/es\/machine\/tt-100\/#primaryimage"},"image":{"@id":"https:\/\/www.brighigroup.com\/es\/machine\/tt-100\/#primaryimage"},"thumbnailUrl":"https:\/\/www.brighigroup.com\/wp-content\/uploads\/2021\/11\/BC-100.jpg","datePublished":"2020-11-30T10:05:36+00:00","dateModified":"2024-05-14T07:31:29+00:00","description":"Cinta transportadora apta para manipulaci\u00f3n disponible en varios tama\u00f1os","breadcrumb":{"@id":"https:\/\/www.brighigroup.com\/es\/machine\/tt-100\/#breadcrumb"},"inLanguage":"es","potentialAction":[{"@type":"ReadAction","target":["https:\/\/www.brighigroup.com\/es\/machine\/tt-100\/"]}]},{"@type":"ImageObject","inLanguage":"es","@id":"https:\/\/www.brighigroup.com\/es\/machine\/tt-100\/#primaryimage","url":"https:\/\/www.brighigroup.com\/wp-content\/uploads\/2021\/11\/BC-100.jpg","contentUrl":"https:\/\/www.brighigroup.com\/wp-content\/uploads\/2021\/11\/BC-100.jpg","width":1920,"height":1280},{"@type":"BreadcrumbList","@id":"https:\/\/www.brighigroup.com\/es\/machine\/tt-100\/#breadcrumb","itemListElement":[{"@type":"ListItem","position":1,"name":"M\u00e1quinas","item":"https:\/\/www.brighigroup.com\/es\/maquinas\/"},{"@type":"ListItem","position":2,"name":"TT-100"}]},{"@type":"WebSite","@id":"https:\/\/www.brighigroup.com\/es\/#website","url":"https:\/\/www.brighigroup.com\/es\/","name":"Brighi Group","description":"Home textile e di prodotti imbottiti per il design d&#039;arredo tramandando l&#039;innovazione come cultura d&#039;impresa.","potentialAction":[{"@type":"SearchAction","target":{"@type":"EntryPoint","urlTemplate":"https:\/\/www.brighigroup.com\/es\/?s={search_term_string}"},"query-input":{"@type":"PropertyValueSpecification","valueRequired":true,"valueName":"search_term_string"}}],"inLanguage":"es"}]}},"_links":{"self":[{"href":"https:\/\/www.brighigroup.com\/es\/wp-json\/wp\/v2\/product\/6562","targetHints":{"allow":["GET"]}}],"collection":[{"href":"https:\/\/www.brighigroup.com\/es\/wp-json\/wp\/v2\/product"}],"about":[{"href":"https:\/\/www.brighigroup.com\/es\/wp-json\/wp\/v2\/types\/product"}],"wp:featuredmedia":[{"embeddable":true,"href":"https:\/\/www.brighigroup.com\/es\/wp-json\/wp\/v2\/media\/6091"}],"wp:attachment":[{"href":"https:\/\/www.brighigroup.com\/es\/wp-json\/wp\/v2\/media?parent=6562"}],"wp:term":[{"taxonomy":"product_cat","embeddable":true,"href":"https:\/\/www.brighigroup.com\/es\/wp-json\/wp\/v2\/product_cat?post=6562"},{"taxonomy":"product_tag","embeddable":true,"href":"https:\/\/www.brighigroup.com\/es\/wp-json\/wp\/v2\/product_tag?post=6562"}],"curies":[{"name":"wp","href":"https:\/\/api.w.org\/{rel}","templated":true}]}}