{"id":6561,"date":"2024-09-02T10:45:11","date_gmt":"2021-11-17T13:54:11","guid":{"rendered":"https:\/\/www.brighigroup.com\/machine\/eb-400-easy-bag\/"},"modified":"2024-05-14T11:47:42","modified_gmt":"2024-05-14T09:47:42","slug":"eb-400-easy-bag","status":"publish","type":"product","link":"https:\/\/www.brighigroup.com\/es\/machine\/eb-400-easy-bag\/","title":{"rendered":"EB-400 EASY BAG"},"content":{"rendered":"<h2>M\u00e1quina embolsadora semi-autom\u00e1tica<\/h2>\n<p>EB-400 EASY BAG\u00a0es una <strong>m\u00e1quina embolsadora semi-autom\u00e1tica para el embolsado de cojines y almohadas<\/strong>. Puede procesar cojines alimentados manualmente por el operador o procedentes directamente de las m\u00e1quinas anteriores. El operador recoge la bolsa y la coloca sobre las cintas de la embolsadora. La m\u00e1quina puede tener diferentes configuraciones y opciones en funci\u00f3n del tipo de bolsa utilizada: puede funcionar con <strong>bolsas individuales preformadas<\/strong> cargadas en bandejas de alimentaci\u00f3n o <strong>bolsas con cremallera<\/strong>.<\/p>\n<p>Una vez colocada la bolsa, las horquillas se abren para tensarla y se embolsa el coj\u00edn. El grupo de horquillas desplaza el coj\u00edn hacia el m\u00f3dulo de compresi\u00f3n y sellado donde <strong>se comprime el coj\u00edn embolsado<\/strong> (si fuese necesario) y <strong>la bolsa se sella t\u00e9rmicamente<\/strong> (no se efect\u00faa el sellado en caso de bolsas de vinilo con cremallera). A continuaci\u00f3n, el paquete se expulsa para las siguientes fases de elaboraci\u00f3n. Los par\u00e1metros de la m\u00e1quina se configuran y gestionan f\u00e1cilmente en la pantalla t\u00e1ctil con software intuitivo, y los par\u00e1metros de cada coj\u00edn se guardan en recetas para estar siempre disponibles.<\/p>\n<p>Tambi\u00e9n hay una versi\u00f3n autom\u00e1tica de la m\u00e1quina: <a href=\"https:\/\/www.brighigroup.com\/es\/machine\/eb-500-easy-bag\/\">EB-500<\/a><\/p>\n<p><iframe title=\"Semi-Automatic Packaging Machine mod. EB-400 EASY BAG\" width=\"800\" height=\"450\" src=\"https:\/\/www.youtube-nocookie.com\/embed\/s6NxKYMPbdc?feature=oembed\" frameborder=\"0\" allow=\"accelerometer; autoplay; clipboard-write; encrypted-media; gyroscope; picture-in-picture\" allowfullscreen><\/iframe><\/p>\n<p><iframe title=\"4 Configurations in 1 Equipment - Pillow Packaging Machine\" width=\"800\" height=\"450\" src=\"https:\/\/www.youtube-nocookie.com\/embed\/658cQwvb7dk?feature=oembed\" frameborder=\"0\" allow=\"accelerometer; autoplay; clipboard-write; encrypted-media; gyroscope; picture-in-picture\" allowfullscreen><\/iframe><\/p>\n<p>&nbsp;<\/p>\n<p><strong>QU\u00c9 SE PUEDE EMBOLSAR<\/strong><\/p>\n<p>Almohadas, cojines, edredones doblados, ropa, toallas apiladas, casitas y camas para perros, etc.<\/p>\n<p><strong>QU\u00c9 BOLSAS SE PUEDEN UTILIZAR<\/strong><\/p>\n<p>Bolsas individuales, con asa, con solapa, bolsas con cremallera.<\/p>\n<p><strong>PUNTOS FUERTES <\/strong><\/p>\n<ul>\n<li><strong>Un \u00fanico operador <\/strong>necesario para el proceso de embolsado.<\/li>\n<li><strong>Excelente sistema de sellado t\u00e9rmico: <\/strong>alambre de sellado, alambre de recorte de bolsa, sistema de desgarro del exceso de pl\u00e1stico, sistema de aspiraci\u00f3n y reciclaje de los residuos de pl\u00e1stico.<\/li>\n<li><strong>Gesti\u00f3n simplificada: <\/strong>panel de control con pantalla t\u00e1ctil para la gesti\u00f3n autom\u00e1tica de todos los par\u00e1metros y ajustes mec\u00e1nicos, con introducci\u00f3n y gesti\u00f3n de las recetas con las caracter\u00edsticas del producto\/material.<\/li>\n<li><strong>Flexibilidad: <\/strong>: la m\u00e1quina procesa una amplia gama de materiales y bolsas sin necesidad de ajustes mec\u00e1nicos.<\/li>\n<li><strong>Varios cojines en una bolsa:<\/strong> posibilidad de apilado doble o m\u00faltiple dentro de la misma bolsa.<\/li>\n<li><strong>Cualquier material de llenado: <\/strong>no existen restricciones en cuanto al tipo de llenado de los cojines.<\/li>\n<li><strong>Introducci\u00f3n de folletos<\/strong> con distribuidor de tipo alimentador de impresora adecuado para diferentes materiales y formatos.<\/li>\n<li><strong>Actualizaci\u00f3n a la versi\u00f3n XL <\/strong>para gestionar una amplia gama de productos (hasta 140cm \/ 55in de longitud).<\/li>\n<\/ul>\n","protected":false},"excerpt":{"rendered":"<h6>M\u00e1quina semi-autom\u00e1tica para el embolsado en sobres y bolsas.<\/h6>\n","protected":false},"featured_media":6204,"template":"","meta":{"_acf_changed":false},"product_cat":[143,131,133,130,132,137],"product_tag":[321,310,302,305,325],"class_list":{"0":"post-6561","1":"product","2":"type-product","3":"status-publish","4":"has-post-thumbnail","6":"product_cat-embalaje","7":"product_cat-linea-de-almohadas-cardadas","8":"product_cat-linea-de-almohadas-de-latex-almohdas-de-espuma-y-de-espuma-triturada","9":"product_cat-linea-de-almohadas-sopladas","10":"product_cat-linea-de-cojines-decorativos-para-sillas-y-exterior","11":"product_cat-linea-de-llenado-para-juguetes-cama-de-mascotas-varios-articulos-acolchados","12":"product_tag-alfombras","13":"product_tag-almohadas-de-espuma-y-latex","14":"product_tag-almohadas-y-cojines-de-fibra-cardada-enrollada","15":"product_tag-almohadas-y-cojines-soplados","16":"product_tag-edredones","18":"first","19":"instock","20":"shipping-taxable","21":"product-type-simple"},"acf":[],"yoast_head":"<!-- This site is optimized with the Yoast SEO plugin v24.2 - https:\/\/yoast.com\/wordpress\/plugins\/seo\/ -->\n<title>M\u00e1quina embolsadora semi-autom\u00e1tica - Brighi Group<\/title>\n<meta name=\"description\" content=\"EB-400 EASY BAG\u00a0es una m\u00e1quina embolsadora semi-autom\u00e1tica para el embolsado de cojines y almohadas.\" \/>\n<meta name=\"robots\" content=\"index, follow, max-snippet:-1, max-image-preview:large, max-video-preview:-1\" \/>\n<link rel=\"canonical\" href=\"https:\/\/www.brighigroup.com\/es\/machine\/eb-400-easy-bag\/\" \/>\n<meta property=\"og:locale\" content=\"es_ES\" \/>\n<meta property=\"og:type\" content=\"article\" \/>\n<meta property=\"og:title\" content=\"M\u00e1quina embolsadora semi-autom\u00e1tica - Brighi Group\" \/>\n<meta property=\"og:description\" content=\"EB-400 EASY BAG\u00a0es una m\u00e1quina embolsadora semi-autom\u00e1tica para el embolsado de cojines y almohadas.\" \/>\n<meta property=\"og:url\" content=\"https:\/\/www.brighigroup.com\/es\/machine\/eb-400-easy-bag\/\" \/>\n<meta property=\"og:site_name\" content=\"Brighi Group\" \/>\n<meta property=\"article:modified_time\" content=\"2024-05-14T09:47:42+00:00\" \/>\n<meta property=\"og:image\" content=\"https:\/\/www.brighigroup.com\/wp-content\/uploads\/2021\/11\/EB-800-EASY-BAG.jpg\" \/>\n\t<meta property=\"og:image:width\" content=\"1920\" \/>\n\t<meta property=\"og:image:height\" content=\"1280\" \/>\n\t<meta property=\"og:image:type\" content=\"image\/jpeg\" \/>\n<meta name=\"twitter:card\" content=\"summary_large_image\" \/>\n<meta name=\"twitter:label1\" content=\"Tiempo de lectura\" \/>\n\t<meta name=\"twitter:data1\" content=\"2 minutos\" \/>\n<script type=\"application\/ld+json\" class=\"yoast-schema-graph\">{\"@context\":\"https:\/\/schema.org\",\"@graph\":[{\"@type\":\"WebPage\",\"@id\":\"https:\/\/www.brighigroup.com\/es\/machine\/eb-400-easy-bag\/\",\"url\":\"https:\/\/www.brighigroup.com\/es\/machine\/eb-400-easy-bag\/\",\"name\":\"M\u00e1quina embolsadora semi-autom\u00e1tica - Brighi Group\",\"isPartOf\":{\"@id\":\"https:\/\/www.brighigroup.com\/es\/#website\"},\"primaryImageOfPage\":{\"@id\":\"https:\/\/www.brighigroup.com\/es\/machine\/eb-400-easy-bag\/#primaryimage\"},\"image\":{\"@id\":\"https:\/\/www.brighigroup.com\/es\/machine\/eb-400-easy-bag\/#primaryimage\"},\"thumbnailUrl\":\"https:\/\/www.brighigroup.com\/wp-content\/uploads\/2021\/11\/EB-800-EASY-BAG.jpg\",\"datePublished\":\"2021-11-17T13:54:11+00:00\",\"dateModified\":\"2024-05-14T09:47:42+00:00\",\"description\":\"EB-400 EASY BAG\u00a0es una m\u00e1quina embolsadora semi-autom\u00e1tica para el embolsado de cojines y almohadas.\",\"breadcrumb\":{\"@id\":\"https:\/\/www.brighigroup.com\/es\/machine\/eb-400-easy-bag\/#breadcrumb\"},\"inLanguage\":\"es\",\"potentialAction\":[{\"@type\":\"ReadAction\",\"target\":[\"https:\/\/www.brighigroup.com\/es\/machine\/eb-400-easy-bag\/\"]}]},{\"@type\":\"ImageObject\",\"inLanguage\":\"es\",\"@id\":\"https:\/\/www.brighigroup.com\/es\/machine\/eb-400-easy-bag\/#primaryimage\",\"url\":\"https:\/\/www.brighigroup.com\/wp-content\/uploads\/2021\/11\/EB-800-EASY-BAG.jpg\",\"contentUrl\":\"https:\/\/www.brighigroup.com\/wp-content\/uploads\/2021\/11\/EB-800-EASY-BAG.jpg\",\"width\":1920,\"height\":1280},{\"@type\":\"BreadcrumbList\",\"@id\":\"https:\/\/www.brighigroup.com\/es\/machine\/eb-400-easy-bag\/#breadcrumb\",\"itemListElement\":[{\"@type\":\"ListItem\",\"position\":1,\"name\":\"M\u00e1quinas\",\"item\":\"https:\/\/www.brighigroup.com\/es\/maquinas\/\"},{\"@type\":\"ListItem\",\"position\":2,\"name\":\"EB-400 EASY BAG\"}]},{\"@type\":\"WebSite\",\"@id\":\"https:\/\/www.brighigroup.com\/es\/#website\",\"url\":\"https:\/\/www.brighigroup.com\/es\/\",\"name\":\"Brighi Group\",\"description\":\"Home textile e di prodotti imbottiti per il design d&#039;arredo tramandando l&#039;innovazione come cultura d&#039;impresa.\",\"potentialAction\":[{\"@type\":\"SearchAction\",\"target\":{\"@type\":\"EntryPoint\",\"urlTemplate\":\"https:\/\/www.brighigroup.com\/es\/?s={search_term_string}\"},\"query-input\":{\"@type\":\"PropertyValueSpecification\",\"valueRequired\":true,\"valueName\":\"search_term_string\"}}],\"inLanguage\":\"es\"}]}<\/script>\n<!-- \/ Yoast SEO plugin. -->","yoast_head_json":{"title":"M\u00e1quina embolsadora semi-autom\u00e1tica - Brighi Group","description":"EB-400 EASY BAG\u00a0es una m\u00e1quina embolsadora semi-autom\u00e1tica para el embolsado de cojines y almohadas.","robots":{"index":"index","follow":"follow","max-snippet":"max-snippet:-1","max-image-preview":"max-image-preview:large","max-video-preview":"max-video-preview:-1"},"canonical":"https:\/\/www.brighigroup.com\/es\/machine\/eb-400-easy-bag\/","og_locale":"es_ES","og_type":"article","og_title":"M\u00e1quina embolsadora semi-autom\u00e1tica - Brighi Group","og_description":"EB-400 EASY BAG\u00a0es una m\u00e1quina embolsadora semi-autom\u00e1tica para el embolsado de cojines y almohadas.","og_url":"https:\/\/www.brighigroup.com\/es\/machine\/eb-400-easy-bag\/","og_site_name":"Brighi Group","article_modified_time":"2024-05-14T09:47:42+00:00","og_image":[{"width":1920,"height":1280,"url":"https:\/\/www.brighigroup.com\/wp-content\/uploads\/2021\/11\/EB-800-EASY-BAG.jpg","type":"image\/jpeg"}],"twitter_card":"summary_large_image","twitter_misc":{"Tiempo de lectura":"2 minutos"},"schema":{"@context":"https:\/\/schema.org","@graph":[{"@type":"WebPage","@id":"https:\/\/www.brighigroup.com\/es\/machine\/eb-400-easy-bag\/","url":"https:\/\/www.brighigroup.com\/es\/machine\/eb-400-easy-bag\/","name":"M\u00e1quina embolsadora semi-autom\u00e1tica - Brighi Group","isPartOf":{"@id":"https:\/\/www.brighigroup.com\/es\/#website"},"primaryImageOfPage":{"@id":"https:\/\/www.brighigroup.com\/es\/machine\/eb-400-easy-bag\/#primaryimage"},"image":{"@id":"https:\/\/www.brighigroup.com\/es\/machine\/eb-400-easy-bag\/#primaryimage"},"thumbnailUrl":"https:\/\/www.brighigroup.com\/wp-content\/uploads\/2021\/11\/EB-800-EASY-BAG.jpg","datePublished":"2021-11-17T13:54:11+00:00","dateModified":"2024-05-14T09:47:42+00:00","description":"EB-400 EASY BAG\u00a0es una m\u00e1quina embolsadora semi-autom\u00e1tica para el embolsado de cojines y almohadas.","breadcrumb":{"@id":"https:\/\/www.brighigroup.com\/es\/machine\/eb-400-easy-bag\/#breadcrumb"},"inLanguage":"es","potentialAction":[{"@type":"ReadAction","target":["https:\/\/www.brighigroup.com\/es\/machine\/eb-400-easy-bag\/"]}]},{"@type":"ImageObject","inLanguage":"es","@id":"https:\/\/www.brighigroup.com\/es\/machine\/eb-400-easy-bag\/#primaryimage","url":"https:\/\/www.brighigroup.com\/wp-content\/uploads\/2021\/11\/EB-800-EASY-BAG.jpg","contentUrl":"https:\/\/www.brighigroup.com\/wp-content\/uploads\/2021\/11\/EB-800-EASY-BAG.jpg","width":1920,"height":1280},{"@type":"BreadcrumbList","@id":"https:\/\/www.brighigroup.com\/es\/machine\/eb-400-easy-bag\/#breadcrumb","itemListElement":[{"@type":"ListItem","position":1,"name":"M\u00e1quinas","item":"https:\/\/www.brighigroup.com\/es\/maquinas\/"},{"@type":"ListItem","position":2,"name":"EB-400 EASY BAG"}]},{"@type":"WebSite","@id":"https:\/\/www.brighigroup.com\/es\/#website","url":"https:\/\/www.brighigroup.com\/es\/","name":"Brighi Group","description":"Home textile e di prodotti imbottiti per il design d&#039;arredo tramandando l&#039;innovazione come cultura d&#039;impresa.","potentialAction":[{"@type":"SearchAction","target":{"@type":"EntryPoint","urlTemplate":"https:\/\/www.brighigroup.com\/es\/?s={search_term_string}"},"query-input":{"@type":"PropertyValueSpecification","valueRequired":true,"valueName":"search_term_string"}}],"inLanguage":"es"}]}},"_links":{"self":[{"href":"https:\/\/www.brighigroup.com\/es\/wp-json\/wp\/v2\/product\/6561","targetHints":{"allow":["GET"]}}],"collection":[{"href":"https:\/\/www.brighigroup.com\/es\/wp-json\/wp\/v2\/product"}],"about":[{"href":"https:\/\/www.brighigroup.com\/es\/wp-json\/wp\/v2\/types\/product"}],"wp:featuredmedia":[{"embeddable":true,"href":"https:\/\/www.brighigroup.com\/es\/wp-json\/wp\/v2\/media\/6204"}],"wp:attachment":[{"href":"https:\/\/www.brighigroup.com\/es\/wp-json\/wp\/v2\/media?parent=6561"}],"wp:term":[{"taxonomy":"product_cat","embeddable":true,"href":"https:\/\/www.brighigroup.com\/es\/wp-json\/wp\/v2\/product_cat?post=6561"},{"taxonomy":"product_tag","embeddable":true,"href":"https:\/\/www.brighigroup.com\/es\/wp-json\/wp\/v2\/product_tag?post=6561"}],"curies":[{"name":"wp","href":"https:\/\/api.w.org\/{rel}","templated":true}]}}