{"id":6438,"date":"2022-06-01T10:30:10","date_gmt":"2021-11-30T09:34:10","guid":{"rendered":"https:\/\/www.brighigroup.com\/machine\/mac-600\/"},"modified":"2024-09-02T14:31:28","modified_gmt":"2024-09-02T12:31:28","slug":"mac-600","status":"publish","type":"product","link":"https:\/\/www.brighigroup.com\/es\/machine\/mac-600\/","title":{"rendered":"MAC-600"},"content":{"rendered":"<h2>M\u00e1quina de llenado y prepesado para almohadas (6 unidades de pesaje y 2 llenadoras)<\/h2>\n<p>MAC-600 es nuestro sistema de <strong>prepesaje y llenado con 6 unidades de pesaje (cestas) y 2 estaciones de llenado<\/strong>. Es adecuado para una alta producci\u00f3n y precisi\u00f3n. No hay restricciones en cuanto al material de llenado que se puede utilizar. El material se almacena en la torre y pasa a trav\u00e9s de compuertas para asegurar una ca\u00edda controlada en las cestas de abajo. Gracias a las celdas de carga, el <strong>peso se controla constantemente y se ajusta autom\u00e1ticamente<\/strong> en caso de exceso de material.<\/p>\n<p>El operario puede ajustar la precisi\u00f3n del peso para cada producto seleccionado y cambiar de un producto a otro con una sencilla operaci\u00f3n. La soluci\u00f3n con estaciones de llenado dobles y pinzas especiales para sujetar el producto permite al operario aumentar considerablemente el rendimiento de la m\u00e1quina. Los sistemas pueden implementarse con sistemas de recogida de polvo, mesas de aspiraci\u00f3n y tolvas de reciclaje.<\/p>\n<p>Todas las m\u00e1quinas est\u00e1n equipadas con un software innovador e intuitivo estudiado para satisfacer las necesidades del cliente con varios tipos de materiales, multic\u00e1maras y diferentes pesos para cada c\u00e1mara.<\/p>\n<p class=\"p1\">Para descubrir qu\u00e9 otras configuraciones son posibles, consulte nuestras otras m\u00e1quinas MAC:\u00a0<a href=\"https:\/\/www.brighigroup.com\/es\/machine\/mac-200\/\">MAC-200<\/a>,\u00a0<a href=\"https:\/\/www.brighigroup.com\/es\/machine\/mac-300\/\">MAC-300<\/a>,\u00a0<a href=\"https:\/\/www.brighigroup.com\/es\/machine\/mac-300d\/\">MAC-300D<\/a>,\u00a0<a href=\"https:\/\/www.brighigroup.com\/es\/machine\/mac-400\/\">MAC-400<\/a>.<\/p>\n<p>&nbsp;<\/p>\n<p><iframe title=\"4 Configurations in 1 Equipment - Pre-Weighing and Filling System\" width=\"800\" height=\"450\" src=\"https:\/\/www.youtube-nocookie.com\/embed\/by0w7L0ODKE?feature=oembed\" frameborder=\"0\" allow=\"accelerometer; autoplay; clipboard-write; encrypted-media; gyroscope; picture-in-picture\" allowfullscreen><\/iframe><\/p>\n<p class=\"p1\"><span class=\"s1\"><b>LO QUE SE PUEDE LLENAR CON LA M<\/b><\/span><strong>\u00c1QUINA DE LLENADO PREPESADO<\/strong><\/p>\n<p class=\"p1\"><span class=\"s1\">Cojines, almohadas, cojines con varios compartimentos, sacos, body pillows<\/span><\/p>\n<p class=\"p1\"><span class=\"s1\"><b>MATERIALES DE LLENADO QUE SE PUEDEN UTILIZAR<\/b><\/span><\/p>\n<p class=\"p1\"><span class=\"s1\">Fibra y microfibra de poli\u00e9ster (virgen y reciclado), pluma y plum\u00f3n, espuma triturada, lana y otros materiales naturales, mezclas de todos los materiales anteriores.<\/span><\/p>\n<p><strong>PUNTOS FUERTES<\/strong><\/p>\n<ul>\n<li class=\"p1\"><span class=\"s1\"><b>\u00danico sistema <\/b>en el mercado que permite prepesar &#8211; con la misma configuraci\u00f3n &#8211; con suma precisi\u00f3n y exactitud una amplia variedad de materiales naturales y sint\u00e9ticos a granel<\/span><\/li>\n<li class=\"p1\"><span class=\"s1\"><b>Gesti\u00f3n simplificada: <\/b>panel de control con pantalla t\u00e1ctil para la gesti\u00f3n autom\u00e1tica de todos los par\u00e1metros y ajustes mec\u00e1nicos, con introducci\u00f3n y gesti\u00f3n de las recetas con las caracter\u00edsticas del producto\/material.<\/span><\/li>\n<li class=\"p1\"><span class=\"s1\"><b>Flexibilidad: <\/b>la m\u00e1quina procesa una amplia gama de materiales y fundas sin necesidad de ajustes mec\u00e1nicos.<\/span><\/li>\n<li class=\"p1\"><span class=\"s1\"><b>Cualquier material de llenado: <\/b>no existen restricciones en cuanto al tipo de llenado de los cojines.<b>.<\/b><\/span><\/li>\n<li class=\"p1\"><span class=\"s1\"><b>Barras de desionizaci\u00f3n <\/b>colocadas en la torre de entrada para eliminar los problemas de proceso y pesaje debidos a cargas electrost\u00e1ticas.<\/span><\/li>\n<li class=\"p1\"><span class=\"s1\"><b>Prepesaje exacto <\/b>y correcci\u00f3n autom\u00e1tica del peso y reciclaje del material en caso de sobrepeso.<\/span><\/li>\n<li class=\"p1\"><span class=\"s1\"><b>Diferentes pesos en cojines con varios compartimentos:<\/b> el sistema es capaz de llenar los diferentes compartimentos de la funda del coj\u00edn con pesos individuales diferentes y con distintas secuencias. El tubo especial dise\u00f1ado para llenar varios compartimentos a la vez aumenta considerablemente el rendimiento del operador.<\/span><\/li>\n<li class=\"p1\"><span class=\"s1\"><b>Sistema de recogida de polvo integrado<\/b> con bolsa filtrante de tela y portabolsas con una bolsa de recolecci\u00f3n desechable.<\/span><\/li>\n<li class=\"p1\"><span class=\"s1\"><b>Dispositivo de sujeci\u00f3n<\/b> en la llenadora para permitir un proceso pr\u00e1cticamente manos libres y la gesti\u00f3n de dos llenadoras por parte del mismo operador.<\/span><\/li>\n<li class=\"p1\"><span class=\"s1\"><b>Mesa de aspiraci\u00f3n<\/b> con sistema de reciclaje directo del material disperso en el sistema para lograr un ahorro real de material, que de otra forma se hubiera desperdiciado, y un entorno de trabajo m\u00e1s limpio.<\/span><\/li>\n<\/ul>\n","protected":false},"excerpt":{"rendered":"<h6>M\u00e1quina de prepesaje y llenado<\/h6>\n","protected":false},"featured_media":6110,"template":"","meta":{"_acf_changed":false},"product_cat":[130,132,137,136,142],"product_tag":[305],"class_list":{"0":"post-6438","1":"product","2":"type-product","3":"status-publish","4":"has-post-thumbnail","6":"product_cat-linea-de-almohadas-sopladas","7":"product_cat-linea-de-cojines-decorativos-para-sillas-y-exterior","8":"product_cat-linea-de-llenado-para-juguetes-cama-de-mascotas-varios-articulos-acolchados","9":"product_cat-linea-de-procesamiento-de-materias-primas-y-reciclaje-de-residuos","10":"product_cat-llenado-por-soplado","11":"product_tag-almohadas-y-cojines-soplados","13":"first","14":"instock","15":"shipping-taxable","16":"product-type-simple"},"acf":[],"yoast_head":"<!-- This site is optimized with the Yoast SEO plugin v24.2 - https:\/\/yoast.com\/wordpress\/plugins\/seo\/ -->\n<title>M\u00e1quina de llenado prepesado - Brighi Group<\/title>\n<meta name=\"description\" content=\"Sistema de prepesaje y llenado con 6 unidades de pesaje y 2 estaciones de llenado. Esta m\u00e1quina es perfecta para una alta producci\u00f3n y precisi\u00f3n\" \/>\n<meta name=\"robots\" content=\"index, follow, max-snippet:-1, max-image-preview:large, max-video-preview:-1\" \/>\n<link rel=\"canonical\" href=\"https:\/\/www.brighigroup.com\/es\/machine\/mac-600\/\" \/>\n<meta property=\"og:locale\" content=\"es_ES\" \/>\n<meta property=\"og:type\" content=\"article\" \/>\n<meta property=\"og:title\" content=\"M\u00e1quina de llenado prepesado - Brighi Group\" \/>\n<meta property=\"og:description\" content=\"Sistema de prepesaje y llenado con 6 unidades de pesaje y 2 estaciones de llenado. Esta m\u00e1quina es perfecta para una alta producci\u00f3n y precisi\u00f3n\" \/>\n<meta property=\"og:url\" content=\"https:\/\/www.brighigroup.com\/es\/machine\/mac-600\/\" \/>\n<meta property=\"og:site_name\" content=\"Brighi Group\" \/>\n<meta property=\"article:modified_time\" content=\"2024-09-02T12:31:28+00:00\" \/>\n<meta property=\"og:image\" content=\"https:\/\/www.brighigroup.com\/wp-content\/uploads\/2021\/11\/MAC-600.jpg\" \/>\n\t<meta property=\"og:image:width\" content=\"1920\" \/>\n\t<meta property=\"og:image:height\" content=\"1280\" \/>\n\t<meta property=\"og:image:type\" content=\"image\/jpeg\" \/>\n<meta name=\"twitter:card\" content=\"summary_large_image\" \/>\n<meta name=\"twitter:label1\" content=\"Tiempo de lectura\" \/>\n\t<meta name=\"twitter:data1\" content=\"3 minutos\" \/>\n<script type=\"application\/ld+json\" class=\"yoast-schema-graph\">{\"@context\":\"https:\/\/schema.org\",\"@graph\":[{\"@type\":\"WebPage\",\"@id\":\"https:\/\/www.brighigroup.com\/es\/machine\/mac-600\/\",\"url\":\"https:\/\/www.brighigroup.com\/es\/machine\/mac-600\/\",\"name\":\"M\u00e1quina de llenado prepesado - Brighi Group\",\"isPartOf\":{\"@id\":\"https:\/\/www.brighigroup.com\/es\/#website\"},\"primaryImageOfPage\":{\"@id\":\"https:\/\/www.brighigroup.com\/es\/machine\/mac-600\/#primaryimage\"},\"image\":{\"@id\":\"https:\/\/www.brighigroup.com\/es\/machine\/mac-600\/#primaryimage\"},\"thumbnailUrl\":\"https:\/\/www.brighigroup.com\/wp-content\/uploads\/2021\/11\/MAC-600.jpg\",\"datePublished\":\"2021-11-30T09:34:10+00:00\",\"dateModified\":\"2024-09-02T12:31:28+00:00\",\"description\":\"Sistema de prepesaje y llenado con 6 unidades de pesaje y 2 estaciones de llenado. Esta m\u00e1quina es perfecta para una alta producci\u00f3n y precisi\u00f3n\",\"breadcrumb\":{\"@id\":\"https:\/\/www.brighigroup.com\/es\/machine\/mac-600\/#breadcrumb\"},\"inLanguage\":\"es\",\"potentialAction\":[{\"@type\":\"ReadAction\",\"target\":[\"https:\/\/www.brighigroup.com\/es\/machine\/mac-600\/\"]}]},{\"@type\":\"ImageObject\",\"inLanguage\":\"es\",\"@id\":\"https:\/\/www.brighigroup.com\/es\/machine\/mac-600\/#primaryimage\",\"url\":\"https:\/\/www.brighigroup.com\/wp-content\/uploads\/2021\/11\/MAC-600.jpg\",\"contentUrl\":\"https:\/\/www.brighigroup.com\/wp-content\/uploads\/2021\/11\/MAC-600.jpg\",\"width\":1920,\"height\":1280},{\"@type\":\"BreadcrumbList\",\"@id\":\"https:\/\/www.brighigroup.com\/es\/machine\/mac-600\/#breadcrumb\",\"itemListElement\":[{\"@type\":\"ListItem\",\"position\":1,\"name\":\"M\u00e1quinas\",\"item\":\"https:\/\/www.brighigroup.com\/es\/maquinas\/\"},{\"@type\":\"ListItem\",\"position\":2,\"name\":\"MAC-600\"}]},{\"@type\":\"WebSite\",\"@id\":\"https:\/\/www.brighigroup.com\/es\/#website\",\"url\":\"https:\/\/www.brighigroup.com\/es\/\",\"name\":\"Brighi Group\",\"description\":\"Home textile e di prodotti imbottiti per il design d&#039;arredo tramandando l&#039;innovazione come cultura d&#039;impresa.\",\"potentialAction\":[{\"@type\":\"SearchAction\",\"target\":{\"@type\":\"EntryPoint\",\"urlTemplate\":\"https:\/\/www.brighigroup.com\/es\/?s={search_term_string}\"},\"query-input\":{\"@type\":\"PropertyValueSpecification\",\"valueRequired\":true,\"valueName\":\"search_term_string\"}}],\"inLanguage\":\"es\"}]}<\/script>\n<!-- \/ Yoast SEO plugin. -->","yoast_head_json":{"title":"M\u00e1quina de llenado prepesado - Brighi Group","description":"Sistema de prepesaje y llenado con 6 unidades de pesaje y 2 estaciones de llenado. Esta m\u00e1quina es perfecta para una alta producci\u00f3n y precisi\u00f3n","robots":{"index":"index","follow":"follow","max-snippet":"max-snippet:-1","max-image-preview":"max-image-preview:large","max-video-preview":"max-video-preview:-1"},"canonical":"https:\/\/www.brighigroup.com\/es\/machine\/mac-600\/","og_locale":"es_ES","og_type":"article","og_title":"M\u00e1quina de llenado prepesado - Brighi Group","og_description":"Sistema de prepesaje y llenado con 6 unidades de pesaje y 2 estaciones de llenado. Esta m\u00e1quina es perfecta para una alta producci\u00f3n y precisi\u00f3n","og_url":"https:\/\/www.brighigroup.com\/es\/machine\/mac-600\/","og_site_name":"Brighi Group","article_modified_time":"2024-09-02T12:31:28+00:00","og_image":[{"width":1920,"height":1280,"url":"https:\/\/www.brighigroup.com\/wp-content\/uploads\/2021\/11\/MAC-600.jpg","type":"image\/jpeg"}],"twitter_card":"summary_large_image","twitter_misc":{"Tiempo de lectura":"3 minutos"},"schema":{"@context":"https:\/\/schema.org","@graph":[{"@type":"WebPage","@id":"https:\/\/www.brighigroup.com\/es\/machine\/mac-600\/","url":"https:\/\/www.brighigroup.com\/es\/machine\/mac-600\/","name":"M\u00e1quina de llenado prepesado - Brighi Group","isPartOf":{"@id":"https:\/\/www.brighigroup.com\/es\/#website"},"primaryImageOfPage":{"@id":"https:\/\/www.brighigroup.com\/es\/machine\/mac-600\/#primaryimage"},"image":{"@id":"https:\/\/www.brighigroup.com\/es\/machine\/mac-600\/#primaryimage"},"thumbnailUrl":"https:\/\/www.brighigroup.com\/wp-content\/uploads\/2021\/11\/MAC-600.jpg","datePublished":"2021-11-30T09:34:10+00:00","dateModified":"2024-09-02T12:31:28+00:00","description":"Sistema de prepesaje y llenado con 6 unidades de pesaje y 2 estaciones de llenado. Esta m\u00e1quina es perfecta para una alta producci\u00f3n y precisi\u00f3n","breadcrumb":{"@id":"https:\/\/www.brighigroup.com\/es\/machine\/mac-600\/#breadcrumb"},"inLanguage":"es","potentialAction":[{"@type":"ReadAction","target":["https:\/\/www.brighigroup.com\/es\/machine\/mac-600\/"]}]},{"@type":"ImageObject","inLanguage":"es","@id":"https:\/\/www.brighigroup.com\/es\/machine\/mac-600\/#primaryimage","url":"https:\/\/www.brighigroup.com\/wp-content\/uploads\/2021\/11\/MAC-600.jpg","contentUrl":"https:\/\/www.brighigroup.com\/wp-content\/uploads\/2021\/11\/MAC-600.jpg","width":1920,"height":1280},{"@type":"BreadcrumbList","@id":"https:\/\/www.brighigroup.com\/es\/machine\/mac-600\/#breadcrumb","itemListElement":[{"@type":"ListItem","position":1,"name":"M\u00e1quinas","item":"https:\/\/www.brighigroup.com\/es\/maquinas\/"},{"@type":"ListItem","position":2,"name":"MAC-600"}]},{"@type":"WebSite","@id":"https:\/\/www.brighigroup.com\/es\/#website","url":"https:\/\/www.brighigroup.com\/es\/","name":"Brighi Group","description":"Home textile e di prodotti imbottiti per il design d&#039;arredo tramandando l&#039;innovazione come cultura d&#039;impresa.","potentialAction":[{"@type":"SearchAction","target":{"@type":"EntryPoint","urlTemplate":"https:\/\/www.brighigroup.com\/es\/?s={search_term_string}"},"query-input":{"@type":"PropertyValueSpecification","valueRequired":true,"valueName":"search_term_string"}}],"inLanguage":"es"}]}},"_links":{"self":[{"href":"https:\/\/www.brighigroup.com\/es\/wp-json\/wp\/v2\/product\/6438","targetHints":{"allow":["GET"]}}],"collection":[{"href":"https:\/\/www.brighigroup.com\/es\/wp-json\/wp\/v2\/product"}],"about":[{"href":"https:\/\/www.brighigroup.com\/es\/wp-json\/wp\/v2\/types\/product"}],"wp:featuredmedia":[{"embeddable":true,"href":"https:\/\/www.brighigroup.com\/es\/wp-json\/wp\/v2\/media\/6110"}],"wp:attachment":[{"href":"https:\/\/www.brighigroup.com\/es\/wp-json\/wp\/v2\/media?parent=6438"}],"wp:term":[{"taxonomy":"product_cat","embeddable":true,"href":"https:\/\/www.brighigroup.com\/es\/wp-json\/wp\/v2\/product_cat?post=6438"},{"taxonomy":"product_tag","embeddable":true,"href":"https:\/\/www.brighigroup.com\/es\/wp-json\/wp\/v2\/product_tag?post=6438"}],"curies":[{"name":"wp","href":"https:\/\/api.w.org\/{rel}","templated":true}]}}