{"id":6435,"date":"2020-03-01T14:52:16","date_gmt":"2021-11-17T13:52:16","guid":{"rendered":"https:\/\/www.brighigroup.com\/machine\/rm-100\/"},"modified":"2022-09-29T14:22:48","modified_gmt":"2022-09-29T12:22:48","slug":"rm-100","status":"publish","type":"product","link":"https:\/\/www.brighigroup.com\/es\/machine\/rm-100\/","title":{"rendered":"RM-100"},"content":{"rendered":"<h2>M\u00e1quina para pesaje y enrollado de guata de fibra cardada<\/h2>\n<p><strong>M\u00e1quina para pesar y enrollar la guata de fibra cardada<\/strong>; los rollos que se forman alimentan, a trav\u00e9s de la cinta inclinada, los sistemas de enfundado de cojines y almohadas. La m\u00e1quina puede rechazar autom\u00e1ticamente los rollos de fibra fuera del peso objetivo (opcional).<\/p>\n<p>La RM-100 puede conectarse a la m\u00e1quina de alimentaci\u00f3n y corte mod. <a href=\"https:\/\/www.brighigroup.com\/es\/machine\/cm-100\/\">CM-100<\/a>.<\/p>\n<p>&nbsp;<\/p>\n<p><iframe title=\"Carded Fiber Processing System\" width=\"800\" height=\"450\" src=\"https:\/\/www.youtube-nocookie.com\/embed\/JeuZR8tvMlQ?feature=oembed\" frameborder=\"0\" allow=\"accelerometer; autoplay; clipboard-write; encrypted-media; gyroscope; picture-in-picture\" allowfullscreen><\/iframe><\/p>\n<p><strong>PRODUCTO<\/strong><\/p>\n<p>Guata de fibra cardada.<\/p>\n<p><strong>PUNTOS FUERTES<\/strong><\/p>\n<ul>\n<li><strong>Gesti\u00f3n electr\u00f3nica<\/strong>: la pantalla t\u00e1ctil integrada en la m\u00e1quina permite gestionar todos los par\u00e1metros, guardar las recetas de diferentes productos, verificar el estado de la m\u00e1quina y de los consumibles, obtener informaci\u00f3n del proceso en modo local.<\/li>\n<li><strong>Flexibilidad:<\/strong> amplia gama de tama\u00f1os en funci\u00f3n de la cardadora situada anteriormente.<\/li>\n<li><strong>Sistema de descarte autom\u00e1tico <\/strong> (opcional) si el peso no se corresponde a la receta configurada.<\/li>\n<\/ul>\n","protected":false},"excerpt":{"rendered":"<h6>M\u00e1quina para pesaje y enrollado de guata de fibra cardada<\/h6>\n","protected":false},"featured_media":6206,"template":"","meta":{"_acf_changed":false},"product_cat":[131,146],"product_tag":[302],"class_list":{"0":"post-6435","1":"product","2":"type-product","3":"status-publish","4":"has-post-thumbnail","6":"product_cat-linea-de-almohadas-cardadas","7":"product_cat-procesamiento-de-las-materias-primas","8":"product_tag-almohadas-y-cojines-de-fibra-cardada-enrollada","10":"first","11":"instock","12":"shipping-taxable","13":"product-type-simple"},"acf":[],"yoast_head":"<!-- This site is optimized with the Yoast SEO plugin v24.2 - https:\/\/yoast.com\/wordpress\/plugins\/seo\/ -->\n<title>M\u00e1quina para pesaje y enrollado de guata de fibra cardada RM-100 - Brighi Group<\/title>\n<meta name=\"description\" content=\"M\u00e1quina para pesar, seleccionar y enrollar la guata de fibra cardada para enfundar cojines y almohadas.\" \/>\n<meta name=\"robots\" content=\"index, follow, max-snippet:-1, max-image-preview:large, max-video-preview:-1\" \/>\n<link rel=\"canonical\" href=\"https:\/\/www.brighigroup.com\/es\/machine\/rm-100\/\" \/>\n<meta property=\"og:locale\" content=\"es_ES\" \/>\n<meta property=\"og:type\" content=\"article\" \/>\n<meta property=\"og:title\" content=\"M\u00e1quina para pesaje y enrollado de guata de fibra cardada RM-100 - Brighi Group\" \/>\n<meta property=\"og:description\" content=\"M\u00e1quina para pesar, seleccionar y enrollar la guata de fibra cardada para enfundar cojines y almohadas.\" \/>\n<meta property=\"og:url\" content=\"https:\/\/www.brighigroup.com\/es\/machine\/rm-100\/\" \/>\n<meta property=\"og:site_name\" content=\"Brighi Group\" \/>\n<meta property=\"article:modified_time\" content=\"2022-09-29T12:22:48+00:00\" \/>\n<meta property=\"og:image\" content=\"https:\/\/www.brighigroup.com\/wp-content\/uploads\/2021\/11\/RM-100-1.jpg\" \/>\n\t<meta property=\"og:image:width\" content=\"1920\" \/>\n\t<meta property=\"og:image:height\" content=\"1280\" \/>\n\t<meta property=\"og:image:type\" content=\"image\/jpeg\" \/>\n<meta name=\"twitter:card\" content=\"summary_large_image\" \/>\n<meta name=\"twitter:label1\" content=\"Tiempo de lectura\" \/>\n\t<meta name=\"twitter:data1\" content=\"1 minuto\" \/>\n<script type=\"application\/ld+json\" class=\"yoast-schema-graph\">{\"@context\":\"https:\/\/schema.org\",\"@graph\":[{\"@type\":\"WebPage\",\"@id\":\"https:\/\/www.brighigroup.com\/es\/machine\/rm-100\/\",\"url\":\"https:\/\/www.brighigroup.com\/es\/machine\/rm-100\/\",\"name\":\"M\u00e1quina para pesaje y enrollado de guata de fibra cardada RM-100 - Brighi Group\",\"isPartOf\":{\"@id\":\"https:\/\/www.brighigroup.com\/es\/#website\"},\"primaryImageOfPage\":{\"@id\":\"https:\/\/www.brighigroup.com\/es\/machine\/rm-100\/#primaryimage\"},\"image\":{\"@id\":\"https:\/\/www.brighigroup.com\/es\/machine\/rm-100\/#primaryimage\"},\"thumbnailUrl\":\"https:\/\/www.brighigroup.com\/wp-content\/uploads\/2021\/11\/RM-100-1.jpg\",\"datePublished\":\"2021-11-17T13:52:16+00:00\",\"dateModified\":\"2022-09-29T12:22:48+00:00\",\"description\":\"M\u00e1quina para pesar, seleccionar y enrollar la guata de fibra cardada para enfundar cojines y almohadas.\",\"breadcrumb\":{\"@id\":\"https:\/\/www.brighigroup.com\/es\/machine\/rm-100\/#breadcrumb\"},\"inLanguage\":\"es\",\"potentialAction\":[{\"@type\":\"ReadAction\",\"target\":[\"https:\/\/www.brighigroup.com\/es\/machine\/rm-100\/\"]}]},{\"@type\":\"ImageObject\",\"inLanguage\":\"es\",\"@id\":\"https:\/\/www.brighigroup.com\/es\/machine\/rm-100\/#primaryimage\",\"url\":\"https:\/\/www.brighigroup.com\/wp-content\/uploads\/2021\/11\/RM-100-1.jpg\",\"contentUrl\":\"https:\/\/www.brighigroup.com\/wp-content\/uploads\/2021\/11\/RM-100-1.jpg\",\"width\":1920,\"height\":1280},{\"@type\":\"BreadcrumbList\",\"@id\":\"https:\/\/www.brighigroup.com\/es\/machine\/rm-100\/#breadcrumb\",\"itemListElement\":[{\"@type\":\"ListItem\",\"position\":1,\"name\":\"M\u00e1quinas\",\"item\":\"https:\/\/www.brighigroup.com\/es\/maquinas\/\"},{\"@type\":\"ListItem\",\"position\":2,\"name\":\"RM-100\"}]},{\"@type\":\"WebSite\",\"@id\":\"https:\/\/www.brighigroup.com\/es\/#website\",\"url\":\"https:\/\/www.brighigroup.com\/es\/\",\"name\":\"Brighi Group\",\"description\":\"Home textile e di prodotti imbottiti per il design d&#039;arredo tramandando l&#039;innovazione come cultura d&#039;impresa.\",\"potentialAction\":[{\"@type\":\"SearchAction\",\"target\":{\"@type\":\"EntryPoint\",\"urlTemplate\":\"https:\/\/www.brighigroup.com\/es\/?s={search_term_string}\"},\"query-input\":{\"@type\":\"PropertyValueSpecification\",\"valueRequired\":true,\"valueName\":\"search_term_string\"}}],\"inLanguage\":\"es\"}]}<\/script>\n<!-- \/ Yoast SEO plugin. -->","yoast_head_json":{"title":"M\u00e1quina para pesaje y enrollado de guata de fibra cardada RM-100 - Brighi Group","description":"M\u00e1quina para pesar, seleccionar y enrollar la guata de fibra cardada para enfundar cojines y almohadas.","robots":{"index":"index","follow":"follow","max-snippet":"max-snippet:-1","max-image-preview":"max-image-preview:large","max-video-preview":"max-video-preview:-1"},"canonical":"https:\/\/www.brighigroup.com\/es\/machine\/rm-100\/","og_locale":"es_ES","og_type":"article","og_title":"M\u00e1quina para pesaje y enrollado de guata de fibra cardada RM-100 - Brighi Group","og_description":"M\u00e1quina para pesar, seleccionar y enrollar la guata de fibra cardada para enfundar cojines y almohadas.","og_url":"https:\/\/www.brighigroup.com\/es\/machine\/rm-100\/","og_site_name":"Brighi Group","article_modified_time":"2022-09-29T12:22:48+00:00","og_image":[{"width":1920,"height":1280,"url":"https:\/\/www.brighigroup.com\/wp-content\/uploads\/2021\/11\/RM-100-1.jpg","type":"image\/jpeg"}],"twitter_card":"summary_large_image","twitter_misc":{"Tiempo de lectura":"1 minuto"},"schema":{"@context":"https:\/\/schema.org","@graph":[{"@type":"WebPage","@id":"https:\/\/www.brighigroup.com\/es\/machine\/rm-100\/","url":"https:\/\/www.brighigroup.com\/es\/machine\/rm-100\/","name":"M\u00e1quina para pesaje y enrollado de guata de fibra cardada RM-100 - Brighi Group","isPartOf":{"@id":"https:\/\/www.brighigroup.com\/es\/#website"},"primaryImageOfPage":{"@id":"https:\/\/www.brighigroup.com\/es\/machine\/rm-100\/#primaryimage"},"image":{"@id":"https:\/\/www.brighigroup.com\/es\/machine\/rm-100\/#primaryimage"},"thumbnailUrl":"https:\/\/www.brighigroup.com\/wp-content\/uploads\/2021\/11\/RM-100-1.jpg","datePublished":"2021-11-17T13:52:16+00:00","dateModified":"2022-09-29T12:22:48+00:00","description":"M\u00e1quina para pesar, seleccionar y enrollar la guata de fibra cardada para enfundar cojines y almohadas.","breadcrumb":{"@id":"https:\/\/www.brighigroup.com\/es\/machine\/rm-100\/#breadcrumb"},"inLanguage":"es","potentialAction":[{"@type":"ReadAction","target":["https:\/\/www.brighigroup.com\/es\/machine\/rm-100\/"]}]},{"@type":"ImageObject","inLanguage":"es","@id":"https:\/\/www.brighigroup.com\/es\/machine\/rm-100\/#primaryimage","url":"https:\/\/www.brighigroup.com\/wp-content\/uploads\/2021\/11\/RM-100-1.jpg","contentUrl":"https:\/\/www.brighigroup.com\/wp-content\/uploads\/2021\/11\/RM-100-1.jpg","width":1920,"height":1280},{"@type":"BreadcrumbList","@id":"https:\/\/www.brighigroup.com\/es\/machine\/rm-100\/#breadcrumb","itemListElement":[{"@type":"ListItem","position":1,"name":"M\u00e1quinas","item":"https:\/\/www.brighigroup.com\/es\/maquinas\/"},{"@type":"ListItem","position":2,"name":"RM-100"}]},{"@type":"WebSite","@id":"https:\/\/www.brighigroup.com\/es\/#website","url":"https:\/\/www.brighigroup.com\/es\/","name":"Brighi Group","description":"Home textile e di prodotti imbottiti per il design d&#039;arredo tramandando l&#039;innovazione come cultura d&#039;impresa.","potentialAction":[{"@type":"SearchAction","target":{"@type":"EntryPoint","urlTemplate":"https:\/\/www.brighigroup.com\/es\/?s={search_term_string}"},"query-input":{"@type":"PropertyValueSpecification","valueRequired":true,"valueName":"search_term_string"}}],"inLanguage":"es"}]}},"_links":{"self":[{"href":"https:\/\/www.brighigroup.com\/es\/wp-json\/wp\/v2\/product\/6435","targetHints":{"allow":["GET"]}}],"collection":[{"href":"https:\/\/www.brighigroup.com\/es\/wp-json\/wp\/v2\/product"}],"about":[{"href":"https:\/\/www.brighigroup.com\/es\/wp-json\/wp\/v2\/types\/product"}],"wp:featuredmedia":[{"embeddable":true,"href":"https:\/\/www.brighigroup.com\/es\/wp-json\/wp\/v2\/media\/6206"}],"wp:attachment":[{"href":"https:\/\/www.brighigroup.com\/es\/wp-json\/wp\/v2\/media?parent=6435"}],"wp:term":[{"taxonomy":"product_cat","embeddable":true,"href":"https:\/\/www.brighigroup.com\/es\/wp-json\/wp\/v2\/product_cat?post=6435"},{"taxonomy":"product_tag","embeddable":true,"href":"https:\/\/www.brighigroup.com\/es\/wp-json\/wp\/v2\/product_tag?post=6435"}],"curies":[{"name":"wp","href":"https:\/\/api.w.org\/{rel}","templated":true}]}}