{"id":6434,"date":"2022-02-01T09:00:35","date_gmt":"2021-11-17T13:53:35","guid":{"rendered":"https:\/\/www.brighigroup.com\/machine\/ep-400\/"},"modified":"2024-05-14T14:49:12","modified_gmt":"2024-05-14T12:49:12","slug":"ep-400","status":"publish","type":"product","link":"https:\/\/www.brighigroup.com\/es\/machine\/ep-400\/","title":{"rendered":"EP-400 EASY PILLOW"},"content":{"rendered":"<h2>Sistema semiautom\u00e1tico de enfudado y cosido para almohadas<\/h2>\n<p>EP-400 Easy Pillow es un <strong>sistema semiautom\u00e1tico de enfundado y cosido para cojines y almohadas de fibra cardada enrollada<\/strong>. El proceso comienza con la alimentaci\u00f3n de la fibra enrollada que puede efectuarse de forma manual o provenir de la m\u00e1quina enrolladora mod. <a href=\"https:\/\/www.brighigroup.com\/es\/machine\/rm-100\/\">RM-100<\/a>, o en el caso de guata con n\u00facleo de poliuretano u otro material, el producto se alimenta manualmente coloc\u00e1ndolo en la cinta de alimentaci\u00f3n.<\/p>\n<p><strong>Un operador coloca la funda en las cintas de la enfundadora<\/strong> y <strong>la fibra enrollada llega mediante la cinta de alimentaci\u00f3n y es introducida en la funda<\/strong>. Ahora, todo el grupo de las horquillas avanza hacia la zona de cosido donde se libera el coj\u00edn en las cintas de transferencia. La almohada llega a la estaci\u00f3n de cosido donde se coser\u00e1 y etiquetar\u00e1 y luego se descarga para los siguientes pasos del proceso. Los par\u00e1metros de la m\u00e1quina se pueden configurar f\u00e1cilmente en la pantalla t\u00e1ctil con software intuitivo.<\/p>\n<p>La configuraci\u00f3n base se suministra con 1 estaci\u00f3n de cosido de tipo overlock; para lograr una producci\u00f3n ininterrumpida, se puede incorporar una segunda estaci\u00f3n de cosido que act\u00faa de respaldo en caso de parada de la m\u00e1quina debido a carga de materiales (rollos de etiquetas o hilo): <strong>la estaci\u00f3n de cosido de respaldo interviene de forma aut\u00f3noma<\/strong>, sustituyendo autom\u00e1ticamente la primera estaci\u00f3n.<\/p>\n<p>&nbsp;<\/p>\n<p><iframe title=\"Semi-automatic Pillow Stuffing, Sewing and Labelling Machine mod. EP-400 EASY PILLOW\" width=\"800\" height=\"450\" src=\"https:\/\/www.youtube-nocookie.com\/embed\/LrDamlPK5zE?feature=oembed\" frameborder=\"0\" allow=\"accelerometer; autoplay; clipboard-write; encrypted-media; gyroscope; picture-in-picture\" allowfullscreen><\/iframe><\/p>\n<p><iframe title=\"Fully Automatic Line for Carded Pillows\" width=\"800\" height=\"450\" src=\"https:\/\/www.youtube-nocookie.com\/embed\/xxrClJeTOmo?feature=oembed\" frameborder=\"0\" allow=\"accelerometer; autoplay; clipboard-write; encrypted-media; gyroscope; picture-in-picture\" allowfullscreen><\/iframe><\/p>\n<p>&nbsp;<\/p>\n<p><strong>LO QUE SE PUEDE LLENAR<\/strong><\/p>\n<p>Cojines, almohadas<\/p>\n<p><strong>MATERIALES DE LLENADO QUE SE PUEDEN UTILIZAR<\/strong><\/p>\n<p>Guata de fibra cardada enrollada, nucleo de poliuretano<\/p>\n<p><strong>PUNTOS FUERTES<\/strong><\/p>\n<ul>\n<li><strong>Reducci\u00f3n de costes de mano de obra: <\/strong>es necesario un \u00fanico operador para cargar la funda y controlar las funcionalidades si fuese necesario.<\/li>\n<li><strong>Gesti\u00f3n simplificada: <\/strong>panel de control para la gesti\u00f3n autom\u00e1tica de todos los par\u00e1metros y ajustes mec\u00e1nicos, con introducci\u00f3n y gesti\u00f3n de las recetas con las caracter\u00edsticas del producto.<\/li>\n<li><strong>Flexibilidad: <\/strong>la m\u00e1quina procesa una amplia gama de materiales y fundas sin necesidad de ajustes mec\u00e1nicos.<\/li>\n<li><strong>Actualizaci\u00f3n a la versi\u00f3n XL <\/strong>para gestionar una amplia gama de productos (hasta 140cm \/ 55in de longitud).<\/li>\n<\/ul>\n","protected":false},"excerpt":{"rendered":"<h6>Sistema semiautom\u00e1tico de enfudado, cosido y etiquetado para almohadas<\/h6>\n","protected":false},"featured_media":6202,"template":"","meta":{"_acf_changed":false},"product_cat":[144,145,131,133],"product_tag":[310,302],"class_list":{"0":"post-6434","1":"product","2":"type-product","3":"status-publish","4":"has-post-thumbnail","6":"product_cat-costura","7":"product_cat-enfundado","8":"product_cat-linea-de-almohadas-cardadas","9":"product_cat-linea-de-almohadas-de-latex-almohdas-de-espuma-y-de-espuma-triturada","10":"product_tag-almohadas-de-espuma-y-latex","11":"product_tag-almohadas-y-cojines-de-fibra-cardada-enrollada","13":"first","14":"instock","15":"shipping-taxable","16":"product-type-simple"},"acf":[],"yoast_head":"<!-- This site is optimized with the Yoast SEO plugin v24.2 - https:\/\/yoast.com\/wordpress\/plugins\/seo\/ -->\n<title>Sistema semiautom\u00e1tico de enfudado, y cosido - Brighi Group<\/title>\n<meta name=\"description\" content=\"EP-400 Easy Pillow es un sistema semiautom\u00e1tico de enfudado y cosido para cojines y almohadas de fibra cardada enrollada.\" \/>\n<meta name=\"robots\" content=\"index, follow, max-snippet:-1, max-image-preview:large, max-video-preview:-1\" \/>\n<link rel=\"canonical\" href=\"https:\/\/www.brighigroup.com\/es\/machine\/ep-400\/\" \/>\n<meta property=\"og:locale\" content=\"es_ES\" \/>\n<meta property=\"og:type\" content=\"article\" \/>\n<meta property=\"og:title\" content=\"Sistema semiautom\u00e1tico de enfudado, y cosido - Brighi Group\" \/>\n<meta property=\"og:description\" content=\"EP-400 Easy Pillow es un sistema semiautom\u00e1tico de enfudado y cosido para cojines y almohadas de fibra cardada enrollada.\" \/>\n<meta property=\"og:url\" content=\"https:\/\/www.brighigroup.com\/es\/machine\/ep-400\/\" \/>\n<meta property=\"og:site_name\" content=\"Brighi Group\" \/>\n<meta property=\"article:modified_time\" content=\"2024-05-14T12:49:12+00:00\" \/>\n<meta property=\"og:image\" content=\"https:\/\/www.brighigroup.com\/wp-content\/uploads\/2021\/11\/EP-400-EASY-PILLOW.jpg\" \/>\n\t<meta property=\"og:image:width\" content=\"1920\" \/>\n\t<meta property=\"og:image:height\" content=\"1280\" \/>\n\t<meta property=\"og:image:type\" content=\"image\/jpeg\" \/>\n<meta name=\"twitter:card\" content=\"summary_large_image\" \/>\n<meta name=\"twitter:label1\" content=\"Tiempo de lectura\" \/>\n\t<meta name=\"twitter:data1\" content=\"2 minutos\" \/>\n<script type=\"application\/ld+json\" class=\"yoast-schema-graph\">{\"@context\":\"https:\/\/schema.org\",\"@graph\":[{\"@type\":\"WebPage\",\"@id\":\"https:\/\/www.brighigroup.com\/es\/machine\/ep-400\/\",\"url\":\"https:\/\/www.brighigroup.com\/es\/machine\/ep-400\/\",\"name\":\"Sistema semiautom\u00e1tico de enfudado, y cosido - Brighi Group\",\"isPartOf\":{\"@id\":\"https:\/\/www.brighigroup.com\/es\/#website\"},\"primaryImageOfPage\":{\"@id\":\"https:\/\/www.brighigroup.com\/es\/machine\/ep-400\/#primaryimage\"},\"image\":{\"@id\":\"https:\/\/www.brighigroup.com\/es\/machine\/ep-400\/#primaryimage\"},\"thumbnailUrl\":\"https:\/\/www.brighigroup.com\/wp-content\/uploads\/2021\/11\/EP-400-EASY-PILLOW.jpg\",\"datePublished\":\"2021-11-17T13:53:35+00:00\",\"dateModified\":\"2024-05-14T12:49:12+00:00\",\"description\":\"EP-400 Easy Pillow es un sistema semiautom\u00e1tico de enfudado y cosido para cojines y almohadas de fibra cardada enrollada.\",\"breadcrumb\":{\"@id\":\"https:\/\/www.brighigroup.com\/es\/machine\/ep-400\/#breadcrumb\"},\"inLanguage\":\"es\",\"potentialAction\":[{\"@type\":\"ReadAction\",\"target\":[\"https:\/\/www.brighigroup.com\/es\/machine\/ep-400\/\"]}]},{\"@type\":\"ImageObject\",\"inLanguage\":\"es\",\"@id\":\"https:\/\/www.brighigroup.com\/es\/machine\/ep-400\/#primaryimage\",\"url\":\"https:\/\/www.brighigroup.com\/wp-content\/uploads\/2021\/11\/EP-400-EASY-PILLOW.jpg\",\"contentUrl\":\"https:\/\/www.brighigroup.com\/wp-content\/uploads\/2021\/11\/EP-400-EASY-PILLOW.jpg\",\"width\":1920,\"height\":1280},{\"@type\":\"BreadcrumbList\",\"@id\":\"https:\/\/www.brighigroup.com\/es\/machine\/ep-400\/#breadcrumb\",\"itemListElement\":[{\"@type\":\"ListItem\",\"position\":1,\"name\":\"M\u00e1quinas\",\"item\":\"https:\/\/www.brighigroup.com\/es\/maquinas\/\"},{\"@type\":\"ListItem\",\"position\":2,\"name\":\"EP-400 EASY PILLOW\"}]},{\"@type\":\"WebSite\",\"@id\":\"https:\/\/www.brighigroup.com\/es\/#website\",\"url\":\"https:\/\/www.brighigroup.com\/es\/\",\"name\":\"Brighi Group\",\"description\":\"Home textile e di prodotti imbottiti per il design d&#039;arredo tramandando l&#039;innovazione come cultura d&#039;impresa.\",\"potentialAction\":[{\"@type\":\"SearchAction\",\"target\":{\"@type\":\"EntryPoint\",\"urlTemplate\":\"https:\/\/www.brighigroup.com\/es\/?s={search_term_string}\"},\"query-input\":{\"@type\":\"PropertyValueSpecification\",\"valueRequired\":true,\"valueName\":\"search_term_string\"}}],\"inLanguage\":\"es\"}]}<\/script>\n<!-- \/ Yoast SEO plugin. -->","yoast_head_json":{"title":"Sistema semiautom\u00e1tico de enfudado, y cosido - Brighi Group","description":"EP-400 Easy Pillow es un sistema semiautom\u00e1tico de enfudado y cosido para cojines y almohadas de fibra cardada enrollada.","robots":{"index":"index","follow":"follow","max-snippet":"max-snippet:-1","max-image-preview":"max-image-preview:large","max-video-preview":"max-video-preview:-1"},"canonical":"https:\/\/www.brighigroup.com\/es\/machine\/ep-400\/","og_locale":"es_ES","og_type":"article","og_title":"Sistema semiautom\u00e1tico de enfudado, y cosido - Brighi Group","og_description":"EP-400 Easy Pillow es un sistema semiautom\u00e1tico de enfudado y cosido para cojines y almohadas de fibra cardada enrollada.","og_url":"https:\/\/www.brighigroup.com\/es\/machine\/ep-400\/","og_site_name":"Brighi Group","article_modified_time":"2024-05-14T12:49:12+00:00","og_image":[{"width":1920,"height":1280,"url":"https:\/\/www.brighigroup.com\/wp-content\/uploads\/2021\/11\/EP-400-EASY-PILLOW.jpg","type":"image\/jpeg"}],"twitter_card":"summary_large_image","twitter_misc":{"Tiempo de lectura":"2 minutos"},"schema":{"@context":"https:\/\/schema.org","@graph":[{"@type":"WebPage","@id":"https:\/\/www.brighigroup.com\/es\/machine\/ep-400\/","url":"https:\/\/www.brighigroup.com\/es\/machine\/ep-400\/","name":"Sistema semiautom\u00e1tico de enfudado, y cosido - Brighi Group","isPartOf":{"@id":"https:\/\/www.brighigroup.com\/es\/#website"},"primaryImageOfPage":{"@id":"https:\/\/www.brighigroup.com\/es\/machine\/ep-400\/#primaryimage"},"image":{"@id":"https:\/\/www.brighigroup.com\/es\/machine\/ep-400\/#primaryimage"},"thumbnailUrl":"https:\/\/www.brighigroup.com\/wp-content\/uploads\/2021\/11\/EP-400-EASY-PILLOW.jpg","datePublished":"2021-11-17T13:53:35+00:00","dateModified":"2024-05-14T12:49:12+00:00","description":"EP-400 Easy Pillow es un sistema semiautom\u00e1tico de enfudado y cosido para cojines y almohadas de fibra cardada enrollada.","breadcrumb":{"@id":"https:\/\/www.brighigroup.com\/es\/machine\/ep-400\/#breadcrumb"},"inLanguage":"es","potentialAction":[{"@type":"ReadAction","target":["https:\/\/www.brighigroup.com\/es\/machine\/ep-400\/"]}]},{"@type":"ImageObject","inLanguage":"es","@id":"https:\/\/www.brighigroup.com\/es\/machine\/ep-400\/#primaryimage","url":"https:\/\/www.brighigroup.com\/wp-content\/uploads\/2021\/11\/EP-400-EASY-PILLOW.jpg","contentUrl":"https:\/\/www.brighigroup.com\/wp-content\/uploads\/2021\/11\/EP-400-EASY-PILLOW.jpg","width":1920,"height":1280},{"@type":"BreadcrumbList","@id":"https:\/\/www.brighigroup.com\/es\/machine\/ep-400\/#breadcrumb","itemListElement":[{"@type":"ListItem","position":1,"name":"M\u00e1quinas","item":"https:\/\/www.brighigroup.com\/es\/maquinas\/"},{"@type":"ListItem","position":2,"name":"EP-400 EASY PILLOW"}]},{"@type":"WebSite","@id":"https:\/\/www.brighigroup.com\/es\/#website","url":"https:\/\/www.brighigroup.com\/es\/","name":"Brighi Group","description":"Home textile e di prodotti imbottiti per il design d&#039;arredo tramandando l&#039;innovazione come cultura d&#039;impresa.","potentialAction":[{"@type":"SearchAction","target":{"@type":"EntryPoint","urlTemplate":"https:\/\/www.brighigroup.com\/es\/?s={search_term_string}"},"query-input":{"@type":"PropertyValueSpecification","valueRequired":true,"valueName":"search_term_string"}}],"inLanguage":"es"}]}},"_links":{"self":[{"href":"https:\/\/www.brighigroup.com\/es\/wp-json\/wp\/v2\/product\/6434","targetHints":{"allow":["GET"]}}],"collection":[{"href":"https:\/\/www.brighigroup.com\/es\/wp-json\/wp\/v2\/product"}],"about":[{"href":"https:\/\/www.brighigroup.com\/es\/wp-json\/wp\/v2\/types\/product"}],"wp:featuredmedia":[{"embeddable":true,"href":"https:\/\/www.brighigroup.com\/es\/wp-json\/wp\/v2\/media\/6202"}],"wp:attachment":[{"href":"https:\/\/www.brighigroup.com\/es\/wp-json\/wp\/v2\/media?parent=6434"}],"wp:term":[{"taxonomy":"product_cat","embeddable":true,"href":"https:\/\/www.brighigroup.com\/es\/wp-json\/wp\/v2\/product_cat?post=6434"},{"taxonomy":"product_tag","embeddable":true,"href":"https:\/\/www.brighigroup.com\/es\/wp-json\/wp\/v2\/product_tag?post=6434"}],"curies":[{"name":"wp","href":"https:\/\/api.w.org\/{rel}","templated":true}]}}