{"id":6432,"date":"2024-08-30T10:00:25","date_gmt":"2021-11-17T13:54:25","guid":{"rendered":"https:\/\/www.brighigroup.com\/machine\/er-400-easy-roll\/"},"modified":"2024-05-14T11:59:06","modified_gmt":"2024-05-14T09:59:06","slug":"er-400-easy-roll","status":"publish","type":"product","link":"https:\/\/www.brighigroup.com\/es\/machine\/er-400-easy-roll\/","title":{"rendered":"ER-400 EASY ROLL"},"content":{"rendered":"<h2>M\u00e1quina enrolladora semiautom\u00e1tica de almohadas<\/h2>\n<p><strong>M\u00e1quina enrolladra semiautom\u00e1tica de almohadas para el embalaje enrollado de almohadas<\/strong>. El producto entra en la m\u00e1quina por la cinta de alimentaci\u00f3n hasta que llega a la estaci\u00f3n de enrollado. La unidad de enrollado de tipo \u201crev\u00f3lver\u201d es el fulcro de la eficiencia de la m\u00e1quina: mientras una <strong>unidad enrolla el producto<\/strong>, la otra est\u00e1 en posici\u00f3n de expulsi\u00f3n para que <strong>la almohada enrollada se pueda embolsar<\/strong>.<\/p>\n<p><strong>El operador inserta la bolsa preformada<\/strong> que la m\u00e1quina expulsa, con dentro su almohada enrollada, lista para la fase de sellado.<\/p>\n<p>Descubre tambi\u00e9n la versi\u00f3n autom\u00e1tica de la m\u00e1quina: <a href=\"https:\/\/www.brighigroup.com\/es\/machine\/er-500-easy-roll\/\">ER-500<\/a><\/p>\n<p>&nbsp;<\/p>\n<p><iframe title=\"Semi-automatic Rollpackaging Machine mod. ER-400 EASY ROLL\" width=\"800\" height=\"450\" src=\"https:\/\/www.youtube-nocookie.com\/embed\/v7Sw1U_m4Bg?feature=oembed\" frameborder=\"0\" allow=\"accelerometer; autoplay; clipboard-write; encrypted-media; gyroscope; picture-in-picture\" allowfullscreen><\/iframe><\/p>\n<p><iframe title=\"PILLOW ROLLING MACHINE WITH MANUAL BAG POSITIONING\" width=\"800\" height=\"450\" src=\"https:\/\/www.youtube-nocookie.com\/embed\/QzVzYr7c-1k?feature=oembed\" frameborder=\"0\" allow=\"accelerometer; autoplay; clipboard-write; encrypted-media; gyroscope; picture-in-picture; web-share\" allowfullscreen><\/iframe><\/p>\n<p><strong>QU\u00c9 SE PUEDE EMBOLSAR<\/strong><\/p>\n<p>Cojines, almohadas, edredones, sacos de dormir<\/p>\n<p><strong>TIPOS DE BOLSAS<\/strong><\/p>\n<p>Bolsas individuales, cajas<\/p>\n<p><strong>PUNTOS FUERTES<\/strong><\/p>\n<ul>\n<li>Posibilidad de llenar tambi\u00e9n<strong> cajas y bolsas especiales<\/strong><\/li>\n<li><strong>Dispositivo de inserci\u00f3n de folleto<\/strong> dise\u00f1ado espec\u00edficamente para colocar el folleto sobre el coj\u00edn antes de enrollarlo tal y como exigen las marcas m\u00e1s importantes. Hay disponible una unidad de repuesto para lograr un aut\u00e9ntico proceso ininterrumpido.<\/li>\n<li><strong>Gesti\u00f3n simplificada: <\/strong>: panel de control con pantalla t\u00e1ctil para la gesti\u00f3n autom\u00e1tica de todos los par\u00e1metros y ajustes mec\u00e1nicos, con introducci\u00f3n y gesti\u00f3n de las recetas con las caracter\u00edsticas del producto\/material.<\/li>\n<li><strong>Flexibilidad: <\/strong>la m\u00e1quina procesa una amplia gama de materiales y bolsas sin necesidad de ajustes mec\u00e1nicos.<\/li>\n<li><strong>Cualquier material de llenado: <\/strong>no existen restricciones en cuanto al tipo de llenado de los cojines.<\/li>\n<\/ul>\n","protected":false},"excerpt":{"rendered":"<h6>M\u00e1quina enrolladora y embolsadora semiautom\u00e1tica<\/h6>\n","protected":false},"featured_media":6332,"template":"","meta":{"_acf_changed":false},"product_cat":[143,131,133,130,132,134],"product_tag":[310,302,305],"class_list":{"0":"post-6432","1":"product","2":"type-product","3":"status-publish","4":"has-post-thumbnail","6":"product_cat-embalaje","7":"product_cat-linea-de-almohadas-cardadas","8":"product_cat-linea-de-almohadas-de-latex-almohdas-de-espuma-y-de-espuma-triturada","9":"product_cat-linea-de-almohadas-sopladas","10":"product_cat-linea-de-cojines-decorativos-para-sillas-y-exterior","11":"product_cat-linea-de-edredones","12":"product_tag-almohadas-de-espuma-y-latex","13":"product_tag-almohadas-y-cojines-de-fibra-cardada-enrollada","14":"product_tag-almohadas-y-cojines-soplados","16":"first","17":"instock","18":"shipping-taxable","19":"product-type-simple"},"acf":[],"yoast_head":"<!-- This site is optimized with the Yoast SEO plugin v24.2 - https:\/\/yoast.com\/wordpress\/plugins\/seo\/ -->\n<title>M\u00e1quina enrolladora semiautom\u00e1tica para almohadas - Brighi Group<\/title>\n<meta name=\"description\" content=\"M\u00e1quina semiautom\u00e1tica para el embalaje enrollado de almohadas, edredones, sacos de dormir.\" \/>\n<meta name=\"robots\" content=\"index, follow, max-snippet:-1, max-image-preview:large, max-video-preview:-1\" \/>\n<link rel=\"canonical\" href=\"https:\/\/www.brighigroup.com\/es\/machine\/er-400-easy-roll\/\" \/>\n<meta property=\"og:locale\" content=\"es_ES\" \/>\n<meta property=\"og:type\" content=\"article\" \/>\n<meta property=\"og:title\" content=\"M\u00e1quina enrolladora semiautom\u00e1tica para almohadas - Brighi Group\" \/>\n<meta property=\"og:description\" content=\"M\u00e1quina semiautom\u00e1tica para el embalaje enrollado de almohadas, edredones, sacos de dormir.\" \/>\n<meta property=\"og:url\" content=\"https:\/\/www.brighigroup.com\/es\/machine\/er-400-easy-roll\/\" \/>\n<meta property=\"og:site_name\" content=\"Brighi Group\" \/>\n<meta property=\"article:modified_time\" content=\"2024-05-14T09:59:06+00:00\" \/>\n<meta property=\"og:image\" content=\"https:\/\/www.brighigroup.com\/wp-content\/uploads\/2021\/11\/ER-400-EASY-ROLL.png\" \/>\n\t<meta property=\"og:image:width\" content=\"1920\" \/>\n\t<meta property=\"og:image:height\" content=\"1280\" \/>\n\t<meta property=\"og:image:type\" content=\"image\/png\" \/>\n<meta name=\"twitter:card\" content=\"summary_large_image\" \/>\n<meta name=\"twitter:label1\" content=\"Tiempo de lectura\" \/>\n\t<meta name=\"twitter:data1\" content=\"1 minuto\" \/>\n<script type=\"application\/ld+json\" class=\"yoast-schema-graph\">{\"@context\":\"https:\/\/schema.org\",\"@graph\":[{\"@type\":\"WebPage\",\"@id\":\"https:\/\/www.brighigroup.com\/es\/machine\/er-400-easy-roll\/\",\"url\":\"https:\/\/www.brighigroup.com\/es\/machine\/er-400-easy-roll\/\",\"name\":\"M\u00e1quina enrolladora semiautom\u00e1tica para almohadas - Brighi Group\",\"isPartOf\":{\"@id\":\"https:\/\/www.brighigroup.com\/es\/#website\"},\"primaryImageOfPage\":{\"@id\":\"https:\/\/www.brighigroup.com\/es\/machine\/er-400-easy-roll\/#primaryimage\"},\"image\":{\"@id\":\"https:\/\/www.brighigroup.com\/es\/machine\/er-400-easy-roll\/#primaryimage\"},\"thumbnailUrl\":\"https:\/\/www.brighigroup.com\/wp-content\/uploads\/2021\/11\/ER-400-EASY-ROLL.png\",\"datePublished\":\"2021-11-17T13:54:25+00:00\",\"dateModified\":\"2024-05-14T09:59:06+00:00\",\"description\":\"M\u00e1quina semiautom\u00e1tica para el embalaje enrollado de almohadas, edredones, sacos de dormir.\",\"breadcrumb\":{\"@id\":\"https:\/\/www.brighigroup.com\/es\/machine\/er-400-easy-roll\/#breadcrumb\"},\"inLanguage\":\"es\",\"potentialAction\":[{\"@type\":\"ReadAction\",\"target\":[\"https:\/\/www.brighigroup.com\/es\/machine\/er-400-easy-roll\/\"]}]},{\"@type\":\"ImageObject\",\"inLanguage\":\"es\",\"@id\":\"https:\/\/www.brighigroup.com\/es\/machine\/er-400-easy-roll\/#primaryimage\",\"url\":\"https:\/\/www.brighigroup.com\/wp-content\/uploads\/2021\/11\/ER-400-EASY-ROLL.png\",\"contentUrl\":\"https:\/\/www.brighigroup.com\/wp-content\/uploads\/2021\/11\/ER-400-EASY-ROLL.png\",\"width\":1920,\"height\":1280},{\"@type\":\"BreadcrumbList\",\"@id\":\"https:\/\/www.brighigroup.com\/es\/machine\/er-400-easy-roll\/#breadcrumb\",\"itemListElement\":[{\"@type\":\"ListItem\",\"position\":1,\"name\":\"M\u00e1quinas\",\"item\":\"https:\/\/www.brighigroup.com\/es\/maquinas\/\"},{\"@type\":\"ListItem\",\"position\":2,\"name\":\"ER-400 EASY ROLL\"}]},{\"@type\":\"WebSite\",\"@id\":\"https:\/\/www.brighigroup.com\/es\/#website\",\"url\":\"https:\/\/www.brighigroup.com\/es\/\",\"name\":\"Brighi Group\",\"description\":\"Home textile e di prodotti imbottiti per il design d&#039;arredo tramandando l&#039;innovazione come cultura d&#039;impresa.\",\"potentialAction\":[{\"@type\":\"SearchAction\",\"target\":{\"@type\":\"EntryPoint\",\"urlTemplate\":\"https:\/\/www.brighigroup.com\/es\/?s={search_term_string}\"},\"query-input\":{\"@type\":\"PropertyValueSpecification\",\"valueRequired\":true,\"valueName\":\"search_term_string\"}}],\"inLanguage\":\"es\"}]}<\/script>\n<!-- \/ Yoast SEO plugin. -->","yoast_head_json":{"title":"M\u00e1quina enrolladora semiautom\u00e1tica para almohadas - Brighi Group","description":"M\u00e1quina semiautom\u00e1tica para el embalaje enrollado de almohadas, edredones, sacos de dormir.","robots":{"index":"index","follow":"follow","max-snippet":"max-snippet:-1","max-image-preview":"max-image-preview:large","max-video-preview":"max-video-preview:-1"},"canonical":"https:\/\/www.brighigroup.com\/es\/machine\/er-400-easy-roll\/","og_locale":"es_ES","og_type":"article","og_title":"M\u00e1quina enrolladora semiautom\u00e1tica para almohadas - Brighi Group","og_description":"M\u00e1quina semiautom\u00e1tica para el embalaje enrollado de almohadas, edredones, sacos de dormir.","og_url":"https:\/\/www.brighigroup.com\/es\/machine\/er-400-easy-roll\/","og_site_name":"Brighi Group","article_modified_time":"2024-05-14T09:59:06+00:00","og_image":[{"width":1920,"height":1280,"url":"https:\/\/www.brighigroup.com\/wp-content\/uploads\/2021\/11\/ER-400-EASY-ROLL.png","type":"image\/png"}],"twitter_card":"summary_large_image","twitter_misc":{"Tiempo de lectura":"1 minuto"},"schema":{"@context":"https:\/\/schema.org","@graph":[{"@type":"WebPage","@id":"https:\/\/www.brighigroup.com\/es\/machine\/er-400-easy-roll\/","url":"https:\/\/www.brighigroup.com\/es\/machine\/er-400-easy-roll\/","name":"M\u00e1quina enrolladora semiautom\u00e1tica para almohadas - Brighi Group","isPartOf":{"@id":"https:\/\/www.brighigroup.com\/es\/#website"},"primaryImageOfPage":{"@id":"https:\/\/www.brighigroup.com\/es\/machine\/er-400-easy-roll\/#primaryimage"},"image":{"@id":"https:\/\/www.brighigroup.com\/es\/machine\/er-400-easy-roll\/#primaryimage"},"thumbnailUrl":"https:\/\/www.brighigroup.com\/wp-content\/uploads\/2021\/11\/ER-400-EASY-ROLL.png","datePublished":"2021-11-17T13:54:25+00:00","dateModified":"2024-05-14T09:59:06+00:00","description":"M\u00e1quina semiautom\u00e1tica para el embalaje enrollado de almohadas, edredones, sacos de dormir.","breadcrumb":{"@id":"https:\/\/www.brighigroup.com\/es\/machine\/er-400-easy-roll\/#breadcrumb"},"inLanguage":"es","potentialAction":[{"@type":"ReadAction","target":["https:\/\/www.brighigroup.com\/es\/machine\/er-400-easy-roll\/"]}]},{"@type":"ImageObject","inLanguage":"es","@id":"https:\/\/www.brighigroup.com\/es\/machine\/er-400-easy-roll\/#primaryimage","url":"https:\/\/www.brighigroup.com\/wp-content\/uploads\/2021\/11\/ER-400-EASY-ROLL.png","contentUrl":"https:\/\/www.brighigroup.com\/wp-content\/uploads\/2021\/11\/ER-400-EASY-ROLL.png","width":1920,"height":1280},{"@type":"BreadcrumbList","@id":"https:\/\/www.brighigroup.com\/es\/machine\/er-400-easy-roll\/#breadcrumb","itemListElement":[{"@type":"ListItem","position":1,"name":"M\u00e1quinas","item":"https:\/\/www.brighigroup.com\/es\/maquinas\/"},{"@type":"ListItem","position":2,"name":"ER-400 EASY ROLL"}]},{"@type":"WebSite","@id":"https:\/\/www.brighigroup.com\/es\/#website","url":"https:\/\/www.brighigroup.com\/es\/","name":"Brighi Group","description":"Home textile e di prodotti imbottiti per il design d&#039;arredo tramandando l&#039;innovazione come cultura d&#039;impresa.","potentialAction":[{"@type":"SearchAction","target":{"@type":"EntryPoint","urlTemplate":"https:\/\/www.brighigroup.com\/es\/?s={search_term_string}"},"query-input":{"@type":"PropertyValueSpecification","valueRequired":true,"valueName":"search_term_string"}}],"inLanguage":"es"}]}},"_links":{"self":[{"href":"https:\/\/www.brighigroup.com\/es\/wp-json\/wp\/v2\/product\/6432","targetHints":{"allow":["GET"]}}],"collection":[{"href":"https:\/\/www.brighigroup.com\/es\/wp-json\/wp\/v2\/product"}],"about":[{"href":"https:\/\/www.brighigroup.com\/es\/wp-json\/wp\/v2\/types\/product"}],"wp:featuredmedia":[{"embeddable":true,"href":"https:\/\/www.brighigroup.com\/es\/wp-json\/wp\/v2\/media\/6332"}],"wp:attachment":[{"href":"https:\/\/www.brighigroup.com\/es\/wp-json\/wp\/v2\/media?parent=6432"}],"wp:term":[{"taxonomy":"product_cat","embeddable":true,"href":"https:\/\/www.brighigroup.com\/es\/wp-json\/wp\/v2\/product_cat?post=6432"},{"taxonomy":"product_tag","embeddable":true,"href":"https:\/\/www.brighigroup.com\/es\/wp-json\/wp\/v2\/product_tag?post=6432"}],"curies":[{"name":"wp","href":"https:\/\/api.w.org\/{rel}","templated":true}]}}