{"id":6431,"date":"2021-12-01T10:00:31","date_gmt":"2021-11-30T09:12:31","guid":{"rendered":"https:\/\/www.brighigroup.com\/machine\/hl-500\/"},"modified":"2024-05-14T15:07:29","modified_gmt":"2024-05-14T13:07:29","slug":"hl-500","status":"publish","type":"product","link":"https:\/\/www.brighigroup.com\/es\/machine\/hl-500\/","title":{"rendered":"HL-500"},"content":{"rendered":"<h2>Cargador de balas de fibra<\/h2>\n<p>El HL-500 es un <strong>cargador de balas de fibra<\/strong>. La cinta de carga puede transportar <strong>una bala a la vez<\/strong> para permitir una alimentaci\u00f3n continua de material. La cinta transportadora horizontal asegura un suministro de fibra uniforme al transportador clavado inclinado que rompe aproximadamente la bala y alimenta la tolva montada para el procesamiento ulterior llevado a cabo por el equipo de apertura siguiente. El panel de control permite ajustar la velocidad del transportador y por lo tanto el paso a los abridores de fibra.<\/p>\n<p>El cargador de balas de fibra puede <strong>conectarse a una abridora de fibra<\/strong> <a href=\"https:\/\/www.brighigroup.com\/es\/machine\/of-550\/\">OF-550<\/a>.<\/p>\n<p><strong>QU\u00c9 SE PUEDE CARGAR Y ROMPER<\/strong><\/p>\n<p>Balas de fibra de poli\u00e9ster y microfibra, virgin y reciclada, hueca, conjugada, seca, siliconada<\/p>\n<p><strong>PUNTOS FUERTES<\/strong><\/p>\n<ul>\n<li><strong>Gesti\u00f3n electr\u00f3nica: <\/strong>a trav\u00e9s de la pantalla t\u00e1ctil integrada en la m\u00e1quina, es posible controlar los par\u00e1metros de velocidad y avance de las cintas y, de tal forma, regular el caudal de la m\u00e1quina.<br \/>\nFlexibilidad: la m\u00e1quina gestiona una amplia gama de fibras sin necesidad de ajustes mec\u00e1nicos.<\/li>\n<li><strong>Flexibilidad:<\/strong> la m\u00e1quina gestiona una amplia gama de fibras sin necesidad de ajustes mec\u00e1nicos.<\/li>\n<li><strong>Sin operador<\/strong> no es necesaria la presencia de un operador una vez cargada la bala \u2013 Modo de avance r\u00e1pido para mover la bala hacia la cinta clavada inclinada para el desguace.<\/li>\n<li><strong>Limpieza f\u00e1cil: <\/strong>para el cambio de material: la cinta puede funcionar al rev\u00e9s para facilitar la limpieza y la eliminaci\u00f3n de material en caso de cambio de fibra.<\/li>\n<\/ul>\n","protected":false},"excerpt":{"rendered":"<h6>Cargador y rompedor de balas de fibra<\/h6>\n","protected":false},"featured_media":6128,"template":"","meta":{"_acf_changed":false},"product_cat":[135,130,132,134,137,136,146],"product_tag":[305],"class_list":{"0":"post-6431","1":"product","2":"type-product","3":"status-publish","4":"has-post-thumbnail","6":"product_cat-linea-de-acolchados-para-sofas","7":"product_cat-linea-de-almohadas-sopladas","8":"product_cat-linea-de-cojines-decorativos-para-sillas-y-exterior","9":"product_cat-linea-de-edredones","10":"product_cat-linea-de-llenado-para-juguetes-cama-de-mascotas-varios-articulos-acolchados","11":"product_cat-linea-de-procesamiento-de-materias-primas-y-reciclaje-de-residuos","12":"product_cat-procesamiento-de-las-materias-primas","13":"product_tag-almohadas-y-cojines-soplados","15":"first","16":"instock","17":"shipping-taxable","18":"product-type-simple"},"acf":[],"yoast_head":"<!-- This site is optimized with the Yoast SEO plugin v24.2 - https:\/\/yoast.com\/wordpress\/plugins\/seo\/ -->\n<title>Cargador de balas de fibra - Brighi Group<\/title>\n<meta name=\"description\" content=\"Cargador de balas de fibra de poli\u00e9ster y microfibra, virgin y reciclada, hueca, conjugada, seca. La cinta de carga puede transportar una bala a la vez.\" \/>\n<meta name=\"robots\" content=\"index, follow, max-snippet:-1, max-image-preview:large, max-video-preview:-1\" \/>\n<link rel=\"canonical\" href=\"https:\/\/www.brighigroup.com\/es\/machine\/hl-500\/\" \/>\n<meta property=\"og:locale\" content=\"es_ES\" \/>\n<meta property=\"og:type\" content=\"article\" \/>\n<meta property=\"og:title\" content=\"Cargador de balas de fibra - Brighi Group\" \/>\n<meta property=\"og:description\" content=\"Cargador de balas de fibra de poli\u00e9ster y microfibra, virgin y reciclada, hueca, conjugada, seca. La cinta de carga puede transportar una bala a la vez.\" \/>\n<meta property=\"og:url\" content=\"https:\/\/www.brighigroup.com\/es\/machine\/hl-500\/\" \/>\n<meta property=\"og:site_name\" content=\"Brighi Group\" \/>\n<meta property=\"article:modified_time\" content=\"2024-05-14T13:07:29+00:00\" \/>\n<meta property=\"og:image\" content=\"https:\/\/www.brighigroup.com\/wp-content\/uploads\/2021\/11\/HL-500.jpg\" \/>\n\t<meta property=\"og:image:width\" content=\"1920\" \/>\n\t<meta property=\"og:image:height\" content=\"1280\" \/>\n\t<meta property=\"og:image:type\" content=\"image\/jpeg\" \/>\n<meta name=\"twitter:card\" content=\"summary_large_image\" \/>\n<meta name=\"twitter:label1\" content=\"Tiempo de lectura\" \/>\n\t<meta name=\"twitter:data1\" content=\"1 minuto\" \/>\n<script type=\"application\/ld+json\" class=\"yoast-schema-graph\">{\"@context\":\"https:\/\/schema.org\",\"@graph\":[{\"@type\":\"WebPage\",\"@id\":\"https:\/\/www.brighigroup.com\/es\/machine\/hl-500\/\",\"url\":\"https:\/\/www.brighigroup.com\/es\/machine\/hl-500\/\",\"name\":\"Cargador de balas de fibra - Brighi Group\",\"isPartOf\":{\"@id\":\"https:\/\/www.brighigroup.com\/es\/#website\"},\"primaryImageOfPage\":{\"@id\":\"https:\/\/www.brighigroup.com\/es\/machine\/hl-500\/#primaryimage\"},\"image\":{\"@id\":\"https:\/\/www.brighigroup.com\/es\/machine\/hl-500\/#primaryimage\"},\"thumbnailUrl\":\"https:\/\/www.brighigroup.com\/wp-content\/uploads\/2021\/11\/HL-500.jpg\",\"datePublished\":\"2021-11-30T09:12:31+00:00\",\"dateModified\":\"2024-05-14T13:07:29+00:00\",\"description\":\"Cargador de balas de fibra de poli\u00e9ster y microfibra, virgin y reciclada, hueca, conjugada, seca. La cinta de carga puede transportar una bala a la vez.\",\"breadcrumb\":{\"@id\":\"https:\/\/www.brighigroup.com\/es\/machine\/hl-500\/#breadcrumb\"},\"inLanguage\":\"es\",\"potentialAction\":[{\"@type\":\"ReadAction\",\"target\":[\"https:\/\/www.brighigroup.com\/es\/machine\/hl-500\/\"]}]},{\"@type\":\"ImageObject\",\"inLanguage\":\"es\",\"@id\":\"https:\/\/www.brighigroup.com\/es\/machine\/hl-500\/#primaryimage\",\"url\":\"https:\/\/www.brighigroup.com\/wp-content\/uploads\/2021\/11\/HL-500.jpg\",\"contentUrl\":\"https:\/\/www.brighigroup.com\/wp-content\/uploads\/2021\/11\/HL-500.jpg\",\"width\":1920,\"height\":1280},{\"@type\":\"BreadcrumbList\",\"@id\":\"https:\/\/www.brighigroup.com\/es\/machine\/hl-500\/#breadcrumb\",\"itemListElement\":[{\"@type\":\"ListItem\",\"position\":1,\"name\":\"M\u00e1quinas\",\"item\":\"https:\/\/www.brighigroup.com\/es\/maquinas\/\"},{\"@type\":\"ListItem\",\"position\":2,\"name\":\"HL-500\"}]},{\"@type\":\"WebSite\",\"@id\":\"https:\/\/www.brighigroup.com\/es\/#website\",\"url\":\"https:\/\/www.brighigroup.com\/es\/\",\"name\":\"Brighi Group\",\"description\":\"Home textile e di prodotti imbottiti per il design d&#039;arredo tramandando l&#039;innovazione come cultura d&#039;impresa.\",\"potentialAction\":[{\"@type\":\"SearchAction\",\"target\":{\"@type\":\"EntryPoint\",\"urlTemplate\":\"https:\/\/www.brighigroup.com\/es\/?s={search_term_string}\"},\"query-input\":{\"@type\":\"PropertyValueSpecification\",\"valueRequired\":true,\"valueName\":\"search_term_string\"}}],\"inLanguage\":\"es\"}]}<\/script>\n<!-- \/ Yoast SEO plugin. -->","yoast_head_json":{"title":"Cargador de balas de fibra - Brighi Group","description":"Cargador de balas de fibra de poli\u00e9ster y microfibra, virgin y reciclada, hueca, conjugada, seca. La cinta de carga puede transportar una bala a la vez.","robots":{"index":"index","follow":"follow","max-snippet":"max-snippet:-1","max-image-preview":"max-image-preview:large","max-video-preview":"max-video-preview:-1"},"canonical":"https:\/\/www.brighigroup.com\/es\/machine\/hl-500\/","og_locale":"es_ES","og_type":"article","og_title":"Cargador de balas de fibra - Brighi Group","og_description":"Cargador de balas de fibra de poli\u00e9ster y microfibra, virgin y reciclada, hueca, conjugada, seca. La cinta de carga puede transportar una bala a la vez.","og_url":"https:\/\/www.brighigroup.com\/es\/machine\/hl-500\/","og_site_name":"Brighi Group","article_modified_time":"2024-05-14T13:07:29+00:00","og_image":[{"width":1920,"height":1280,"url":"https:\/\/www.brighigroup.com\/wp-content\/uploads\/2021\/11\/HL-500.jpg","type":"image\/jpeg"}],"twitter_card":"summary_large_image","twitter_misc":{"Tiempo de lectura":"1 minuto"},"schema":{"@context":"https:\/\/schema.org","@graph":[{"@type":"WebPage","@id":"https:\/\/www.brighigroup.com\/es\/machine\/hl-500\/","url":"https:\/\/www.brighigroup.com\/es\/machine\/hl-500\/","name":"Cargador de balas de fibra - Brighi Group","isPartOf":{"@id":"https:\/\/www.brighigroup.com\/es\/#website"},"primaryImageOfPage":{"@id":"https:\/\/www.brighigroup.com\/es\/machine\/hl-500\/#primaryimage"},"image":{"@id":"https:\/\/www.brighigroup.com\/es\/machine\/hl-500\/#primaryimage"},"thumbnailUrl":"https:\/\/www.brighigroup.com\/wp-content\/uploads\/2021\/11\/HL-500.jpg","datePublished":"2021-11-30T09:12:31+00:00","dateModified":"2024-05-14T13:07:29+00:00","description":"Cargador de balas de fibra de poli\u00e9ster y microfibra, virgin y reciclada, hueca, conjugada, seca. La cinta de carga puede transportar una bala a la vez.","breadcrumb":{"@id":"https:\/\/www.brighigroup.com\/es\/machine\/hl-500\/#breadcrumb"},"inLanguage":"es","potentialAction":[{"@type":"ReadAction","target":["https:\/\/www.brighigroup.com\/es\/machine\/hl-500\/"]}]},{"@type":"ImageObject","inLanguage":"es","@id":"https:\/\/www.brighigroup.com\/es\/machine\/hl-500\/#primaryimage","url":"https:\/\/www.brighigroup.com\/wp-content\/uploads\/2021\/11\/HL-500.jpg","contentUrl":"https:\/\/www.brighigroup.com\/wp-content\/uploads\/2021\/11\/HL-500.jpg","width":1920,"height":1280},{"@type":"BreadcrumbList","@id":"https:\/\/www.brighigroup.com\/es\/machine\/hl-500\/#breadcrumb","itemListElement":[{"@type":"ListItem","position":1,"name":"M\u00e1quinas","item":"https:\/\/www.brighigroup.com\/es\/maquinas\/"},{"@type":"ListItem","position":2,"name":"HL-500"}]},{"@type":"WebSite","@id":"https:\/\/www.brighigroup.com\/es\/#website","url":"https:\/\/www.brighigroup.com\/es\/","name":"Brighi Group","description":"Home textile e di prodotti imbottiti per il design d&#039;arredo tramandando l&#039;innovazione come cultura d&#039;impresa.","potentialAction":[{"@type":"SearchAction","target":{"@type":"EntryPoint","urlTemplate":"https:\/\/www.brighigroup.com\/es\/?s={search_term_string}"},"query-input":{"@type":"PropertyValueSpecification","valueRequired":true,"valueName":"search_term_string"}}],"inLanguage":"es"}]}},"_links":{"self":[{"href":"https:\/\/www.brighigroup.com\/es\/wp-json\/wp\/v2\/product\/6431","targetHints":{"allow":["GET"]}}],"collection":[{"href":"https:\/\/www.brighigroup.com\/es\/wp-json\/wp\/v2\/product"}],"about":[{"href":"https:\/\/www.brighigroup.com\/es\/wp-json\/wp\/v2\/types\/product"}],"wp:featuredmedia":[{"embeddable":true,"href":"https:\/\/www.brighigroup.com\/es\/wp-json\/wp\/v2\/media\/6128"}],"wp:attachment":[{"href":"https:\/\/www.brighigroup.com\/es\/wp-json\/wp\/v2\/media?parent=6431"}],"wp:term":[{"taxonomy":"product_cat","embeddable":true,"href":"https:\/\/www.brighigroup.com\/es\/wp-json\/wp\/v2\/product_cat?post=6431"},{"taxonomy":"product_tag","embeddable":true,"href":"https:\/\/www.brighigroup.com\/es\/wp-json\/wp\/v2\/product_tag?post=6431"}],"curies":[{"name":"wp","href":"https:\/\/api.w.org\/{rel}","templated":true}]}}