{"id":6430,"date":"2021-12-01T12:00:20","date_gmt":"2021-11-30T09:11:20","guid":{"rendered":"https:\/\/www.brighigroup.com\/machine\/hl-1500\/"},"modified":"2024-05-14T15:12:58","modified_gmt":"2024-05-14T13:12:58","slug":"hl-1500","status":"publish","type":"product","link":"https:\/\/www.brighigroup.com\/es\/machine\/hl-1500\/","title":{"rendered":"HL-1500"},"content":{"rendered":"<h2>Cargador robusto de balas de fibra<\/h2>\n<p>HL-1500 es un <strong>cargador robusto de balas de fibra<\/strong>. La cinta de carga puede albergar<strong> hasta 2 balas<\/strong> de tama\u00f1o est\u00e1ndar y permite la alimentaci\u00f3n continua de las m\u00e1quinas siguientes. La cinta horizontal garantiza el avance continuo y homog\u00e9neo del material hacia la cinta clavada inclinada rompe aproximadamente la bala y transporta mechas de fibra hacia la tolva, para alimentar la m\u00e1quina siguiente.<\/p>\n<p>Se pueden instalar <strong>cintas adicionales opcionales para cargar hasta 3 balas<\/strong> y diferentes tipos de tolva, seg\u00fan sean las necesidades.<\/p>\n<p>El cargador de balas de fibra puede <strong>conectarse a un m\u00e1ximo de tres abridores<\/strong> de fibra Mod. <a href=\"https:\/\/www.brighigroup.com\/es\/machine\/of-550\/\">OF-550<\/a>.<\/p>\n<p>El panel de control permite controlar los par\u00e1metros de velocidad y avance de las cintas y, de tal forma, regular el caudal de la m\u00e1quina.<\/p>\n<p><strong>LO QUE SE PUEDE CARGAR<\/strong><\/p>\n<p>Balas de Fibra de Poli\u00e9ster y Microfibra, Virgin y Reciclada, Hueca, Conjugada, Seca, Siliconada<\/p>\n<p><strong>PUNTOS FUERTES<\/strong><\/p>\n<ul>\n<li><strong>Gesti\u00f3n electr\u00f3nica: <\/strong>mediante el panel de control de la m\u00e1quina es posible gestionar autom\u00e1ticamente todos los par\u00e1metros y ajustes mec\u00e1nicos.<\/li>\n<li><strong>Flexibilidad:<\/strong> la m\u00e1quina gestiona una amplia gama de fibras sin necesidad de ajustes mec\u00e1nicos.<\/li>\n<li><strong>Sin operador <\/strong>no es necesaria la presencia de un operador una vez cargada la bala \u2013 Modo de avance r\u00e1pido para mover la bala hacia la cinta clavada inclinada para el desguace<\/li>\n<li><strong>Limpieza f\u00e1cil en caso de cambio de material:<\/strong> la cinta horizontal puede funcionar al rev\u00e9s para facilitar la limpieza y la eliminaci\u00f3n de material en caso de cambio de fibra.<\/li>\n<\/ul>\n","protected":false},"excerpt":{"rendered":"<h6>Cargador robusto de balas de fibra<\/h6>\n","protected":false},"featured_media":6129,"template":"","meta":{"_acf_changed":false},"product_cat":[135,130,132,134,137,136,146],"product_tag":[305],"class_list":{"0":"post-6430","1":"product","2":"type-product","3":"status-publish","4":"has-post-thumbnail","6":"product_cat-linea-de-acolchados-para-sofas","7":"product_cat-linea-de-almohadas-sopladas","8":"product_cat-linea-de-cojines-decorativos-para-sillas-y-exterior","9":"product_cat-linea-de-edredones","10":"product_cat-linea-de-llenado-para-juguetes-cama-de-mascotas-varios-articulos-acolchados","11":"product_cat-linea-de-procesamiento-de-materias-primas-y-reciclaje-de-residuos","12":"product_cat-procesamiento-de-las-materias-primas","13":"product_tag-almohadas-y-cojines-soplados","15":"first","16":"instock","17":"shipping-taxable","18":"product-type-simple"},"acf":[],"yoast_head":"<!-- This site is optimized with the Yoast SEO plugin v24.2 - https:\/\/yoast.com\/wordpress\/plugins\/seo\/ -->\n<title>Cargador robusto de balas de fibra - Brighi Group<\/title>\n<meta name=\"description\" content=\"La m\u00e1quina HL-1500 es un cargador robusto de balas de fibra: la cinta de carga puede procesar hasta dos balas de fibra a la vez.\" \/>\n<meta name=\"robots\" content=\"index, follow, max-snippet:-1, max-image-preview:large, max-video-preview:-1\" \/>\n<link rel=\"canonical\" href=\"https:\/\/www.brighigroup.com\/es\/machine\/hl-1500\/\" \/>\n<meta property=\"og:locale\" content=\"es_ES\" \/>\n<meta property=\"og:type\" content=\"article\" \/>\n<meta property=\"og:title\" content=\"Cargador robusto de balas de fibra - Brighi Group\" \/>\n<meta property=\"og:description\" content=\"La m\u00e1quina HL-1500 es un cargador robusto de balas de fibra: la cinta de carga puede procesar hasta dos balas de fibra a la vez.\" \/>\n<meta property=\"og:url\" content=\"https:\/\/www.brighigroup.com\/es\/machine\/hl-1500\/\" \/>\n<meta property=\"og:site_name\" content=\"Brighi Group\" \/>\n<meta property=\"article:modified_time\" content=\"2024-05-14T13:12:58+00:00\" \/>\n<meta property=\"og:image\" content=\"https:\/\/www.brighigroup.com\/wp-content\/uploads\/2021\/11\/HL-1500.jpg\" \/>\n\t<meta property=\"og:image:width\" content=\"1920\" \/>\n\t<meta property=\"og:image:height\" content=\"1280\" \/>\n\t<meta property=\"og:image:type\" content=\"image\/jpeg\" \/>\n<meta name=\"twitter:card\" content=\"summary_large_image\" \/>\n<meta name=\"twitter:label1\" content=\"Tiempo de lectura\" \/>\n\t<meta name=\"twitter:data1\" content=\"1 minuto\" \/>\n<script type=\"application\/ld+json\" class=\"yoast-schema-graph\">{\"@context\":\"https:\/\/schema.org\",\"@graph\":[{\"@type\":\"WebPage\",\"@id\":\"https:\/\/www.brighigroup.com\/es\/machine\/hl-1500\/\",\"url\":\"https:\/\/www.brighigroup.com\/es\/machine\/hl-1500\/\",\"name\":\"Cargador robusto de balas de fibra - Brighi Group\",\"isPartOf\":{\"@id\":\"https:\/\/www.brighigroup.com\/es\/#website\"},\"primaryImageOfPage\":{\"@id\":\"https:\/\/www.brighigroup.com\/es\/machine\/hl-1500\/#primaryimage\"},\"image\":{\"@id\":\"https:\/\/www.brighigroup.com\/es\/machine\/hl-1500\/#primaryimage\"},\"thumbnailUrl\":\"https:\/\/www.brighigroup.com\/wp-content\/uploads\/2021\/11\/HL-1500.jpg\",\"datePublished\":\"2021-11-30T09:11:20+00:00\",\"dateModified\":\"2024-05-14T13:12:58+00:00\",\"description\":\"La m\u00e1quina HL-1500 es un cargador robusto de balas de fibra: la cinta de carga puede procesar hasta dos balas de fibra a la vez.\",\"breadcrumb\":{\"@id\":\"https:\/\/www.brighigroup.com\/es\/machine\/hl-1500\/#breadcrumb\"},\"inLanguage\":\"es\",\"potentialAction\":[{\"@type\":\"ReadAction\",\"target\":[\"https:\/\/www.brighigroup.com\/es\/machine\/hl-1500\/\"]}]},{\"@type\":\"ImageObject\",\"inLanguage\":\"es\",\"@id\":\"https:\/\/www.brighigroup.com\/es\/machine\/hl-1500\/#primaryimage\",\"url\":\"https:\/\/www.brighigroup.com\/wp-content\/uploads\/2021\/11\/HL-1500.jpg\",\"contentUrl\":\"https:\/\/www.brighigroup.com\/wp-content\/uploads\/2021\/11\/HL-1500.jpg\",\"width\":1920,\"height\":1280},{\"@type\":\"BreadcrumbList\",\"@id\":\"https:\/\/www.brighigroup.com\/es\/machine\/hl-1500\/#breadcrumb\",\"itemListElement\":[{\"@type\":\"ListItem\",\"position\":1,\"name\":\"M\u00e1quinas\",\"item\":\"https:\/\/www.brighigroup.com\/es\/maquinas\/\"},{\"@type\":\"ListItem\",\"position\":2,\"name\":\"HL-1500\"}]},{\"@type\":\"WebSite\",\"@id\":\"https:\/\/www.brighigroup.com\/es\/#website\",\"url\":\"https:\/\/www.brighigroup.com\/es\/\",\"name\":\"Brighi Group\",\"description\":\"Home textile e di prodotti imbottiti per il design d&#039;arredo tramandando l&#039;innovazione come cultura d&#039;impresa.\",\"potentialAction\":[{\"@type\":\"SearchAction\",\"target\":{\"@type\":\"EntryPoint\",\"urlTemplate\":\"https:\/\/www.brighigroup.com\/es\/?s={search_term_string}\"},\"query-input\":{\"@type\":\"PropertyValueSpecification\",\"valueRequired\":true,\"valueName\":\"search_term_string\"}}],\"inLanguage\":\"es\"}]}<\/script>\n<!-- \/ Yoast SEO plugin. -->","yoast_head_json":{"title":"Cargador robusto de balas de fibra - Brighi Group","description":"La m\u00e1quina HL-1500 es un cargador robusto de balas de fibra: la cinta de carga puede procesar hasta dos balas de fibra a la vez.","robots":{"index":"index","follow":"follow","max-snippet":"max-snippet:-1","max-image-preview":"max-image-preview:large","max-video-preview":"max-video-preview:-1"},"canonical":"https:\/\/www.brighigroup.com\/es\/machine\/hl-1500\/","og_locale":"es_ES","og_type":"article","og_title":"Cargador robusto de balas de fibra - Brighi Group","og_description":"La m\u00e1quina HL-1500 es un cargador robusto de balas de fibra: la cinta de carga puede procesar hasta dos balas de fibra a la vez.","og_url":"https:\/\/www.brighigroup.com\/es\/machine\/hl-1500\/","og_site_name":"Brighi Group","article_modified_time":"2024-05-14T13:12:58+00:00","og_image":[{"width":1920,"height":1280,"url":"https:\/\/www.brighigroup.com\/wp-content\/uploads\/2021\/11\/HL-1500.jpg","type":"image\/jpeg"}],"twitter_card":"summary_large_image","twitter_misc":{"Tiempo de lectura":"1 minuto"},"schema":{"@context":"https:\/\/schema.org","@graph":[{"@type":"WebPage","@id":"https:\/\/www.brighigroup.com\/es\/machine\/hl-1500\/","url":"https:\/\/www.brighigroup.com\/es\/machine\/hl-1500\/","name":"Cargador robusto de balas de fibra - Brighi Group","isPartOf":{"@id":"https:\/\/www.brighigroup.com\/es\/#website"},"primaryImageOfPage":{"@id":"https:\/\/www.brighigroup.com\/es\/machine\/hl-1500\/#primaryimage"},"image":{"@id":"https:\/\/www.brighigroup.com\/es\/machine\/hl-1500\/#primaryimage"},"thumbnailUrl":"https:\/\/www.brighigroup.com\/wp-content\/uploads\/2021\/11\/HL-1500.jpg","datePublished":"2021-11-30T09:11:20+00:00","dateModified":"2024-05-14T13:12:58+00:00","description":"La m\u00e1quina HL-1500 es un cargador robusto de balas de fibra: la cinta de carga puede procesar hasta dos balas de fibra a la vez.","breadcrumb":{"@id":"https:\/\/www.brighigroup.com\/es\/machine\/hl-1500\/#breadcrumb"},"inLanguage":"es","potentialAction":[{"@type":"ReadAction","target":["https:\/\/www.brighigroup.com\/es\/machine\/hl-1500\/"]}]},{"@type":"ImageObject","inLanguage":"es","@id":"https:\/\/www.brighigroup.com\/es\/machine\/hl-1500\/#primaryimage","url":"https:\/\/www.brighigroup.com\/wp-content\/uploads\/2021\/11\/HL-1500.jpg","contentUrl":"https:\/\/www.brighigroup.com\/wp-content\/uploads\/2021\/11\/HL-1500.jpg","width":1920,"height":1280},{"@type":"BreadcrumbList","@id":"https:\/\/www.brighigroup.com\/es\/machine\/hl-1500\/#breadcrumb","itemListElement":[{"@type":"ListItem","position":1,"name":"M\u00e1quinas","item":"https:\/\/www.brighigroup.com\/es\/maquinas\/"},{"@type":"ListItem","position":2,"name":"HL-1500"}]},{"@type":"WebSite","@id":"https:\/\/www.brighigroup.com\/es\/#website","url":"https:\/\/www.brighigroup.com\/es\/","name":"Brighi Group","description":"Home textile e di prodotti imbottiti per il design d&#039;arredo tramandando l&#039;innovazione come cultura d&#039;impresa.","potentialAction":[{"@type":"SearchAction","target":{"@type":"EntryPoint","urlTemplate":"https:\/\/www.brighigroup.com\/es\/?s={search_term_string}"},"query-input":{"@type":"PropertyValueSpecification","valueRequired":true,"valueName":"search_term_string"}}],"inLanguage":"es"}]}},"_links":{"self":[{"href":"https:\/\/www.brighigroup.com\/es\/wp-json\/wp\/v2\/product\/6430","targetHints":{"allow":["GET"]}}],"collection":[{"href":"https:\/\/www.brighigroup.com\/es\/wp-json\/wp\/v2\/product"}],"about":[{"href":"https:\/\/www.brighigroup.com\/es\/wp-json\/wp\/v2\/types\/product"}],"wp:featuredmedia":[{"embeddable":true,"href":"https:\/\/www.brighigroup.com\/es\/wp-json\/wp\/v2\/media\/6129"}],"wp:attachment":[{"href":"https:\/\/www.brighigroup.com\/es\/wp-json\/wp\/v2\/media?parent=6430"}],"wp:term":[{"taxonomy":"product_cat","embeddable":true,"href":"https:\/\/www.brighigroup.com\/es\/wp-json\/wp\/v2\/product_cat?post=6430"},{"taxonomy":"product_tag","embeddable":true,"href":"https:\/\/www.brighigroup.com\/es\/wp-json\/wp\/v2\/product_tag?post=6430"}],"curies":[{"name":"wp","href":"https:\/\/api.w.org\/{rel}","templated":true}]}}