{"id":6429,"date":"2021-12-01T09:00:29","date_gmt":"2021-11-30T09:13:29","guid":{"rendered":"https:\/\/www.brighigroup.com\/machine\/hl-400\/"},"modified":"2024-05-14T12:33:51","modified_gmt":"2024-05-14T10:33:51","slug":"hl-400","status":"publish","type":"product","link":"https:\/\/www.brighigroup.com\/es\/machine\/hl-400\/","title":{"rendered":"HL-400"},"content":{"rendered":"<h2><strong>Cargador de plumas y espuma triturada<\/strong><\/h2>\n<p><strong>Cargador de plumas y espuma triturada en sacos o balas<\/strong>. La cinta de carga puede transportar <strong>una bala a la vez<\/strong> para permitir una alimentaci\u00f3n continua de material. El material puede colocarse directamente en la cinta o ser descargado desde la parte superior, utilizando un cabrestante para levantar la bolsa. El transportador horizontal asegura un suministro uniforme de plumas a la tolva montada, equipada con un <strong>sistema de paletas para descompactar y sacudir el materia.<\/strong> Las 3 salidas aseguran una distribuci\u00f3n homog\u00e9nea y una aspiraci\u00f3n eficaz del material para las m\u00e1quinas siguentes.<\/p>\n<p>Esta m\u00e1quina est\u00e1 combinada con <a href=\"https:\/\/www.brighigroup.com\/es\/machine\/mx-500\/\">MX-500<\/a><\/p>\n<p><strong>LO QUE SE PUEDE CARGAR<\/strong><\/p>\n<p>Pacas comprimidas de pluma \/Sacos de plumas y de espuma triturada<\/p>\n<p><strong>PUNTOS FUERTES<\/strong><\/p>\n<ul>\n<li><strong>Gesti\u00f3n electr\u00f3nica: <\/strong>mediante la pantalla t\u00e1ctil integrada en la m\u00e1quina se puede controlar la velocidad de las cintas, de las paletas y regular la persiana que limita la cantidad de material que entra en la tolva.<\/li>\n<li><strong>Flexibilidad:<\/strong> la m\u00e1quina gestiona la carga y el procesamiento de distintos materiales sin necesidad de ajustes mec\u00e1nicos. Posibilidad de cargar por la puerta trasera o por arriba.<\/li>\n<li><strong>Sin operador <\/strong>no es necesaria la presencia de un operador una vez cargada la paca o saco \u2013 Modo de avance r\u00e1pido del material hacia la tolva para lograr un proceso ininterrumpido.<\/li>\n<li><strong>Limpieza f\u00e1cil: <\/strong>para el cambio de material: la cinta puede funcionar en sentido inverso para facilitar la limpieza y la retirada del material.<\/li>\n<\/ul>\n","protected":false},"excerpt":{"rendered":"<h6>Cargador de pluma y espuma triturada<\/h6>\n","protected":false},"featured_media":6127,"template":"","meta":{"_acf_changed":false},"product_cat":[135,130,132,137,136,146],"product_tag":[305],"class_list":{"0":"post-6429","1":"product","2":"type-product","3":"status-publish","4":"has-post-thumbnail","6":"product_cat-linea-de-acolchados-para-sofas","7":"product_cat-linea-de-almohadas-sopladas","8":"product_cat-linea-de-cojines-decorativos-para-sillas-y-exterior","9":"product_cat-linea-de-llenado-para-juguetes-cama-de-mascotas-varios-articulos-acolchados","10":"product_cat-linea-de-procesamiento-de-materias-primas-y-reciclaje-de-residuos","11":"product_cat-procesamiento-de-las-materias-primas","12":"product_tag-almohadas-y-cojines-soplados","14":"first","15":"instock","16":"shipping-taxable","17":"product-type-simple"},"acf":[],"yoast_head":"<!-- This site is optimized with the Yoast SEO plugin v24.2 - https:\/\/yoast.com\/wordpress\/plugins\/seo\/ -->\n<title>Cargador de plumas y espuma triturada - Brighi Group<\/title>\n<meta name=\"description\" content=\"Cargador de plumas y espuma triturada para sacos y balas. La cinta de carga puede transportar una bala a la vez.\" \/>\n<meta name=\"robots\" content=\"index, follow, max-snippet:-1, max-image-preview:large, max-video-preview:-1\" \/>\n<link rel=\"canonical\" href=\"https:\/\/www.brighigroup.com\/es\/machine\/hl-400\/\" \/>\n<meta property=\"og:locale\" content=\"es_ES\" \/>\n<meta property=\"og:type\" content=\"article\" \/>\n<meta property=\"og:title\" content=\"Cargador de plumas y espuma triturada - Brighi Group\" \/>\n<meta property=\"og:description\" content=\"Cargador de plumas y espuma triturada para sacos y balas. La cinta de carga puede transportar una bala a la vez.\" \/>\n<meta property=\"og:url\" content=\"https:\/\/www.brighigroup.com\/es\/machine\/hl-400\/\" \/>\n<meta property=\"og:site_name\" content=\"Brighi Group\" \/>\n<meta property=\"article:modified_time\" content=\"2024-05-14T10:33:51+00:00\" \/>\n<meta property=\"og:image\" content=\"https:\/\/www.brighigroup.com\/wp-content\/uploads\/2021\/11\/HL-400.jpg\" \/>\n\t<meta property=\"og:image:width\" content=\"1920\" \/>\n\t<meta property=\"og:image:height\" content=\"1280\" \/>\n\t<meta property=\"og:image:type\" content=\"image\/jpeg\" \/>\n<meta name=\"twitter:card\" content=\"summary_large_image\" \/>\n<meta name=\"twitter:label1\" content=\"Tiempo de lectura\" \/>\n\t<meta name=\"twitter:data1\" content=\"1 minuto\" \/>\n<script type=\"application\/ld+json\" class=\"yoast-schema-graph\">{\"@context\":\"https:\/\/schema.org\",\"@graph\":[{\"@type\":\"WebPage\",\"@id\":\"https:\/\/www.brighigroup.com\/es\/machine\/hl-400\/\",\"url\":\"https:\/\/www.brighigroup.com\/es\/machine\/hl-400\/\",\"name\":\"Cargador de plumas y espuma triturada - Brighi Group\",\"isPartOf\":{\"@id\":\"https:\/\/www.brighigroup.com\/es\/#website\"},\"primaryImageOfPage\":{\"@id\":\"https:\/\/www.brighigroup.com\/es\/machine\/hl-400\/#primaryimage\"},\"image\":{\"@id\":\"https:\/\/www.brighigroup.com\/es\/machine\/hl-400\/#primaryimage\"},\"thumbnailUrl\":\"https:\/\/www.brighigroup.com\/wp-content\/uploads\/2021\/11\/HL-400.jpg\",\"datePublished\":\"2021-11-30T09:13:29+00:00\",\"dateModified\":\"2024-05-14T10:33:51+00:00\",\"description\":\"Cargador de plumas y espuma triturada para sacos y balas. La cinta de carga puede transportar una bala a la vez.\",\"breadcrumb\":{\"@id\":\"https:\/\/www.brighigroup.com\/es\/machine\/hl-400\/#breadcrumb\"},\"inLanguage\":\"es\",\"potentialAction\":[{\"@type\":\"ReadAction\",\"target\":[\"https:\/\/www.brighigroup.com\/es\/machine\/hl-400\/\"]}]},{\"@type\":\"ImageObject\",\"inLanguage\":\"es\",\"@id\":\"https:\/\/www.brighigroup.com\/es\/machine\/hl-400\/#primaryimage\",\"url\":\"https:\/\/www.brighigroup.com\/wp-content\/uploads\/2021\/11\/HL-400.jpg\",\"contentUrl\":\"https:\/\/www.brighigroup.com\/wp-content\/uploads\/2021\/11\/HL-400.jpg\",\"width\":1920,\"height\":1280},{\"@type\":\"BreadcrumbList\",\"@id\":\"https:\/\/www.brighigroup.com\/es\/machine\/hl-400\/#breadcrumb\",\"itemListElement\":[{\"@type\":\"ListItem\",\"position\":1,\"name\":\"M\u00e1quinas\",\"item\":\"https:\/\/www.brighigroup.com\/es\/maquinas\/\"},{\"@type\":\"ListItem\",\"position\":2,\"name\":\"HL-400\"}]},{\"@type\":\"WebSite\",\"@id\":\"https:\/\/www.brighigroup.com\/es\/#website\",\"url\":\"https:\/\/www.brighigroup.com\/es\/\",\"name\":\"Brighi Group\",\"description\":\"Home textile e di prodotti imbottiti per il design d&#039;arredo tramandando l&#039;innovazione come cultura d&#039;impresa.\",\"potentialAction\":[{\"@type\":\"SearchAction\",\"target\":{\"@type\":\"EntryPoint\",\"urlTemplate\":\"https:\/\/www.brighigroup.com\/es\/?s={search_term_string}\"},\"query-input\":{\"@type\":\"PropertyValueSpecification\",\"valueRequired\":true,\"valueName\":\"search_term_string\"}}],\"inLanguage\":\"es\"}]}<\/script>\n<!-- \/ Yoast SEO plugin. -->","yoast_head_json":{"title":"Cargador de plumas y espuma triturada - Brighi Group","description":"Cargador de plumas y espuma triturada para sacos y balas. La cinta de carga puede transportar una bala a la vez.","robots":{"index":"index","follow":"follow","max-snippet":"max-snippet:-1","max-image-preview":"max-image-preview:large","max-video-preview":"max-video-preview:-1"},"canonical":"https:\/\/www.brighigroup.com\/es\/machine\/hl-400\/","og_locale":"es_ES","og_type":"article","og_title":"Cargador de plumas y espuma triturada - Brighi Group","og_description":"Cargador de plumas y espuma triturada para sacos y balas. La cinta de carga puede transportar una bala a la vez.","og_url":"https:\/\/www.brighigroup.com\/es\/machine\/hl-400\/","og_site_name":"Brighi Group","article_modified_time":"2024-05-14T10:33:51+00:00","og_image":[{"width":1920,"height":1280,"url":"https:\/\/www.brighigroup.com\/wp-content\/uploads\/2021\/11\/HL-400.jpg","type":"image\/jpeg"}],"twitter_card":"summary_large_image","twitter_misc":{"Tiempo de lectura":"1 minuto"},"schema":{"@context":"https:\/\/schema.org","@graph":[{"@type":"WebPage","@id":"https:\/\/www.brighigroup.com\/es\/machine\/hl-400\/","url":"https:\/\/www.brighigroup.com\/es\/machine\/hl-400\/","name":"Cargador de plumas y espuma triturada - Brighi Group","isPartOf":{"@id":"https:\/\/www.brighigroup.com\/es\/#website"},"primaryImageOfPage":{"@id":"https:\/\/www.brighigroup.com\/es\/machine\/hl-400\/#primaryimage"},"image":{"@id":"https:\/\/www.brighigroup.com\/es\/machine\/hl-400\/#primaryimage"},"thumbnailUrl":"https:\/\/www.brighigroup.com\/wp-content\/uploads\/2021\/11\/HL-400.jpg","datePublished":"2021-11-30T09:13:29+00:00","dateModified":"2024-05-14T10:33:51+00:00","description":"Cargador de plumas y espuma triturada para sacos y balas. La cinta de carga puede transportar una bala a la vez.","breadcrumb":{"@id":"https:\/\/www.brighigroup.com\/es\/machine\/hl-400\/#breadcrumb"},"inLanguage":"es","potentialAction":[{"@type":"ReadAction","target":["https:\/\/www.brighigroup.com\/es\/machine\/hl-400\/"]}]},{"@type":"ImageObject","inLanguage":"es","@id":"https:\/\/www.brighigroup.com\/es\/machine\/hl-400\/#primaryimage","url":"https:\/\/www.brighigroup.com\/wp-content\/uploads\/2021\/11\/HL-400.jpg","contentUrl":"https:\/\/www.brighigroup.com\/wp-content\/uploads\/2021\/11\/HL-400.jpg","width":1920,"height":1280},{"@type":"BreadcrumbList","@id":"https:\/\/www.brighigroup.com\/es\/machine\/hl-400\/#breadcrumb","itemListElement":[{"@type":"ListItem","position":1,"name":"M\u00e1quinas","item":"https:\/\/www.brighigroup.com\/es\/maquinas\/"},{"@type":"ListItem","position":2,"name":"HL-400"}]},{"@type":"WebSite","@id":"https:\/\/www.brighigroup.com\/es\/#website","url":"https:\/\/www.brighigroup.com\/es\/","name":"Brighi Group","description":"Home textile e di prodotti imbottiti per il design d&#039;arredo tramandando l&#039;innovazione come cultura d&#039;impresa.","potentialAction":[{"@type":"SearchAction","target":{"@type":"EntryPoint","urlTemplate":"https:\/\/www.brighigroup.com\/es\/?s={search_term_string}"},"query-input":{"@type":"PropertyValueSpecification","valueRequired":true,"valueName":"search_term_string"}}],"inLanguage":"es"}]}},"_links":{"self":[{"href":"https:\/\/www.brighigroup.com\/es\/wp-json\/wp\/v2\/product\/6429","targetHints":{"allow":["GET"]}}],"collection":[{"href":"https:\/\/www.brighigroup.com\/es\/wp-json\/wp\/v2\/product"}],"about":[{"href":"https:\/\/www.brighigroup.com\/es\/wp-json\/wp\/v2\/types\/product"}],"wp:featuredmedia":[{"embeddable":true,"href":"https:\/\/www.brighigroup.com\/es\/wp-json\/wp\/v2\/media\/6127"}],"wp:attachment":[{"href":"https:\/\/www.brighigroup.com\/es\/wp-json\/wp\/v2\/media?parent=6429"}],"wp:term":[{"taxonomy":"product_cat","embeddable":true,"href":"https:\/\/www.brighigroup.com\/es\/wp-json\/wp\/v2\/product_cat?post=6429"},{"taxonomy":"product_tag","embeddable":true,"href":"https:\/\/www.brighigroup.com\/es\/wp-json\/wp\/v2\/product_tag?post=6429"}],"curies":[{"name":"wp","href":"https:\/\/api.w.org\/{rel}","templated":true}]}}