{"id":6427,"date":"2021-09-01T10:21:11","date_gmt":"2021-11-30T09:21:11","guid":{"rendered":"https:\/\/www.brighigroup.com\/machine\/bf-300\/"},"modified":"2024-09-02T14:35:47","modified_gmt":"2024-09-02T12:35:47","slug":"bf-300","status":"publish","type":"product","link":"https:\/\/www.brighigroup.com\/es\/machine\/bf-300\/","title":{"rendered":"BF-300"},"content":{"rendered":"<h2>M\u00e1quina para producir bolitas de fibra<\/h2>\n<p>M\u00e1quina para <strong>producir bolitas de fibra<\/strong>, de alto rendimento y alimentada con fibra ya abierta para el abridor de fibra <a href=\"https:\/\/www.brighigroup.com\/es\/machine\/of-550\/\">OF-550<\/a>. El material pasa a trav\u00e9s de dos rotores, con una etapa intermedia donde las bolas de fibra se enfr\u00edan y se preparan para la extracci\u00f3n.<\/p>\n<p>El segundo rotor act\u00faa como un ventilador de empuje para enviar el producto procesado al silo de almacenamiento. Este \u00faltimo est\u00e1 equipado con un rotor en el fondo para evitar que el material se compacte y se expanda posteriormente.<\/p>\n<p><strong>LO QUE SE PUEDE PROCESAR<\/strong><\/p>\n<p>Fibra de poli\u00e9ster<\/p>\n<p><strong>PUNTOS FUERTES<\/strong><\/p>\n<ul>\n<li><strong>Excepcional calidad de la bola de fibra <\/strong>excelente como material de relleno innovador: resiliencia ante el aplastamiento y volumen suplementario generado por la m\u00e1quina durante el proceso de formaci\u00f3n de la bola.<\/li>\n<li><strong>Gesti\u00f3n electr\u00f3nica: <\/strong>panel de control para la gesti\u00f3n de todos los par\u00e1metros y ajustes mec\u00e1nicos autom\u00e1ticos.<\/li>\n<li><strong>Flexibilidad:<\/strong>procesamiento de diferentes fibras sin necesidad de ajuste mec\u00e1nico.<\/li>\n<li><strong>Limpieza f\u00e1cil: <\/strong>en caso de cambio de material, el ciclo de autolimpieza acciona la m\u00e1quina durante unos segundos sin alimentaci\u00f3n de material.<\/li>\n<\/ul>\n","protected":false},"excerpt":{"rendered":"<h6>M\u00e1quina para producir bolitas de fibra<\/h6>\n","protected":false},"featured_media":6125,"template":"","meta":{"_acf_changed":false},"product_cat":[135,130,132,137,136,146],"product_tag":[305],"class_list":{"0":"post-6427","1":"product","2":"type-product","3":"status-publish","4":"has-post-thumbnail","6":"product_cat-linea-de-acolchados-para-sofas","7":"product_cat-linea-de-almohadas-sopladas","8":"product_cat-linea-de-cojines-decorativos-para-sillas-y-exterior","9":"product_cat-linea-de-llenado-para-juguetes-cama-de-mascotas-varios-articulos-acolchados","10":"product_cat-linea-de-procesamiento-de-materias-primas-y-reciclaje-de-residuos","11":"product_cat-procesamiento-de-las-materias-primas","12":"product_tag-almohadas-y-cojines-soplados","14":"first","15":"instock","16":"shipping-taxable","17":"product-type-simple"},"acf":[],"yoast_head":"<!-- This site is optimized with the Yoast SEO plugin v24.2 - https:\/\/yoast.com\/wordpress\/plugins\/seo\/ -->\n<title>M\u00e1quina para producir bolitas de fibra - Brighi Group<\/title>\n<meta name=\"description\" content=\"M\u00e1quina para producir de bolitas de fibra alimentada con diferentes fibras ya abiertas y con una produccion de alto rendimiento.\" \/>\n<meta name=\"robots\" content=\"index, follow, max-snippet:-1, max-image-preview:large, max-video-preview:-1\" \/>\n<link rel=\"canonical\" href=\"https:\/\/www.brighigroup.com\/es\/machine\/bf-300\/\" \/>\n<meta property=\"og:locale\" content=\"es_ES\" \/>\n<meta property=\"og:type\" content=\"article\" \/>\n<meta property=\"og:title\" content=\"M\u00e1quina para producir bolitas de fibra - Brighi Group\" \/>\n<meta property=\"og:description\" content=\"M\u00e1quina para producir de bolitas de fibra alimentada con diferentes fibras ya abiertas y con una produccion de alto rendimiento.\" \/>\n<meta property=\"og:url\" content=\"https:\/\/www.brighigroup.com\/es\/machine\/bf-300\/\" \/>\n<meta property=\"og:site_name\" content=\"Brighi Group\" \/>\n<meta property=\"article:modified_time\" content=\"2024-09-02T12:35:47+00:00\" \/>\n<meta property=\"og:image\" content=\"https:\/\/www.brighigroup.com\/wp-content\/uploads\/2021\/11\/BF-300.jpg\" \/>\n\t<meta property=\"og:image:width\" content=\"1920\" \/>\n\t<meta property=\"og:image:height\" content=\"1280\" \/>\n\t<meta property=\"og:image:type\" content=\"image\/jpeg\" \/>\n<meta name=\"twitter:card\" content=\"summary_large_image\" \/>\n<meta name=\"twitter:label1\" content=\"Tiempo de lectura\" \/>\n\t<meta name=\"twitter:data1\" content=\"1 minuto\" \/>\n<script type=\"application\/ld+json\" class=\"yoast-schema-graph\">{\"@context\":\"https:\/\/schema.org\",\"@graph\":[{\"@type\":\"WebPage\",\"@id\":\"https:\/\/www.brighigroup.com\/es\/machine\/bf-300\/\",\"url\":\"https:\/\/www.brighigroup.com\/es\/machine\/bf-300\/\",\"name\":\"M\u00e1quina para producir bolitas de fibra - Brighi Group\",\"isPartOf\":{\"@id\":\"https:\/\/www.brighigroup.com\/es\/#website\"},\"primaryImageOfPage\":{\"@id\":\"https:\/\/www.brighigroup.com\/es\/machine\/bf-300\/#primaryimage\"},\"image\":{\"@id\":\"https:\/\/www.brighigroup.com\/es\/machine\/bf-300\/#primaryimage\"},\"thumbnailUrl\":\"https:\/\/www.brighigroup.com\/wp-content\/uploads\/2021\/11\/BF-300.jpg\",\"datePublished\":\"2021-11-30T09:21:11+00:00\",\"dateModified\":\"2024-09-02T12:35:47+00:00\",\"description\":\"M\u00e1quina para producir de bolitas de fibra alimentada con diferentes fibras ya abiertas y con una produccion de alto rendimiento.\",\"breadcrumb\":{\"@id\":\"https:\/\/www.brighigroup.com\/es\/machine\/bf-300\/#breadcrumb\"},\"inLanguage\":\"es\",\"potentialAction\":[{\"@type\":\"ReadAction\",\"target\":[\"https:\/\/www.brighigroup.com\/es\/machine\/bf-300\/\"]}]},{\"@type\":\"ImageObject\",\"inLanguage\":\"es\",\"@id\":\"https:\/\/www.brighigroup.com\/es\/machine\/bf-300\/#primaryimage\",\"url\":\"https:\/\/www.brighigroup.com\/wp-content\/uploads\/2021\/11\/BF-300.jpg\",\"contentUrl\":\"https:\/\/www.brighigroup.com\/wp-content\/uploads\/2021\/11\/BF-300.jpg\",\"width\":1920,\"height\":1280},{\"@type\":\"BreadcrumbList\",\"@id\":\"https:\/\/www.brighigroup.com\/es\/machine\/bf-300\/#breadcrumb\",\"itemListElement\":[{\"@type\":\"ListItem\",\"position\":1,\"name\":\"M\u00e1quinas\",\"item\":\"https:\/\/www.brighigroup.com\/es\/maquinas\/\"},{\"@type\":\"ListItem\",\"position\":2,\"name\":\"BF-300\"}]},{\"@type\":\"WebSite\",\"@id\":\"https:\/\/www.brighigroup.com\/es\/#website\",\"url\":\"https:\/\/www.brighigroup.com\/es\/\",\"name\":\"Brighi Group\",\"description\":\"Home textile e di prodotti imbottiti per il design d&#039;arredo tramandando l&#039;innovazione come cultura d&#039;impresa.\",\"potentialAction\":[{\"@type\":\"SearchAction\",\"target\":{\"@type\":\"EntryPoint\",\"urlTemplate\":\"https:\/\/www.brighigroup.com\/es\/?s={search_term_string}\"},\"query-input\":{\"@type\":\"PropertyValueSpecification\",\"valueRequired\":true,\"valueName\":\"search_term_string\"}}],\"inLanguage\":\"es\"}]}<\/script>\n<!-- \/ Yoast SEO plugin. -->","yoast_head_json":{"title":"M\u00e1quina para producir bolitas de fibra - Brighi Group","description":"M\u00e1quina para producir de bolitas de fibra alimentada con diferentes fibras ya abiertas y con una produccion de alto rendimiento.","robots":{"index":"index","follow":"follow","max-snippet":"max-snippet:-1","max-image-preview":"max-image-preview:large","max-video-preview":"max-video-preview:-1"},"canonical":"https:\/\/www.brighigroup.com\/es\/machine\/bf-300\/","og_locale":"es_ES","og_type":"article","og_title":"M\u00e1quina para producir bolitas de fibra - Brighi Group","og_description":"M\u00e1quina para producir de bolitas de fibra alimentada con diferentes fibras ya abiertas y con una produccion de alto rendimiento.","og_url":"https:\/\/www.brighigroup.com\/es\/machine\/bf-300\/","og_site_name":"Brighi Group","article_modified_time":"2024-09-02T12:35:47+00:00","og_image":[{"width":1920,"height":1280,"url":"https:\/\/www.brighigroup.com\/wp-content\/uploads\/2021\/11\/BF-300.jpg","type":"image\/jpeg"}],"twitter_card":"summary_large_image","twitter_misc":{"Tiempo de lectura":"1 minuto"},"schema":{"@context":"https:\/\/schema.org","@graph":[{"@type":"WebPage","@id":"https:\/\/www.brighigroup.com\/es\/machine\/bf-300\/","url":"https:\/\/www.brighigroup.com\/es\/machine\/bf-300\/","name":"M\u00e1quina para producir bolitas de fibra - Brighi Group","isPartOf":{"@id":"https:\/\/www.brighigroup.com\/es\/#website"},"primaryImageOfPage":{"@id":"https:\/\/www.brighigroup.com\/es\/machine\/bf-300\/#primaryimage"},"image":{"@id":"https:\/\/www.brighigroup.com\/es\/machine\/bf-300\/#primaryimage"},"thumbnailUrl":"https:\/\/www.brighigroup.com\/wp-content\/uploads\/2021\/11\/BF-300.jpg","datePublished":"2021-11-30T09:21:11+00:00","dateModified":"2024-09-02T12:35:47+00:00","description":"M\u00e1quina para producir de bolitas de fibra alimentada con diferentes fibras ya abiertas y con una produccion de alto rendimiento.","breadcrumb":{"@id":"https:\/\/www.brighigroup.com\/es\/machine\/bf-300\/#breadcrumb"},"inLanguage":"es","potentialAction":[{"@type":"ReadAction","target":["https:\/\/www.brighigroup.com\/es\/machine\/bf-300\/"]}]},{"@type":"ImageObject","inLanguage":"es","@id":"https:\/\/www.brighigroup.com\/es\/machine\/bf-300\/#primaryimage","url":"https:\/\/www.brighigroup.com\/wp-content\/uploads\/2021\/11\/BF-300.jpg","contentUrl":"https:\/\/www.brighigroup.com\/wp-content\/uploads\/2021\/11\/BF-300.jpg","width":1920,"height":1280},{"@type":"BreadcrumbList","@id":"https:\/\/www.brighigroup.com\/es\/machine\/bf-300\/#breadcrumb","itemListElement":[{"@type":"ListItem","position":1,"name":"M\u00e1quinas","item":"https:\/\/www.brighigroup.com\/es\/maquinas\/"},{"@type":"ListItem","position":2,"name":"BF-300"}]},{"@type":"WebSite","@id":"https:\/\/www.brighigroup.com\/es\/#website","url":"https:\/\/www.brighigroup.com\/es\/","name":"Brighi Group","description":"Home textile e di prodotti imbottiti per il design d&#039;arredo tramandando l&#039;innovazione come cultura d&#039;impresa.","potentialAction":[{"@type":"SearchAction","target":{"@type":"EntryPoint","urlTemplate":"https:\/\/www.brighigroup.com\/es\/?s={search_term_string}"},"query-input":{"@type":"PropertyValueSpecification","valueRequired":true,"valueName":"search_term_string"}}],"inLanguage":"es"}]}},"_links":{"self":[{"href":"https:\/\/www.brighigroup.com\/es\/wp-json\/wp\/v2\/product\/6427","targetHints":{"allow":["GET"]}}],"collection":[{"href":"https:\/\/www.brighigroup.com\/es\/wp-json\/wp\/v2\/product"}],"about":[{"href":"https:\/\/www.brighigroup.com\/es\/wp-json\/wp\/v2\/types\/product"}],"wp:featuredmedia":[{"embeddable":true,"href":"https:\/\/www.brighigroup.com\/es\/wp-json\/wp\/v2\/media\/6125"}],"wp:attachment":[{"href":"https:\/\/www.brighigroup.com\/es\/wp-json\/wp\/v2\/media?parent=6427"}],"wp:term":[{"taxonomy":"product_cat","embeddable":true,"href":"https:\/\/www.brighigroup.com\/es\/wp-json\/wp\/v2\/product_cat?post=6427"},{"taxonomy":"product_tag","embeddable":true,"href":"https:\/\/www.brighigroup.com\/es\/wp-json\/wp\/v2\/product_tag?post=6427"}],"curies":[{"name":"wp","href":"https:\/\/api.w.org\/{rel}","templated":true}]}}