{"id":6422,"date":"2020-12-01T10:00:53","date_gmt":"2021-11-30T09:27:53","guid":{"rendered":"https:\/\/www.brighigroup.com\/machine\/bv-100\/"},"modified":"2025-09-17T12:43:36","modified_gmt":"2025-09-17T10:43:36","slug":"bv-100","status":"publish","type":"product","link":"https:\/\/www.brighigroup.com\/es\/machine\/bv-100\/","title":{"rendered":"BV-100"},"content":{"rendered":"<h2>Sistema de llenado de sacos<\/h2>\n<p><strong>Sistema de llenado de sacos utilizando tecnolog\u00eda de vac\u00edo (dos cabinas)<\/strong>. Una vez que el saco est\u00e1 lleno, el operador puede abrir la cabina, retirarlo y sustituirlo; mientras tanto activa la segunda cabina. <strong>Las dos cabinas funcionan de forma alternada<\/strong> para obtener el mejor rendimiento con un operador.<\/p>\n<p>Descubre toda la<a href=\"https:\/\/www.brighigroup.com\/es\/categoria\/linea-de-procesamiento-de-materias-primas-y-reciclaje-de-residuos\/\"> l\u00ednea de procesamiento de materias primas y reciclaje de residuos<\/a><\/p>\n<p><iframe title=\"Foam Shredding Line with Cabin System for Big-Bags\" width=\"800\" height=\"450\" src=\"https:\/\/www.youtube-nocookie.com\/embed\/0AeS7cIiBpc?feature=oembed\" frameborder=\"0\" allow=\"accelerometer; autoplay; clipboard-write; encrypted-media; gyroscope; picture-in-picture; web-share\" referrerpolicy=\"strict-origin-when-cross-origin\" allowfullscreen><\/iframe><\/p>\n<p><strong>LO QUE SE PUEDE PROCESAR<\/strong><\/p>\n<p class=\"p1\">Fibra y microfibra, lana, fibras naturales, espuma triturada, bolas de fibra, fibra reciclada y residuos de tejido deshilachados.<\/p>\n<p><strong>PUNTOS FUERTES<\/strong><\/p>\n<ul>\n<li><strong>Facilidad<\/strong> para extraer los sacos y sustituirlos gracias al desenganche r\u00e1pido que permite que una sola persona pueda efectuar la operaci\u00f3n<\/li>\n<li><strong>Sistema r\u00e1pido y limpio<\/strong> gracias a la tecnolog\u00eda de vac\u00edo y a los componentes de calidad.<\/li>\n<li><strong>Pesaje preciso de los sacos: <\/strong>el sistema funciona restando el peso de la fuente del material (silo de almacenamiento).<\/li>\n<li><strong>Gesti\u00f3n simplificada: <\/strong>panel de control para la gesti\u00f3n autom\u00e1tica de los par\u00e1metros.<\/li>\n<li><strong>Flexibilidad: <\/strong>gesti\u00f3n de diferentes materiales y sin necesidad de modificaciones mec\u00e1nicas de la m\u00e1quina.<\/li>\n<\/ul>\n","protected":false},"excerpt":{"rendered":"<h6>Sistema de llenado al vac\u00edo de sacos de TNT y nylon<\/h6>\n","protected":false},"featured_media":6120,"template":"","meta":{"_acf_changed":false},"product_cat":[136,146],"product_tag":[305],"class_list":{"0":"post-6422","1":"product","2":"type-product","3":"status-publish","4":"has-post-thumbnail","6":"product_cat-linea-de-procesamiento-de-materias-primas-y-reciclaje-de-residuos","7":"product_cat-procesamiento-de-las-materias-primas","8":"product_tag-almohadas-y-cojines-soplados","10":"first","11":"instock","12":"shipping-taxable","13":"product-type-simple"},"acf":[],"yoast_head":"<!-- This site is optimized with the Yoast SEO plugin v24.2 - https:\/\/yoast.com\/wordpress\/plugins\/seo\/ -->\n<title>Sistema de llenado de sacos - Brighi Group<\/title>\n<meta name=\"description\" content=\"Sistema de llenado de sacos utilizando tecnolog\u00eda de vac\u00edo. Tiene dos cabinas que funcionan de forma alternada para obtener el mejor rendimiento.\" \/>\n<meta name=\"robots\" content=\"index, follow, max-snippet:-1, max-image-preview:large, max-video-preview:-1\" \/>\n<link rel=\"canonical\" href=\"https:\/\/www.brighigroup.com\/es\/machine\/bv-100\/\" \/>\n<meta property=\"og:locale\" content=\"es_ES\" \/>\n<meta property=\"og:type\" content=\"article\" \/>\n<meta property=\"og:title\" content=\"Sistema de llenado de sacos - Brighi Group\" \/>\n<meta property=\"og:description\" content=\"Sistema de llenado de sacos utilizando tecnolog\u00eda de vac\u00edo. Tiene dos cabinas que funcionan de forma alternada para obtener el mejor rendimiento.\" \/>\n<meta property=\"og:url\" content=\"https:\/\/www.brighigroup.com\/es\/machine\/bv-100\/\" \/>\n<meta property=\"og:site_name\" content=\"Brighi Group\" \/>\n<meta property=\"article:modified_time\" content=\"2025-09-17T10:43:36+00:00\" \/>\n<meta property=\"og:image\" content=\"https:\/\/www.brighigroup.com\/wp-content\/uploads\/2021\/11\/BV-100.jpg\" \/>\n\t<meta property=\"og:image:width\" content=\"1920\" \/>\n\t<meta property=\"og:image:height\" content=\"1280\" \/>\n\t<meta property=\"og:image:type\" content=\"image\/jpeg\" \/>\n<meta name=\"twitter:card\" content=\"summary_large_image\" \/>\n<meta name=\"twitter:label1\" content=\"Tiempo de lectura\" \/>\n\t<meta name=\"twitter:data1\" content=\"2 minutos\" \/>\n<script type=\"application\/ld+json\" class=\"yoast-schema-graph\">{\"@context\":\"https:\/\/schema.org\",\"@graph\":[{\"@type\":\"WebPage\",\"@id\":\"https:\/\/www.brighigroup.com\/es\/machine\/bv-100\/\",\"url\":\"https:\/\/www.brighigroup.com\/es\/machine\/bv-100\/\",\"name\":\"Sistema de llenado de sacos - Brighi Group\",\"isPartOf\":{\"@id\":\"https:\/\/www.brighigroup.com\/es\/#website\"},\"primaryImageOfPage\":{\"@id\":\"https:\/\/www.brighigroup.com\/es\/machine\/bv-100\/#primaryimage\"},\"image\":{\"@id\":\"https:\/\/www.brighigroup.com\/es\/machine\/bv-100\/#primaryimage\"},\"thumbnailUrl\":\"https:\/\/www.brighigroup.com\/wp-content\/uploads\/2021\/11\/BV-100.jpg\",\"datePublished\":\"2021-11-30T09:27:53+00:00\",\"dateModified\":\"2025-09-17T10:43:36+00:00\",\"description\":\"Sistema de llenado de sacos utilizando tecnolog\u00eda de vac\u00edo. Tiene dos cabinas que funcionan de forma alternada para obtener el mejor rendimiento.\",\"breadcrumb\":{\"@id\":\"https:\/\/www.brighigroup.com\/es\/machine\/bv-100\/#breadcrumb\"},\"inLanguage\":\"es\",\"potentialAction\":[{\"@type\":\"ReadAction\",\"target\":[\"https:\/\/www.brighigroup.com\/es\/machine\/bv-100\/\"]}]},{\"@type\":\"ImageObject\",\"inLanguage\":\"es\",\"@id\":\"https:\/\/www.brighigroup.com\/es\/machine\/bv-100\/#primaryimage\",\"url\":\"https:\/\/www.brighigroup.com\/wp-content\/uploads\/2021\/11\/BV-100.jpg\",\"contentUrl\":\"https:\/\/www.brighigroup.com\/wp-content\/uploads\/2021\/11\/BV-100.jpg\",\"width\":1920,\"height\":1280},{\"@type\":\"BreadcrumbList\",\"@id\":\"https:\/\/www.brighigroup.com\/es\/machine\/bv-100\/#breadcrumb\",\"itemListElement\":[{\"@type\":\"ListItem\",\"position\":1,\"name\":\"M\u00e1quinas\",\"item\":\"https:\/\/www.brighigroup.com\/es\/maquinas\/\"},{\"@type\":\"ListItem\",\"position\":2,\"name\":\"BV-100\"}]},{\"@type\":\"WebSite\",\"@id\":\"https:\/\/www.brighigroup.com\/es\/#website\",\"url\":\"https:\/\/www.brighigroup.com\/es\/\",\"name\":\"Brighi Group\",\"description\":\"Home textile e di prodotti imbottiti per il design d&#039;arredo tramandando l&#039;innovazione come cultura d&#039;impresa.\",\"potentialAction\":[{\"@type\":\"SearchAction\",\"target\":{\"@type\":\"EntryPoint\",\"urlTemplate\":\"https:\/\/www.brighigroup.com\/es\/?s={search_term_string}\"},\"query-input\":{\"@type\":\"PropertyValueSpecification\",\"valueRequired\":true,\"valueName\":\"search_term_string\"}}],\"inLanguage\":\"es\"}]}<\/script>\n<!-- \/ Yoast SEO plugin. -->","yoast_head_json":{"title":"Sistema de llenado de sacos - Brighi Group","description":"Sistema de llenado de sacos utilizando tecnolog\u00eda de vac\u00edo. Tiene dos cabinas que funcionan de forma alternada para obtener el mejor rendimiento.","robots":{"index":"index","follow":"follow","max-snippet":"max-snippet:-1","max-image-preview":"max-image-preview:large","max-video-preview":"max-video-preview:-1"},"canonical":"https:\/\/www.brighigroup.com\/es\/machine\/bv-100\/","og_locale":"es_ES","og_type":"article","og_title":"Sistema de llenado de sacos - Brighi Group","og_description":"Sistema de llenado de sacos utilizando tecnolog\u00eda de vac\u00edo. Tiene dos cabinas que funcionan de forma alternada para obtener el mejor rendimiento.","og_url":"https:\/\/www.brighigroup.com\/es\/machine\/bv-100\/","og_site_name":"Brighi Group","article_modified_time":"2025-09-17T10:43:36+00:00","og_image":[{"width":1920,"height":1280,"url":"https:\/\/www.brighigroup.com\/wp-content\/uploads\/2021\/11\/BV-100.jpg","type":"image\/jpeg"}],"twitter_card":"summary_large_image","twitter_misc":{"Tiempo de lectura":"2 minutos"},"schema":{"@context":"https:\/\/schema.org","@graph":[{"@type":"WebPage","@id":"https:\/\/www.brighigroup.com\/es\/machine\/bv-100\/","url":"https:\/\/www.brighigroup.com\/es\/machine\/bv-100\/","name":"Sistema de llenado de sacos - Brighi Group","isPartOf":{"@id":"https:\/\/www.brighigroup.com\/es\/#website"},"primaryImageOfPage":{"@id":"https:\/\/www.brighigroup.com\/es\/machine\/bv-100\/#primaryimage"},"image":{"@id":"https:\/\/www.brighigroup.com\/es\/machine\/bv-100\/#primaryimage"},"thumbnailUrl":"https:\/\/www.brighigroup.com\/wp-content\/uploads\/2021\/11\/BV-100.jpg","datePublished":"2021-11-30T09:27:53+00:00","dateModified":"2025-09-17T10:43:36+00:00","description":"Sistema de llenado de sacos utilizando tecnolog\u00eda de vac\u00edo. Tiene dos cabinas que funcionan de forma alternada para obtener el mejor rendimiento.","breadcrumb":{"@id":"https:\/\/www.brighigroup.com\/es\/machine\/bv-100\/#breadcrumb"},"inLanguage":"es","potentialAction":[{"@type":"ReadAction","target":["https:\/\/www.brighigroup.com\/es\/machine\/bv-100\/"]}]},{"@type":"ImageObject","inLanguage":"es","@id":"https:\/\/www.brighigroup.com\/es\/machine\/bv-100\/#primaryimage","url":"https:\/\/www.brighigroup.com\/wp-content\/uploads\/2021\/11\/BV-100.jpg","contentUrl":"https:\/\/www.brighigroup.com\/wp-content\/uploads\/2021\/11\/BV-100.jpg","width":1920,"height":1280},{"@type":"BreadcrumbList","@id":"https:\/\/www.brighigroup.com\/es\/machine\/bv-100\/#breadcrumb","itemListElement":[{"@type":"ListItem","position":1,"name":"M\u00e1quinas","item":"https:\/\/www.brighigroup.com\/es\/maquinas\/"},{"@type":"ListItem","position":2,"name":"BV-100"}]},{"@type":"WebSite","@id":"https:\/\/www.brighigroup.com\/es\/#website","url":"https:\/\/www.brighigroup.com\/es\/","name":"Brighi Group","description":"Home textile e di prodotti imbottiti per il design d&#039;arredo tramandando l&#039;innovazione come cultura d&#039;impresa.","potentialAction":[{"@type":"SearchAction","target":{"@type":"EntryPoint","urlTemplate":"https:\/\/www.brighigroup.com\/es\/?s={search_term_string}"},"query-input":{"@type":"PropertyValueSpecification","valueRequired":true,"valueName":"search_term_string"}}],"inLanguage":"es"}]}},"_links":{"self":[{"href":"https:\/\/www.brighigroup.com\/es\/wp-json\/wp\/v2\/product\/6422","targetHints":{"allow":["GET"]}}],"collection":[{"href":"https:\/\/www.brighigroup.com\/es\/wp-json\/wp\/v2\/product"}],"about":[{"href":"https:\/\/www.brighigroup.com\/es\/wp-json\/wp\/v2\/types\/product"}],"wp:featuredmedia":[{"embeddable":true,"href":"https:\/\/www.brighigroup.com\/es\/wp-json\/wp\/v2\/media\/6120"}],"wp:attachment":[{"href":"https:\/\/www.brighigroup.com\/es\/wp-json\/wp\/v2\/media?parent=6422"}],"wp:term":[{"taxonomy":"product_cat","embeddable":true,"href":"https:\/\/www.brighigroup.com\/es\/wp-json\/wp\/v2\/product_cat?post=6422"},{"taxonomy":"product_tag","embeddable":true,"href":"https:\/\/www.brighigroup.com\/es\/wp-json\/wp\/v2\/product_tag?post=6422"}],"curies":[{"name":"wp","href":"https:\/\/api.w.org\/{rel}","templated":true}]}}