{"id":6420,"date":"2021-03-01T10:29:21","date_gmt":"2021-11-30T09:29:21","guid":{"rendered":"https:\/\/www.brighigroup.com\/machine\/fp-100\/"},"modified":"2025-01-27T10:12:13","modified_gmt":"2025-01-27T09:12:13","slug":"fp-100","status":"publish","type":"product","link":"https:\/\/www.brighigroup.com\/es\/machine\/fp-100\/","title":{"rendered":"FP-100"},"content":{"rendered":"<h2>Perforadora de almohadas de l\u00e1tex y espuma<\/h2>\n<p><strong>M\u00e1quina perforadora de<\/strong> <strong>almohadas de poliuretano<\/strong> (tambi\u00e9n viscoel\u00e1stico). La almohada se coloca manualmente sobre la superficie de trabajo; pulsando los dos botones de seguridad y sin interferir con la barrera de seguridad, la placa con los punzones desciende y completa la perforaci\u00f3n.<\/p>\n<p>Los <strong>desechos de poliuretano producidos por la perforaci\u00f3n<\/strong> (espaguetis) se recogen en una tolva situada en la parte inferior de la m\u00e1quina y <strong>se pueden recoger<\/strong> con un aspirador opcional <strong>para su posterior <a href=\"https:\/\/www.brighigroup.com\/es\/linea-de-reciclaje\/\">reciclaje<\/a>.<\/strong><\/p>\n<p><strong>LO QUE SE PUEDE PROCESAR<\/strong><\/p>\n<p>Almohadas de poliuretano (tambi\u00e9n viscoel\u00e1stico).<\/p>\n<p><strong>PUNTOS FUERTES<\/strong><\/p>\n<ul>\n<li><strong>Estructura robusta <\/strong>con barreras de seguridad.<\/li>\n<li><strong>Flexibilidad: <\/strong>no es necesario un ajuste mec\u00e1nico para procesar art\u00edculos diferentes (tama\u00f1o\/material). Proceso preciso, r\u00e1pido y seguro.<\/li>\n<li><strong>Actualizaci\u00f3n a la versi\u00f3n XL <\/strong>para art\u00edculos no est\u00e1ndar.<\/li>\n<\/ul>\n","protected":false},"excerpt":{"rendered":"<h6>Perforadora de almohadas de l\u00e1tex y espuma<\/h6>\n","protected":false},"featured_media":6118,"template":"","meta":{"_acf_changed":false},"product_cat":[133,138,146],"product_tag":[310,317],"class_list":{"0":"post-6420","1":"product","2":"type-product","3":"status-publish","4":"has-post-thumbnail","6":"product_cat-linea-de-almohadas-de-latex-almohdas-de-espuma-y-de-espuma-triturada","7":"product_cat-linea-de-produccion-de-espuma-para-colchones-almohadas-y-sofas","8":"product_cat-procesamiento-de-las-materias-primas","9":"product_tag-almohadas-de-espuma-y-latex","10":"product_tag-espuma","12":"first","13":"instock","14":"shipping-taxable","15":"product-type-simple"},"acf":[],"yoast_head":"<!-- This site is optimized with the Yoast SEO plugin v24.2 - https:\/\/yoast.com\/wordpress\/plugins\/seo\/ -->\n<title>Perforadora de almohadas - Brighi Group<\/title>\n<meta name=\"description\" content=\"FP-100 es la m\u00e1quina perforadora de almohadas y cojines de l\u00e1tex y espuma de poliuretano (tambi\u00e9n viscoel\u00e1stico), para realizar orificios de ventilaci\u00f3n.\" \/>\n<meta name=\"robots\" content=\"index, follow, max-snippet:-1, max-image-preview:large, max-video-preview:-1\" \/>\n<link rel=\"canonical\" href=\"https:\/\/www.brighigroup.com\/es\/machine\/fp-100\/\" \/>\n<meta property=\"og:locale\" content=\"es_ES\" \/>\n<meta property=\"og:type\" content=\"article\" \/>\n<meta property=\"og:title\" content=\"Perforadora de almohadas - Brighi Group\" \/>\n<meta property=\"og:description\" content=\"FP-100 es la m\u00e1quina perforadora de almohadas y cojines de l\u00e1tex y espuma de poliuretano (tambi\u00e9n viscoel\u00e1stico), para realizar orificios de ventilaci\u00f3n.\" \/>\n<meta property=\"og:url\" content=\"https:\/\/www.brighigroup.com\/es\/machine\/fp-100\/\" \/>\n<meta property=\"og:site_name\" content=\"Brighi Group\" \/>\n<meta property=\"article:modified_time\" content=\"2025-01-27T09:12:13+00:00\" \/>\n<meta property=\"og:image\" content=\"https:\/\/www.brighigroup.com\/wp-content\/uploads\/2021\/11\/FP-100.jpg\" \/>\n\t<meta property=\"og:image:width\" content=\"1920\" \/>\n\t<meta property=\"og:image:height\" content=\"1280\" \/>\n\t<meta property=\"og:image:type\" content=\"image\/jpeg\" \/>\n<meta name=\"twitter:card\" content=\"summary_large_image\" \/>\n<meta name=\"twitter:label1\" content=\"Tiempo de lectura\" \/>\n\t<meta name=\"twitter:data1\" content=\"1 minuto\" \/>\n<script type=\"application\/ld+json\" class=\"yoast-schema-graph\">{\"@context\":\"https:\/\/schema.org\",\"@graph\":[{\"@type\":\"WebPage\",\"@id\":\"https:\/\/www.brighigroup.com\/es\/machine\/fp-100\/\",\"url\":\"https:\/\/www.brighigroup.com\/es\/machine\/fp-100\/\",\"name\":\"Perforadora de almohadas - Brighi Group\",\"isPartOf\":{\"@id\":\"https:\/\/www.brighigroup.com\/es\/#website\"},\"primaryImageOfPage\":{\"@id\":\"https:\/\/www.brighigroup.com\/es\/machine\/fp-100\/#primaryimage\"},\"image\":{\"@id\":\"https:\/\/www.brighigroup.com\/es\/machine\/fp-100\/#primaryimage\"},\"thumbnailUrl\":\"https:\/\/www.brighigroup.com\/wp-content\/uploads\/2021\/11\/FP-100.jpg\",\"datePublished\":\"2021-11-30T09:29:21+00:00\",\"dateModified\":\"2025-01-27T09:12:13+00:00\",\"description\":\"FP-100 es la m\u00e1quina perforadora de almohadas y cojines de l\u00e1tex y espuma de poliuretano (tambi\u00e9n viscoel\u00e1stico), para realizar orificios de ventilaci\u00f3n.\",\"breadcrumb\":{\"@id\":\"https:\/\/www.brighigroup.com\/es\/machine\/fp-100\/#breadcrumb\"},\"inLanguage\":\"es\",\"potentialAction\":[{\"@type\":\"ReadAction\",\"target\":[\"https:\/\/www.brighigroup.com\/es\/machine\/fp-100\/\"]}]},{\"@type\":\"ImageObject\",\"inLanguage\":\"es\",\"@id\":\"https:\/\/www.brighigroup.com\/es\/machine\/fp-100\/#primaryimage\",\"url\":\"https:\/\/www.brighigroup.com\/wp-content\/uploads\/2021\/11\/FP-100.jpg\",\"contentUrl\":\"https:\/\/www.brighigroup.com\/wp-content\/uploads\/2021\/11\/FP-100.jpg\",\"width\":1920,\"height\":1280},{\"@type\":\"BreadcrumbList\",\"@id\":\"https:\/\/www.brighigroup.com\/es\/machine\/fp-100\/#breadcrumb\",\"itemListElement\":[{\"@type\":\"ListItem\",\"position\":1,\"name\":\"M\u00e1quinas\",\"item\":\"https:\/\/www.brighigroup.com\/es\/maquinas\/\"},{\"@type\":\"ListItem\",\"position\":2,\"name\":\"FP-100\"}]},{\"@type\":\"WebSite\",\"@id\":\"https:\/\/www.brighigroup.com\/es\/#website\",\"url\":\"https:\/\/www.brighigroup.com\/es\/\",\"name\":\"Brighi Group\",\"description\":\"Home textile e di prodotti imbottiti per il design d&#039;arredo tramandando l&#039;innovazione come cultura d&#039;impresa.\",\"potentialAction\":[{\"@type\":\"SearchAction\",\"target\":{\"@type\":\"EntryPoint\",\"urlTemplate\":\"https:\/\/www.brighigroup.com\/es\/?s={search_term_string}\"},\"query-input\":{\"@type\":\"PropertyValueSpecification\",\"valueRequired\":true,\"valueName\":\"search_term_string\"}}],\"inLanguage\":\"es\"}]}<\/script>\n<!-- \/ Yoast SEO plugin. -->","yoast_head_json":{"title":"Perforadora de almohadas - Brighi Group","description":"FP-100 es la m\u00e1quina perforadora de almohadas y cojines de l\u00e1tex y espuma de poliuretano (tambi\u00e9n viscoel\u00e1stico), para realizar orificios de ventilaci\u00f3n.","robots":{"index":"index","follow":"follow","max-snippet":"max-snippet:-1","max-image-preview":"max-image-preview:large","max-video-preview":"max-video-preview:-1"},"canonical":"https:\/\/www.brighigroup.com\/es\/machine\/fp-100\/","og_locale":"es_ES","og_type":"article","og_title":"Perforadora de almohadas - Brighi Group","og_description":"FP-100 es la m\u00e1quina perforadora de almohadas y cojines de l\u00e1tex y espuma de poliuretano (tambi\u00e9n viscoel\u00e1stico), para realizar orificios de ventilaci\u00f3n.","og_url":"https:\/\/www.brighigroup.com\/es\/machine\/fp-100\/","og_site_name":"Brighi Group","article_modified_time":"2025-01-27T09:12:13+00:00","og_image":[{"width":1920,"height":1280,"url":"https:\/\/www.brighigroup.com\/wp-content\/uploads\/2021\/11\/FP-100.jpg","type":"image\/jpeg"}],"twitter_card":"summary_large_image","twitter_misc":{"Tiempo de lectura":"1 minuto"},"schema":{"@context":"https:\/\/schema.org","@graph":[{"@type":"WebPage","@id":"https:\/\/www.brighigroup.com\/es\/machine\/fp-100\/","url":"https:\/\/www.brighigroup.com\/es\/machine\/fp-100\/","name":"Perforadora de almohadas - Brighi Group","isPartOf":{"@id":"https:\/\/www.brighigroup.com\/es\/#website"},"primaryImageOfPage":{"@id":"https:\/\/www.brighigroup.com\/es\/machine\/fp-100\/#primaryimage"},"image":{"@id":"https:\/\/www.brighigroup.com\/es\/machine\/fp-100\/#primaryimage"},"thumbnailUrl":"https:\/\/www.brighigroup.com\/wp-content\/uploads\/2021\/11\/FP-100.jpg","datePublished":"2021-11-30T09:29:21+00:00","dateModified":"2025-01-27T09:12:13+00:00","description":"FP-100 es la m\u00e1quina perforadora de almohadas y cojines de l\u00e1tex y espuma de poliuretano (tambi\u00e9n viscoel\u00e1stico), para realizar orificios de ventilaci\u00f3n.","breadcrumb":{"@id":"https:\/\/www.brighigroup.com\/es\/machine\/fp-100\/#breadcrumb"},"inLanguage":"es","potentialAction":[{"@type":"ReadAction","target":["https:\/\/www.brighigroup.com\/es\/machine\/fp-100\/"]}]},{"@type":"ImageObject","inLanguage":"es","@id":"https:\/\/www.brighigroup.com\/es\/machine\/fp-100\/#primaryimage","url":"https:\/\/www.brighigroup.com\/wp-content\/uploads\/2021\/11\/FP-100.jpg","contentUrl":"https:\/\/www.brighigroup.com\/wp-content\/uploads\/2021\/11\/FP-100.jpg","width":1920,"height":1280},{"@type":"BreadcrumbList","@id":"https:\/\/www.brighigroup.com\/es\/machine\/fp-100\/#breadcrumb","itemListElement":[{"@type":"ListItem","position":1,"name":"M\u00e1quinas","item":"https:\/\/www.brighigroup.com\/es\/maquinas\/"},{"@type":"ListItem","position":2,"name":"FP-100"}]},{"@type":"WebSite","@id":"https:\/\/www.brighigroup.com\/es\/#website","url":"https:\/\/www.brighigroup.com\/es\/","name":"Brighi Group","description":"Home textile e di prodotti imbottiti per il design d&#039;arredo tramandando l&#039;innovazione come cultura d&#039;impresa.","potentialAction":[{"@type":"SearchAction","target":{"@type":"EntryPoint","urlTemplate":"https:\/\/www.brighigroup.com\/es\/?s={search_term_string}"},"query-input":{"@type":"PropertyValueSpecification","valueRequired":true,"valueName":"search_term_string"}}],"inLanguage":"es"}]}},"_links":{"self":[{"href":"https:\/\/www.brighigroup.com\/es\/wp-json\/wp\/v2\/product\/6420","targetHints":{"allow":["GET"]}}],"collection":[{"href":"https:\/\/www.brighigroup.com\/es\/wp-json\/wp\/v2\/product"}],"about":[{"href":"https:\/\/www.brighigroup.com\/es\/wp-json\/wp\/v2\/types\/product"}],"wp:featuredmedia":[{"embeddable":true,"href":"https:\/\/www.brighigroup.com\/es\/wp-json\/wp\/v2\/media\/6118"}],"wp:attachment":[{"href":"https:\/\/www.brighigroup.com\/es\/wp-json\/wp\/v2\/media?parent=6420"}],"wp:term":[{"taxonomy":"product_cat","embeddable":true,"href":"https:\/\/www.brighigroup.com\/es\/wp-json\/wp\/v2\/product_cat?post=6420"},{"taxonomy":"product_tag","embeddable":true,"href":"https:\/\/www.brighigroup.com\/es\/wp-json\/wp\/v2\/product_tag?post=6420"}],"curies":[{"name":"wp","href":"https:\/\/api.w.org\/{rel}","templated":true}]}}