{"id":6419,"date":"2022-07-01T10:30:25","date_gmt":"2021-11-30T09:32:25","guid":{"rendered":"https:\/\/www.brighigroup.com\/machine\/ebl-500-easy-blow\/"},"modified":"2025-01-27T10:04:04","modified_gmt":"2025-01-27T09:04:04","slug":"ebl-500-easy-blow","status":"publish","type":"product","link":"https:\/\/www.brighigroup.com\/es\/machine\/ebl-500-easy-blow\/","title":{"rendered":"EBL-500 EASY BLOW"},"content":{"rendered":"<h2><strong>SISTEMA AUTOM\u00c1TICO DE PESAJE, LLENADO Y COSIDO<\/strong><\/h2>\n<p>Easy Blow es <strong>la soluci\u00f3n m\u00e1s automatizada para el llenado mediante soplado y la costura de los cojines<\/strong>. La m\u00e1quina combina la <strong>tecnolog\u00eda de prepesaje<\/strong> y la <strong>experiencia de costura<\/strong> para un aut\u00e9ntico proceso <strong>sin operador<\/strong>.<\/p>\n<p>Las fundas se cargan en ambas estaciones de llenado a trav\u00e9s del sistema autom\u00e1tico de carga de las cajas portafundas. Los 2 robots recogen simult\u00e1neamente las fundas y las colocan en los tubos de las llenadoras donde el sistema de sujeci\u00f3n especial las retienen hasta que el proceso de llenado se haya completado. El cargador autom\u00e1tico de las fundas est\u00e1 equipado con cajas multiformato ajustables. La tecnolog\u00eda de prepesaje <a href=\"https:\/\/www.brighigroup.com\/es\/machine\/mac-400\/\">MAC-400<\/a> garantiza la <strong>coherencia y precisi\u00f3n del proceso de llenado por soplado<\/strong>. Una vez llenados, los dos cojines se llevan autom\u00e1ticamente a las <strong>estaciones de cosido donde se cosen y etiquetan<\/strong>, si est\u00e1n instaladas las etiquetadoras opcionales.<\/p>\n<p>Una vez finalizados, los cojines se desplazan a la zona de descarga que puede estar conectada a la m\u00e1quina siguiente como el Shaker <a href=\"https:\/\/www.brighigroup.com\/es\/machine\/sh-100\/\">SH-100<\/a> y las dem\u00e1s <a href=\"https:\/\/www.brighigroup.com\/es\/categoria\/embalaje\/\">m\u00e1quinas de embalaje<\/a> que se ofrecen en nuestra amplia gama de soluciones.<\/p>\n<p>&nbsp;<\/p>\n<p><iframe title=\"Fully Automatic Line for Blown Pillows with EBL-500 EASY BLOW\" width=\"800\" height=\"450\" src=\"https:\/\/www.youtube-nocookie.com\/embed\/5VSJJTakbxw?feature=oembed\" frameborder=\"0\" allow=\"accelerometer; autoplay; clipboard-write; encrypted-media; gyroscope; picture-in-picture\" allowfullscreen><\/iframe><\/p>\n<p><strong>LO QUE SE PUEDE LLENAR Y COSER<\/strong><\/p>\n<p>Almohadas, cojines.<\/p>\n<p><strong>FUNDAS QUE SE PUEDEN UTILIZAR<\/strong><\/p>\n<p>TNT, algod\u00f3n, polialgod\u00f3n.<\/p>\n<p><strong>PUNTOS FUERTES<\/strong><\/p>\n<ul>\n<li><strong>El primer proceso patentado completamente autom\u00e1tico e integrado: <\/strong> desde la carga de las fundas hasta el coj\u00edn cosido y etiquetado sin intervenci\u00f3n de ning\u00fan operador, excepto el supervisor de planta. Si se incorpora en l\u00ednea con m\u00e1quinas de embalaje, el proceso desde el procesamiento de la materia prima hasta coj\u00edn dentro de una caja es completamente autom\u00e1tico.<\/li>\n<li><strong>Reducci\u00f3n de los costes de mano de obra y alta productividad, lo que se traduce en una r\u00e1pida amortizaci\u00f3n.<\/strong><\/li>\n<li>Posibilidad de programar una <strong>producci\u00f3n por pedido<\/strong>, evitando costes de almacenamiento.<\/li>\n<li><strong>Alto est\u00e1ndar de calidad del producto final.<\/strong><\/li>\n<li><strong>Gesti\u00f3n electr\u00f3nica:<\/strong>a trav\u00e9s de la pantalla t\u00e1ctil de la m\u00e1quina se pueden gestionar todos los par\u00e1metros y ajustes mec\u00e1nicos de forma autom\u00e1tica, la introducci\u00f3n y la gesti\u00f3n de las recetas con las caracter\u00edsticas del producto\/material.<\/li>\n<li><strong>Flexibilidad: <\/strong> la m\u00e1quina gestiona una amplia gama de materiales procesados (tama\u00f1o, material de llenado) sin necesidad de ajustes mec\u00e1nicos.<\/li>\n<\/ul>\n","protected":false},"excerpt":{"rendered":"<h6>Sistema autom\u00e1tico de pesaje, llenado, costura, y etiquetado<\/h6>\n","protected":false},"featured_media":6114,"template":"","meta":{"_acf_changed":false},"product_cat":[144,130,132,142],"product_tag":[305],"class_list":{"0":"post-6419","1":"product","2":"type-product","3":"status-publish","4":"has-post-thumbnail","6":"product_cat-costura","7":"product_cat-linea-de-almohadas-sopladas","8":"product_cat-linea-de-cojines-decorativos-para-sillas-y-exterior","9":"product_cat-llenado-por-soplado","10":"product_tag-almohadas-y-cojines-soplados","12":"first","13":"instock","14":"shipping-taxable","15":"product-type-simple"},"acf":[],"yoast_head":"<!-- This site is optimized with the Yoast SEO plugin v24.2 - https:\/\/yoast.com\/wordpress\/plugins\/seo\/ -->\n<title>Sistema autom\u00e1tico para almohadas sopladas - Brighi Group<\/title>\n<meta name=\"description\" content=\"Easy Blow es la soluci\u00f3n m\u00e1s automatizada para el llenado mediante soplado y el cosido de los cojines. No se necesita un operador.\" \/>\n<meta name=\"robots\" content=\"index, follow, max-snippet:-1, max-image-preview:large, max-video-preview:-1\" \/>\n<link rel=\"canonical\" href=\"https:\/\/www.brighigroup.com\/es\/machine\/ebl-500-easy-blow\/\" \/>\n<meta property=\"og:locale\" content=\"es_ES\" \/>\n<meta property=\"og:type\" content=\"article\" \/>\n<meta property=\"og:title\" content=\"Sistema autom\u00e1tico para almohadas sopladas - Brighi Group\" \/>\n<meta property=\"og:description\" content=\"Easy Blow es la soluci\u00f3n m\u00e1s automatizada para el llenado mediante soplado y el cosido de los cojines. No se necesita un operador.\" \/>\n<meta property=\"og:url\" content=\"https:\/\/www.brighigroup.com\/es\/machine\/ebl-500-easy-blow\/\" \/>\n<meta property=\"og:site_name\" content=\"Brighi Group\" \/>\n<meta property=\"article:modified_time\" content=\"2025-01-27T09:04:04+00:00\" \/>\n<meta property=\"og:image\" content=\"https:\/\/www.brighigroup.com\/wp-content\/uploads\/2021\/11\/EBL-500-EASY-BLOW.jpg\" \/>\n\t<meta property=\"og:image:width\" content=\"1920\" \/>\n\t<meta property=\"og:image:height\" content=\"1280\" \/>\n\t<meta property=\"og:image:type\" content=\"image\/jpeg\" \/>\n<meta name=\"twitter:card\" content=\"summary_large_image\" \/>\n<meta name=\"twitter:label1\" content=\"Tiempo de lectura\" \/>\n\t<meta name=\"twitter:data1\" content=\"2 minutos\" \/>\n<script type=\"application\/ld+json\" class=\"yoast-schema-graph\">{\"@context\":\"https:\/\/schema.org\",\"@graph\":[{\"@type\":\"WebPage\",\"@id\":\"https:\/\/www.brighigroup.com\/es\/machine\/ebl-500-easy-blow\/\",\"url\":\"https:\/\/www.brighigroup.com\/es\/machine\/ebl-500-easy-blow\/\",\"name\":\"Sistema autom\u00e1tico para almohadas sopladas - Brighi Group\",\"isPartOf\":{\"@id\":\"https:\/\/www.brighigroup.com\/es\/#website\"},\"primaryImageOfPage\":{\"@id\":\"https:\/\/www.brighigroup.com\/es\/machine\/ebl-500-easy-blow\/#primaryimage\"},\"image\":{\"@id\":\"https:\/\/www.brighigroup.com\/es\/machine\/ebl-500-easy-blow\/#primaryimage\"},\"thumbnailUrl\":\"https:\/\/www.brighigroup.com\/wp-content\/uploads\/2021\/11\/EBL-500-EASY-BLOW.jpg\",\"datePublished\":\"2021-11-30T09:32:25+00:00\",\"dateModified\":\"2025-01-27T09:04:04+00:00\",\"description\":\"Easy Blow es la soluci\u00f3n m\u00e1s automatizada para el llenado mediante soplado y el cosido de los cojines. No se necesita un operador.\",\"breadcrumb\":{\"@id\":\"https:\/\/www.brighigroup.com\/es\/machine\/ebl-500-easy-blow\/#breadcrumb\"},\"inLanguage\":\"es\",\"potentialAction\":[{\"@type\":\"ReadAction\",\"target\":[\"https:\/\/www.brighigroup.com\/es\/machine\/ebl-500-easy-blow\/\"]}]},{\"@type\":\"ImageObject\",\"inLanguage\":\"es\",\"@id\":\"https:\/\/www.brighigroup.com\/es\/machine\/ebl-500-easy-blow\/#primaryimage\",\"url\":\"https:\/\/www.brighigroup.com\/wp-content\/uploads\/2021\/11\/EBL-500-EASY-BLOW.jpg\",\"contentUrl\":\"https:\/\/www.brighigroup.com\/wp-content\/uploads\/2021\/11\/EBL-500-EASY-BLOW.jpg\",\"width\":1920,\"height\":1280},{\"@type\":\"BreadcrumbList\",\"@id\":\"https:\/\/www.brighigroup.com\/es\/machine\/ebl-500-easy-blow\/#breadcrumb\",\"itemListElement\":[{\"@type\":\"ListItem\",\"position\":1,\"name\":\"M\u00e1quinas\",\"item\":\"https:\/\/www.brighigroup.com\/es\/maquinas\/\"},{\"@type\":\"ListItem\",\"position\":2,\"name\":\"EBL-500 EASY BLOW\"}]},{\"@type\":\"WebSite\",\"@id\":\"https:\/\/www.brighigroup.com\/es\/#website\",\"url\":\"https:\/\/www.brighigroup.com\/es\/\",\"name\":\"Brighi Group\",\"description\":\"Home textile e di prodotti imbottiti per il design d&#039;arredo tramandando l&#039;innovazione come cultura d&#039;impresa.\",\"potentialAction\":[{\"@type\":\"SearchAction\",\"target\":{\"@type\":\"EntryPoint\",\"urlTemplate\":\"https:\/\/www.brighigroup.com\/es\/?s={search_term_string}\"},\"query-input\":{\"@type\":\"PropertyValueSpecification\",\"valueRequired\":true,\"valueName\":\"search_term_string\"}}],\"inLanguage\":\"es\"}]}<\/script>\n<!-- \/ Yoast SEO plugin. -->","yoast_head_json":{"title":"Sistema autom\u00e1tico para almohadas sopladas - Brighi Group","description":"Easy Blow es la soluci\u00f3n m\u00e1s automatizada para el llenado mediante soplado y el cosido de los cojines. No se necesita un operador.","robots":{"index":"index","follow":"follow","max-snippet":"max-snippet:-1","max-image-preview":"max-image-preview:large","max-video-preview":"max-video-preview:-1"},"canonical":"https:\/\/www.brighigroup.com\/es\/machine\/ebl-500-easy-blow\/","og_locale":"es_ES","og_type":"article","og_title":"Sistema autom\u00e1tico para almohadas sopladas - Brighi Group","og_description":"Easy Blow es la soluci\u00f3n m\u00e1s automatizada para el llenado mediante soplado y el cosido de los cojines. No se necesita un operador.","og_url":"https:\/\/www.brighigroup.com\/es\/machine\/ebl-500-easy-blow\/","og_site_name":"Brighi Group","article_modified_time":"2025-01-27T09:04:04+00:00","og_image":[{"width":1920,"height":1280,"url":"https:\/\/www.brighigroup.com\/wp-content\/uploads\/2021\/11\/EBL-500-EASY-BLOW.jpg","type":"image\/jpeg"}],"twitter_card":"summary_large_image","twitter_misc":{"Tiempo de lectura":"2 minutos"},"schema":{"@context":"https:\/\/schema.org","@graph":[{"@type":"WebPage","@id":"https:\/\/www.brighigroup.com\/es\/machine\/ebl-500-easy-blow\/","url":"https:\/\/www.brighigroup.com\/es\/machine\/ebl-500-easy-blow\/","name":"Sistema autom\u00e1tico para almohadas sopladas - Brighi Group","isPartOf":{"@id":"https:\/\/www.brighigroup.com\/es\/#website"},"primaryImageOfPage":{"@id":"https:\/\/www.brighigroup.com\/es\/machine\/ebl-500-easy-blow\/#primaryimage"},"image":{"@id":"https:\/\/www.brighigroup.com\/es\/machine\/ebl-500-easy-blow\/#primaryimage"},"thumbnailUrl":"https:\/\/www.brighigroup.com\/wp-content\/uploads\/2021\/11\/EBL-500-EASY-BLOW.jpg","datePublished":"2021-11-30T09:32:25+00:00","dateModified":"2025-01-27T09:04:04+00:00","description":"Easy Blow es la soluci\u00f3n m\u00e1s automatizada para el llenado mediante soplado y el cosido de los cojines. No se necesita un operador.","breadcrumb":{"@id":"https:\/\/www.brighigroup.com\/es\/machine\/ebl-500-easy-blow\/#breadcrumb"},"inLanguage":"es","potentialAction":[{"@type":"ReadAction","target":["https:\/\/www.brighigroup.com\/es\/machine\/ebl-500-easy-blow\/"]}]},{"@type":"ImageObject","inLanguage":"es","@id":"https:\/\/www.brighigroup.com\/es\/machine\/ebl-500-easy-blow\/#primaryimage","url":"https:\/\/www.brighigroup.com\/wp-content\/uploads\/2021\/11\/EBL-500-EASY-BLOW.jpg","contentUrl":"https:\/\/www.brighigroup.com\/wp-content\/uploads\/2021\/11\/EBL-500-EASY-BLOW.jpg","width":1920,"height":1280},{"@type":"BreadcrumbList","@id":"https:\/\/www.brighigroup.com\/es\/machine\/ebl-500-easy-blow\/#breadcrumb","itemListElement":[{"@type":"ListItem","position":1,"name":"M\u00e1quinas","item":"https:\/\/www.brighigroup.com\/es\/maquinas\/"},{"@type":"ListItem","position":2,"name":"EBL-500 EASY BLOW"}]},{"@type":"WebSite","@id":"https:\/\/www.brighigroup.com\/es\/#website","url":"https:\/\/www.brighigroup.com\/es\/","name":"Brighi Group","description":"Home textile e di prodotti imbottiti per il design d&#039;arredo tramandando l&#039;innovazione come cultura d&#039;impresa.","potentialAction":[{"@type":"SearchAction","target":{"@type":"EntryPoint","urlTemplate":"https:\/\/www.brighigroup.com\/es\/?s={search_term_string}"},"query-input":{"@type":"PropertyValueSpecification","valueRequired":true,"valueName":"search_term_string"}}],"inLanguage":"es"}]}},"_links":{"self":[{"href":"https:\/\/www.brighigroup.com\/es\/wp-json\/wp\/v2\/product\/6419","targetHints":{"allow":["GET"]}}],"collection":[{"href":"https:\/\/www.brighigroup.com\/es\/wp-json\/wp\/v2\/product"}],"about":[{"href":"https:\/\/www.brighigroup.com\/es\/wp-json\/wp\/v2\/types\/product"}],"wp:featuredmedia":[{"embeddable":true,"href":"https:\/\/www.brighigroup.com\/es\/wp-json\/wp\/v2\/media\/6114"}],"wp:attachment":[{"href":"https:\/\/www.brighigroup.com\/es\/wp-json\/wp\/v2\/media?parent=6419"}],"wp:term":[{"taxonomy":"product_cat","embeddable":true,"href":"https:\/\/www.brighigroup.com\/es\/wp-json\/wp\/v2\/product_cat?post=6419"},{"taxonomy":"product_tag","embeddable":true,"href":"https:\/\/www.brighigroup.com\/es\/wp-json\/wp\/v2\/product_tag?post=6419"}],"curies":[{"name":"wp","href":"https:\/\/api.w.org\/{rel}","templated":true}]}}