{"id":6416,"date":"2022-02-01T10:00:29","date_gmt":"2021-11-30T09:39:29","guid":{"rendered":"https:\/\/www.brighigroup.com\/machine\/ep-500-easy-pillow\/"},"modified":"2024-05-14T14:49:43","modified_gmt":"2024-05-14T12:49:43","slug":"ep-500-easy-pillow","status":"publish","type":"product","link":"https:\/\/www.brighigroup.com\/es\/machine\/ep-500-easy-pillow\/","title":{"rendered":"EP-500 EASY PILLOW"},"content":{"rendered":"<h2>Sistema autom\u00e1tico de enfundado y cosido para almohadas<\/h2>\n<p>EP-500 Easy Pillow es sistema autom\u00e1tico de <strong>enfudado y coser para almohadas y cojines de fibra cardada enrollada<\/strong>. La m\u00e1quina puede tambi\u00e9n etiquetar. El proceso comienza con la alimentaci\u00f3n de la fibra enrollada que proviene de la m\u00e1quina enrolladora mod. <a href=\"https:\/\/www.brighigroup.com\/es\/machine\/rm-100\/\">RM-100<\/a>. El robot toma la funda directamente de la bandeja o de la cinta, la abre con los dedos y la coloca en las cintas de la enfundadora. Las horquillas tensan la funda mientras que la fibra enrollada llega mediante la cinta de alimentaci\u00f3n y es introducida en la funda.<\/p>\n<p>Ahora, todo el grupo de las horquillas avanza hacia la zona de cosido donde se libera el coj\u00edn en las cintas de transferencia. La almohada llega a la estaci\u00f3n de cosido donde <strong>se coser\u00e1 y etiquetar\u00e1<\/strong> y luego se descarga para los siguientes pasos del proceso. Los par\u00e1metros de la m\u00e1quina se pueden configurar f\u00e1cilmente en la pantalla t\u00e1ctil con software intuitivo. La configuraci\u00f3n base se suministra con 1 estaci\u00f3n de cosido overlock; para lograr una producci\u00f3n ininterrumpida, se puede incorporar una segunda estaci\u00f3n de cosido que act\u00faa de respaldo en caso de parada de la m\u00e1quina debido a carga de materiales (rollos de etiquetas o hilo): <strong>la estaci\u00f3n de cosido de respaldo interviene de forma aut\u00f3noma<\/strong>, sustituyendo autom\u00e1ticamente la primera estaci\u00f3n.<\/p>\n<p>&nbsp;<\/p>\n<p><iframe title=\"Fully Automatic Line for Carded Pillows\" width=\"800\" height=\"450\" src=\"https:\/\/www.youtube-nocookie.com\/embed\/xxrClJeTOmo?feature=oembed\" frameborder=\"0\" allow=\"accelerometer; autoplay; clipboard-write; encrypted-media; gyroscope; picture-in-picture\" allowfullscreen><\/iframe><\/p>\n<p><strong>QU\u00c9 SE PUEDE LLENAR<\/strong><\/p>\n<p>Cojines, almohadas<\/p>\n<p><strong>MATERIALES DE LLENADO QUE SE PUEDEN UTILIZAR<\/strong><\/p>\n<p>Guata de fibra cardada enrollada<\/p>\n<p><strong>PUNTOS FUERTES<\/strong><\/p>\n<ul>\n<li><strong>Primera m\u00e1quina totalmente autom\u00e1tica patentada para enfundar y coser<\/strong> cojines y almohadas, partiendo de la alimentaci\u00f3n de la guata enrollada hasta llegar al coj\u00edn acabado con etiqueta. Si se incorpora en l\u00ednea con las m\u00e1quinas de embalaje, se puede llevar a cabo el proceso de embalaje completo desde el cardado hasta el producto empaquetado y en caja.<\/li>\n<li><strong>Reducci\u00f3n de los costes de mano de obra y r\u00e1pida amortizaci\u00f3n:<\/strong> no es necesaria la presencia de un operador, excepto el supervisor que controla las funcionalidades cuando es necesario.<\/li>\n<li><strong>Posibilidad de programar una producci\u00f3n por pedido<\/strong>, evitando costes de almacenamiento.<\/li>\n<li><strong>Gesti\u00f3n simplificada: <\/strong>panel de control para la gesti\u00f3n autom\u00e1tica de todos los par\u00e1metros y ajustes mec\u00e1nicos, con introducci\u00f3n y gesti\u00f3n de las recetas con las caracter\u00edsticas del producto.<\/li>\n<li><strong>Flexibilidad: <\/strong>la m\u00e1quina procesa una amplia gama de materiales y fundas sin necesidad de ajustes mec\u00e1nicos.<\/li>\n<li><strong>Actualizaci\u00f3n a la versi\u00f3n XL <\/strong>para gestionar una amplia gama de productos (hasta 140cm \/ 55in de longitud).<\/li>\n<\/ul>\n","protected":false},"excerpt":{"rendered":"<h6>Sistema autom\u00e1tico de enfundado, cosido y etiquetado para almohadas<\/h6>\n","protected":false},"featured_media":6106,"template":"","meta":{"_acf_changed":false},"product_cat":[144,145,131],"product_tag":[302],"class_list":{"0":"post-6416","1":"product","2":"type-product","3":"status-publish","4":"has-post-thumbnail","6":"product_cat-costura","7":"product_cat-enfundado","8":"product_cat-linea-de-almohadas-cardadas","9":"product_tag-almohadas-y-cojines-de-fibra-cardada-enrollada","11":"first","12":"instock","13":"shipping-taxable","14":"product-type-simple"},"acf":[],"yoast_head":"<!-- This site is optimized with the Yoast SEO plugin v24.2 - https:\/\/yoast.com\/wordpress\/plugins\/seo\/ -->\n<title>Sistema autom\u00e1tico de enfundado y cosido - Brighi Group<\/title>\n<meta name=\"description\" content=\"EP-500 es un sistema autom\u00e1tico de enfundado y cosido para almohadas y cojines de fibra cardada enrollada. La m\u00e1quina puede tambi\u00e9n etiquetar.\" \/>\n<meta name=\"robots\" content=\"index, follow, max-snippet:-1, max-image-preview:large, max-video-preview:-1\" \/>\n<link rel=\"canonical\" href=\"https:\/\/www.brighigroup.com\/es\/machine\/ep-500-easy-pillow\/\" \/>\n<meta property=\"og:locale\" content=\"es_ES\" \/>\n<meta property=\"og:type\" content=\"article\" \/>\n<meta property=\"og:title\" content=\"Sistema autom\u00e1tico de enfundado y cosido - Brighi Group\" \/>\n<meta property=\"og:description\" content=\"EP-500 es un sistema autom\u00e1tico de enfundado y cosido para almohadas y cojines de fibra cardada enrollada. La m\u00e1quina puede tambi\u00e9n etiquetar.\" \/>\n<meta property=\"og:url\" content=\"https:\/\/www.brighigroup.com\/es\/machine\/ep-500-easy-pillow\/\" \/>\n<meta property=\"og:site_name\" content=\"Brighi Group\" \/>\n<meta property=\"article:modified_time\" content=\"2024-05-14T12:49:43+00:00\" \/>\n<meta property=\"og:image\" content=\"https:\/\/www.brighigroup.com\/wp-content\/uploads\/2021\/11\/EP-500-EASY-PILLOW.jpg\" \/>\n\t<meta property=\"og:image:width\" content=\"1920\" \/>\n\t<meta property=\"og:image:height\" content=\"1280\" \/>\n\t<meta property=\"og:image:type\" content=\"image\/jpeg\" \/>\n<meta name=\"twitter:card\" content=\"summary_large_image\" \/>\n<meta name=\"twitter:label1\" content=\"Tiempo de lectura\" \/>\n\t<meta name=\"twitter:data1\" content=\"2 minutos\" \/>\n<script type=\"application\/ld+json\" class=\"yoast-schema-graph\">{\"@context\":\"https:\/\/schema.org\",\"@graph\":[{\"@type\":\"WebPage\",\"@id\":\"https:\/\/www.brighigroup.com\/es\/machine\/ep-500-easy-pillow\/\",\"url\":\"https:\/\/www.brighigroup.com\/es\/machine\/ep-500-easy-pillow\/\",\"name\":\"Sistema autom\u00e1tico de enfundado y cosido - Brighi Group\",\"isPartOf\":{\"@id\":\"https:\/\/www.brighigroup.com\/es\/#website\"},\"primaryImageOfPage\":{\"@id\":\"https:\/\/www.brighigroup.com\/es\/machine\/ep-500-easy-pillow\/#primaryimage\"},\"image\":{\"@id\":\"https:\/\/www.brighigroup.com\/es\/machine\/ep-500-easy-pillow\/#primaryimage\"},\"thumbnailUrl\":\"https:\/\/www.brighigroup.com\/wp-content\/uploads\/2021\/11\/EP-500-EASY-PILLOW.jpg\",\"datePublished\":\"2021-11-30T09:39:29+00:00\",\"dateModified\":\"2024-05-14T12:49:43+00:00\",\"description\":\"EP-500 es un sistema autom\u00e1tico de enfundado y cosido para almohadas y cojines de fibra cardada enrollada. La m\u00e1quina puede tambi\u00e9n etiquetar.\",\"breadcrumb\":{\"@id\":\"https:\/\/www.brighigroup.com\/es\/machine\/ep-500-easy-pillow\/#breadcrumb\"},\"inLanguage\":\"es\",\"potentialAction\":[{\"@type\":\"ReadAction\",\"target\":[\"https:\/\/www.brighigroup.com\/es\/machine\/ep-500-easy-pillow\/\"]}]},{\"@type\":\"ImageObject\",\"inLanguage\":\"es\",\"@id\":\"https:\/\/www.brighigroup.com\/es\/machine\/ep-500-easy-pillow\/#primaryimage\",\"url\":\"https:\/\/www.brighigroup.com\/wp-content\/uploads\/2021\/11\/EP-500-EASY-PILLOW.jpg\",\"contentUrl\":\"https:\/\/www.brighigroup.com\/wp-content\/uploads\/2021\/11\/EP-500-EASY-PILLOW.jpg\",\"width\":1920,\"height\":1280},{\"@type\":\"BreadcrumbList\",\"@id\":\"https:\/\/www.brighigroup.com\/es\/machine\/ep-500-easy-pillow\/#breadcrumb\",\"itemListElement\":[{\"@type\":\"ListItem\",\"position\":1,\"name\":\"M\u00e1quinas\",\"item\":\"https:\/\/www.brighigroup.com\/es\/maquinas\/\"},{\"@type\":\"ListItem\",\"position\":2,\"name\":\"EP-500 EASY PILLOW\"}]},{\"@type\":\"WebSite\",\"@id\":\"https:\/\/www.brighigroup.com\/es\/#website\",\"url\":\"https:\/\/www.brighigroup.com\/es\/\",\"name\":\"Brighi Group\",\"description\":\"Home textile e di prodotti imbottiti per il design d&#039;arredo tramandando l&#039;innovazione come cultura d&#039;impresa.\",\"potentialAction\":[{\"@type\":\"SearchAction\",\"target\":{\"@type\":\"EntryPoint\",\"urlTemplate\":\"https:\/\/www.brighigroup.com\/es\/?s={search_term_string}\"},\"query-input\":{\"@type\":\"PropertyValueSpecification\",\"valueRequired\":true,\"valueName\":\"search_term_string\"}}],\"inLanguage\":\"es\"}]}<\/script>\n<!-- \/ Yoast SEO plugin. -->","yoast_head_json":{"title":"Sistema autom\u00e1tico de enfundado y cosido - Brighi Group","description":"EP-500 es un sistema autom\u00e1tico de enfundado y cosido para almohadas y cojines de fibra cardada enrollada. La m\u00e1quina puede tambi\u00e9n etiquetar.","robots":{"index":"index","follow":"follow","max-snippet":"max-snippet:-1","max-image-preview":"max-image-preview:large","max-video-preview":"max-video-preview:-1"},"canonical":"https:\/\/www.brighigroup.com\/es\/machine\/ep-500-easy-pillow\/","og_locale":"es_ES","og_type":"article","og_title":"Sistema autom\u00e1tico de enfundado y cosido - Brighi Group","og_description":"EP-500 es un sistema autom\u00e1tico de enfundado y cosido para almohadas y cojines de fibra cardada enrollada. La m\u00e1quina puede tambi\u00e9n etiquetar.","og_url":"https:\/\/www.brighigroup.com\/es\/machine\/ep-500-easy-pillow\/","og_site_name":"Brighi Group","article_modified_time":"2024-05-14T12:49:43+00:00","og_image":[{"width":1920,"height":1280,"url":"https:\/\/www.brighigroup.com\/wp-content\/uploads\/2021\/11\/EP-500-EASY-PILLOW.jpg","type":"image\/jpeg"}],"twitter_card":"summary_large_image","twitter_misc":{"Tiempo de lectura":"2 minutos"},"schema":{"@context":"https:\/\/schema.org","@graph":[{"@type":"WebPage","@id":"https:\/\/www.brighigroup.com\/es\/machine\/ep-500-easy-pillow\/","url":"https:\/\/www.brighigroup.com\/es\/machine\/ep-500-easy-pillow\/","name":"Sistema autom\u00e1tico de enfundado y cosido - Brighi Group","isPartOf":{"@id":"https:\/\/www.brighigroup.com\/es\/#website"},"primaryImageOfPage":{"@id":"https:\/\/www.brighigroup.com\/es\/machine\/ep-500-easy-pillow\/#primaryimage"},"image":{"@id":"https:\/\/www.brighigroup.com\/es\/machine\/ep-500-easy-pillow\/#primaryimage"},"thumbnailUrl":"https:\/\/www.brighigroup.com\/wp-content\/uploads\/2021\/11\/EP-500-EASY-PILLOW.jpg","datePublished":"2021-11-30T09:39:29+00:00","dateModified":"2024-05-14T12:49:43+00:00","description":"EP-500 es un sistema autom\u00e1tico de enfundado y cosido para almohadas y cojines de fibra cardada enrollada. La m\u00e1quina puede tambi\u00e9n etiquetar.","breadcrumb":{"@id":"https:\/\/www.brighigroup.com\/es\/machine\/ep-500-easy-pillow\/#breadcrumb"},"inLanguage":"es","potentialAction":[{"@type":"ReadAction","target":["https:\/\/www.brighigroup.com\/es\/machine\/ep-500-easy-pillow\/"]}]},{"@type":"ImageObject","inLanguage":"es","@id":"https:\/\/www.brighigroup.com\/es\/machine\/ep-500-easy-pillow\/#primaryimage","url":"https:\/\/www.brighigroup.com\/wp-content\/uploads\/2021\/11\/EP-500-EASY-PILLOW.jpg","contentUrl":"https:\/\/www.brighigroup.com\/wp-content\/uploads\/2021\/11\/EP-500-EASY-PILLOW.jpg","width":1920,"height":1280},{"@type":"BreadcrumbList","@id":"https:\/\/www.brighigroup.com\/es\/machine\/ep-500-easy-pillow\/#breadcrumb","itemListElement":[{"@type":"ListItem","position":1,"name":"M\u00e1quinas","item":"https:\/\/www.brighigroup.com\/es\/maquinas\/"},{"@type":"ListItem","position":2,"name":"EP-500 EASY PILLOW"}]},{"@type":"WebSite","@id":"https:\/\/www.brighigroup.com\/es\/#website","url":"https:\/\/www.brighigroup.com\/es\/","name":"Brighi Group","description":"Home textile e di prodotti imbottiti per il design d&#039;arredo tramandando l&#039;innovazione come cultura d&#039;impresa.","potentialAction":[{"@type":"SearchAction","target":{"@type":"EntryPoint","urlTemplate":"https:\/\/www.brighigroup.com\/es\/?s={search_term_string}"},"query-input":{"@type":"PropertyValueSpecification","valueRequired":true,"valueName":"search_term_string"}}],"inLanguage":"es"}]}},"_links":{"self":[{"href":"https:\/\/www.brighigroup.com\/es\/wp-json\/wp\/v2\/product\/6416","targetHints":{"allow":["GET"]}}],"collection":[{"href":"https:\/\/www.brighigroup.com\/es\/wp-json\/wp\/v2\/product"}],"about":[{"href":"https:\/\/www.brighigroup.com\/es\/wp-json\/wp\/v2\/types\/product"}],"wp:featuredmedia":[{"embeddable":true,"href":"https:\/\/www.brighigroup.com\/es\/wp-json\/wp\/v2\/media\/6106"}],"wp:attachment":[{"href":"https:\/\/www.brighigroup.com\/es\/wp-json\/wp\/v2\/media?parent=6416"}],"wp:term":[{"taxonomy":"product_cat","embeddable":true,"href":"https:\/\/www.brighigroup.com\/es\/wp-json\/wp\/v2\/product_cat?post=6416"},{"taxonomy":"product_tag","embeddable":true,"href":"https:\/\/www.brighigroup.com\/es\/wp-json\/wp\/v2\/product_tag?post=6416"}],"curies":[{"name":"wp","href":"https:\/\/api.w.org\/{rel}","templated":true}]}}