{"id":6415,"date":"2022-05-01T12:00:42","date_gmt":"2021-11-30T09:41:42","guid":{"rendered":"https:\/\/www.brighigroup.com\/machine\/hf-100\/"},"modified":"2025-09-17T12:28:43","modified_gmt":"2025-09-17T10:28:43","slug":"hf-100","status":"publish","type":"product","link":"https:\/\/www.brighigroup.com\/es\/machine\/hf-100\/","title":{"rendered":"HF-100"},"content":{"rendered":"<h2>Enfundadora y embolsadora semiautom\u00e1tica<\/h2>\n<p><strong>Enfundadora y embolsadora muy vers\u00e1til para almohadas, cojines y edredones.<\/strong> Su facilidad de uso permite utilizar la misma m\u00e1quina para ambos procesos: <strong>enfundar un rollo de fibra o un nucleo de espuma\/l\u00e1tex en una funda<\/strong> (o un inserto en la funda decorativa final\/ una almohada en la funda con cremallera) <strong>y\/o embolsar el coj\u00edn acabado en una bolsa<\/strong> (bolsa individual de PE, bolsa con doble coj\u00edn, bolsa con cremallera y asa). La m\u00e1quina se puede alimentar manualmente o con una cinta de alimentaci\u00f3n, mientras que se requiere un operador para introducir la funda o la bolsa.<\/p>\n<p>El proceso se puede terminar con <a href=\"https:\/\/www.brighigroup.com\/es\/machine\/lf-100\/\">el prensado y el termosellado.<\/a><\/p>\n<p>&nbsp;<\/p>\n<p><iframe title=\"Semi-automatic Filling Machine mod. HF-100\" width=\"800\" height=\"450\" src=\"https:\/\/www.youtube-nocookie.com\/embed\/tu4txpg2HAk?feature=oembed\" frameborder=\"0\" allow=\"accelerometer; autoplay; clipboard-write; encrypted-media; gyroscope; picture-in-picture; web-share\" referrerpolicy=\"strict-origin-when-cross-origin\" allowfullscreen><\/iframe><\/p>\n<p><iframe title=\"Semi-Automatic Stuffing Machine mod. HF-100 with Carousel\" width=\"800\" height=\"450\" src=\"https:\/\/www.youtube-nocookie.com\/embed\/9ilN2MnI48E?feature=oembed\" frameborder=\"0\" allow=\"accelerometer; autoplay; clipboard-write; encrypted-media; gyroscope; picture-in-picture; web-share\" referrerpolicy=\"strict-origin-when-cross-origin\" allowfullscreen><\/iframe><\/p>\n<p><iframe title=\"STUFFING MACHINE FOR FOAM SHAPED PILLOWS mod. HF-100\" width=\"800\" height=\"450\" src=\"https:\/\/www.youtube-nocookie.com\/embed\/Fy29hDgLMzw?feature=oembed\" frameborder=\"0\" allow=\"accelerometer; autoplay; clipboard-write; encrypted-media; gyroscope; picture-in-picture; web-share\" referrerpolicy=\"strict-origin-when-cross-origin\" allowfullscreen><\/iframe><\/p>\n<p>&nbsp;<\/p>\n<p><strong>QU\u00c9 SE PUEDE ENFUDAR<\/strong><\/p>\n<p>Fibra en rollos, nucloes de PU y l\u00e1tex, insertos decorativos<\/p>\n<p><strong>LO QUE SE PUEDE EMBOLSAR<\/strong><\/p>\n<p>Almohadas, cojines, edredones doblados, ropa, manteles m\u00faltiples, toallas m\u00faltiples, peluches, camas y casitas para perros.<\/p>\n<p><strong>TIPOS DE FUNDAS<\/strong><\/p>\n<p>TNT, algod\u00f3n, polialgod\u00f3n, microfibra, fundas con cremallera, fundas de cojines decorativos.<\/p>\n<p><strong>TIPOS DE BOLSAS<\/strong><\/p>\n<p>Bolsas individuales, con asa, vinilo +TNT con cremallera, bolsas con solapa adhesiva.<\/p>\n<p><strong>PUNTOS FUERTES<\/strong><\/p>\n<ul>\n<li><strong>Las 4 esquinas llenas:<\/strong> gracias a las horquillas que tensan la funda\/bolsa y a las aletas laterales perfiladas.<\/li>\n<li><strong>Seguridad de las cremalleras:<\/strong> gracias a las ruedas laterales que compremen el coj\u00edn y a las aletas laterales (opcionales), el proceso resulta f\u00e1cil y seguro para las cremalleras de las fundas y de las bolsas.<\/li>\n<li><strong>Sin restricciones<\/strong> en el tipo de relleno de los cojines y almohadas, nucleos de PU y l\u00e1tex, fibra cardada, fibra soplada, espuma triturada, pluma, plum\u00f3n, mezclas variadas.<\/li>\n<li><strong>Inserci\u00f3n de folletos: <\/strong>con alimentador de hojas apiladas para la gesti\u00f3n de m\u00faltiples materiales y formatos.<\/li>\n<li>Posibilidad de <strong>apilado m\u00faltiple<\/strong> en una \u00fanica bolsa.<\/li>\n<li>Posibilidad de acoplamiento con carrusel mod. <a href=\"https:\/\/www.brighigroup.com\/es\/machine\/cr-100\/\">CR-100<\/a> para su uso por parte de un <strong>\u00fanico operador.<\/strong><\/li>\n<li><strong>Gesti\u00f3n simplificada: <\/strong>panel de control con pantalla t\u00e1ctil para la gesti\u00f3n autom\u00e1tica de todos los par\u00e1metros y ajustes mec\u00e1nicos, con almacenamiento de las recetas de los distintos productos, control del estado de la m\u00e1quina y de los consumibles.<\/li>\n<li><strong>Flexibilidad: <\/strong>gesti\u00f3n de distintos materiales seg\u00fan las especificaciones y requisitos del cliente, amplia gama de fundas y bolsas procesadas sin necesidad de ajustes mec\u00e1nicos.<\/li>\n<\/ul>\n","protected":false},"excerpt":{"rendered":"<h6>M\u00e1quina semiautom\u00e1tica para enfundar y embolsar almohadas<\/h6>\n","protected":false},"featured_media":6105,"template":"","meta":{"_acf_changed":false},"product_cat":[143,145,131,133,130,132,134,137],"product_tag":[321,310,302,305,325],"class_list":{"0":"post-6415","1":"product","2":"type-product","3":"status-publish","4":"has-post-thumbnail","6":"product_cat-embalaje","7":"product_cat-enfundado","8":"product_cat-linea-de-almohadas-cardadas","9":"product_cat-linea-de-almohadas-de-latex-almohdas-de-espuma-y-de-espuma-triturada","10":"product_cat-linea-de-almohadas-sopladas","11":"product_cat-linea-de-cojines-decorativos-para-sillas-y-exterior","12":"product_cat-linea-de-edredones","13":"product_cat-linea-de-llenado-para-juguetes-cama-de-mascotas-varios-articulos-acolchados","14":"product_tag-alfombras","15":"product_tag-almohadas-de-espuma-y-latex","16":"product_tag-almohadas-y-cojines-de-fibra-cardada-enrollada","17":"product_tag-almohadas-y-cojines-soplados","18":"product_tag-edredones","20":"first","21":"instock","22":"shipping-taxable","23":"product-type-simple"},"acf":[],"yoast_head":"<!-- This site is optimized with the Yoast SEO plugin v24.2 - https:\/\/yoast.com\/wordpress\/plugins\/seo\/ -->\n<title>Enfundadora y embolsadora semiautom\u00e1tica\u00a0 - Brighi Group<\/title>\n<meta name=\"description\" content=\"Enfundadora y embolsadora semiautom\u00e1tica para enfundar y embolsar almohadas, cojines, edredones doblados, peluches, camas para perros y otros productos.\" \/>\n<meta name=\"robots\" content=\"index, follow, max-snippet:-1, max-image-preview:large, max-video-preview:-1\" \/>\n<link rel=\"canonical\" href=\"https:\/\/www.brighigroup.com\/es\/machine\/hf-100\/\" \/>\n<meta property=\"og:locale\" content=\"es_ES\" \/>\n<meta property=\"og:type\" content=\"article\" \/>\n<meta property=\"og:title\" content=\"Enfundadora y embolsadora semiautom\u00e1tica\u00a0 - Brighi Group\" \/>\n<meta property=\"og:description\" content=\"Enfundadora y embolsadora semiautom\u00e1tica para enfundar y embolsar almohadas, cojines, edredones doblados, peluches, camas para perros y otros productos.\" \/>\n<meta property=\"og:url\" content=\"https:\/\/www.brighigroup.com\/es\/machine\/hf-100\/\" \/>\n<meta property=\"og:site_name\" content=\"Brighi Group\" \/>\n<meta property=\"article:modified_time\" content=\"2025-09-17T10:28:43+00:00\" \/>\n<meta property=\"og:image\" content=\"https:\/\/www.brighigroup.com\/wp-content\/uploads\/2021\/11\/HF-100.jpg\" \/>\n\t<meta property=\"og:image:width\" content=\"1920\" \/>\n\t<meta property=\"og:image:height\" content=\"1280\" \/>\n\t<meta property=\"og:image:type\" content=\"image\/jpeg\" \/>\n<meta name=\"twitter:card\" content=\"summary_large_image\" \/>\n<meta name=\"twitter:label1\" content=\"Tiempo de lectura\" \/>\n\t<meta name=\"twitter:data1\" content=\"3 minutos\" \/>\n<script type=\"application\/ld+json\" class=\"yoast-schema-graph\">{\"@context\":\"https:\/\/schema.org\",\"@graph\":[{\"@type\":\"WebPage\",\"@id\":\"https:\/\/www.brighigroup.com\/es\/machine\/hf-100\/\",\"url\":\"https:\/\/www.brighigroup.com\/es\/machine\/hf-100\/\",\"name\":\"Enfundadora y embolsadora semiautom\u00e1tica\u00a0 - Brighi Group\",\"isPartOf\":{\"@id\":\"https:\/\/www.brighigroup.com\/es\/#website\"},\"primaryImageOfPage\":{\"@id\":\"https:\/\/www.brighigroup.com\/es\/machine\/hf-100\/#primaryimage\"},\"image\":{\"@id\":\"https:\/\/www.brighigroup.com\/es\/machine\/hf-100\/#primaryimage\"},\"thumbnailUrl\":\"https:\/\/www.brighigroup.com\/wp-content\/uploads\/2021\/11\/HF-100.jpg\",\"datePublished\":\"2021-11-30T09:41:42+00:00\",\"dateModified\":\"2025-09-17T10:28:43+00:00\",\"description\":\"Enfundadora y embolsadora semiautom\u00e1tica para enfundar y embolsar almohadas, cojines, edredones doblados, peluches, camas para perros y otros productos.\",\"breadcrumb\":{\"@id\":\"https:\/\/www.brighigroup.com\/es\/machine\/hf-100\/#breadcrumb\"},\"inLanguage\":\"es\",\"potentialAction\":[{\"@type\":\"ReadAction\",\"target\":[\"https:\/\/www.brighigroup.com\/es\/machine\/hf-100\/\"]}]},{\"@type\":\"ImageObject\",\"inLanguage\":\"es\",\"@id\":\"https:\/\/www.brighigroup.com\/es\/machine\/hf-100\/#primaryimage\",\"url\":\"https:\/\/www.brighigroup.com\/wp-content\/uploads\/2021\/11\/HF-100.jpg\",\"contentUrl\":\"https:\/\/www.brighigroup.com\/wp-content\/uploads\/2021\/11\/HF-100.jpg\",\"width\":1920,\"height\":1280},{\"@type\":\"BreadcrumbList\",\"@id\":\"https:\/\/www.brighigroup.com\/es\/machine\/hf-100\/#breadcrumb\",\"itemListElement\":[{\"@type\":\"ListItem\",\"position\":1,\"name\":\"M\u00e1quinas\",\"item\":\"https:\/\/www.brighigroup.com\/es\/maquinas\/\"},{\"@type\":\"ListItem\",\"position\":2,\"name\":\"HF-100\"}]},{\"@type\":\"WebSite\",\"@id\":\"https:\/\/www.brighigroup.com\/es\/#website\",\"url\":\"https:\/\/www.brighigroup.com\/es\/\",\"name\":\"Brighi Group\",\"description\":\"Home textile e di prodotti imbottiti per il design d&#039;arredo tramandando l&#039;innovazione come cultura d&#039;impresa.\",\"potentialAction\":[{\"@type\":\"SearchAction\",\"target\":{\"@type\":\"EntryPoint\",\"urlTemplate\":\"https:\/\/www.brighigroup.com\/es\/?s={search_term_string}\"},\"query-input\":{\"@type\":\"PropertyValueSpecification\",\"valueRequired\":true,\"valueName\":\"search_term_string\"}}],\"inLanguage\":\"es\"}]}<\/script>\n<!-- \/ Yoast SEO plugin. -->","yoast_head_json":{"title":"Enfundadora y embolsadora semiautom\u00e1tica\u00a0 - Brighi Group","description":"Enfundadora y embolsadora semiautom\u00e1tica para enfundar y embolsar almohadas, cojines, edredones doblados, peluches, camas para perros y otros productos.","robots":{"index":"index","follow":"follow","max-snippet":"max-snippet:-1","max-image-preview":"max-image-preview:large","max-video-preview":"max-video-preview:-1"},"canonical":"https:\/\/www.brighigroup.com\/es\/machine\/hf-100\/","og_locale":"es_ES","og_type":"article","og_title":"Enfundadora y embolsadora semiautom\u00e1tica\u00a0 - Brighi Group","og_description":"Enfundadora y embolsadora semiautom\u00e1tica para enfundar y embolsar almohadas, cojines, edredones doblados, peluches, camas para perros y otros productos.","og_url":"https:\/\/www.brighigroup.com\/es\/machine\/hf-100\/","og_site_name":"Brighi Group","article_modified_time":"2025-09-17T10:28:43+00:00","og_image":[{"width":1920,"height":1280,"url":"https:\/\/www.brighigroup.com\/wp-content\/uploads\/2021\/11\/HF-100.jpg","type":"image\/jpeg"}],"twitter_card":"summary_large_image","twitter_misc":{"Tiempo de lectura":"3 minutos"},"schema":{"@context":"https:\/\/schema.org","@graph":[{"@type":"WebPage","@id":"https:\/\/www.brighigroup.com\/es\/machine\/hf-100\/","url":"https:\/\/www.brighigroup.com\/es\/machine\/hf-100\/","name":"Enfundadora y embolsadora semiautom\u00e1tica\u00a0 - Brighi Group","isPartOf":{"@id":"https:\/\/www.brighigroup.com\/es\/#website"},"primaryImageOfPage":{"@id":"https:\/\/www.brighigroup.com\/es\/machine\/hf-100\/#primaryimage"},"image":{"@id":"https:\/\/www.brighigroup.com\/es\/machine\/hf-100\/#primaryimage"},"thumbnailUrl":"https:\/\/www.brighigroup.com\/wp-content\/uploads\/2021\/11\/HF-100.jpg","datePublished":"2021-11-30T09:41:42+00:00","dateModified":"2025-09-17T10:28:43+00:00","description":"Enfundadora y embolsadora semiautom\u00e1tica para enfundar y embolsar almohadas, cojines, edredones doblados, peluches, camas para perros y otros productos.","breadcrumb":{"@id":"https:\/\/www.brighigroup.com\/es\/machine\/hf-100\/#breadcrumb"},"inLanguage":"es","potentialAction":[{"@type":"ReadAction","target":["https:\/\/www.brighigroup.com\/es\/machine\/hf-100\/"]}]},{"@type":"ImageObject","inLanguage":"es","@id":"https:\/\/www.brighigroup.com\/es\/machine\/hf-100\/#primaryimage","url":"https:\/\/www.brighigroup.com\/wp-content\/uploads\/2021\/11\/HF-100.jpg","contentUrl":"https:\/\/www.brighigroup.com\/wp-content\/uploads\/2021\/11\/HF-100.jpg","width":1920,"height":1280},{"@type":"BreadcrumbList","@id":"https:\/\/www.brighigroup.com\/es\/machine\/hf-100\/#breadcrumb","itemListElement":[{"@type":"ListItem","position":1,"name":"M\u00e1quinas","item":"https:\/\/www.brighigroup.com\/es\/maquinas\/"},{"@type":"ListItem","position":2,"name":"HF-100"}]},{"@type":"WebSite","@id":"https:\/\/www.brighigroup.com\/es\/#website","url":"https:\/\/www.brighigroup.com\/es\/","name":"Brighi Group","description":"Home textile e di prodotti imbottiti per il design d&#039;arredo tramandando l&#039;innovazione come cultura d&#039;impresa.","potentialAction":[{"@type":"SearchAction","target":{"@type":"EntryPoint","urlTemplate":"https:\/\/www.brighigroup.com\/es\/?s={search_term_string}"},"query-input":{"@type":"PropertyValueSpecification","valueRequired":true,"valueName":"search_term_string"}}],"inLanguage":"es"}]}},"_links":{"self":[{"href":"https:\/\/www.brighigroup.com\/es\/wp-json\/wp\/v2\/product\/6415","targetHints":{"allow":["GET"]}}],"collection":[{"href":"https:\/\/www.brighigroup.com\/es\/wp-json\/wp\/v2\/product"}],"about":[{"href":"https:\/\/www.brighigroup.com\/es\/wp-json\/wp\/v2\/types\/product"}],"wp:featuredmedia":[{"embeddable":true,"href":"https:\/\/www.brighigroup.com\/es\/wp-json\/wp\/v2\/media\/6105"}],"wp:attachment":[{"href":"https:\/\/www.brighigroup.com\/es\/wp-json\/wp\/v2\/media?parent=6415"}],"wp:term":[{"taxonomy":"product_cat","embeddable":true,"href":"https:\/\/www.brighigroup.com\/es\/wp-json\/wp\/v2\/product_cat?post=6415"},{"taxonomy":"product_tag","embeddable":true,"href":"https:\/\/www.brighigroup.com\/es\/wp-json\/wp\/v2\/product_tag?post=6415"}],"curies":[{"name":"wp","href":"https:\/\/api.w.org\/{rel}","templated":true}]}}